{"id":58,"date":"2016-12-05T10:47:57","date_gmt":"2016-12-05T10:47:57","guid":{"rendered":"https:\/\/alliancefr.se\/uppsala\/stipendium\/"},"modified":"2024-03-10T14:09:13","modified_gmt":"2024-03-10T13:09:13","slug":"stipendium","status":"publish","type":"page","link":"https:\/\/alliancefr.se\/uppsala\/sv\/stipendium\/","title":{"rendered":"Stipendiefond"},"content":{"rendered":"\t\t<div data-elementor-type=\"wp-page\" data-elementor-id=\"58\" class=\"elementor elementor-58\">\n\t\t\t\t\t\t<section class=\"elementor-section elementor-top-section elementor-element elementor-element-4bb4ab6c elementor-section-boxed elementor-section-height-default elementor-section-height-default\" data-id=\"4bb4ab6c\" data-element_type=\"section\">\n\t\t\t\t\t\t<div class=\"elementor-container elementor-column-gap-default\">\n\t\t\t\t\t<div class=\"elementor-column elementor-col-100 elementor-top-column elementor-element elementor-element-cad769d\" data-id=\"cad769d\" data-element_type=\"column\">\n\t\t\t<div class=\"elementor-widget-wrap elementor-element-populated\">\n\t\t\t\t\t\t<div class=\"elementor-element elementor-element-1ea00ec elementor-widget elementor-widget-text-editor\" data-id=\"1ea00ec\" data-element_type=\"widget\" data-widget_type=\"text-editor.default\">\n\t\t\t\t<div class=\"elementor-widget-container\">\n\t\t\t\t\t\t\t\t\t<h3>Stipendiefonden \u00e4r f\u00f6r n\u00e4rvarande vilande<\/h3><p>F\u00f6reningens stipendiefond \u00e4r f\u00f6r n\u00e4rvarande vilande efter styrelsebeslut 4 november 2019. Anledningen till beslutet \u00e4r l\u00e5gt intresse att ans\u00f6ka (ingen ans\u00f6kan vid f\u00f6reg\u00e5ende tillf\u00e4lle) samt styrelsens arbetsbelastning.<\/p><p>Styrelsen hoppas att stipendiutdelningen kan \u00e5terupptas inom en snar framtid och medlen p\u00e5 stipendiekontot bibeh\u00e5lls naturligtvis i avvaktan p\u00e5 detta.<\/p><p>\u00a0<\/p><p>\u00a0<\/p>\t\t\t\t\t\t\t\t<\/div>\n\t\t\t\t<\/div>\n\t\t\t\t\t<\/div>\n\t\t<\/div>\n\t\t\t\t\t<\/div>\n\t\t<\/section>\n\t\t\t\t<\/div>\n\t\t","protected":false},"excerpt":{"rendered":"<p>Stipendiefonden \u00e4r f\u00f6r n\u00e4rvarande vilande F\u00f6reningens stipendiefond \u00e4r f\u00f6r n\u00e4rvarande vilande efter styrelsebeslut 4 november 2019. Anledningen till beslutet \u00e4r l\u00e5gt intresse att ans\u00f6ka (ingen ans\u00f6kan vid f\u00f6reg\u00e5ende tillf\u00e4lle) samt styrelsens arbetsbelastning. Styrelsen hoppas att stipendiutdelningen kan \u00e5terupptas inom en snar framtid och medlen p\u00e5 stipendiekontot bibeh\u00e5lls naturligtvis i avvaktan p\u00e5 detta. \u00a0 \u00a0<\/p>\n","protected":false},"author":1,"featured_media":0,"parent":0,"menu_order":0,"comment_status":"closed","ping_status":"closed","template":"","meta":{"om_disable_all_campaigns":false,"_monsterinsights_skip_tracking":false,"_monsterinsights_sitenote_active":false,"_monsterinsights_sitenote_note":"","_monsterinsights_sitenote_category":0,"_uf_show_specific_survey":0,"_uf_disable_surveys":false,"footnotes":""},"class_list":["post-58","page","type-page","status-publish","hentry"],"aioseo_notices":[],"rttpg_featured_image_url":null,"rttpg_author":{"display_name":"Super.admin","author_link":"https:\/\/alliancefr.se\/uppsala\/author\/admin2174\/"},"rttpg_comment":0,"rttpg_category":" <a href=\"https:\/\/alliancefr.se\/uppsala\/sv\/\" rel=\"tag\">Svenska<\/a>","rttpg_excerpt":"Stipendiefonden \u00e4r f\u00f6r n\u00e4rvarande vilande F\u00f6reningens stipendiefond \u00e4r f\u00f6r n\u00e4rvarande vilande efter styrelsebeslut 4 november 2019. Anledningen till beslutet \u00e4r l\u00e5gt intresse att ans\u00f6ka (ingen ans\u00f6kan vid f\u00f6reg\u00e5ende tillf\u00e4lle) samt styrelsens arbetsbelastning. Styrelsen hoppas att stipendiutdelningen kan \u00e5terupptas inom en snar framtid och medlen p\u00e5 stipendiekontot bibeh\u00e5lls naturligtvis i avvaktan p\u00e5 detta. \u00a0 \u00a0","_links":{"self":[{"href":"https:\/\/alliancefr.se\/uppsala\/wp-json\/wp\/v2\/pages\/58","targetHints":{"allow":["GET"]}}],"collection":[{"href":"https:\/\/alliancefr.se\/uppsala\/wp-json\/wp\/v2\/pages"}],"about":[{"href":"https:\/\/alliancefr.se\/uppsala\/wp-json\/wp\/v2\/types\/page"}],"author":[{"embeddable":true,"href":"https:\/\/alliancefr.se\/uppsala\/wp-json\/wp\/v2\/users\/1"}],"replies":[{"embeddable":true,"href":"https:\/\/alliancefr.se\/uppsala\/wp-json\/wp\/v2\/comments?post=58"}],"version-history":[{"count":7,"href":"https:\/\/alliancefr.se\/uppsala\/wp-json\/wp\/v2\/pages\/58\/revisions"}],"predecessor-version":[{"id":6186,"href":"https:\/\/alliancefr.se\/uppsala\/wp-json\/wp\/v2\/pages\/58\/revisions\/6186"}],"wp:attachment":[{"href":"https:\/\/alliancefr.se\/uppsala\/wp-json\/wp\/v2\/media?parent=58"}],"curies":[{"name":"wp","href":"https:\/\/api.w.org\/{rel}","templated":true}]}}