{"id":5287,"date":"2023-12-08T20:59:33","date_gmt":"2023-12-08T19:59:33","guid":{"rendered":"https:\/\/alliancefr.se\/uppsala\/?page_id=5287"},"modified":"2025-06-28T11:47:37","modified_gmt":"2025-06-28T09:47:37","slug":"lassociation","status":"publish","type":"page","link":"https:\/\/alliancefr.se\/uppsala\/lassociation\/","title":{"rendered":"L&rsquo;Association"},"content":{"rendered":"\t\t<div data-elementor-type=\"wp-page\" data-elementor-id=\"5287\" class=\"elementor elementor-5287\">\n\t\t\t\t\t\t<section class=\"elementor-section elementor-top-section elementor-element elementor-element-6a01df9 elementor-section-boxed elementor-section-height-default elementor-section-height-default\" data-id=\"6a01df9\" data-element_type=\"section\">\n\t\t\t\t\t\t<div class=\"elementor-container elementor-column-gap-default\">\n\t\t\t\t\t<div class=\"elementor-column elementor-col-100 elementor-top-column elementor-element elementor-element-103e510\" data-id=\"103e510\" data-element_type=\"column\">\n\t\t\t<div class=\"elementor-widget-wrap elementor-element-populated\">\n\t\t\t\t\t\t<div class=\"elementor-element elementor-element-209d6ca elementor-widget elementor-widget-text-editor\" data-id=\"209d6ca\" data-element_type=\"widget\" data-widget_type=\"text-editor.default\">\n\t\t\t\t<div class=\"elementor-widget-container\">\n\t\t\t\t\t\t\t\t\t<p>L&rsquo;Alliance fran\u00e7aise d&rsquo;Upsal, comme les fondateurs ont voulu l&rsquo;appeler en 1891, est non seulement l&rsquo;une des plus anciennes associations de la ville, mais aussi l&rsquo;une des plus dynamiques. Elle compte actuellement plus de 250 membres et s&rsquo;agrandit chaque ann\u00e9e.<\/p><p>Il n&rsquo;est pas n\u00e9cessaire d&rsquo;\u00eatre parfait en fran\u00e7ais pour adh\u00e9rer \u00e0 l&rsquo;association ! Environ la moiti\u00e9 des activit\u00e9s se d\u00e9roulent enti\u00e8rement en su\u00e9dois. Toutes les personnes int\u00e9ress\u00e9es sont les bienvenues en tant que membres ou visiteurs occasionnels.<\/p>\t\t\t\t\t\t\t\t<\/div>\n\t\t\t\t<\/div>\n\t\t\t\t\t<\/div>\n\t\t<\/div>\n\t\t\t\t\t<\/div>\n\t\t<\/section>\n\t\t\t\t<section class=\"elementor-section elementor-top-section elementor-element elementor-element-7934a297 elementor-section-boxed elementor-section-height-default elementor-section-height-default\" data-id=\"7934a297\" data-element_type=\"section\">\n\t\t\t\t\t\t<div class=\"elementor-container elementor-column-gap-default\">\n\t\t\t\t\t<div class=\"elementor-column elementor-col-100 elementor-top-column elementor-element elementor-element-520f2915\" data-id=\"520f2915\" data-element_type=\"column\">\n\t\t\t<div class=\"elementor-widget-wrap elementor-element-populated\">\n\t\t\t\t\t\t<div class=\"elementor-element elementor-element-e831c83 elementor-widget elementor-widget-text-editor\" data-id=\"e831c83\" data-element_type=\"widget\" data-widget_type=\"text-editor.default\">\n\t\t\t\t<div class=\"elementor-widget-container\">\n\t\t\t\t\t\t\t\t\t<h3>Nos activit\u00e9s<\/h3><h4>Journ\u00e9e \u00e0 th\u00e8me<\/h4><p>L&rsquo;association organise une journ\u00e9e th\u00e9matique annuelle.<\/p><h4>Les conf\u00e9rences (parfois suivies d&rsquo;un buffet)<\/h4><p>Apr\u00e8s les conf\u00e9rences au programme, un buffet est servi \u00e0 prix co\u00fbtant. Une inscription pr\u00e9alable est n\u00e9cessaire.<\/p><h4>Petits d\u00e9jeuners<\/h4><p>Ces r\u00e9unions sont organis\u00e9es au caf\u00e9 Caf\u00e9 Kardemumma, pr\u00e8s de la Biblioth\u00e8que Municipale quelques samedis matins par semestre.<\/p><h4>Le cercle de lecture<\/h4><p>Chaque ann\u00e9e, cinq livres sont propos\u00e9s. La s\u00e9lection est bas\u00e9e sur des lectures approfondies. Les livres sont choisis de mani\u00e8re \u00e0 ce que les ouvrages soient d&rsquo;actualit\u00e9 et relativement r\u00e9cents, qu&rsquo;ils soient \u00e9crits autant que possible par un nombre \u00e9gal d&rsquo;hommes et de femmes d&rsquo;horizons diff\u00e9rents, qu&rsquo;ils fassent environ 300 pages et qu&rsquo;ils soient r\u00e9dig\u00e9s dans un fran\u00e7ais accessible. Ils ont \u00e9galement re\u00e7u un accueil favorable de la part des critiques litt\u00e9raires et du public.<\/p><h4>Autres activit\u00e9s<\/h4><p>Nous organisons \u00e9galement d&rsquo;autres activit\u00e9s de temps \u00e0 autre, telles que des excursions en bus, des soir\u00e9es fromage, des sorties au concert, ainsi qu&rsquo;une <a href=\"https:\/\/alliancefr.se\/uppsala\/cinematheque\/\">cin\u00e9math\u00e8que<\/a>.\u00a0<\/p><h4>Assembl\u00e9e g\u00e9n\u00e9rale annuelle<\/h4><p>L&rsquo;assembl\u00e9e annuelle de l&rsquo;association a lieu chaque ann\u00e9e au printemps.<\/p>\t\t\t\t\t\t\t\t<\/div>\n\t\t\t\t<\/div>\n\t\t\t\t\t<\/div>\n\t\t<\/div>\n\t\t\t\t\t<\/div>\n\t\t<\/section>\n\t\t\t\t<section class=\"elementor-section elementor-top-section elementor-element elementor-element-3105a70 elementor-section-boxed elementor-section-height-default elementor-section-height-default\" data-id=\"3105a70\" data-element_type=\"section\">\n\t\t\t\t\t\t<div class=\"elementor-container elementor-column-gap-default\">\n\t\t\t\t\t<div class=\"elementor-column elementor-col-100 elementor-top-column elementor-element elementor-element-d3e7fd1\" data-id=\"d3e7fd1\" data-element_type=\"column\">\n\t\t\t<div class=\"elementor-widget-wrap elementor-element-populated\">\n\t\t\t\t\t\t<div class=\"elementor-element elementor-element-c6017db elementor-widget elementor-widget-text-editor\" data-id=\"c6017db\" data-element_type=\"widget\" data-widget_type=\"text-editor.default\">\n\t\t\t\t<div class=\"elementor-widget-container\">\n\t\t\t\t\t\t\t\t\t<h4>Notre conseil d&rsquo;administration: le comit\u00e9<\/h4><p><a href=\"https:\/\/alliancefr.se\/uppsala\/le-comite-2023\/\" target=\"_blank\" rel=\"noopener\">Cliquez ici <\/a>pour d\u00e9couvrir le comit\u00e9.<\/p>\t\t\t\t\t\t\t\t<\/div>\n\t\t\t\t<\/div>\n\t\t\t\t\t<\/div>\n\t\t<\/div>\n\t\t\t\t\t<\/div>\n\t\t<\/section>\n\t\t\t\t<section class=\"elementor-section elementor-top-section elementor-element elementor-element-6e9c0a8 elementor-section-boxed elementor-section-height-default elementor-section-height-default\" data-id=\"6e9c0a8\" data-element_type=\"section\">\n\t\t\t\t\t\t<div class=\"elementor-container elementor-column-gap-default\">\n\t\t\t\t\t<div class=\"elementor-column elementor-col-100 elementor-top-column elementor-element elementor-element-e728f4d\" data-id=\"e728f4d\" data-element_type=\"column\">\n\t\t\t<div class=\"elementor-widget-wrap elementor-element-populated\">\n\t\t\t\t\t\t<div class=\"elementor-element elementor-element-72d3bd8 elementor-widget elementor-widget-text-editor\" data-id=\"72d3bd8\" data-element_type=\"widget\" data-widget_type=\"text-editor.default\">\n\t\t\t\t<div class=\"elementor-widget-container\">\n\t\t\t\t\t\t\t\t\t<h4>Statuts et donn\u00e9es personnelles<\/h4><p>Les statuts de l&rsquo;Alliance (datant de 2018) peuvent \u00eatre consult\u00e9s <a href=\"http:\/\/alliancefr.se\/uppsala\/wp-content\/uploads\/sites\/13\/2025\/03\/Stadgar-AfU-2018-antagna-av-arsmote-180906.pdf\" target=\"_blank\" rel=\"noopener\">ici<\/a><\/p><p>Notre politique en mati\u00e8re de donn\u00e9es personnelles se trouve ici : <a href=\"http:\/\/alliancefr.se\/uppsala\/wp-content\/uploads\/sites\/13\/2025\/03\/AfU-Personuppgiftspolicy.pdf\" target=\"_blank\" rel=\"noopener\">Politique de donn\u00e9es personnelles de l&rsquo;AfU<\/a><\/p>\t\t\t\t\t\t\t\t<\/div>\n\t\t\t\t<\/div>\n\t\t\t\t\t<\/div>\n\t\t<\/div>\n\t\t\t\t\t<\/div>\n\t\t<\/section>\n\t\t\t\t<\/div>\n\t\t","protected":false},"excerpt":{"rendered":"<p>L&rsquo;Alliance fran\u00e7aise d&rsquo;Upsal, comme les fondateurs ont voulu l&rsquo;appeler en 1891, est non seulement l&rsquo;une des plus anciennes associations de la ville, mais aussi l&rsquo;une des plus dynamiques. Elle compte actuellement plus de 250 membres et s&rsquo;agrandit chaque ann\u00e9e. Il n&rsquo;est pas n\u00e9cessaire d&rsquo;\u00eatre parfait en fran\u00e7ais pour adh\u00e9rer \u00e0 l&rsquo;association ! Environ la moiti\u00e9 des activit\u00e9s se d\u00e9roulent enti\u00e8rement en su\u00e9dois. Toutes les personnes int\u00e9ress\u00e9es sont les bienvenues en tant que membres ou visiteurs occasionnels. Nos activit\u00e9s Journ\u00e9e \u00e0 th\u00e8me L&rsquo;association organise une journ\u00e9e th\u00e9matique annuelle. Les conf\u00e9rences (parfois suivies d&rsquo;un buffet) Apr\u00e8s les conf\u00e9rences au programme, un buffet est servi \u00e0 prix co\u00fbtant. Une inscription pr\u00e9alable est n\u00e9cessaire. Petits d\u00e9jeuners Ces r\u00e9unions sont organis\u00e9es au caf\u00e9 Caf\u00e9 Kardemumma, pr\u00e8s de la Biblioth\u00e8que Municipale quelques samedis matins par semestre. Le cercle de lecture Chaque ann\u00e9e, cinq livres sont propos\u00e9s. La s\u00e9lection est bas\u00e9e sur des lectures approfondies. Les livres sont choisis de mani\u00e8re \u00e0 ce que les ouvrages soient d&rsquo;actualit\u00e9 et relativement r\u00e9cents, qu&rsquo;ils soient \u00e9crits autant que possible par un nombre \u00e9gal d&rsquo;hommes et de femmes d&rsquo;horizons diff\u00e9rents, qu&rsquo;ils fassent environ 300 pages et qu&rsquo;ils soient r\u00e9dig\u00e9s dans un fran\u00e7ais accessible. Ils ont \u00e9galement re\u00e7u un accueil favorable de la part des critiques litt\u00e9raires et du public. Autres activit\u00e9s Nous organisons \u00e9galement d&rsquo;autres activit\u00e9s de temps \u00e0 autre, telles que des excursions en bus, des soir\u00e9es fromage, des sorties au concert, ainsi qu&rsquo;une cin\u00e9math\u00e8que.\u00a0 Assembl\u00e9e g\u00e9n\u00e9rale annuelle L&rsquo;assembl\u00e9e annuelle de l&rsquo;association a lieu chaque ann\u00e9e au printemps. Notre conseil d&rsquo;administration: le comit\u00e9 Cliquez ici pour d\u00e9couvrir le comit\u00e9. Statuts et donn\u00e9es personnelles Les statuts de l&rsquo;Alliance (datant de 2018) peuvent \u00eatre consult\u00e9s ici Notre politique en mati\u00e8re de donn\u00e9es personnelles se trouve ici : Politique de donn\u00e9es personnelles de l&rsquo;AfU<\/p>\n","protected":false},"author":1,"featured_media":0,"parent":0,"menu_order":1,"comment_status":"closed","ping_status":"closed","template":"","meta":{"om_disable_all_campaigns":false,"_monsterinsights_skip_tracking":false,"_monsterinsights_sitenote_active":false,"_monsterinsights_sitenote_note":"","_monsterinsights_sitenote_category":0,"_uf_show_specific_survey":0,"_uf_disable_surveys":false,"footnotes":""},"class_list":["post-5287","page","type-page","status-publish","hentry"],"aioseo_notices":[],"rttpg_featured_image_url":null,"rttpg_author":{"display_name":"Super.admin","author_link":"https:\/\/alliancefr.se\/uppsala\/author\/admin2174\/"},"rttpg_comment":0,"rttpg_category":" <a href=\"https:\/\/alliancefr.se\/uppsala\/\" rel=\"tag\">Fran\u00e7ais<\/a>","rttpg_excerpt":"L&rsquo;Alliance fran\u00e7aise d&rsquo;Upsal, comme les fondateurs ont voulu l&rsquo;appeler en 1891, est non seulement l&rsquo;une des plus anciennes associations de la ville, mais aussi l&rsquo;une des plus dynamiques. Elle compte actuellement plus de 250 membres et s&rsquo;agrandit chaque ann\u00e9e. Il n&rsquo;est pas n\u00e9cessaire d&rsquo;\u00eatre parfait en fran\u00e7ais pour adh\u00e9rer \u00e0 l&rsquo;association ! Environ la moiti\u00e9\u2026","_links":{"self":[{"href":"https:\/\/alliancefr.se\/uppsala\/wp-json\/wp\/v2\/pages\/5287","targetHints":{"allow":["GET"]}}],"collection":[{"href":"https:\/\/alliancefr.se\/uppsala\/wp-json\/wp\/v2\/pages"}],"about":[{"href":"https:\/\/alliancefr.se\/uppsala\/wp-json\/wp\/v2\/types\/page"}],"author":[{"embeddable":true,"href":"https:\/\/alliancefr.se\/uppsala\/wp-json\/wp\/v2\/users\/1"}],"replies":[{"embeddable":true,"href":"https:\/\/alliancefr.se\/uppsala\/wp-json\/wp\/v2\/comments?post=5287"}],"version-history":[{"count":53,"href":"https:\/\/alliancefr.se\/uppsala\/wp-json\/wp\/v2\/pages\/5287\/revisions"}],"predecessor-version":[{"id":7518,"href":"https:\/\/alliancefr.se\/uppsala\/wp-json\/wp\/v2\/pages\/5287\/revisions\/7518"}],"wp:attachment":[{"href":"https:\/\/alliancefr.se\/uppsala\/wp-json\/wp\/v2\/media?parent=5287"}],"curies":[{"name":"wp","href":"https:\/\/api.w.org\/{rel}","templated":true}]}}