{"id":5257,"date":"2023-12-08T20:00:18","date_gmt":"2023-12-08T19:00:18","guid":{"rendered":"https:\/\/alliancefr.se\/uppsala\/?page_id=5257"},"modified":"2023-12-08T21:12:35","modified_gmt":"2023-12-08T20:12:35","slug":"natverket","status":"publish","type":"page","link":"https:\/\/alliancefr.se\/uppsala\/sv\/natverket\/","title":{"rendered":"N\u00e4tverket"},"content":{"rendered":"\t\t<div data-elementor-type=\"wp-page\" data-elementor-id=\"5257\" class=\"elementor elementor-5257\">\n\t\t\t\t\t\t<section class=\"elementor-section elementor-top-section elementor-element elementor-element-2f8cc68 elementor-section-boxed elementor-section-height-default elementor-section-height-default\" data-id=\"2f8cc68\" data-element_type=\"section\">\n\t\t\t\t\t\t<div class=\"elementor-container elementor-column-gap-default\">\n\t\t\t\t\t<div class=\"elementor-column elementor-col-100 elementor-top-column elementor-element elementor-element-13a842b\" data-id=\"13a842b\" data-element_type=\"column\">\n\t\t\t<div class=\"elementor-widget-wrap elementor-element-populated\">\n\t\t\t\t\t\t<div class=\"elementor-element elementor-element-71b0764 elementor-widget elementor-widget-text-editor\" data-id=\"71b0764\" data-element_type=\"widget\" data-widget_type=\"text-editor.default\">\n\t\t\t\t<div class=\"elementor-widget-container\">\n\t\t\t\t\t\t\t\t\t<section class=\"elementor-section elementor-top-section elementor-element elementor-element-6b4c6a50 elementor-section-boxed elementor-section-height-default elementor-section-height-default\" data-id=\"6b4c6a50\" data-element_type=\"section\"><div class=\"elementor-container elementor-column-gap-default\"><div class=\"elementor-column elementor-col-100 elementor-top-column elementor-element elementor-element-282f7692\" data-id=\"282f7692\" data-element_type=\"column\"><div class=\"elementor-widget-wrap elementor-element-populated\"><div class=\"elementor-element elementor-element-485a1f66 elementor-widget elementor-widget-text-editor\" data-id=\"485a1f66\" data-element_type=\"widget\" data-widget_type=\"text-editor.default\"><div class=\"elementor-widget-container\"><section class=\"elementor-section elementor-top-section elementor-element elementor-element-1c236432 elementor-section-boxed elementor-section-height-default elementor-section-height-default\" data-id=\"1c236432\" data-element_type=\"section\"><div class=\"elementor-container elementor-column-gap-default\"><div class=\"elementor-column elementor-col-100 elementor-top-column elementor-element elementor-element-16f81ffb\" data-id=\"16f81ffb\" data-element_type=\"column\"><div class=\"elementor-widget-wrap elementor-element-populated\"><div class=\"elementor-element elementor-element-5b0f13e elementor-widget elementor-widget-text-editor\" data-id=\"5b0f13e\" data-element_type=\"widget\" data-widget_type=\"text-editor.default\"><div class=\"elementor-widget-container\"><h3>N\u00e4tverkets historia<\/h3><p>Alliance Fran\u00e7aise grundades 1883 i Paris f\u00f6r att fr\u00e4mja det franska spr\u00e5ket och den franska kulturen runt hela v\u00e4rlden efter det franska nederlaget mot Preussen 1870. Det h\u00e4r fransktalande globala n\u00e4tverket fungerar p\u00e5 ett franchisesystem, som inneb\u00e4r att skapandet av en ny Alliance Fran\u00e7aise kommer fr\u00e5n ett lokalt initiativ och det inneb\u00e4r ocks\u00e5 att f\u00f6reningarna regleras av lokala lagar, \u00e4r sj\u00e4lvst\u00e4ndiga och finansierar sig sj\u00e4lv.<\/p><p>Idag omfattar n\u00e4tverket mer \u00e4n 800 Alliance Fran\u00e7aise i 136 l\u00e4nder. Det har som fr\u00e4mstam\u00e5l att ge kurser i franska och att erbjuda ett fransktalande kulturprogram. Sedan 2007 \u00e4r alla Alliance Fran\u00e7aise under beskydd av Fondation Alliance Fran\u00e7aise i Paris, som \u00e4r ett st\u00f6d och en referens f\u00f6r alla f\u00f6reningar.<\/p><h3>N\u00e4tverket i Sverige<\/h3><p>I Stockholm grundades 1889 den f\u00f6rsta svenska Alliance Fran\u00e7aise. Den f\u00f6ljdes snabbt av Alliance Fran\u00e7aise i Uppsala och i G\u00f6teborg. Idag omfattar det svenska Alliance Fran\u00e7aises n\u00e4tverket 16 f\u00f6reningar, som har en s\u00e4rskild st\u00e4llning i fr\u00e4mjandet av den fransktalande v\u00e4rlden. P\u00e5 grund av den st\u00f6rra svenska traditionen av studief\u00f6rbund som Medborgarskolan och Folkh\u00f6gskolan, erbjuder de svenska Alliance Fran\u00e7aise inga kurser i franska. Dock f\u00f6resl\u00e5r de m\u00e5nga aktiviteter och konferenser i franska och svenska om fransktalande kulturer. Som en del av samarbetet mellan de olika Alliance Fran\u00e7aise i Sverige, h\u00e5lls ett nationellt m\u00f6te varje \u00e5r i en n\u00e4tverksmedlems stad. H\u00e4r diskuteras tidigare och framtida projekt, s\u00e5som utveckling av partnerskap eller utbyte av f\u00f6rel\u00e4sare mellan de olika Alliance Fran\u00e7aise och st\u00e4der i Sverige.<\/p><\/div><\/div><\/div><\/div><\/div><\/section><section class=\"elementor-section elementor-top-section elementor-element elementor-element-68fbd0d elementor-section-boxed elementor-section-height-default elementor-section-height-default\" data-id=\"68fbd0d\" data-element_type=\"section\"><div class=\"elementor-container elementor-column-gap-default\"><div class=\"elementor-column elementor-col-100 elementor-top-column elementor-element elementor-element-7625b92\" data-id=\"7625b92\" data-element_type=\"column\"><div class=\"elementor-widget-wrap elementor-element-populated\"><div class=\"elementor-element elementor-element-c2600d9 elementor-widget elementor-widget-text-editor\" data-id=\"c2600d9\" data-element_type=\"widget\" data-widget_type=\"text-editor.default\"><div class=\"elementor-widget-container\"><p><a href=\"http:\/\/alliancefr.se\/sv\">Uppt\u00e4ck kartan \u00f6ver Alliance Fran\u00e7aise n\u00e4tverk i Sverige h\u00e4r<\/a><\/p><\/div><\/div><\/div><\/div><\/div><\/section><\/div><\/div><\/div><\/div><\/div><\/section><section class=\"elementor-section elementor-top-section elementor-element elementor-element-572e44c elementor-section-boxed elementor-section-height-default elementor-section-height-default\" data-id=\"572e44c\" data-element_type=\"section\"><div class=\"elementor-container elementor-column-gap-default\"><div class=\"elementor-column elementor-col-100 elementor-top-column elementor-element elementor-element-88e5cdb\" data-id=\"88e5cdb\" data-element_type=\"column\"><div class=\"elementor-widget-wrap elementor-element-populated\"><div class=\"elementor-element elementor-element-f51d24f elementor-widget elementor-widget-text-editor\" data-id=\"f51d24f\" data-element_type=\"widget\" data-widget_type=\"text-editor.default\"><div class=\"elementor-widget-container\">\u00a0<\/div><\/div><\/div><\/div><\/div><\/section>\t\t\t\t\t\t\t\t<\/div>\n\t\t\t\t<\/div>\n\t\t\t\t\t<\/div>\n\t\t<\/div>\n\t\t\t\t\t<\/div>\n\t\t<\/section>\n\t\t\t\t<\/div>\n\t\t","protected":false},"excerpt":{"rendered":"<p>N\u00e4tverkets historia Alliance Fran\u00e7aise grundades 1883 i Paris f\u00f6r att fr\u00e4mja det franska spr\u00e5ket och den franska kulturen runt hela v\u00e4rlden efter det franska nederlaget mot Preussen 1870. Det h\u00e4r fransktalande globala n\u00e4tverket fungerar p\u00e5 ett franchisesystem, som inneb\u00e4r att skapandet av en ny Alliance Fran\u00e7aise kommer fr\u00e5n ett lokalt initiativ och det inneb\u00e4r ocks\u00e5 att f\u00f6reningarna regleras av lokala lagar, \u00e4r sj\u00e4lvst\u00e4ndiga och finansierar sig sj\u00e4lv. Idag omfattar n\u00e4tverket mer \u00e4n 800 Alliance Fran\u00e7aise i 136 l\u00e4nder. Det har som fr\u00e4mstam\u00e5l att ge kurser i franska och att erbjuda ett fransktalande kulturprogram. Sedan 2007 \u00e4r alla Alliance Fran\u00e7aise under beskydd av Fondation Alliance Fran\u00e7aise i Paris, som \u00e4r ett st\u00f6d och en referens f\u00f6r alla f\u00f6reningar. N\u00e4tverket i Sverige I Stockholm grundades 1889 den f\u00f6rsta svenska Alliance Fran\u00e7aise. Den f\u00f6ljdes snabbt av Alliance Fran\u00e7aise i Uppsala och i G\u00f6teborg. Idag omfattar det svenska Alliance Fran\u00e7aises n\u00e4tverket 16 f\u00f6reningar, som har en s\u00e4rskild st\u00e4llning i fr\u00e4mjandet av den fransktalande v\u00e4rlden. P\u00e5 grund av den st\u00f6rra svenska traditionen av studief\u00f6rbund som Medborgarskolan och Folkh\u00f6gskolan, erbjuder de svenska Alliance Fran\u00e7aise inga kurser i franska. Dock f\u00f6resl\u00e5r de m\u00e5nga aktiviteter och konferenser i franska och svenska om fransktalande kulturer. Som en del av samarbetet mellan de olika Alliance Fran\u00e7aise i Sverige, h\u00e5lls ett nationellt m\u00f6te varje \u00e5r i en n\u00e4tverksmedlems stad. H\u00e4r diskuteras tidigare och framtida projekt, s\u00e5som utveckling av partnerskap eller utbyte av f\u00f6rel\u00e4sare mellan de olika Alliance Fran\u00e7aise och st\u00e4der i Sverige. Uppt\u00e4ck kartan \u00f6ver Alliance Fran\u00e7aise n\u00e4tverk i Sverige h\u00e4r \u00a0<\/p>\n","protected":false},"author":1,"featured_media":0,"parent":0,"menu_order":0,"comment_status":"closed","ping_status":"closed","template":"","meta":{"om_disable_all_campaigns":false,"_monsterinsights_skip_tracking":false,"_monsterinsights_sitenote_active":false,"_monsterinsights_sitenote_note":"","_monsterinsights_sitenote_category":0,"_uf_show_specific_survey":0,"_uf_disable_surveys":false,"footnotes":""},"class_list":["post-5257","page","type-page","status-publish","hentry"],"aioseo_notices":[],"rttpg_featured_image_url":null,"rttpg_author":{"display_name":"Super.admin","author_link":"https:\/\/alliancefr.se\/uppsala\/author\/admin2174\/"},"rttpg_comment":0,"rttpg_category":" <a href=\"https:\/\/alliancefr.se\/uppsala\/sv\/\" rel=\"tag\">Svenska<\/a>","rttpg_excerpt":"N\u00e4tverkets historia Alliance Fran\u00e7aise grundades 1883 i Paris f\u00f6r att fr\u00e4mja det franska spr\u00e5ket och den franska kulturen runt hela v\u00e4rlden efter det franska nederlaget mot Preussen 1870. Det h\u00e4r fransktalande globala n\u00e4tverket fungerar p\u00e5 ett franchisesystem, som inneb\u00e4r att skapandet av en ny Alliance Fran\u00e7aise kommer fr\u00e5n ett lokalt initiativ och det inneb\u00e4r ocks\u00e5\u2026","_links":{"self":[{"href":"https:\/\/alliancefr.se\/uppsala\/wp-json\/wp\/v2\/pages\/5257","targetHints":{"allow":["GET"]}}],"collection":[{"href":"https:\/\/alliancefr.se\/uppsala\/wp-json\/wp\/v2\/pages"}],"about":[{"href":"https:\/\/alliancefr.se\/uppsala\/wp-json\/wp\/v2\/types\/page"}],"author":[{"embeddable":true,"href":"https:\/\/alliancefr.se\/uppsala\/wp-json\/wp\/v2\/users\/1"}],"replies":[{"embeddable":true,"href":"https:\/\/alliancefr.se\/uppsala\/wp-json\/wp\/v2\/comments?post=5257"}],"version-history":[{"count":7,"href":"https:\/\/alliancefr.se\/uppsala\/wp-json\/wp\/v2\/pages\/5257\/revisions"}],"predecessor-version":[{"id":5313,"href":"https:\/\/alliancefr.se\/uppsala\/wp-json\/wp\/v2\/pages\/5257\/revisions\/5313"}],"wp:attachment":[{"href":"https:\/\/alliancefr.se\/uppsala\/wp-json\/wp\/v2\/media?parent=5257"}],"curies":[{"name":"wp","href":"https:\/\/api.w.org\/{rel}","templated":true}]}}