{"id":5242,"date":"2023-12-08T19:53:22","date_gmt":"2023-12-08T18:53:22","guid":{"rendered":"https:\/\/alliancefr.se\/uppsala\/?page_id=5242"},"modified":"2024-03-10T14:07:44","modified_gmt":"2024-03-10T13:07:44","slug":"bourses","status":"publish","type":"page","link":"https:\/\/alliancefr.se\/uppsala\/bourses\/","title":{"rendered":"Bourses"},"content":{"rendered":"\t\t<div data-elementor-type=\"wp-page\" data-elementor-id=\"5242\" class=\"elementor elementor-5242\">\n\t\t\t\t\t\t<section class=\"elementor-section elementor-top-section elementor-element elementor-element-4bb4ab6c elementor-section-boxed elementor-section-height-default elementor-section-height-default\" data-id=\"4bb4ab6c\" data-element_type=\"section\">\n\t\t\t\t\t\t<div class=\"elementor-container elementor-column-gap-default\">\n\t\t\t\t\t<div class=\"elementor-column elementor-col-100 elementor-top-column elementor-element elementor-element-cad769d\" data-id=\"cad769d\" data-element_type=\"column\">\n\t\t\t<div class=\"elementor-widget-wrap elementor-element-populated\">\n\t\t\t\t\t\t<div class=\"elementor-element elementor-element-1ea00ec elementor-widget elementor-widget-text-editor\" data-id=\"1ea00ec\" data-element_type=\"widget\" data-widget_type=\"text-editor.default\">\n\t\t\t\t<div class=\"elementor-widget-container\">\n\t\t\t\t\t\t\t\t\t<h3>Le fonds de bourses d&rsquo;\u00e9tudes est actuellement en sommeil<\/h3><p>Le fonds de bourses d&rsquo;\u00e9tudes de l&rsquo;association est actuellement en sommeil suite \u00e0 une d\u00e9cision du conseil d&rsquo;administration du 4 novembre 2019. La raison de cette d\u00e9cision est le faible int\u00e9r\u00eat pour les candidatures (aucune candidature la fois pr\u00e9c\u00e9dente) et la charge de travail du conseil d&rsquo;administration.<\/p><p>Le conseil esp\u00e8re que l&rsquo;attribution des bourses pourra reprendre dans un avenir proche et les fonds du compte de bourses sont bien s\u00fbr maintenus dans cette attente.<\/p><p>\u00a0<\/p>\t\t\t\t\t\t\t\t<\/div>\n\t\t\t\t<\/div>\n\t\t\t\t\t<\/div>\n\t\t<\/div>\n\t\t\t\t\t<\/div>\n\t\t<\/section>\n\t\t\t\t<\/div>\n\t\t","protected":false},"excerpt":{"rendered":"<p>Le fonds de bourses d&rsquo;\u00e9tudes est actuellement en sommeil Le fonds de bourses d&rsquo;\u00e9tudes de l&rsquo;association est actuellement en sommeil suite \u00e0 une d\u00e9cision du conseil d&rsquo;administration du 4 novembre 2019. La raison de cette d\u00e9cision est le faible int\u00e9r\u00eat pour les candidatures (aucune candidature la fois pr\u00e9c\u00e9dente) et la charge de travail du conseil d&rsquo;administration. Le conseil esp\u00e8re que l&rsquo;attribution des bourses pourra reprendre dans un avenir proche et les fonds du compte de bourses sont bien s\u00fbr maintenus dans cette attente. \u00a0<\/p>\n","protected":false},"author":1,"featured_media":0,"parent":0,"menu_order":0,"comment_status":"closed","ping_status":"closed","template":"","meta":{"om_disable_all_campaigns":false,"_monsterinsights_skip_tracking":false,"_monsterinsights_sitenote_active":false,"_monsterinsights_sitenote_note":"","_monsterinsights_sitenote_category":0,"_uf_show_specific_survey":0,"_uf_disable_surveys":false,"footnotes":""},"class_list":["post-5242","page","type-page","status-publish","hentry"],"aioseo_notices":[],"rttpg_featured_image_url":null,"rttpg_author":{"display_name":"Super.admin","author_link":"https:\/\/alliancefr.se\/uppsala\/author\/admin2174\/"},"rttpg_comment":0,"rttpg_category":" <a href=\"https:\/\/alliancefr.se\/uppsala\/\" rel=\"tag\">Fran\u00e7ais<\/a>","rttpg_excerpt":"Le fonds de bourses d&rsquo;\u00e9tudes est actuellement en sommeil Le fonds de bourses d&rsquo;\u00e9tudes de l&rsquo;association est actuellement en sommeil suite \u00e0 une d\u00e9cision du conseil d&rsquo;administration du 4 novembre 2019. La raison de cette d\u00e9cision est le faible int\u00e9r\u00eat pour les candidatures (aucune candidature la fois pr\u00e9c\u00e9dente) et la charge de travail du conseil\u2026","_links":{"self":[{"href":"https:\/\/alliancefr.se\/uppsala\/wp-json\/wp\/v2\/pages\/5242","targetHints":{"allow":["GET"]}}],"collection":[{"href":"https:\/\/alliancefr.se\/uppsala\/wp-json\/wp\/v2\/pages"}],"about":[{"href":"https:\/\/alliancefr.se\/uppsala\/wp-json\/wp\/v2\/types\/page"}],"author":[{"embeddable":true,"href":"https:\/\/alliancefr.se\/uppsala\/wp-json\/wp\/v2\/users\/1"}],"replies":[{"embeddable":true,"href":"https:\/\/alliancefr.se\/uppsala\/wp-json\/wp\/v2\/comments?post=5242"}],"version-history":[{"count":10,"href":"https:\/\/alliancefr.se\/uppsala\/wp-json\/wp\/v2\/pages\/5242\/revisions"}],"predecessor-version":[{"id":6182,"href":"https:\/\/alliancefr.se\/uppsala\/wp-json\/wp\/v2\/pages\/5242\/revisions\/6182"}],"wp:attachment":[{"href":"https:\/\/alliancefr.se\/uppsala\/wp-json\/wp\/v2\/media?parent=5242"}],"curies":[{"name":"wp","href":"https:\/\/api.w.org\/{rel}","templated":true}]}}