{"id":5233,"date":"2023-12-08T19:47:37","date_gmt":"2023-12-08T18:47:37","guid":{"rendered":"https:\/\/alliancefr.se\/uppsala\/?page_id=5233"},"modified":"2025-04-06T15:04:50","modified_gmt":"2025-04-06T13:04:50","slug":"assemblees-annuelles","status":"publish","type":"page","link":"https:\/\/alliancefr.se\/uppsala\/assemblees-annuelles\/","title":{"rendered":"Assembl\u00e9e annuelle"},"content":{"rendered":"\t\t<div data-elementor-type=\"wp-page\" data-elementor-id=\"5233\" class=\"elementor elementor-5233\">\n\t\t\t\t\t\t<section class=\"elementor-section elementor-top-section elementor-element elementor-element-1a5f724d elementor-section-boxed elementor-section-height-default elementor-section-height-default\" data-id=\"1a5f724d\" data-element_type=\"section\">\n\t\t\t\t\t\t<div class=\"elementor-container elementor-column-gap-default\">\n\t\t\t\t\t<div class=\"elementor-column elementor-col-100 elementor-top-column elementor-element elementor-element-241af218\" data-id=\"241af218\" data-element_type=\"column\">\n\t\t\t<div class=\"elementor-widget-wrap elementor-element-populated\">\n\t\t\t\t\t\t<div class=\"elementor-element elementor-element-296eb69a elementor-widget elementor-widget-text-editor\" data-id=\"296eb69a\" data-element_type=\"widget\" data-widget_type=\"text-editor.default\">\n\t\t\t\t<div class=\"elementor-widget-container\">\n\t\t\t\t\t\t\t\t\t<p>Les membres peuvent contacter le conseil d&rsquo;administration pour obtenir les proc\u00e8s-verbaux et d&rsquo;autres documents concernant l&rsquo;assembl\u00e9e annuelle, qui a lieu en g\u00e9n\u00e9ral en mars.<\/p>\n<p>Les membres sont toutefois toujours convoqu\u00e9s et inform\u00e9s par courriel trois semaines avant l&rsquo;assembl\u00e9e.<\/p>\n<p><!-- \/wp:paragraph --><!-- wp:heading --><\/p>\n<p><!-- \/wp:paragraph --><\/p>\t\t\t\t\t\t\t\t<\/div>\n\t\t\t\t<\/div>\n\t\t\t\t\t<\/div>\n\t\t<\/div>\n\t\t\t\t\t<\/div>\n\t\t<\/section>\n\t\t\t\t<\/div>\n\t\t","protected":false},"excerpt":{"rendered":"<p>Les membres peuvent contacter le conseil d&rsquo;administration pour obtenir les proc\u00e8s-verbaux et d&rsquo;autres documents concernant l&rsquo;assembl\u00e9e annuelle, qui a lieu en g\u00e9n\u00e9ral en mars. Les membres sont toutefois toujours convoqu\u00e9s et inform\u00e9s par courriel trois semaines avant l&rsquo;assembl\u00e9e.<\/p>\n","protected":false},"author":1,"featured_media":0,"parent":0,"menu_order":0,"comment_status":"closed","ping_status":"closed","template":"","meta":{"om_disable_all_campaigns":false,"_monsterinsights_skip_tracking":false,"_monsterinsights_sitenote_active":false,"_monsterinsights_sitenote_note":"","_monsterinsights_sitenote_category":0,"_uf_show_specific_survey":0,"_uf_disable_surveys":false,"footnotes":""},"class_list":["post-5233","page","type-page","status-publish","hentry"],"aioseo_notices":[],"rttpg_featured_image_url":null,"rttpg_author":{"display_name":"Super.admin","author_link":"https:\/\/alliancefr.se\/uppsala\/author\/admin2174\/"},"rttpg_comment":0,"rttpg_category":" <a href=\"https:\/\/alliancefr.se\/uppsala\/\" rel=\"tag\">Fran\u00e7ais<\/a>","rttpg_excerpt":"Les membres peuvent contacter le conseil d&rsquo;administration pour obtenir les proc\u00e8s-verbaux et d&rsquo;autres documents concernant l&rsquo;assembl\u00e9e annuelle, qui a lieu en g\u00e9n\u00e9ral en mars. Les membres sont toutefois toujours convoqu\u00e9s et inform\u00e9s par courriel trois semaines avant l&rsquo;assembl\u00e9e.","_links":{"self":[{"href":"https:\/\/alliancefr.se\/uppsala\/wp-json\/wp\/v2\/pages\/5233","targetHints":{"allow":["GET"]}}],"collection":[{"href":"https:\/\/alliancefr.se\/uppsala\/wp-json\/wp\/v2\/pages"}],"about":[{"href":"https:\/\/alliancefr.se\/uppsala\/wp-json\/wp\/v2\/types\/page"}],"author":[{"embeddable":true,"href":"https:\/\/alliancefr.se\/uppsala\/wp-json\/wp\/v2\/users\/1"}],"replies":[{"embeddable":true,"href":"https:\/\/alliancefr.se\/uppsala\/wp-json\/wp\/v2\/comments?post=5233"}],"version-history":[{"count":14,"href":"https:\/\/alliancefr.se\/uppsala\/wp-json\/wp\/v2\/pages\/5233\/revisions"}],"predecessor-version":[{"id":7445,"href":"https:\/\/alliancefr.se\/uppsala\/wp-json\/wp\/v2\/pages\/5233\/revisions\/7445"}],"wp:attachment":[{"href":"https:\/\/alliancefr.se\/uppsala\/wp-json\/wp\/v2\/media?parent=5233"}],"curies":[{"name":"wp","href":"https:\/\/api.w.org\/{rel}","templated":true}]}}