{"id":5185,"date":"2023-12-08T19:10:07","date_gmt":"2023-12-08T18:10:07","guid":{"rendered":"https:\/\/alliancefr.se\/uppsala\/?page_id=5185"},"modified":"2026-04-04T10:51:28","modified_gmt":"2026-04-04T08:51:28","slug":"veronique-simon","status":"publish","type":"page","link":"https:\/\/alliancefr.se\/uppsala\/veronique-simon\/","title":{"rendered":"V\u00e9ronique Simon"},"content":{"rendered":"\t\t<div data-elementor-type=\"wp-page\" data-elementor-id=\"5185\" class=\"elementor elementor-5185\">\n\t\t\t\t\t\t<section class=\"elementor-section elementor-top-section elementor-element elementor-element-53921d8a elementor-section-boxed elementor-section-height-default elementor-section-height-default\" data-id=\"53921d8a\" data-element_type=\"section\">\n\t\t\t\t\t\t<div class=\"elementor-container elementor-column-gap-default\">\n\t\t\t\t\t<div class=\"elementor-column elementor-col-100 elementor-top-column elementor-element elementor-element-70ff4eb5\" data-id=\"70ff4eb5\" data-element_type=\"column\">\n\t\t\t<div class=\"elementor-widget-wrap elementor-element-populated\">\n\t\t\t\t\t\t<div class=\"elementor-element elementor-element-3c0a77a7 elementor-widget elementor-widget-text-editor\" data-id=\"3c0a77a7\" data-element_type=\"widget\" data-widget_type=\"text-editor.default\">\n\t\t\t\t<div class=\"elementor-widget-container\">\n\t\t\t\t\t\t\t\t\t<figure class=\"wp-block-image aligncenter size-large is-resized\"><img decoding=\"async\" class=\"wp-image-4061\" style=\"width: 384px;height: 512px\" src=\"https:\/\/alliancefrancaisedupsal.files.wordpress.com\/2023\/04\/veronique-simon-img_0527-kopia.jpeg?w=768\" alt=\"\" \/>\n<figcaption class=\"wp-element-caption\">V\u00e9ronique Simon<\/figcaption>\n<\/figure>\n<p><!-- \/wp:image --><\/p>\n<p><!-- wp:paragraph --><\/p>\n<p>Lors de l&rsquo;assembl\u00e9e g\u00e9n\u00e9rale annuelle de l&rsquo;Alliance Fran\u00e7aise d&rsquo;Uppsala en 2026, V\u00e9ronique Simon a \u00e9t\u00e9 r\u00e9\u00e9lue vice-pr\u00e9sidente. Voici la pr\u00e9sentation de V\u00e9ronique :<\/p>\n<p>Je suis n\u00e9e \u00e0 Lorient, en Bretagne, et j&rsquo;ai grandi \u00e0 Brest. La Bretagne, sa culture et ses paysages, en particulier l&rsquo;oc\u00e9an Atlantique, ont toujours jou\u00e9 un r\u00f4le important dans ma vie.<\/p>\n<p>Apr\u00e8s des \u00e9tudes de litt\u00e9rature \u00e0 Brest, entre autres, je suis partie \u00e0 Paris \u00e0 l&rsquo;\u00e2ge de 20 ans pour \u00e9tudier le th\u00e9\u00e2tre, puis en Su\u00e8de en 1987. En Su\u00e8de, j&rsquo;ai v\u00e9cu \u00e0 V\u00e4ster\u00e5s, puis j&rsquo;ai d\u00e9m\u00e9nag\u00e9 \u00e0 Uppsala pour mes \u00e9tudes universitaires.<\/p>\n<p>En 1998, j&rsquo;ai soutenu ma th\u00e8se \u00e0 l&rsquo;universit\u00e9 d&rsquo;Uppsala sur Alain Robbe-Grillet, intitul\u00e9e Alain Robbe-Grillet \u2013 Les sables mouvants du texte. En 2001, j&rsquo;ai \u00e9t\u00e9 engag\u00e9e \u00e0 l&rsquo;universit\u00e9 de Karlstad en tant que ma\u00eetre de conf\u00e9rences en fran\u00e7ais.<\/p>\n<p>Depuis 2009, je vis \u00e0 nouveau \u00e0 Uppsala o\u00f9 je travaille actuellement comme ma\u00eetre de conf\u00e9rences sp\u00e9cialis\u00e9e dans le multilinguisme, avec un accent particulier sur l&rsquo;int\u00e9gration des \u00e9l\u00e8ves nouvellement arriv\u00e9s dans le syst\u00e8me scolaire su\u00e9dois. Au fil des ans, j&rsquo;ai \u00e9galement entretenu des liens \u00e9troits avec le Forum pour les \u00e9tudes africaines de l&rsquo;universit\u00e9 d&rsquo;Uppsala, dont j&rsquo;ai \u00e9t\u00e9 la pr\u00e9sidente du conseil d&rsquo;administration de 2018 \u00e0 2022.<\/p>\n<p>La litt\u00e9rature francophone est l&rsquo;un de mes grands centres d&rsquo;int\u00e9r\u00eat dans la vie. Au cours de mes ann\u00e9es en tant que doctorante et ma\u00eetre de conf\u00e9rences, j&rsquo;ai eu l&rsquo;honneur d&rsquo;inviter un certain nombre de conf\u00e9renciers, le plus souvent en collaboration avec l&rsquo;ambassade de France en Su\u00e8de. J&rsquo;essaie de transmettre mon amour de la litt\u00e9rature et je suis aujourd&rsquo;hui, par exemple, coresponsable du \u00ab Choix Goncourt des pays nordiques \u00bb, en collaboration avec l&rsquo;Institut fran\u00e7ais de Su\u00e8de.<\/p>\n<p>Mes autres activit\u00e9s priv\u00e9es sont souvent li\u00e9es aux questions d&rsquo;immigration. J&rsquo;aime aussi cuisiner et m&rsquo;occuper de mon petit potager !<\/p>\n<p>Mon engagement aupr\u00e8s de l&rsquo;Alliance Fran\u00e7aise n&rsquo;est pas nouveau : \u00e0 la fin des ann\u00e9es 90, j&rsquo;\u00e9tais membre du conseil d&rsquo;administration de l&rsquo;Alliance Fran\u00e7aise d&rsquo;Uppsala, puis, pendant mon s\u00e9jour \u00e0 Karlstad, pr\u00e9sidente de l&rsquo;Alliance Fran\u00e7aise du V\u00e4rmland.<\/p>\n<p>J&rsquo;ai \u00e9galement donn\u00e9 des conf\u00e9rences pour plusieurs Alliances Fran\u00e7aises \u00e0 travers la Su\u00e8de. En 2022, j&rsquo;ai \u00e9t\u00e9 \u00e9lue au conseil d&rsquo;administration de l&rsquo;Alliance Fran\u00e7aise d&rsquo;Uppsala, et je suis tr\u00e8s reconnaissante d&rsquo;avoir \u00e9t\u00e9 nomm\u00e9e vice-pr\u00e9sidente en 2023.<\/p>\n<p>Je me r\u00e9jouis de continuer \u00e0 \u0153uvrer pour le bien-\u00eatre et l&rsquo;avenir de l&rsquo;Alliance Fran\u00e7aise d&rsquo;Uppsala, aux c\u00f4t\u00e9s du pr\u00e9sident Sten Bernhardsson, du conseil d&rsquo;administration et de tous les membres.<\/p>\n<p><em>V\u00e9ronique Simon, Vice-pr\u00e9sidente AFU<\/em><\/p>\n<p><!-- \/wp:paragraph --><\/p>\t\t\t\t\t\t\t\t<\/div>\n\t\t\t\t<\/div>\n\t\t\t\t\t<\/div>\n\t\t<\/div>\n\t\t\t\t\t<\/div>\n\t\t<\/section>\n\t\t\t\t<\/div>\n\t\t","protected":false},"excerpt":{"rendered":"<p>V\u00e9ronique Simon Lors de l&rsquo;assembl\u00e9e g\u00e9n\u00e9rale annuelle de l&rsquo;Alliance Fran\u00e7aise d&rsquo;Uppsala en 2026, V\u00e9ronique Simon a \u00e9t\u00e9 r\u00e9\u00e9lue vice-pr\u00e9sidente. Voici la pr\u00e9sentation de V\u00e9ronique : Je suis n\u00e9e \u00e0 Lorient, en Bretagne, et j&rsquo;ai grandi \u00e0 Brest. La Bretagne, sa culture et ses paysages, en particulier l&rsquo;oc\u00e9an Atlantique, ont toujours jou\u00e9 un r\u00f4le important dans ma vie. Apr\u00e8s des \u00e9tudes de litt\u00e9rature \u00e0 Brest, entre autres, je suis partie \u00e0 Paris \u00e0 l&rsquo;\u00e2ge de 20 ans pour \u00e9tudier le th\u00e9\u00e2tre, puis en Su\u00e8de en 1987. En Su\u00e8de, j&rsquo;ai v\u00e9cu \u00e0 V\u00e4ster\u00e5s, puis j&rsquo;ai d\u00e9m\u00e9nag\u00e9 \u00e0 Uppsala pour mes \u00e9tudes universitaires. En 1998, j&rsquo;ai soutenu ma th\u00e8se \u00e0 l&rsquo;universit\u00e9 d&rsquo;Uppsala sur Alain Robbe-Grillet, intitul\u00e9e Alain Robbe-Grillet \u2013 Les sables mouvants du texte. En 2001, j&rsquo;ai \u00e9t\u00e9 engag\u00e9e \u00e0 l&rsquo;universit\u00e9 de Karlstad en tant que ma\u00eetre de conf\u00e9rences en fran\u00e7ais. Depuis 2009, je vis \u00e0 nouveau \u00e0 Uppsala o\u00f9 je travaille actuellement comme ma\u00eetre de conf\u00e9rences sp\u00e9cialis\u00e9e dans le multilinguisme, avec un accent particulier sur l&rsquo;int\u00e9gration des \u00e9l\u00e8ves nouvellement arriv\u00e9s dans le syst\u00e8me scolaire su\u00e9dois. Au fil des ans, j&rsquo;ai \u00e9galement entretenu des liens \u00e9troits avec le Forum pour les \u00e9tudes africaines de l&rsquo;universit\u00e9 d&rsquo;Uppsala, dont j&rsquo;ai \u00e9t\u00e9 la pr\u00e9sidente du conseil d&rsquo;administration de 2018 \u00e0 2022. La litt\u00e9rature francophone est l&rsquo;un de mes grands centres d&rsquo;int\u00e9r\u00eat dans la vie. Au cours de mes ann\u00e9es en tant que doctorante et ma\u00eetre de conf\u00e9rences, j&rsquo;ai eu l&rsquo;honneur d&rsquo;inviter un certain nombre de conf\u00e9renciers, le plus souvent en collaboration avec l&rsquo;ambassade de France en Su\u00e8de. J&rsquo;essaie de transmettre mon amour de la litt\u00e9rature et je suis aujourd&rsquo;hui, par exemple, coresponsable du \u00ab Choix Goncourt des pays nordiques \u00bb, en collaboration avec l&rsquo;Institut fran\u00e7ais de Su\u00e8de. Mes autres activit\u00e9s priv\u00e9es sont souvent li\u00e9es aux questions d&rsquo;immigration. J&rsquo;aime aussi cuisiner et m&rsquo;occuper de mon petit potager ! Mon engagement aupr\u00e8s de l&rsquo;Alliance Fran\u00e7aise n&rsquo;est pas nouveau : \u00e0 la fin des ann\u00e9es 90, j&rsquo;\u00e9tais membre du conseil d&rsquo;administration de l&rsquo;Alliance Fran\u00e7aise d&rsquo;Uppsala, puis, pendant mon s\u00e9jour \u00e0 Karlstad, pr\u00e9sidente de l&rsquo;Alliance Fran\u00e7aise du V\u00e4rmland. J&rsquo;ai \u00e9galement donn\u00e9 des conf\u00e9rences pour plusieurs Alliances Fran\u00e7aises \u00e0 travers la Su\u00e8de. En 2022, j&rsquo;ai \u00e9t\u00e9 \u00e9lue au conseil d&rsquo;administration de l&rsquo;Alliance Fran\u00e7aise d&rsquo;Uppsala, et je suis tr\u00e8s reconnaissante d&rsquo;avoir \u00e9t\u00e9 nomm\u00e9e vice-pr\u00e9sidente en 2023. Je me r\u00e9jouis de continuer \u00e0 \u0153uvrer pour le bien-\u00eatre et l&rsquo;avenir de l&rsquo;Alliance Fran\u00e7aise d&rsquo;Uppsala, aux c\u00f4t\u00e9s du pr\u00e9sident Sten Bernhardsson, du conseil d&rsquo;administration et de tous les membres. V\u00e9ronique Simon, Vice-pr\u00e9sidente AFU<\/p>\n","protected":false},"author":1,"featured_media":0,"parent":0,"menu_order":0,"comment_status":"closed","ping_status":"closed","template":"","meta":{"om_disable_all_campaigns":false,"_monsterinsights_skip_tracking":false,"_monsterinsights_sitenote_active":false,"_monsterinsights_sitenote_note":"","_monsterinsights_sitenote_category":0,"_uf_show_specific_survey":0,"_uf_disable_surveys":false,"footnotes":""},"class_list":["post-5185","page","type-page","status-publish","hentry"],"aioseo_notices":[],"rttpg_featured_image_url":null,"rttpg_author":{"display_name":"Super.admin","author_link":"https:\/\/alliancefr.se\/uppsala\/author\/admin2174\/"},"rttpg_comment":0,"rttpg_category":" <a href=\"https:\/\/alliancefr.se\/uppsala\/\" rel=\"tag\">Fran\u00e7ais<\/a>","rttpg_excerpt":"V\u00e9ronique Simon Lors de l&rsquo;assembl\u00e9e g\u00e9n\u00e9rale annuelle de l&rsquo;Alliance Fran\u00e7aise d&rsquo;Uppsala en 2026, V\u00e9ronique Simon a \u00e9t\u00e9 r\u00e9\u00e9lue vice-pr\u00e9sidente. Voici la pr\u00e9sentation de V\u00e9ronique : Je suis n\u00e9e \u00e0 Lorient, en Bretagne, et j&rsquo;ai grandi \u00e0 Brest. La Bretagne, sa culture et ses paysages, en particulier l&rsquo;oc\u00e9an Atlantique, ont toujours jou\u00e9 un r\u00f4le important dans\u2026","_links":{"self":[{"href":"https:\/\/alliancefr.se\/uppsala\/wp-json\/wp\/v2\/pages\/5185","targetHints":{"allow":["GET"]}}],"collection":[{"href":"https:\/\/alliancefr.se\/uppsala\/wp-json\/wp\/v2\/pages"}],"about":[{"href":"https:\/\/alliancefr.se\/uppsala\/wp-json\/wp\/v2\/types\/page"}],"author":[{"embeddable":true,"href":"https:\/\/alliancefr.se\/uppsala\/wp-json\/wp\/v2\/users\/1"}],"replies":[{"embeddable":true,"href":"https:\/\/alliancefr.se\/uppsala\/wp-json\/wp\/v2\/comments?post=5185"}],"version-history":[{"count":13,"href":"https:\/\/alliancefr.se\/uppsala\/wp-json\/wp\/v2\/pages\/5185\/revisions"}],"predecessor-version":[{"id":8229,"href":"https:\/\/alliancefr.se\/uppsala\/wp-json\/wp\/v2\/pages\/5185\/revisions\/8229"}],"wp:attachment":[{"href":"https:\/\/alliancefr.se\/uppsala\/wp-json\/wp\/v2\/media?parent=5185"}],"curies":[{"name":"wp","href":"https:\/\/api.w.org\/{rel}","templated":true}]}}