{"id":5159,"date":"2023-12-08T19:01:07","date_gmt":"2023-12-08T18:01:07","guid":{"rendered":"https:\/\/alliancefr.se\/uppsala\/?page_id=5159"},"modified":"2026-04-05T09:49:56","modified_gmt":"2026-04-05T07:49:56","slug":"le-comite-2026","status":"publish","type":"page","link":"https:\/\/alliancefr.se\/uppsala\/le-comite-2026\/","title":{"rendered":"Le comit\u00e9 2026"},"content":{"rendered":"\t\t<div data-elementor-type=\"wp-page\" data-elementor-id=\"5159\" class=\"elementor elementor-5159\">\n\t\t\t\t\t\t<section class=\"elementor-section elementor-top-section elementor-element elementor-element-59134e8 elementor-section-boxed elementor-section-height-default elementor-section-height-default\" data-id=\"59134e8\" data-element_type=\"section\">\n\t\t\t\t\t\t<div class=\"elementor-container elementor-column-gap-default\">\n\t\t\t\t\t<div class=\"elementor-column elementor-col-50 elementor-top-column elementor-element elementor-element-33f5bce\" data-id=\"33f5bce\" data-element_type=\"column\">\n\t\t\t<div class=\"elementor-widget-wrap elementor-element-populated\">\n\t\t\t\t\t\t<div class=\"elementor-element elementor-element-1e84d6a elementor-widget elementor-widget-image\" data-id=\"1e84d6a\" data-element_type=\"widget\" data-widget_type=\"image.default\">\n\t\t\t\t<div class=\"elementor-widget-container\">\n\t\t\t\t\t\t\t\t\t\t\t\t<figure class=\"wp-caption\">\n\t\t\t\t\t\t\t\t\t\t\t<a href=\"https:\/\/alliancefr.se\/uppsala\/sten-bernhardsson\/\">\n\t\t\t\t\t\t\t<img fetchpriority=\"high\" decoding=\"async\" width=\"385\" height=\"512\" src=\"https:\/\/alliancefr.se\/uppsala\/wp-content\/uploads\/sites\/13\/2023\/12\/sten-i-tradgarden-besk.webp\" class=\"attachment-large size-large wp-image-5131\" alt=\"\" \/>\t\t\t\t\t\t\t\t<\/a>\n\t\t\t\t\t\t\t\t\t\t\t<figcaption class=\"widget-image-caption wp-caption-text\">Sten Bernhardsson<\/figcaption>\n\t\t\t\t\t\t\t\t\t\t<\/figure>\n\t\t\t\t\t\t\t\t\t<\/div>\n\t\t\t\t<\/div>\n\t\t\t\t\t<\/div>\n\t\t<\/div>\n\t\t\t\t<div class=\"elementor-column elementor-col-50 elementor-top-column elementor-element elementor-element-bc68ea8\" data-id=\"bc68ea8\" data-element_type=\"column\">\n\t\t\t<div class=\"elementor-widget-wrap elementor-element-populated\">\n\t\t\t\t\t\t<div class=\"elementor-element elementor-element-f5dce81 elementor-widget elementor-widget-image\" data-id=\"f5dce81\" data-element_type=\"widget\" data-widget_type=\"image.default\">\n\t\t\t\t<div class=\"elementor-widget-container\">\n\t\t\t\t\t\t\t\t\t\t\t\t<figure class=\"wp-caption\">\n\t\t\t\t\t\t\t\t\t\t\t<a href=\"https:\/\/alliancefr.se\/uppsala\/veronique-simon\/\">\n\t\t\t\t\t\t\t<img decoding=\"async\" width=\"384\" height=\"512\" src=\"https:\/\/alliancefr.se\/uppsala\/wp-content\/uploads\/sites\/13\/2023\/12\/veronique-simon-img_0527-kopia.webp\" class=\"attachment-large size-large wp-image-5133\" alt=\"\" \/>\t\t\t\t\t\t\t\t<\/a>\n\t\t\t\t\t\t\t\t\t\t\t<figcaption class=\"widget-image-caption wp-caption-text\">V\u00e9ronique Simon<\/figcaption>\n\t\t\t\t\t\t\t\t\t\t<\/figure>\n\t\t\t\t\t\t\t\t\t<\/div>\n\t\t\t\t<\/div>\n\t\t\t\t\t<\/div>\n\t\t<\/div>\n\t\t\t\t\t<\/div>\n\t\t<\/section>\n\t\t\t\t<section class=\"elementor-section elementor-top-section elementor-element elementor-element-38c6f0fa elementor-section-boxed elementor-section-height-default elementor-section-height-default\" data-id=\"38c6f0fa\" data-element_type=\"section\">\n\t\t\t\t\t\t<div class=\"elementor-container elementor-column-gap-default\">\n\t\t\t\t\t<div class=\"elementor-column elementor-col-100 elementor-top-column elementor-element elementor-element-1e696cb2\" data-id=\"1e696cb2\" data-element_type=\"column\">\n\t\t\t<div class=\"elementor-widget-wrap elementor-element-populated\">\n\t\t\t\t\t\t<div class=\"elementor-element elementor-element-34bddcb3 elementor-widget elementor-widget-text-editor\" data-id=\"34bddcb3\" data-element_type=\"widget\" data-widget_type=\"text-editor.default\">\n\t\t\t\t<div class=\"elementor-widget-container\">\n\t\t\t\t\t\t\t\t\t<p>Lors de la r\u00e9union annuelle de l&rsquo;Alliance Fran\u00e7aise d&rsquo;Upsal en mars 2026,<a href=\"https:\/\/alliancefr.se\/uppsala\/sten-bernhardsson\/\"> Sten Bernhardsson<\/a> a \u00e9t\u00e9 r\u00e9\u00e9lu pr\u00e9sident, <a href=\"https:\/\/alliancefr.se\/uppsala\/veronique-simon\/\">V\u00e9ronique Simon<\/a> vice-pr\u00e9sidente et Mats Ekstr\u00f6m a \u00e9t\u00e9 \u00e9lu tr\u00e9sorier.<\/p><p>Le conseil d&rsquo;administration compte huit membres :<\/p><p>PR\u00c9SIDENT ET ORGANISATEUR :<br \/><a href=\"https:\/\/alliancefr.se\/uppsala\/sten-bernhardsson\/\">Sten Bernhardsson<\/a>, Uppsala<\/p><p>VICE-PR\u00c9SIDENTE :<br \/><a href=\"https:\/\/alliancefr.se\/uppsala\/veronique-simon\/\">V\u00e9ronique Simon<\/a>, Uppsala<\/p><p>TR\u00c9SORIER :<br \/>Mats Ekstr\u00f6m, Uppsala<\/p><p>SECR\u00c9TAIRE :<br \/>Helene Lagerquist, Uppsala<\/p><p>MEMBRES ORDINAIRES<br \/>Marita Johnson, Estelle Lerceteau K\u00f6hler, Charlotte Lindgren et Kina Nordlund<\/p><p>Pour une pr\u00e9sentation des membres du comit\u00e9, <a href=\"http:\/\/alliancefr.se\/uppsala\/wp-content\/uploads\/sites\/13\/2026\/04\/CV-STYRELSEN-Franska-.pdf\" target=\"_blank\" rel=\"noopener\">cliquez ici<\/a> !<\/p>\t\t\t\t\t\t\t\t<\/div>\n\t\t\t\t<\/div>\n\t\t\t\t\t<\/div>\n\t\t<\/div>\n\t\t\t\t\t<\/div>\n\t\t<\/section>\n\t\t\t\t<\/div>\n\t\t","protected":false},"excerpt":{"rendered":"<p>Sten Bernhardsson V\u00e9ronique Simon Lors de la r\u00e9union annuelle de l&rsquo;Alliance Fran\u00e7aise d&rsquo;Upsal en mars 2026, Sten Bernhardsson a \u00e9t\u00e9 r\u00e9\u00e9lu pr\u00e9sident, V\u00e9ronique Simon vice-pr\u00e9sidente et Mats Ekstr\u00f6m a \u00e9t\u00e9 \u00e9lu tr\u00e9sorier. Le conseil d&rsquo;administration compte huit membres : PR\u00c9SIDENT ET ORGANISATEUR :Sten Bernhardsson, Uppsala VICE-PR\u00c9SIDENTE :V\u00e9ronique Simon, Uppsala TR\u00c9SORIER :Mats Ekstr\u00f6m, Uppsala SECR\u00c9TAIRE :Helene Lagerquist, Uppsala MEMBRES ORDINAIRESMarita Johnson, Estelle Lerceteau K\u00f6hler, Charlotte Lindgren et Kina Nordlund Pour une pr\u00e9sentation des membres du comit\u00e9, cliquez ici !<\/p>\n","protected":false},"author":1,"featured_media":0,"parent":0,"menu_order":0,"comment_status":"closed","ping_status":"closed","template":"","meta":{"om_disable_all_campaigns":false,"_monsterinsights_skip_tracking":false,"_monsterinsights_sitenote_active":false,"_monsterinsights_sitenote_note":"","_monsterinsights_sitenote_category":0,"_uf_show_specific_survey":0,"_uf_disable_surveys":false,"footnotes":""},"class_list":["post-5159","page","type-page","status-publish","hentry"],"aioseo_notices":[],"rttpg_featured_image_url":null,"rttpg_author":{"display_name":"Super.admin","author_link":"https:\/\/alliancefr.se\/uppsala\/author\/admin2174\/"},"rttpg_comment":0,"rttpg_category":" <a href=\"https:\/\/alliancefr.se\/uppsala\/\" rel=\"tag\">Fran\u00e7ais<\/a>","rttpg_excerpt":"Sten Bernhardsson V\u00e9ronique Simon Lors de la r\u00e9union annuelle de l&rsquo;Alliance Fran\u00e7aise d&rsquo;Upsal en mars 2026, Sten Bernhardsson a \u00e9t\u00e9 r\u00e9\u00e9lu pr\u00e9sident, V\u00e9ronique Simon vice-pr\u00e9sidente et Mats Ekstr\u00f6m a \u00e9t\u00e9 \u00e9lu tr\u00e9sorier. Le conseil d&rsquo;administration compte huit membres : PR\u00c9SIDENT ET ORGANISATEUR :Sten Bernhardsson, Uppsala VICE-PR\u00c9SIDENTE :V\u00e9ronique Simon, Uppsala TR\u00c9SORIER :Mats Ekstr\u00f6m, Uppsala SECR\u00c9TAIRE :Helene\u2026","_links":{"self":[{"href":"https:\/\/alliancefr.se\/uppsala\/wp-json\/wp\/v2\/pages\/5159","targetHints":{"allow":["GET"]}}],"collection":[{"href":"https:\/\/alliancefr.se\/uppsala\/wp-json\/wp\/v2\/pages"}],"about":[{"href":"https:\/\/alliancefr.se\/uppsala\/wp-json\/wp\/v2\/types\/page"}],"author":[{"embeddable":true,"href":"https:\/\/alliancefr.se\/uppsala\/wp-json\/wp\/v2\/users\/1"}],"replies":[{"embeddable":true,"href":"https:\/\/alliancefr.se\/uppsala\/wp-json\/wp\/v2\/comments?post=5159"}],"version-history":[{"count":37,"href":"https:\/\/alliancefr.se\/uppsala\/wp-json\/wp\/v2\/pages\/5159\/revisions"}],"predecessor-version":[{"id":8239,"href":"https:\/\/alliancefr.se\/uppsala\/wp-json\/wp\/v2\/pages\/5159\/revisions\/8239"}],"wp:attachment":[{"href":"https:\/\/alliancefr.se\/uppsala\/wp-json\/wp\/v2\/media?parent=5159"}],"curies":[{"name":"wp","href":"https:\/\/api.w.org\/{rel}","templated":true}]}}