{"id":5117,"date":"2023-12-08T17:22:44","date_gmt":"2023-12-08T16:22:44","guid":{"rendered":"https:\/\/alliancefr.se\/uppsala\/?page_id=5117"},"modified":"2023-12-08T17:23:27","modified_gmt":"2023-12-08T16:23:27","slug":"utmaningen-mellan-alliancer-ar-tillbaka","status":"publish","type":"page","link":"https:\/\/alliancefr.se\/uppsala\/sv\/utmaningen-mellan-alliancer-ar-tillbaka\/","title":{"rendered":"Utmaningen mellan Alliancer \u00e4r tillbaka!\u00a0"},"content":{"rendered":"\t\t<div data-elementor-type=\"wp-page\" data-elementor-id=\"5117\" class=\"elementor elementor-5117\">\n\t\t\t\t\t\t<section class=\"elementor-section elementor-top-section elementor-element elementor-element-352f43fe elementor-section-boxed elementor-section-height-default elementor-section-height-default\" data-id=\"352f43fe\" data-element_type=\"section\">\n\t\t\t\t\t\t<div class=\"elementor-container elementor-column-gap-default\">\n\t\t\t\t\t<div class=\"elementor-column elementor-col-100 elementor-top-column elementor-element elementor-element-6103730b\" data-id=\"6103730b\" data-element_type=\"column\">\n\t\t\t<div class=\"elementor-widget-wrap elementor-element-populated\">\n\t\t\t\t\t\t<div class=\"elementor-element elementor-element-594ed78a elementor-widget elementor-widget-text-editor\" data-id=\"594ed78a\" data-element_type=\"widget\" data-widget_type=\"text-editor.default\">\n\t\t\t\t<div class=\"elementor-widget-container\">\n\t\t\t\t\t\t\t\t\t<p><\/p><h3 class=\"wp-block-heading\">K\u00e4ra medlemmar,<br \/>Utmaningen mellan Alliancer \u00e4r tillbaka!\u00a0<img decoding=\"async\" class=\"emoji\" role=\"img\" draggable=\"false\" src=\"https:\/\/s0.wp.com\/wp-content\/mu-plugins\/wpcom-smileys\/twemoji\/2\/svg\/1f973.svg\" alt=\"\ud83e\udd73\" \/><\/h3><p><strong>Vad \u00e4r det?<\/strong><br \/>Utmaningen mellan olika Alliancer \u00e4r en quiz om fransk kultur d\u00e4r de olika Alliancerna i Sverige t\u00e4vlar mot varandra och sedan mot hela v\u00e4rlden.\u00a0<img decoding=\"async\" class=\"emoji\" role=\"img\" draggable=\"false\" src=\"https:\/\/s0.wp.com\/wp-content\/mu-plugins\/wpcom-smileys\/twemoji\/2\/svg\/1f30d.svg\" alt=\"\ud83c\udf0d\" \/><\/p><p><strong>F\u00f6r vem?<\/strong><br \/>T\u00e4vlingen \u00e4r gratis och \u00f6ppen f\u00f6r alla medlemmar, utom fransm\u00e4n, i de olika Alliancerna i Sverige. Miniminiv\u00e5 kunskapsm\u00e4ssigt i franska \u00e4r A2.<\/p><p><strong>M\u00e5let?<\/strong><br \/>Medlemmarna kommer att utmanas vad g\u00e4ller fransk kultur (konst, gastronomi, musik, sport\u2026)<br \/>Det g\u00e4ller att kvalificera sig f\u00f6r den nationella och den internationella finalen (quizet tar 30 minuter)\u00a0<img decoding=\"async\" class=\"emoji\" role=\"img\" draggable=\"false\" src=\"https:\/\/s0.wp.com\/wp-content\/mu-plugins\/wpcom-smileys\/twemoji\/2\/svg\/1f3a8.svg\" alt=\"\ud83c\udfa8\" \/><img decoding=\"async\" class=\"emoji\" role=\"img\" draggable=\"false\" src=\"https:\/\/s0.wp.com\/wp-content\/mu-plugins\/wpcom-smileys\/twemoji\/2\/svg\/1f3ac.svg\" alt=\"\ud83c\udfac\" \/><img decoding=\"async\" class=\"emoji\" role=\"img\" draggable=\"false\" src=\"https:\/\/s0.wp.com\/wp-content\/mu-plugins\/wpcom-smileys\/twemoji\/2\/svg\/1f3c8.svg\" alt=\"\ud83c\udfc8\" \/><\/p><p><strong>N\u00e4r?<\/strong><br \/>Den h\u00e4r utmaningen kommer att \u00e4ga rum i tre etapper p\u00e5 franska:<\/p><ul><li>Lokala etappen: Den 7 november fr\u00e5n 18:00 till 18:30<br \/>Medlemmarna i l\u2019Alliance Fran\u00e7aise i Uppsala t\u00e4vlar i en quiz med 20 fr\u00e5gor.<\/li><li>Nationella etappen: Den 22 november kl 18:00<br \/>Vinnarna i den lokala t\u00e4vlingen t\u00e4vlar mot vinnarna fr\u00e5n andra Alliancer i Sverige.<\/li><li>Internationella etappen: Den 3 december kl 14.00<br \/>De tv\u00e5 nationella vinnarna kommer att spela mot deltagare fr\u00e5n Alliancer fr\u00e5n hela v\u00e4rlden.<br \/>Se till att vara tillg\u00e4ngliga f\u00f6r alla tre t\u00e4vlingsetapperna.<\/li><\/ul><p><strong>Hur kan man delta?<\/strong><\/p><ul><li>Ni beh\u00f6ver en dator uppkopplad till internet (zoom) och en telefon f\u00f6r att svara p\u00e5 fr\u00e5gorna i realtid p\u00e5 Kahoot.<\/li><\/ul><p><strong>Varf\u00f6r ska man delta?<\/strong><\/p><ul><li>Gratis evenemang p\u00e5 n\u00e4tet (bara 30 minuter)<\/li><li>Delta i ett trevligt och berikande evenemang g\u00e4llande fransk kultur\u00a0<img decoding=\"async\" class=\"emoji\" role=\"img\" draggable=\"false\" src=\"https:\/\/s0.wp.com\/wp-content\/mu-plugins\/wpcom-smileys\/twemoji\/2\/svg\/1f60d.svg\" alt=\"\ud83d\ude0d\" \/><\/li><li>F\u00f6rb\u00e4ttra sin generella kulturkunskap<\/li><li>Man kan vinna ett pris\u00a0<img decoding=\"async\" class=\"emoji\" role=\"img\" draggable=\"false\" src=\"https:\/\/s0.wp.com\/wp-content\/mu-plugins\/wpcom-smileys\/twemoji\/2\/svg\/1f3c6.svg\" alt=\"\ud83c\udfc6\" \/><\/li><\/ul><p><strong>Priserna?<\/strong><\/p><ul><li>P\u00e5 lokal och nationell niv\u00e5: ett diplom samt en kulturell \u00f6verraskning\u00a0<img decoding=\"async\" class=\"emoji\" role=\"img\" draggable=\"false\" src=\"https:\/\/s0.wp.com\/wp-content\/mu-plugins\/wpcom-smileys\/twemoji\/2\/svg\/1f4da.svg\" alt=\"\ud83d\udcda\" \/><img decoding=\"async\" class=\"emoji\" role=\"img\" draggable=\"false\" src=\"https:\/\/s0.wp.com\/wp-content\/mu-plugins\/wpcom-smileys\/twemoji\/2\/svg\/1f39f.svg\" alt=\"\ud83c\udf9f\" \/><\/li><li>Om ni vinner p\u00e5 alla tre niv\u00e5erna: en tv\u00e5 veckors vistelse i Frankrike i en fransk Alliance, transport och boende med halvpension ing\u00e5r!\u00a0<img decoding=\"async\" class=\"emoji\" role=\"img\" draggable=\"false\" src=\"https:\/\/s0.wp.com\/wp-content\/mu-plugins\/wpcom-smileys\/twemoji\/2\/svg\/1f60d.svg\" alt=\"\ud83d\ude0d\" \/><img decoding=\"async\" class=\"emoji\" role=\"img\" draggable=\"false\" src=\"https:\/\/s0.wp.com\/wp-content\/mu-plugins\/wpcom-smileys\/twemoji\/2\/svg\/1f950.svg\" alt=\"\ud83e\udd50\" \/><\/li><\/ul><p><img decoding=\"async\" class=\"emoji\" role=\"img\" draggable=\"false\" src=\"https:\/\/s0.wp.com\/wp-content\/mu-plugins\/wpcom-smileys\/twemoji\/2\/svg\/1f4e9.svg\" alt=\"\ud83d\udce9\" \/><strong> Anm\u00e4l er (namn och efternamn)\u00a0<\/strong><\/p><h3 class=\"wp-block-heading\">Vi r\u00e4knar med er och lycka till!<\/h3><p><\/p>\t\t\t\t\t\t\t\t<\/div>\n\t\t\t\t<\/div>\n\t\t\t\t\t<\/div>\n\t\t<\/div>\n\t\t\t\t\t<\/div>\n\t\t<\/section>\n\t\t\t\t<\/div>\n\t\t","protected":false},"excerpt":{"rendered":"<p>K\u00e4ra medlemmar,Utmaningen mellan Alliancer \u00e4r tillbaka!\u00a0 Vad \u00e4r det?Utmaningen mellan olika Alliancer \u00e4r en quiz om fransk kultur d\u00e4r de olika Alliancerna i Sverige t\u00e4vlar mot varandra och sedan mot hela v\u00e4rlden.\u00a0 F\u00f6r vem?T\u00e4vlingen \u00e4r gratis och \u00f6ppen f\u00f6r alla medlemmar, utom fransm\u00e4n, i de olika Alliancerna i Sverige. Miniminiv\u00e5 kunskapsm\u00e4ssigt i franska \u00e4r A2. M\u00e5let?Medlemmarna kommer att utmanas vad g\u00e4ller fransk kultur (konst, gastronomi, musik, sport\u2026)Det g\u00e4ller att kvalificera sig f\u00f6r den nationella och den internationella finalen (quizet tar 30 minuter)\u00a0 N\u00e4r?Den h\u00e4r utmaningen kommer att \u00e4ga rum i tre etapper p\u00e5 franska: Lokala etappen: Den 7 november fr\u00e5n 18:00 till 18:30Medlemmarna i l\u2019Alliance Fran\u00e7aise i Uppsala t\u00e4vlar i en quiz med 20 fr\u00e5gor. Nationella etappen: Den 22 november kl 18:00Vinnarna i den lokala t\u00e4vlingen t\u00e4vlar mot vinnarna fr\u00e5n andra Alliancer i Sverige. Internationella etappen: Den 3 december kl 14.00De tv\u00e5 nationella vinnarna kommer att spela mot deltagare fr\u00e5n Alliancer fr\u00e5n hela v\u00e4rlden.Se till att vara tillg\u00e4ngliga f\u00f6r alla tre t\u00e4vlingsetapperna. Hur kan man delta? Ni beh\u00f6ver en dator uppkopplad till internet (zoom) och en telefon f\u00f6r att svara p\u00e5 fr\u00e5gorna i realtid p\u00e5 Kahoot. Varf\u00f6r ska man delta? Gratis evenemang p\u00e5 n\u00e4tet (bara 30 minuter) Delta i ett trevligt och berikande evenemang g\u00e4llande fransk kultur\u00a0 F\u00f6rb\u00e4ttra sin generella kulturkunskap Man kan vinna ett pris\u00a0 Priserna? P\u00e5 lokal och nationell niv\u00e5: ett diplom samt en kulturell \u00f6verraskning\u00a0 Om ni vinner p\u00e5 alla tre niv\u00e5erna: en tv\u00e5 veckors vistelse i Frankrike i en fransk Alliance, transport och boende med halvpension ing\u00e5r!\u00a0 Anm\u00e4l er (namn och efternamn)\u00a0 Vi r\u00e4knar med er och lycka till!<\/p>\n","protected":false},"author":1,"featured_media":0,"parent":0,"menu_order":0,"comment_status":"closed","ping_status":"closed","template":"","meta":{"om_disable_all_campaigns":false,"_monsterinsights_skip_tracking":false,"_monsterinsights_sitenote_active":false,"_monsterinsights_sitenote_note":"","_monsterinsights_sitenote_category":0,"_uf_show_specific_survey":0,"_uf_disable_surveys":false,"footnotes":""},"class_list":["post-5117","page","type-page","status-publish","hentry"],"aioseo_notices":[],"rttpg_featured_image_url":null,"rttpg_author":{"display_name":"Super.admin","author_link":"https:\/\/alliancefr.se\/uppsala\/author\/admin2174\/"},"rttpg_comment":0,"rttpg_category":" <a href=\"https:\/\/alliancefr.se\/uppsala\/sv\/\" rel=\"tag\">Svenska<\/a>","rttpg_excerpt":"K\u00e4ra medlemmar,Utmaningen mellan Alliancer \u00e4r tillbaka!\u00a0 Vad \u00e4r det?Utmaningen mellan olika Alliancer \u00e4r en quiz om fransk kultur d\u00e4r de olika Alliancerna i Sverige t\u00e4vlar mot varandra och sedan mot hela v\u00e4rlden.\u00a0 F\u00f6r vem?T\u00e4vlingen \u00e4r gratis och \u00f6ppen f\u00f6r alla medlemmar, utom fransm\u00e4n, i de olika Alliancerna i Sverige. Miniminiv\u00e5 kunskapsm\u00e4ssigt i franska \u00e4r A2.\u2026","_links":{"self":[{"href":"https:\/\/alliancefr.se\/uppsala\/wp-json\/wp\/v2\/pages\/5117","targetHints":{"allow":["GET"]}}],"collection":[{"href":"https:\/\/alliancefr.se\/uppsala\/wp-json\/wp\/v2\/pages"}],"about":[{"href":"https:\/\/alliancefr.se\/uppsala\/wp-json\/wp\/v2\/types\/page"}],"author":[{"embeddable":true,"href":"https:\/\/alliancefr.se\/uppsala\/wp-json\/wp\/v2\/users\/1"}],"replies":[{"embeddable":true,"href":"https:\/\/alliancefr.se\/uppsala\/wp-json\/wp\/v2\/comments?post=5117"}],"version-history":[{"count":4,"href":"https:\/\/alliancefr.se\/uppsala\/wp-json\/wp\/v2\/pages\/5117\/revisions"}],"predecessor-version":[{"id":5121,"href":"https:\/\/alliancefr.se\/uppsala\/wp-json\/wp\/v2\/pages\/5117\/revisions\/5121"}],"wp:attachment":[{"href":"https:\/\/alliancefr.se\/uppsala\/wp-json\/wp\/v2\/media?parent=5117"}],"curies":[{"name":"wp","href":"https:\/\/api.w.org\/{rel}","templated":true}]}}