{"id":5079,"date":"2023-12-08T17:02:05","date_gmt":"2023-12-08T16:02:05","guid":{"rendered":"https:\/\/alliancefr.se\/uppsala\/?page_id=5079"},"modified":"2026-01-11T15:46:41","modified_gmt":"2026-01-11T14:46:41","slug":"cinematheque","status":"publish","type":"page","link":"https:\/\/alliancefr.se\/uppsala\/cinematheque\/","title":{"rendered":"Cin\u00e9math\u00e8que"},"content":{"rendered":"\t\t<div data-elementor-type=\"wp-page\" data-elementor-id=\"5079\" class=\"elementor elementor-5079\">\n\t\t\t\t\t\t<section class=\"elementor-section elementor-top-section elementor-element elementor-element-4ff170b elementor-section-boxed elementor-section-height-default elementor-section-height-default\" data-id=\"4ff170b\" data-element_type=\"section\">\n\t\t\t\t\t\t<div class=\"elementor-container elementor-column-gap-default\">\n\t\t\t\t\t<div class=\"elementor-column elementor-col-100 elementor-top-column elementor-element elementor-element-ba2886d\" data-id=\"ba2886d\" data-element_type=\"column\">\n\t\t\t<div class=\"elementor-widget-wrap elementor-element-populated\">\n\t\t\t\t\t\t<div class=\"elementor-element elementor-element-a6ecd21 elementor-widget elementor-widget-text-editor\" data-id=\"a6ecd21\" data-element_type=\"widget\" data-widget_type=\"text-editor.default\">\n\t\t\t\t<div class=\"elementor-widget-container\">\n\t\t\t\t\t\t\t\t\t<div>La cr\u00e9ation de la Cin\u00e9math\u00e8que de l&rsquo;Alliance Fran\u00e7aise d&rsquo;Uppsala en 2022 (CAFU) est une modeste contribution au manque de films fran\u00e7ais distribu\u00e9s en Su\u00e8de. Son nouveau concept, un programme pour l&rsquo;ann\u00e9e, permettra aux cin\u00e9philes avertis de choisir parmi les quatre films propos\u00e9s : deux films contemporains et deux grands classiques. Nous esp\u00e9rons que la vari\u00e9t\u00e9 des fictions abord\u00e9es satisfera leur curiosit\u00e9. Il n&rsquo;y a pas \u00e0 choisir, les films sont excellents &#8230; il faut tous les voir!<\/div><div>\u00a0<\/div><p><em>Cin\u00e9philement V\u00f4tre !<\/em><\/p><p>Les projections ont lieu quatre fois par an au cin\u00e9ma <a href=\"https:\/\/www.fyrisbiografen.se\/\" target=\"_blank\" rel=\"noopener\">Fyrisbiografen<\/a>.<\/p><h6><b>Pour le printemps 2026<\/b><\/h6><h6><strong>Programme comme PDF cliquez<\/strong>\u00a0<a href=\"http:\/\/alliancefr.se\/uppsala\/wp-content\/uploads\/sites\/13\/2026\/01\/programme-2026.pdf\" target=\"_blank\" rel=\"noopener\"><strong>ICI<\/strong><\/a><\/h6><p>2026-02-26\u00a0 17h45 &#8211; Cin\u00e9math\u00e8que p\u00e5 Fyrisbiografen, \u00ab\u00a0Le Roi et l&rsquo;Oiseau\u00a0\u00bb<\/p><p>2026-03-26 19h30 &#8211; Cin\u00e9math\u00e8que p\u00e5 Fyrisbiografen, \u00ab\u00a0Leurs enfants apr\u00e8s eux\u00a0\u00bb<\/p>\t\t\t\t\t\t\t\t<\/div>\n\t\t\t\t<\/div>\n\t\t\t\t\t<\/div>\n\t\t<\/div>\n\t\t\t\t\t<\/div>\n\t\t<\/section>\n\t\t\t\t<\/div>\n\t\t","protected":false},"excerpt":{"rendered":"<p>La cr\u00e9ation de la Cin\u00e9math\u00e8que de l&rsquo;Alliance Fran\u00e7aise d&rsquo;Uppsala en 2022 (CAFU) est une modeste contribution au manque de films fran\u00e7ais distribu\u00e9s en Su\u00e8de. Son nouveau concept, un programme pour l&rsquo;ann\u00e9e, permettra aux cin\u00e9philes avertis de choisir parmi les quatre films propos\u00e9s : deux films contemporains et deux grands classiques. Nous esp\u00e9rons que la vari\u00e9t\u00e9 des fictions abord\u00e9es satisfera leur curiosit\u00e9. Il n&rsquo;y a pas \u00e0 choisir, les films sont excellents &#8230; il faut tous les voir!\u00a0 Cin\u00e9philement V\u00f4tre ! Les projections ont lieu quatre fois par an au cin\u00e9ma Fyrisbiografen. Pour le printemps 2026 Programme comme PDF cliquez\u00a0ICI 2026-02-26\u00a0 17h45 &#8211; Cin\u00e9math\u00e8que p\u00e5 Fyrisbiografen, \u00ab\u00a0Le Roi et l&rsquo;Oiseau\u00a0\u00bb 2026-03-26 19h30 &#8211; Cin\u00e9math\u00e8que p\u00e5 Fyrisbiografen, \u00ab\u00a0Leurs enfants apr\u00e8s eux\u00a0\u00bb<\/p>\n","protected":false},"author":1,"featured_media":0,"parent":0,"menu_order":0,"comment_status":"closed","ping_status":"closed","template":"","meta":{"om_disable_all_campaigns":false,"_monsterinsights_skip_tracking":false,"_monsterinsights_sitenote_active":false,"_monsterinsights_sitenote_note":"","_monsterinsights_sitenote_category":0,"_uf_show_specific_survey":0,"_uf_disable_surveys":false,"footnotes":""},"class_list":["post-5079","page","type-page","status-publish","hentry"],"aioseo_notices":[],"rttpg_featured_image_url":null,"rttpg_author":{"display_name":"Super.admin","author_link":"https:\/\/alliancefr.se\/uppsala\/author\/admin2174\/"},"rttpg_comment":0,"rttpg_category":" <a href=\"https:\/\/alliancefr.se\/uppsala\/\" rel=\"tag\">Fran\u00e7ais<\/a>","rttpg_excerpt":"La cr\u00e9ation de la Cin\u00e9math\u00e8que de l&rsquo;Alliance Fran\u00e7aise d&rsquo;Uppsala en 2022 (CAFU) est une modeste contribution au manque de films fran\u00e7ais distribu\u00e9s en Su\u00e8de. Son nouveau concept, un programme pour l&rsquo;ann\u00e9e, permettra aux cin\u00e9philes avertis de choisir parmi les quatre films propos\u00e9s : deux films contemporains et deux grands classiques. Nous esp\u00e9rons que la vari\u00e9t\u00e9\u2026","_links":{"self":[{"href":"https:\/\/alliancefr.se\/uppsala\/wp-json\/wp\/v2\/pages\/5079","targetHints":{"allow":["GET"]}}],"collection":[{"href":"https:\/\/alliancefr.se\/uppsala\/wp-json\/wp\/v2\/pages"}],"about":[{"href":"https:\/\/alliancefr.se\/uppsala\/wp-json\/wp\/v2\/types\/page"}],"author":[{"embeddable":true,"href":"https:\/\/alliancefr.se\/uppsala\/wp-json\/wp\/v2\/users\/1"}],"replies":[{"embeddable":true,"href":"https:\/\/alliancefr.se\/uppsala\/wp-json\/wp\/v2\/comments?post=5079"}],"version-history":[{"count":43,"href":"https:\/\/alliancefr.se\/uppsala\/wp-json\/wp\/v2\/pages\/5079\/revisions"}],"predecessor-version":[{"id":7939,"href":"https:\/\/alliancefr.se\/uppsala\/wp-json\/wp\/v2\/pages\/5079\/revisions\/7939"}],"wp:attachment":[{"href":"https:\/\/alliancefr.se\/uppsala\/wp-json\/wp\/v2\/media?parent=5079"}],"curies":[{"name":"wp","href":"https:\/\/api.w.org\/{rel}","templated":true}]}}