{"id":5057,"date":"2025-08-27T10:30:00","date_gmt":"2025-08-27T08:30:00","guid":{"rendered":"https:\/\/alliancefr.se\/uppsala\/?page_id=5057"},"modified":"2025-09-12T18:23:52","modified_gmt":"2025-09-12T16:23:52","slug":"cercle-de-lecture-2023-24","status":"publish","type":"page","link":"https:\/\/alliancefr.se\/uppsala\/cercle-de-lecture-2023-24\/","title":{"rendered":"Cercle de lecture automne 2025 &#8211; printemps 2026"},"content":{"rendered":"\t\t<div data-elementor-type=\"wp-page\" data-elementor-id=\"5057\" class=\"elementor elementor-5057\">\n\t\t\t\t\t\t<section class=\"elementor-section elementor-top-section elementor-element elementor-element-6e12f436 elementor-section-boxed elementor-section-height-default elementor-section-height-default\" data-id=\"6e12f436\" data-element_type=\"section\">\n\t\t\t\t\t\t<div class=\"elementor-container elementor-column-gap-default\">\n\t\t\t\t\t<div class=\"elementor-column elementor-col-100 elementor-top-column elementor-element elementor-element-efe1a65\" data-id=\"efe1a65\" data-element_type=\"column\">\n\t\t\t<div class=\"elementor-widget-wrap elementor-element-populated\">\n\t\t\t\t\t\t<div class=\"elementor-element elementor-element-246b0f46 elementor-widget elementor-widget-text-editor\" data-id=\"246b0f46\" data-element_type=\"widget\" data-widget_type=\"text-editor.default\">\n\t\t\t\t<div class=\"elementor-widget-container\">\n\t\t\t\t\t\t\t\t\t<p><strong>Bienvenue au Cercle de lecture !<\/strong><\/p><p>Cinq livres sont inscrits dans le cercle du livre que l\u2019Alliance fran\u00e7aise d\u2019Upsal propose \u00e0 ses adh\u00e9rents \u00e0 l\u2019automne 2025.<\/p><p>La s\u00e9lection se fait selon les crit\u00e8res suivants :<\/p><p><strong>Actualit\u00e9<\/strong>\u00a0\u2013 les livres s\u00e9lectionn\u00e9s sont relativement r\u00e9cents.<br \/>\u00c9quilibre entre \u00e9crivains f\u00e9minins et masculins<br \/><strong>Pages<\/strong>\u00a0\u2013 les livres s\u00e9lectionn\u00e9s comptent entre 180 et 300 pages.<br \/><strong>Qualit\u00e9<\/strong>\u00a0\u2013 dans les pays francophones, les livres ont \u00e9t\u00e9 bien accueillis par la critique litt\u00e9raire ainsi que par le public et peuvent avoir re\u00e7u des prix litt\u00e9raires.<\/p><p>Voil\u00e0 comment cela fonctionne:<\/p><p>Les participants doivent \u00eatre membres de l\u2019Alliance fran\u00e7aise d\u2019Upsal. Vous, qui n\u2019\u00eates pas encore membre, inscrivez-vous comme membre sur\u00a0<a href=\"https:\/\/alliancefr.se\/uppsala\/devenir-membre\/\">le site Internet de l\u2019Alliance.<\/a><\/p><p>Chaque groupe de lecture est compos\u00e9 de cinq personnes (membres de l\u2019Alliance fran\u00e7aise d\u2019Upsal), A, B, C, D et E.<br \/>Les cinq livres circulent ainsi : A re\u00e7oit le livre 1, B le livre 2, C le livre 3, D le livre 4 et E le livre 5. Au bout d\u2019un mois, A laisse son livre \u00e0 B, qui laisse le sien \u00e0 C, qui laisse le sien \u00e0 D. , qui laisse le sien \u00e0 E qui laisse le sien \u00e0 A. Ainsi chaque participant re\u00e7oit un nouveau livre chaque mois.<br \/>Une liste de diffusion avec les noms, adresses et num\u00e9ros de t\u00e9l\u00e9phone des participants ainsi que les dates des journ\u00e9es d\u2019\u00e9change se trouve dans chaque livret. Il est important de respecter les dates indiqu\u00e9es.<br \/>Une fois les livres distribu\u00e9s, vous conservez le dernier livre. Une derni\u00e8re r\u00e9union sera organis\u00e9e en mai 2026. Ceux qui le souhaitent auront ensuite l\u2019occasion de discuter de leurs exp\u00e9riences de lecture et d\u2019\u00e9valuer la s\u00e9lection de livres de cette ann\u00e9e. Il peut donc \u00eatre bon de prendre des notes s\u00e9par\u00e9es lors de la lecture sur ce que vous jugez bon, moins bon, dr\u00f4le, remarquable\u2026<\/p><p>L\u2019inscription au cercle du livre se d\u00e9roule en deux \u00e9tapes<\/p><p>1) envoyez un e-mail \u00e0 Carin S\u00f6derberg\u00a0<a href=\"mailto:carin.soderberg@live.se\">carin.soderberg@live.se<\/a>\u00a0avec votre nom, adresse, adresse e-mail et num\u00e9ro de t\u00e9l\u00e9phone au plus tard le 1er octobre. Ces informations sont n\u00e9cessaires \u00e0 l\u2019\u00e9tablissement de la liste de diffusion. Indiquez \u00e9galement avec quels membres vous souhaiteriez former un cercle (noms seulement). Dans la mesure du possible, vos souhaits sont exauc\u00e9s.<br \/>2) Lorsque vous avez re\u00e7u la confirmation que vous avez rejoint le cercle, envoyez 225 SEK \u00e0 Plusgiro 11 62 35-3 Alliance fran\u00e7aise d\u2019Upsal ou Swish 123 596 67 59. Entrez Bokcirkel et votre nom lors du paiement.<\/p><p>Les participants sont invit\u00e9s \u00e0 une r\u00e9union d\u2019introduction avec Carin S\u00f6derberg\u00a0en octobre. Pour ceux qui ne peuvent pas y assister, les livres peuvent \u00eatre r\u00e9cup\u00e9r\u00e9s \u00e0 son domicile Carin S\u00f6derberg p\u00e5 Odensgatan 5 A, mobil 073-619 18 80<\/p><p>Les livres du cercle de lecture 2025-2026 se trouvent d\u00e9crits dans ce document PDF. (cliquez <a href=\"http:\/\/alliancefr.se\/uppsala\/wp-content\/uploads\/sites\/13\/2025\/08\/Livres-2025-26.pdf\" target=\"_blank\" rel=\"noopener\"><strong>ICI<\/strong><\/a>)<\/p><p><u>Photo<\/u>: Carin S\u00f6derberg<\/p>\t\t\t\t\t\t\t\t<\/div>\n\t\t\t\t<\/div>\n\t\t\t\t\t<\/div>\n\t\t<\/div>\n\t\t\t\t\t<\/div>\n\t\t<\/section>\n\t\t\t\t<\/div>\n\t\t","protected":false},"excerpt":{"rendered":"<p>Bienvenue au Cercle de lecture ! Cinq livres sont inscrits dans le cercle du livre que l\u2019Alliance fran\u00e7aise d\u2019Upsal propose \u00e0 ses adh\u00e9rents \u00e0 l\u2019automne 2025. La s\u00e9lection se fait selon les crit\u00e8res suivants : Actualit\u00e9\u00a0\u2013 les livres s\u00e9lectionn\u00e9s sont relativement r\u00e9cents.\u00c9quilibre entre \u00e9crivains f\u00e9minins et masculinsPages\u00a0\u2013 les livres s\u00e9lectionn\u00e9s comptent entre 180 et 300 pages.Qualit\u00e9\u00a0\u2013 dans les pays francophones, les livres ont \u00e9t\u00e9 bien accueillis par la critique litt\u00e9raire ainsi que par le public et peuvent avoir re\u00e7u des prix litt\u00e9raires. Voil\u00e0 comment cela fonctionne: Les participants doivent \u00eatre membres de l\u2019Alliance fran\u00e7aise d\u2019Upsal. Vous, qui n\u2019\u00eates pas encore membre, inscrivez-vous comme membre sur\u00a0le site Internet de l\u2019Alliance. Chaque groupe de lecture est compos\u00e9 de cinq personnes (membres de l\u2019Alliance fran\u00e7aise d\u2019Upsal), A, B, C, D et E.Les cinq livres circulent ainsi : A re\u00e7oit le livre 1, B le livre 2, C le livre 3, D le livre 4 et E le livre 5. Au bout d\u2019un mois, A laisse son livre \u00e0 B, qui laisse le sien \u00e0 C, qui laisse le sien \u00e0 D. , qui laisse le sien \u00e0 E qui laisse le sien \u00e0 A. Ainsi chaque participant re\u00e7oit un nouveau livre chaque mois.Une liste de diffusion avec les noms, adresses et num\u00e9ros de t\u00e9l\u00e9phone des participants ainsi que les dates des journ\u00e9es d\u2019\u00e9change se trouve dans chaque livret. Il est important de respecter les dates indiqu\u00e9es.Une fois les livres distribu\u00e9s, vous conservez le dernier livre. Une derni\u00e8re r\u00e9union sera organis\u00e9e en mai 2026. Ceux qui le souhaitent auront ensuite l\u2019occasion de discuter de leurs exp\u00e9riences de lecture et d\u2019\u00e9valuer la s\u00e9lection de livres de cette ann\u00e9e. Il peut donc \u00eatre bon de prendre des notes s\u00e9par\u00e9es lors de la lecture sur ce que vous jugez bon, moins bon, dr\u00f4le, remarquable\u2026 L\u2019inscription au cercle du livre se d\u00e9roule en deux \u00e9tapes 1) envoyez un e-mail \u00e0 Carin S\u00f6derberg\u00a0carin.soderberg@live.se\u00a0avec votre nom, adresse, adresse e-mail et num\u00e9ro de t\u00e9l\u00e9phone au plus tard le 1er octobre. Ces informations sont n\u00e9cessaires \u00e0 l\u2019\u00e9tablissement de la liste de diffusion. Indiquez \u00e9galement avec quels membres vous souhaiteriez former un cercle (noms seulement). Dans la mesure du possible, vos souhaits sont exauc\u00e9s.2) Lorsque vous avez re\u00e7u la confirmation que vous avez rejoint le cercle, envoyez 225 SEK \u00e0 Plusgiro 11 62 35-3 Alliance fran\u00e7aise d\u2019Upsal ou Swish 123 596 67 59. Entrez Bokcirkel et votre nom lors du paiement. Les participants sont invit\u00e9s \u00e0 une r\u00e9union d\u2019introduction avec Carin S\u00f6derberg\u00a0en octobre. Pour ceux qui ne peuvent pas y assister, les livres peuvent \u00eatre r\u00e9cup\u00e9r\u00e9s \u00e0 son domicile Carin S\u00f6derberg p\u00e5 Odensgatan 5 A, mobil 073-619 18 80 Les livres du cercle de lecture 2025-2026 se trouvent d\u00e9crits dans ce document PDF. (cliquez ICI) Photo: Carin S\u00f6derberg<\/p>\n","protected":false},"author":1,"featured_media":7581,"parent":0,"menu_order":0,"comment_status":"closed","ping_status":"closed","template":"","meta":{"om_disable_all_campaigns":false,"_monsterinsights_skip_tracking":false,"_monsterinsights_sitenote_active":false,"_monsterinsights_sitenote_note":"","_monsterinsights_sitenote_category":0,"_uf_show_specific_survey":0,"_uf_disable_surveys":false,"footnotes":""},"class_list":["post-5057","page","type-page","status-publish","has-post-thumbnail","hentry"],"aioseo_notices":[],"rttpg_featured_image_url":{"full":["https:\/\/alliancefr.se\/uppsala\/wp-content\/uploads\/sites\/13\/2025\/08\/Livres25-26.jpg",1440,1920,false],"landscape":["https:\/\/alliancefr.se\/uppsala\/wp-content\/uploads\/sites\/13\/2025\/08\/Livres25-26.jpg",1440,1920,false],"portraits":["https:\/\/alliancefr.se\/uppsala\/wp-content\/uploads\/sites\/13\/2025\/08\/Livres25-26.jpg",1440,1920,false],"thumbnail":["https:\/\/alliancefr.se\/uppsala\/wp-content\/uploads\/sites\/13\/2025\/08\/Livres25-26-150x150.jpg",150,150,true],"medium":["https:\/\/alliancefr.se\/uppsala\/wp-content\/uploads\/sites\/13\/2025\/08\/Livres25-26-225x300.jpg",225,300,true],"large":["https:\/\/alliancefr.se\/uppsala\/wp-content\/uploads\/sites\/13\/2025\/08\/Livres25-26-768x1024.jpg",768,1024,true],"1536x1536":["https:\/\/alliancefr.se\/uppsala\/wp-content\/uploads\/sites\/13\/2025\/08\/Livres25-26-1152x1536.jpg",1152,1536,true],"2048x2048":["https:\/\/alliancefr.se\/uppsala\/wp-content\/uploads\/sites\/13\/2025\/08\/Livres25-26.jpg",1440,1920,false],"ashe-slider-full-thumbnail":["https:\/\/alliancefr.se\/uppsala\/wp-content\/uploads\/sites\/13\/2025\/08\/Livres25-26-1080x540.jpg",1080,540,true],"ashe-full-thumbnail":["https:\/\/alliancefr.se\/uppsala\/wp-content\/uploads\/sites\/13\/2025\/08\/Livres25-26-1140x1520.jpg",1140,1520,true],"ashe-list-thumbnail":["https:\/\/alliancefr.se\/uppsala\/wp-content\/uploads\/sites\/13\/2025\/08\/Livres25-26-300x300.jpg",300,300,true],"ashe-grid-thumbnail":["https:\/\/alliancefr.se\/uppsala\/wp-content\/uploads\/sites\/13\/2025\/08\/Livres25-26-500x330.jpg",500,330,true],"ashe-single-navigation":["https:\/\/alliancefr.se\/uppsala\/wp-content\/uploads\/sites\/13\/2025\/08\/Livres25-26-75x75.jpg",75,75,true]},"rttpg_author":{"display_name":"Super.admin","author_link":"https:\/\/alliancefr.se\/uppsala\/author\/admin2174\/"},"rttpg_comment":0,"rttpg_category":" <a href=\"https:\/\/alliancefr.se\/uppsala\/\" rel=\"tag\">Fran\u00e7ais<\/a>","rttpg_excerpt":"Bienvenue au Cercle de lecture ! Cinq livres sont inscrits dans le cercle du livre que l\u2019Alliance fran\u00e7aise d\u2019Upsal propose \u00e0 ses adh\u00e9rents \u00e0 l\u2019automne 2025. La s\u00e9lection se fait selon les crit\u00e8res suivants : Actualit\u00e9\u00a0\u2013 les livres s\u00e9lectionn\u00e9s sont relativement r\u00e9cents.\u00c9quilibre entre \u00e9crivains f\u00e9minins et masculinsPages\u00a0\u2013 les livres s\u00e9lectionn\u00e9s comptent entre 180 et 300\u2026","_links":{"self":[{"href":"https:\/\/alliancefr.se\/uppsala\/wp-json\/wp\/v2\/pages\/5057","targetHints":{"allow":["GET"]}}],"collection":[{"href":"https:\/\/alliancefr.se\/uppsala\/wp-json\/wp\/v2\/pages"}],"about":[{"href":"https:\/\/alliancefr.se\/uppsala\/wp-json\/wp\/v2\/types\/page"}],"author":[{"embeddable":true,"href":"https:\/\/alliancefr.se\/uppsala\/wp-json\/wp\/v2\/users\/1"}],"replies":[{"embeddable":true,"href":"https:\/\/alliancefr.se\/uppsala\/wp-json\/wp\/v2\/comments?post=5057"}],"version-history":[{"count":50,"href":"https:\/\/alliancefr.se\/uppsala\/wp-json\/wp\/v2\/pages\/5057\/revisions"}],"predecessor-version":[{"id":7595,"href":"https:\/\/alliancefr.se\/uppsala\/wp-json\/wp\/v2\/pages\/5057\/revisions\/7595"}],"wp:featuredmedia":[{"embeddable":true,"href":"https:\/\/alliancefr.se\/uppsala\/wp-json\/wp\/v2\/media\/7581"}],"wp:attachment":[{"href":"https:\/\/alliancefr.se\/uppsala\/wp-json\/wp\/v2\/media?parent=5057"}],"curies":[{"name":"wp","href":"https:\/\/api.w.org\/{rel}","templated":true}]}}