{"id":5044,"date":"2023-12-08T14:11:53","date_gmt":"2023-12-08T13:11:53","guid":{"rendered":"https:\/\/alliancefr.se\/uppsala\/?page_id=5044"},"modified":"2026-02-01T20:50:55","modified_gmt":"2026-02-01T19:50:55","slug":"petits-dejeuners","status":"publish","type":"page","link":"https:\/\/alliancefr.se\/uppsala\/petits-dejeuners\/","title":{"rendered":"Petits d\u00e9jeuners"},"content":{"rendered":"\t\t<div data-elementor-type=\"wp-page\" data-elementor-id=\"5044\" class=\"elementor elementor-5044\">\n\t\t\t\t\t\t<section class=\"elementor-section elementor-top-section elementor-element elementor-element-4ed15e1 elementor-section-boxed elementor-section-height-default elementor-section-height-default\" data-id=\"4ed15e1\" data-element_type=\"section\">\n\t\t\t\t\t\t<div class=\"elementor-container elementor-column-gap-default\">\n\t\t\t\t\t<div class=\"elementor-column elementor-col-100 elementor-top-column elementor-element elementor-element-fcb3e1d\" data-id=\"fcb3e1d\" data-element_type=\"column\">\n\t\t\t<div class=\"elementor-widget-wrap elementor-element-populated\">\n\t\t\t\t\t\t<div class=\"elementor-element elementor-element-bc911b4 elementor-widget elementor-widget-text-editor\" data-id=\"bc911b4\" data-element_type=\"widget\" data-widget_type=\"text-editor.default\">\n\t\t\t\t<div class=\"elementor-widget-container\">\n\t\t\t\t\t\t\t\t\t<h4>Petits d\u00e9jeuners du samedi<\/h4>\n<p>Nos petits d\u00e9jeuners avec conversation en fran\u00e7ais au <em>Carl von Linn\u00e9s Kaf\u00e9 Kardemumma<\/em> pour les membres de l&rsquo;association ont lieu le premier samedi de chaque mois.<\/p>\n<p><br><\/p>\t\t\t\t\t\t\t\t<\/div>\n\t\t\t\t<\/div>\n\t\t\t\t\t<\/div>\n\t\t<\/div>\n\t\t\t\t\t<\/div>\n\t\t<\/section>\n\t\t\t\t<\/div>\n\t\t","protected":false},"excerpt":{"rendered":"<p>Petits d\u00e9jeuners du samedi Nos petits d\u00e9jeuners avec conversation en fran\u00e7ais au Carl von Linn\u00e9s Kaf\u00e9 Kardemumma pour les membres de l&rsquo;association ont lieu le premier samedi de chaque mois.<\/p>\n","protected":false},"author":1,"featured_media":0,"parent":0,"menu_order":0,"comment_status":"closed","ping_status":"closed","template":"","meta":{"om_disable_all_campaigns":false,"_monsterinsights_skip_tracking":false,"_monsterinsights_sitenote_active":false,"_monsterinsights_sitenote_note":"","_monsterinsights_sitenote_category":0,"_uf_show_specific_survey":0,"_uf_disable_surveys":false,"footnotes":""},"class_list":["post-5044","page","type-page","status-publish","hentry"],"aioseo_notices":[],"rttpg_featured_image_url":null,"rttpg_author":{"display_name":"Super.admin","author_link":"https:\/\/alliancefr.se\/uppsala\/author\/admin2174\/"},"rttpg_comment":0,"rttpg_category":" <a href=\"https:\/\/alliancefr.se\/uppsala\/\" rel=\"tag\">Fran\u00e7ais<\/a>","rttpg_excerpt":"Petits d\u00e9jeuners du samedi Nos petits d\u00e9jeuners avec conversation en fran\u00e7ais au Carl von Linn\u00e9s Kaf\u00e9 Kardemumma pour les membres de l&rsquo;association ont lieu le premier samedi de chaque mois.","_links":{"self":[{"href":"https:\/\/alliancefr.se\/uppsala\/wp-json\/wp\/v2\/pages\/5044","targetHints":{"allow":["GET"]}}],"collection":[{"href":"https:\/\/alliancefr.se\/uppsala\/wp-json\/wp\/v2\/pages"}],"about":[{"href":"https:\/\/alliancefr.se\/uppsala\/wp-json\/wp\/v2\/types\/page"}],"author":[{"embeddable":true,"href":"https:\/\/alliancefr.se\/uppsala\/wp-json\/wp\/v2\/users\/1"}],"replies":[{"embeddable":true,"href":"https:\/\/alliancefr.se\/uppsala\/wp-json\/wp\/v2\/comments?post=5044"}],"version-history":[{"count":26,"href":"https:\/\/alliancefr.se\/uppsala\/wp-json\/wp\/v2\/pages\/5044\/revisions"}],"predecessor-version":[{"id":7977,"href":"https:\/\/alliancefr.se\/uppsala\/wp-json\/wp\/v2\/pages\/5044\/revisions\/7977"}],"wp:attachment":[{"href":"https:\/\/alliancefr.se\/uppsala\/wp-json\/wp\/v2\/media?parent=5044"}],"curies":[{"name":"wp","href":"https:\/\/api.w.org\/{rel}","templated":true}]}}