{"id":5024,"date":"2023-12-08T11:49:32","date_gmt":"2023-12-08T10:49:32","guid":{"rendered":"https:\/\/alliancefr.se\/uppsala\/?page_id=5024"},"modified":"2024-04-04T18:23:52","modified_gmt":"2024-04-04T16:23:52","slug":"contact","status":"publish","type":"page","link":"https:\/\/alliancefr.se\/uppsala\/contact\/","title":{"rendered":"Contact"},"content":{"rendered":"\t\t<div data-elementor-type=\"wp-page\" data-elementor-id=\"5024\" class=\"elementor elementor-5024\">\n\t\t\t\t\t\t<section class=\"elementor-section elementor-top-section elementor-element elementor-element-6086d0c6 elementor-section-boxed elementor-section-height-default elementor-section-height-default\" data-id=\"6086d0c6\" data-element_type=\"section\">\n\t\t\t\t\t\t<div class=\"elementor-container elementor-column-gap-default\">\n\t\t\t\t\t<div class=\"elementor-column elementor-col-100 elementor-top-column elementor-element elementor-element-aeba73\" data-id=\"aeba73\" data-element_type=\"column\">\n\t\t\t<div class=\"elementor-widget-wrap elementor-element-populated\">\n\t\t\t\t\t\t<div class=\"elementor-element elementor-element-1b8cffdd elementor-widget elementor-widget-text-editor\" data-id=\"1b8cffdd\" data-element_type=\"widget\" data-widget_type=\"text-editor.default\">\n\t\t\t\t<div class=\"elementor-widget-container\">\n\t\t\t\t\t\t\t\t\t<p>Vous souhaitez devenir membre de l&rsquo;association ou vous avez des questions concernant l&rsquo;adh\u00e9sion ? Avez-vous des questions, des suggestions concernant des \u00e9l\u00e9ments de programme ou des pr\u00e9occupations concernant nos activit\u00e9s&nbsp;? Vous pouvez nous contacter \u00e0 cette adresse <a href=\"mailto:uppsala@alliancefr.se\">uppsala@alliancefr.se<\/a> ou via le formulaire ci-dessous.<\/p>\n<p>Malheureusement, l&rsquo;Alliance Fran\u00e7aise d&rsquo;Upsal ne peut pas aider \u00e0 r\u00e9soudre ou donner des conseils concernant les probl\u00e8mes pratiques auxquels peuvent \u00eatre confront\u00e9s les nouveaux arrivants \u00e0 Uppsala.&nbsp;<br><span style=\"color: var( --e-global-color-text );font-family: var( --e-global-typography-text-font-family ), Sans-serif;font-weight: var( --e-global-typography-text-font-weight );letter-spacing: 0px\">Veuillez contacter <\/span><a href=\"https:\/\/internationalhub.uppsala.se\/\" style=\"font-weight: var( --e-global-typography-text-font-weight );letter-spacing: 0px\">https:\/\/internationalhub.uppsala.se\/<\/a><span style=\"color: var( --e-global-color-text );font-family: var( --e-global-typography-text-font-family ), Sans-serif;font-weight: var( --e-global-typography-text-font-weight );letter-spacing: 0px\">, <\/span><a href=\"https:\/\/www.uppsala.se\/sprak\/english\/\" style=\"font-weight: var( --e-global-typography-text-font-weight );letter-spacing: 0px\">https:\/\/www.uppsala.se\/sprak\/english\/<\/a><span style=\"color: var( --e-global-color-text );font-family: var( --e-global-typography-text-font-family ), Sans-serif;font-weight: var( --e-global-typography-text-font-weight );letter-spacing: 0px\"> ou votre consulat.<\/span><\/p><p>Malheureusement, nous ne pouvons pas non plus vous aider avec des \u00e9tudes de langue en fran\u00e7ais ou en su\u00e9dois.<\/p>\t\t\t\t\t\t\t\t<\/div>\n\t\t\t\t<\/div>\n\t\t\t\t\t<\/div>\n\t\t<\/div>\n\t\t\t\t\t<\/div>\n\t\t<\/section>\n\t\t\t\t<section class=\"elementor-section elementor-top-section elementor-element elementor-element-7ed09f5 elementor-section-boxed elementor-section-height-default elementor-section-height-default\" data-id=\"7ed09f5\" data-element_type=\"section\">\n\t\t\t\t\t\t<div class=\"elementor-container elementor-column-gap-default\">\n\t\t\t\t\t<div class=\"elementor-column elementor-col-100 elementor-top-column elementor-element elementor-element-922bf19\" data-id=\"922bf19\" data-element_type=\"column\">\n\t\t\t<div class=\"elementor-widget-wrap elementor-element-populated\">\n\t\t\t\t\t\t<div class=\"elementor-element elementor-element-cdaf0ef elementor-widget elementor-widget-shortcode\" data-id=\"cdaf0ef\" data-element_type=\"widget\" data-widget_type=\"shortcode.default\">\n\t\t\t\t<div class=\"elementor-widget-container\">\n\t\t\t\t\t\t\t<div class=\"elementor-shortcode\"><div style=\"display:none\" class=\"fm-form-container fm-theme1\"><div id=\"fm-pages6\" class=\"fm-pages wdform_page_navigation \" show_title=\"\" show_numbers=\"1\" type=\"none\"><\/div><form name=\"form6\" action=\"\/uppsala\/wp-json\/wp\/v2\/pages\/5024\" method=\"post\" id=\"form6\" class=\"fm-form form6  \" enctype=\"multipart\/form-data\"><input type=\"hidden\" id=\"fm_page_id6\" value=\"5024\" name=\"fm_page_id6\" \/><input type=\"hidden\" id=\"fm_current_post_type6\" value=\"page\" name=\"fm_current_post_type6\" \/><input type=\"hidden\" id=\"counter6\" value=\"6\" name=\"counter6\" \/><input type=\"hidden\" id=\"Itemid6\" value=\"\" name=\"Itemid6\" \/><input type=\"hidden\" id=\"fm_shake6\" value=\"1\" name=\"fm_shake6\" \/><input type=\"text\" class=\"fm-hide\" id=\"fm_empty_field_validation6\" value=\"\" name=\"fm_empty_field_validation6\" data-value=\"bd736efb144d599cf463541431fbf5c4\" \/><div class=\"wdform-page-and-images fm-form-builder\"><div id=\"6form_view1\" class=\"wdform_page\" page_title=\"Untitled page\" next_title=\"Next\" next_type=\"text\" next_class=\"wdform-page-button\" next_checkable=\"true\" previous_title=\"Previous\" previous_type=\"text\" previous_class=\"wdform-page-button\" previous_checkable=\"false\"><div class=\"wdform_section\"><div class=\"wdform_column\"><div wdid=\"2\" class=\"wdform_row\"><div type=\"type_text\" class=\"wdform-field wd-width-100 wd-flex wd-flex-column fm-type_text\" ><div class=\"wdform-label-section wd-width-100  wd-flex-row wd-align-items-center\">    <label  for=\"wdform_2_element6\" class=\"wdform-label\">Nom et pr\u00e9nom<\/label><span class=\"wdform-required\">*<\/span><\/div><div class=\"wdform-element-section wd-flex  wd-flex-row wd-align-items-center wd-width-100\" ><input type=\"text\"                           class=\"wd-width-100\"                           id=\"wdform_2_element6\"                           name=\"wdform_2_element6\"                           value=\"\"                           data-value=\"\"                           title=\"\"                           placeholder=\"\"                                                       \/><\/div><\/div><\/div><\/div><div class=\"wdform_column\"><div wdid=\"3\" class=\"wdform_row\"><div type=\"type_submitter_mail\" class=\"wdform-field wd-width-100 wd-flex wd-flex-column fm-type_submitter_mail\" ><div class=\"wdform-label-section wd-width-100  wd-flex-row\">    <label  for=\"wdform_3_element6\" class=\"wdform-label\">Email<\/label><span class=\"wdform-required\">*<\/span><\/div><div class=\"wdform-element-section wd-flex  wd-flex-row wd-width-100\" ><input type=\"text\" class=\"wd-width-100\" id=\"wdform_3_element6\" name=\"wdform_3_element6\" data-value=\"\" value=\"\" title=\"\" placeholder=\"\"   onchange=\"wd_check_email('3', '6', 'Ceci n\\'est pas une adresse e-mail valide')\" \/><\/div><\/div><\/div><\/div><div class=\"wdform_column\"><div wdid=\"4\" class=\"wdform_row\"><div type=\"type_text\" class=\"wdform-field wd-width-100 wd-flex wd-flex-column fm-type_text\" ><div class=\"wdform-label-section wd-width-100  wd-flex-row wd-align-items-center\">    <label  for=\"wdform_4_element6\" class=\"wdform-label\">Sujet<\/label><span class=\"wdform-required\">*<\/span><\/div><div class=\"wdform-element-section wd-flex  wd-flex-row wd-align-items-center wd-width-100\" ><input type=\"text\"                           class=\"wd-width-100\"                           id=\"wdform_4_element6\"                           name=\"wdform_4_element6\"                           value=\"\"                           data-value=\"\"                           title=\"\"                           placeholder=\"\"                                                       \/><\/div><\/div><\/div><\/div><div class=\"wdform_column\"><div wdid=\"5\" class=\"wdform_row\"><div type=\"type_textarea\" class=\"wdform-field wd-width-100 wd-flex wd-flex-column fm-type_textarea\" ><div class=\"wdform-label-section wd-width-100 \">    <label  for=\"wdform_5_element6\" class=\"wdform-label\">Message<\/label><span class=\"wdform-required\">*<\/span><\/div><div class=\"wdform-element-section wd-flex  wd-width-100\" ><textarea class=\"wd-width-100\"                      id=\"wdform_5_element6\"                      name=\"wdform_5_element6\"                      placeholder=\"\"                      data-value=\"\"                      maxlength=\"\"                      style=\"height: 100px;\"                      ><\/textarea><\/div><\/div><\/div><\/div><div class=\"wdform_column\"><div wdid=\"1\" class=\"wdform_row\"><div type=\"type_submit_reset\" class=\"wdform-field wd-width-100 wd-flex wd-flex-column fm-type_submit_reset\" ><div class=\"wdform-element-section wd-flex  wd-flex-row wd-justify-content-left wd-width-100\" ><button  type=\"button\" class=\"button-submit\" onclick=\"fm_submit_form('6');\"  data-ajax=\"0\"><span class=\"fm-submit-loading spinner fm-ico-spinner\"><\/span>Envoyer !<\/button><button  type=\"button\" class=\"button-reset wd-hidden\" onclick=\"fm_reset_form(6);\" >Reset<\/button><\/div><\/div><\/div><\/div><\/div><div valign=\"top\" class=\"wdform_footer wd-width-100\"><div class=\"wd-width-100\"><div class=\"wd-width-100 wd-table\" style=\"padding-top:10px;\"><div class=\"wd-table-group\"><div id=\"6page_nav1\" class=\"wd-table-row\"><\/div><\/div><\/div><\/div><\/div><\/div><\/div><div class=\"wdform_preload\"><\/div><input type=\"hidden\" name=\"fm-current-page\" value=\"https:\/\/alliancefr.se\/uppsala\/wp-json\/wp\/v2\/pages\/5024\" \/><\/form><\/div><\/div>\n\t\t\t\t\t\t<\/div>\n\t\t\t\t<\/div>\n\t\t\t\t\t<\/div>\n\t\t<\/div>\n\t\t\t\t\t<\/div>\n\t\t<\/section>\n\t\t\t\t<\/div>\n\t\t","protected":false},"excerpt":{"rendered":"<p>Vous souhaitez devenir membre de l&rsquo;association ou vous avez des questions concernant l&rsquo;adh\u00e9sion ? Avez-vous des questions, des suggestions concernant des \u00e9l\u00e9ments de programme ou des pr\u00e9occupations concernant nos activit\u00e9s&nbsp;? Vous pouvez nous contacter \u00e0 cette adresse uppsala@alliancefr.se ou via le formulaire ci-dessous. Malheureusement, l&rsquo;Alliance Fran\u00e7aise d&rsquo;Upsal ne peut pas aider \u00e0 r\u00e9soudre ou donner des conseils concernant les probl\u00e8mes pratiques auxquels peuvent \u00eatre confront\u00e9s les nouveaux arrivants \u00e0 Uppsala.&nbsp;Veuillez contacter https:\/\/internationalhub.uppsala.se\/, https:\/\/www.uppsala.se\/sprak\/english\/ ou votre consulat. Malheureusement, nous ne pouvons pas non plus vous aider avec des \u00e9tudes de langue en fran\u00e7ais ou en su\u00e9dois.<\/p>\n","protected":false},"author":1,"featured_media":0,"parent":0,"menu_order":0,"comment_status":"closed","ping_status":"closed","template":"","meta":{"om_disable_all_campaigns":false,"_monsterinsights_skip_tracking":false,"_monsterinsights_sitenote_active":false,"_monsterinsights_sitenote_note":"","_monsterinsights_sitenote_category":0,"_uf_show_specific_survey":0,"_uf_disable_surveys":false,"footnotes":""},"class_list":["post-5024","page","type-page","status-publish","hentry"],"aioseo_notices":[],"rttpg_featured_image_url":null,"rttpg_author":{"display_name":"Super.admin","author_link":"https:\/\/alliancefr.se\/uppsala\/author\/admin2174\/"},"rttpg_comment":0,"rttpg_category":" <a href=\"https:\/\/alliancefr.se\/uppsala\/\" rel=\"tag\">Fran\u00e7ais<\/a>","rttpg_excerpt":"Vous souhaitez devenir membre de l&rsquo;association ou vous avez des questions concernant l&rsquo;adh\u00e9sion ? Avez-vous des questions, des suggestions concernant des \u00e9l\u00e9ments de programme ou des pr\u00e9occupations concernant nos activit\u00e9s&nbsp;? Vous pouvez nous contacter \u00e0 cette adresse uppsala@alliancefr.se ou via le formulaire ci-dessous. Malheureusement, l&rsquo;Alliance Fran\u00e7aise d&rsquo;Upsal ne peut pas aider \u00e0 r\u00e9soudre ou donner\u2026","_links":{"self":[{"href":"https:\/\/alliancefr.se\/uppsala\/wp-json\/wp\/v2\/pages\/5024","targetHints":{"allow":["GET"]}}],"collection":[{"href":"https:\/\/alliancefr.se\/uppsala\/wp-json\/wp\/v2\/pages"}],"about":[{"href":"https:\/\/alliancefr.se\/uppsala\/wp-json\/wp\/v2\/types\/page"}],"author":[{"embeddable":true,"href":"https:\/\/alliancefr.se\/uppsala\/wp-json\/wp\/v2\/users\/1"}],"replies":[{"embeddable":true,"href":"https:\/\/alliancefr.se\/uppsala\/wp-json\/wp\/v2\/comments?post=5024"}],"version-history":[{"count":7,"href":"https:\/\/alliancefr.se\/uppsala\/wp-json\/wp\/v2\/pages\/5024\/revisions"}],"predecessor-version":[{"id":6269,"href":"https:\/\/alliancefr.se\/uppsala\/wp-json\/wp\/v2\/pages\/5024\/revisions\/6269"}],"wp:attachment":[{"href":"https:\/\/alliancefr.se\/uppsala\/wp-json\/wp\/v2\/media?parent=5024"}],"curies":[{"name":"wp","href":"https:\/\/api.w.org\/{rel}","templated":true}]}}