{"id":4721,"date":"2023-10-25T15:11:14","date_gmt":"2023-10-25T13:11:14","guid":{"rendered":"https:\/\/alliancefr.se\/uppsala\/le-defi-inter-alliances-est-de-retour\/"},"modified":"2023-12-08T17:21:51","modified_gmt":"2023-12-08T16:21:51","slug":"le-defi-inter-alliances-est-de-retour","status":"publish","type":"page","link":"https:\/\/alliancefr.se\/uppsala\/le-defi-inter-alliances-est-de-retour\/","title":{"rendered":"Le D\u00e9fi Inter-Alliances est de retour !"},"content":{"rendered":"\t\t<div data-elementor-type=\"wp-page\" data-elementor-id=\"4721\" class=\"elementor elementor-4721\">\n\t\t\t\t\t\t<section class=\"elementor-section elementor-top-section elementor-element elementor-element-352f43fe elementor-section-boxed elementor-section-height-default elementor-section-height-default\" data-id=\"352f43fe\" data-element_type=\"section\">\n\t\t\t\t\t\t<div class=\"elementor-container elementor-column-gap-default\">\n\t\t\t\t\t<div class=\"elementor-column elementor-col-100 elementor-top-column elementor-element elementor-element-6103730b\" data-id=\"6103730b\" data-element_type=\"column\">\n\t\t\t<div class=\"elementor-widget-wrap elementor-element-populated\">\n\t\t\t\t\t\t<div class=\"elementor-element elementor-element-594ed78a elementor-widget elementor-widget-text-editor\" data-id=\"594ed78a\" data-element_type=\"widget\" data-widget_type=\"text-editor.default\">\n\t\t\t\t<div class=\"elementor-widget-container\">\n\t\t\t\t\t\t\t\t\t\n<h3 class=\"wp-block-heading\">Chers membres,<br \/>Le D\u00e9fi Inter-Alliances est de retour ! \ud83e\udd73<\/h3>\n\n<p><strong>Qu\u2019est-ce que c\u2019est ?<\/strong><br \/>Le d\u00e9fi Inter-Alliances est un quiz de culture fran\u00e7aise au cours<br \/>duquel vont s\u2019affronter les membres des Alliances Fran\u00e7aises de<br \/>Su\u00e8de, puis du monde. \ud83c\udf0d<\/p>\n\n<p><strong>Pour qui ?<\/strong><br \/>La comp\u00e9tition est gratuite et ouverte aux membres<br \/>non-francophones des Alliances Fran\u00e7aises de Su\u00e8de, \u00e0 partir du<br \/>niveau A2.<\/p>\n\n<p><strong>Le but ?<\/strong><br \/>Les membres vont s\u2019affronter sur la culture fran\u00e7aise (art,<br \/>gastronomie, histoire, musique, sport\u2026) et tenter de se qualifier pour<br \/>la finale nationale et internationale (dur\u00e9e du quiz : 30 minutes)<br \/>\ud83c\udfa8\ud83c\udfac\ud83c\udfc8<\/p>\n\n<p><strong>Quand ?<\/strong><br \/>Ce d\u00e9fi s\u2019effectue en 3 \u00e9tapes et se d\u00e9roule en langue fran\u00e7aise.<\/p>\n\n<ul class=\"wp-block-list\">\n<li>\u00c9tape locale : Le 7 novembre de 18h \u00e0 18h30<br \/>Les membres de l\u2019Alliance Fran\u00e7aise d\u2019Upsal s\u2019affrontent sur un quiz<br \/>de 20 questions.<\/li>\n\n<li>\u00c9tape nationale : Le 22 novembre \u00e0 18h<br \/>Les 2 gagnants de l\u2019\u00e9tape locale affrontent les gagnants des autres<br \/>Alliances Fran\u00e7aises de Su\u00e8de.<\/li>\n\n<li>\u00c9tape internationale : Le 3 d\u00e9cembre \u00e0 14h<br \/>Les deux vainqueurs nationaux joueront face aux participants des<br \/>Alliances Fran\u00e7aises du monde entier !<br \/>Assurez-vous d\u2019\u00eatre disponible aux 3 \u00e9tapes de la comp\u00e9tition.<\/li>\n<\/ul>\n\n<p><strong>Comment participer ?<\/strong><\/p>\n\n<ul class=\"wp-block-list\">\n<li>Vous aurez besoin d\u2019un ordinateur connect\u00e9 \u00e0 Internet (Zoom) et d\u2019un t\u00e9l\u00e9phone pour r\u00e9pondre aux questions en temps r\u00e9el sur le site Internet Kahoot.<\/li>\n<\/ul>\n\n<p><strong>Pourquoi y participer ?<\/strong><\/p>\n\n<ul class=\"wp-block-list\">\n<li>\u00c9v\u00e9nement gratuit en ligne (seulement 30 minutes)<\/li>\n\n<li>Partager un moment convivial et enrichissant autour de la culture fran\u00e7aise \ud83d\ude0d<\/li>\n\n<li>Am\u00e9liorer sa culture g\u00e9n\u00e9rale<\/li>\n\n<li>S\u2019amuser tout simplement ! \ud83d\ude09<\/li>\n\n<li>Un lot \u00e0 la cl\u00e9 ! \ud83c\udfc6<\/li>\n<\/ul>\n\n<p><strong>Les prix ?<\/strong><\/p>\n\n<ul class=\"wp-block-list\">\n<li>\u00c0 gagner \u00e0 l\u2019\u00e9chelle locale et nationale : un dipl\u00f4me ainsi qu\u2019un lot culturel surprise \ud83d\udcda\ud83c\udf9f<\/li>\n\n<li>\u00c0 gagner si vous remportez les trois \u00e9preuves : un s\u00e9jour en France de 15 jours dans une Alliance Fran\u00e7aise, transports et h\u00e9bergement inclus en demi-pension \ud83d\ude0d\ud83e\udd50<\/li>\n<\/ul>\n\n<p>\ud83d\udce9 <strong>Inscrivez-vous (nom et pr\u00e9nom)<\/strong><\/p>\n\n<h3 class=\"wp-block-heading\">On compte sur vous et bonne chance\u00a0<\/h3>\n\t\t\t\t\t\t\t\t<\/div>\n\t\t\t\t<\/div>\n\t\t\t\t\t<\/div>\n\t\t<\/div>\n\t\t\t\t\t<\/div>\n\t\t<\/section>\n\t\t\t\t<\/div>\n\t\t","protected":false},"excerpt":{"rendered":"<p>Chers membres,Le D\u00e9fi Inter-Alliances est de retour ! \ud83e\udd73 Qu\u2019est-ce que c\u2019est ?Le d\u00e9fi Inter-Alliances est un quiz de culture fran\u00e7aise au coursduquel vont s\u2019affronter les membres des Alliances Fran\u00e7aises deSu\u00e8de, puis du monde. \ud83c\udf0d Pour qui ?La comp\u00e9tition est gratuite et ouverte aux membresnon-francophones des Alliances Fran\u00e7aises de Su\u00e8de, \u00e0 partir duniveau A2. Le but ?Les membres vont s\u2019affronter sur la culture fran\u00e7aise (art,gastronomie, histoire, musique, sport\u2026) et tenter de se qualifier pourla finale nationale et internationale (dur\u00e9e du quiz : 30 minutes)\ud83c\udfa8\ud83c\udfac\ud83c\udfc8 Quand ?Ce d\u00e9fi s\u2019effectue en 3 \u00e9tapes et se d\u00e9roule en langue fran\u00e7aise. Comment participer ? Pourquoi y participer ? Les prix ? \ud83d\udce9 Inscrivez-vous (nom et pr\u00e9nom) On compte sur vous et bonne chance\u00a0<\/p>\n","protected":false},"author":1,"featured_media":0,"parent":0,"menu_order":0,"comment_status":"closed","ping_status":"closed","template":"","meta":{"om_disable_all_campaigns":false,"_monsterinsights_skip_tracking":false,"_monsterinsights_sitenote_active":false,"_monsterinsights_sitenote_note":"","_monsterinsights_sitenote_category":0,"_uf_show_specific_survey":0,"_uf_disable_surveys":false,"footnotes":""},"class_list":["post-4721","page","type-page","status-publish","hentry"],"aioseo_notices":[],"rttpg_featured_image_url":null,"rttpg_author":{"display_name":"Super.admin","author_link":"https:\/\/alliancefr.se\/uppsala\/author\/admin2174\/"},"rttpg_comment":0,"rttpg_category":" <a href=\"https:\/\/alliancefr.se\/uppsala\/\" rel=\"tag\">Fran\u00e7ais<\/a>","rttpg_excerpt":"Chers membres,Le D\u00e9fi Inter-Alliances est de retour ! \ud83e\udd73 Qu\u2019est-ce que c\u2019est ?Le d\u00e9fi Inter-Alliances est un quiz de culture fran\u00e7aise au coursduquel vont s\u2019affronter les membres des Alliances Fran\u00e7aises deSu\u00e8de, puis du monde. \ud83c\udf0d Pour qui ?La comp\u00e9tition est gratuite et ouverte aux membresnon-francophones des Alliances Fran\u00e7aises de Su\u00e8de, \u00e0 partir duniveau A2. Le\u2026","_links":{"self":[{"href":"https:\/\/alliancefr.se\/uppsala\/wp-json\/wp\/v2\/pages\/4721","targetHints":{"allow":["GET"]}}],"collection":[{"href":"https:\/\/alliancefr.se\/uppsala\/wp-json\/wp\/v2\/pages"}],"about":[{"href":"https:\/\/alliancefr.se\/uppsala\/wp-json\/wp\/v2\/types\/page"}],"author":[{"embeddable":true,"href":"https:\/\/alliancefr.se\/uppsala\/wp-json\/wp\/v2\/users\/1"}],"replies":[{"embeddable":true,"href":"https:\/\/alliancefr.se\/uppsala\/wp-json\/wp\/v2\/comments?post=4721"}],"version-history":[{"count":3,"href":"https:\/\/alliancefr.se\/uppsala\/wp-json\/wp\/v2\/pages\/4721\/revisions"}],"predecessor-version":[{"id":5116,"href":"https:\/\/alliancefr.se\/uppsala\/wp-json\/wp\/v2\/pages\/4721\/revisions\/5116"}],"wp:attachment":[{"href":"https:\/\/alliancefr.se\/uppsala\/wp-json\/wp\/v2\/media?parent=4721"}],"curies":[{"name":"wp","href":"https:\/\/api.w.org\/{rel}","templated":true}]}}