{"id":4321,"date":"2023-08-21T14:39:41","date_gmt":"2023-08-21T12:39:41","guid":{"rendered":"https:\/\/alliancefr.se\/uppsala\/filmcirkel-2\/"},"modified":"2026-01-11T15:47:46","modified_gmt":"2026-01-11T14:47:46","slug":"cinemateket","status":"publish","type":"page","link":"https:\/\/alliancefr.se\/uppsala\/sv\/cinemateket\/","title":{"rendered":"Filmklubb"},"content":{"rendered":"\t\t<div data-elementor-type=\"wp-page\" data-elementor-id=\"4321\" class=\"elementor elementor-4321\">\n\t\t\t\t\t\t<section class=\"elementor-section elementor-top-section elementor-element elementor-element-463deb4b elementor-section-boxed elementor-section-height-default elementor-section-height-default\" data-id=\"463deb4b\" data-element_type=\"section\">\n\t\t\t\t\t\t<div class=\"elementor-container elementor-column-gap-default\">\n\t\t\t\t\t<div class=\"elementor-column elementor-col-100 elementor-top-column elementor-element elementor-element-73deba9c\" data-id=\"73deba9c\" data-element_type=\"column\">\n\t\t\t<div class=\"elementor-widget-wrap elementor-element-populated\">\n\t\t\t\t\t\t<div class=\"elementor-element elementor-element-1e68f2af elementor-widget elementor-widget-text-editor\" data-id=\"1e68f2af\" data-element_type=\"widget\" data-widget_type=\"text-editor.default\">\n\t\t\t\t<div class=\"elementor-widget-container\">\n\t\t\t\t\t\t\t\t\t<p>Skapandet av Cin\u00e9math\u00e8que de l&rsquo;Alliance Fran\u00e7aise d&rsquo;Uppsala (CAFU) 2022 \u00e4r ett blygsamt bidrag till bristen p\u00e5 franska filmer som distribueras i Sverige. Dess nya koncept, ett \u00e5rsprogram, kommer att g\u00f6ra det m\u00f6jligt f\u00f6r kr\u00e4sna biobes\u00f6kare att v\u00e4lja mellan fyra filmer: tv\u00e5 samtida filmer och tv\u00e5 stora klassiker. Vi hoppas att det breda utbudet av fiktion ska tillfredsst\u00e4lla nyfikenheten. Ni beh\u00f6ver inte v\u00e4lja, filmerna \u00e4r utm\u00e4rkta&#8230; ni m\u00e5ste se dem alla!<\/p><p><em>Cin\u00e9philement V\u00f4tre!<\/em><\/p><p>Visningarna \u00e4ger rum fyra g\u00e5nger om \u00e5ret p\u00e5 <a href=\"https:\/\/fyrisbiografen.se\/\" target=\"_blank\" rel=\"noopener\">Fyrisbiografen<\/a>.<\/p><h6><strong>V\u00e5ren 2026<\/strong><\/h6><h6><strong>Program som PDF &#8211; <a href=\"http:\/\/alliancefr.se\/uppsala\/wp-content\/uploads\/sites\/13\/2026\/01\/programme-2026.pdf\" target=\"_blank\" rel=\"noopener\">H\u00c4R<\/a><\/strong><\/h6><p>2026-02-26 kl.17.45 &#8211; Filmklubb p\u00e5 Fyrisbiografen, \u00ab\u00a0Le roi et l&rsquo;oiseau\u00a0\u00bb<\/p><p>2026-03-26 kl.19.30 &#8211; Filmklubb p\u00e5 Fyrisbiografen, \u00ab\u00a0Leurs enfants apr\u00e8s eux\u00a0\u00bb<\/p>\t\t\t\t\t\t\t\t<\/div>\n\t\t\t\t<\/div>\n\t\t\t\t\t<\/div>\n\t\t<\/div>\n\t\t\t\t\t<\/div>\n\t\t<\/section>\n\t\t\t\t<\/div>\n\t\t","protected":false},"excerpt":{"rendered":"<p>Skapandet av Cin\u00e9math\u00e8que de l&rsquo;Alliance Fran\u00e7aise d&rsquo;Uppsala (CAFU) 2022 \u00e4r ett blygsamt bidrag till bristen p\u00e5 franska filmer som distribueras i Sverige. Dess nya koncept, ett \u00e5rsprogram, kommer att g\u00f6ra det m\u00f6jligt f\u00f6r kr\u00e4sna biobes\u00f6kare att v\u00e4lja mellan fyra filmer: tv\u00e5 samtida filmer och tv\u00e5 stora klassiker. Vi hoppas att det breda utbudet av fiktion ska tillfredsst\u00e4lla nyfikenheten. Ni beh\u00f6ver inte v\u00e4lja, filmerna \u00e4r utm\u00e4rkta&#8230; ni m\u00e5ste se dem alla! Cin\u00e9philement V\u00f4tre! Visningarna \u00e4ger rum fyra g\u00e5nger om \u00e5ret p\u00e5 Fyrisbiografen. V\u00e5ren 2026 Program som PDF &#8211; H\u00c4R 2026-02-26 kl.17.45 &#8211; Filmklubb p\u00e5 Fyrisbiografen, \u00ab\u00a0Le roi et l&rsquo;oiseau\u00a0\u00bb 2026-03-26 kl.19.30 &#8211; Filmklubb p\u00e5 Fyrisbiografen, \u00ab\u00a0Leurs enfants apr\u00e8s eux\u00a0\u00bb<\/p>\n","protected":false},"author":1,"featured_media":0,"parent":0,"menu_order":0,"comment_status":"closed","ping_status":"closed","template":"","meta":{"om_disable_all_campaigns":false,"_monsterinsights_skip_tracking":false,"_monsterinsights_sitenote_active":false,"_monsterinsights_sitenote_note":"","_monsterinsights_sitenote_category":0,"_uf_show_specific_survey":0,"_uf_disable_surveys":false,"footnotes":""},"class_list":["post-4321","page","type-page","status-publish","hentry"],"aioseo_notices":[],"rttpg_featured_image_url":null,"rttpg_author":{"display_name":"Super.admin","author_link":"https:\/\/alliancefr.se\/uppsala\/author\/admin2174\/"},"rttpg_comment":0,"rttpg_category":" <a href=\"https:\/\/alliancefr.se\/uppsala\/sv\/\" rel=\"tag\">Svenska<\/a>","rttpg_excerpt":"Skapandet av Cin\u00e9math\u00e8que de l&rsquo;Alliance Fran\u00e7aise d&rsquo;Uppsala (CAFU) 2022 \u00e4r ett blygsamt bidrag till bristen p\u00e5 franska filmer som distribueras i Sverige. Dess nya koncept, ett \u00e5rsprogram, kommer att g\u00f6ra det m\u00f6jligt f\u00f6r kr\u00e4sna biobes\u00f6kare att v\u00e4lja mellan fyra filmer: tv\u00e5 samtida filmer och tv\u00e5 stora klassiker. Vi hoppas att det breda utbudet av fiktion\u2026","_links":{"self":[{"href":"https:\/\/alliancefr.se\/uppsala\/wp-json\/wp\/v2\/pages\/4321","targetHints":{"allow":["GET"]}}],"collection":[{"href":"https:\/\/alliancefr.se\/uppsala\/wp-json\/wp\/v2\/pages"}],"about":[{"href":"https:\/\/alliancefr.se\/uppsala\/wp-json\/wp\/v2\/types\/page"}],"author":[{"embeddable":true,"href":"https:\/\/alliancefr.se\/uppsala\/wp-json\/wp\/v2\/users\/1"}],"replies":[{"embeddable":true,"href":"https:\/\/alliancefr.se\/uppsala\/wp-json\/wp\/v2\/comments?post=4321"}],"version-history":[{"count":39,"href":"https:\/\/alliancefr.se\/uppsala\/wp-json\/wp\/v2\/pages\/4321\/revisions"}],"predecessor-version":[{"id":7942,"href":"https:\/\/alliancefr.se\/uppsala\/wp-json\/wp\/v2\/pages\/4321\/revisions\/7942"}],"wp:attachment":[{"href":"https:\/\/alliancefr.se\/uppsala\/wp-json\/wp\/v2\/media?parent=4321"}],"curies":[{"name":"wp","href":"https:\/\/api.w.org\/{rel}","templated":true}]}}