{"id":4315,"date":"2023-08-21T13:31:03","date_gmt":"2023-08-21T11:31:03","guid":{"rendered":"https:\/\/alliancefr.se\/uppsala\/les-petits-dejeuners-dautomne-2023\/"},"modified":"2026-02-01T20:51:45","modified_gmt":"2026-02-01T19:51:45","slug":"les-petits-dejeuners-dautomne-2023","status":"publish","type":"page","link":"https:\/\/alliancefr.se\/uppsala\/sv\/les-petits-dejeuners-dautomne-2023\/","title":{"rendered":"Frukosttr\u00e4ffar"},"content":{"rendered":"\t\t<div data-elementor-type=\"wp-page\" data-elementor-id=\"4315\" class=\"elementor elementor-4315\">\n\t\t\t\t\t\t<section class=\"elementor-section elementor-top-section elementor-element elementor-element-641bf6a1 elementor-section-boxed elementor-section-height-default elementor-section-height-default\" data-id=\"641bf6a1\" data-element_type=\"section\">\n\t\t\t\t\t\t<div class=\"elementor-container elementor-column-gap-default\">\n\t\t\t\t\t<div class=\"elementor-column elementor-col-100 elementor-top-column elementor-element elementor-element-2f3ab12d\" data-id=\"2f3ab12d\" data-element_type=\"column\">\n\t\t\t<div class=\"elementor-widget-wrap elementor-element-populated\">\n\t\t\t\t\t\t<div class=\"elementor-element elementor-element-1cef840e elementor-widget elementor-widget-text-editor\" data-id=\"1cef840e\" data-element_type=\"widget\" data-widget_type=\"text-editor.default\">\n\t\t\t\t<div class=\"elementor-widget-container\">\n\t\t\t\t\t\t\t\t\t<p>V\u00e5ra frukosttr\u00e4ffar \u201dPetits d\u00e9jeuners en fran\u00e7ais\u201d &#8211; med fransk konversation arrangeras den f\u00f6rsta l\u00f6rdagen varje m\u00e5nad p\u00e5 <em>Carl von Linn\u00e9s Kaf\u00e9 Kardemumma<\/em> i direkt anslutning till Stadsbiblioteket.<\/p><p>\u00a0<\/p>\t\t\t\t\t\t\t\t<\/div>\n\t\t\t\t<\/div>\n\t\t\t\t\t<\/div>\n\t\t<\/div>\n\t\t\t\t\t<\/div>\n\t\t<\/section>\n\t\t\t\t<\/div>\n\t\t","protected":false},"excerpt":{"rendered":"<p>V\u00e5ra frukosttr\u00e4ffar \u201dPetits d\u00e9jeuners en fran\u00e7ais\u201d &#8211; med fransk konversation arrangeras den f\u00f6rsta l\u00f6rdagen varje m\u00e5nad p\u00e5 Carl von Linn\u00e9s Kaf\u00e9 Kardemumma i direkt anslutning till Stadsbiblioteket. \u00a0<\/p>\n","protected":false},"author":1,"featured_media":0,"parent":0,"menu_order":0,"comment_status":"closed","ping_status":"closed","template":"","meta":{"om_disable_all_campaigns":false,"_monsterinsights_skip_tracking":false,"_monsterinsights_sitenote_active":false,"_monsterinsights_sitenote_note":"","_monsterinsights_sitenote_category":0,"_uf_show_specific_survey":0,"_uf_disable_surveys":false,"footnotes":""},"class_list":["post-4315","page","type-page","status-publish","hentry"],"aioseo_notices":[],"rttpg_featured_image_url":null,"rttpg_author":{"display_name":"Super.admin","author_link":"https:\/\/alliancefr.se\/uppsala\/author\/admin2174\/"},"rttpg_comment":0,"rttpg_category":" <a href=\"https:\/\/alliancefr.se\/uppsala\/sv\/\" rel=\"tag\">Svenska<\/a>","rttpg_excerpt":"V\u00e5ra frukosttr\u00e4ffar \u201dPetits d\u00e9jeuners en fran\u00e7ais\u201d &#8211; med fransk konversation arrangeras den f\u00f6rsta l\u00f6rdagen varje m\u00e5nad p\u00e5 Carl von Linn\u00e9s Kaf\u00e9 Kardemumma i direkt anslutning till Stadsbiblioteket. \u00a0","_links":{"self":[{"href":"https:\/\/alliancefr.se\/uppsala\/wp-json\/wp\/v2\/pages\/4315","targetHints":{"allow":["GET"]}}],"collection":[{"href":"https:\/\/alliancefr.se\/uppsala\/wp-json\/wp\/v2\/pages"}],"about":[{"href":"https:\/\/alliancefr.se\/uppsala\/wp-json\/wp\/v2\/types\/page"}],"author":[{"embeddable":true,"href":"https:\/\/alliancefr.se\/uppsala\/wp-json\/wp\/v2\/users\/1"}],"replies":[{"embeddable":true,"href":"https:\/\/alliancefr.se\/uppsala\/wp-json\/wp\/v2\/comments?post=4315"}],"version-history":[{"count":17,"href":"https:\/\/alliancefr.se\/uppsala\/wp-json\/wp\/v2\/pages\/4315\/revisions"}],"predecessor-version":[{"id":7980,"href":"https:\/\/alliancefr.se\/uppsala\/wp-json\/wp\/v2\/pages\/4315\/revisions\/7980"}],"wp:attachment":[{"href":"https:\/\/alliancefr.se\/uppsala\/wp-json\/wp\/v2\/media?parent=4315"}],"curies":[{"name":"wp","href":"https:\/\/api.w.org\/{rel}","templated":true}]}}