{"id":4102,"date":"2023-04-16T11:24:35","date_gmt":"2023-04-16T09:24:35","guid":{"rendered":"https:\/\/alliancefr.se\/uppsala\/arsmoten\/"},"modified":"2025-04-06T15:07:37","modified_gmt":"2025-04-06T13:07:37","slug":"arsmoten","status":"publish","type":"page","link":"https:\/\/alliancefr.se\/uppsala\/sv\/arsmoten\/","title":{"rendered":"\u00c5rsm\u00f6ten"},"content":{"rendered":"\t\t<div data-elementor-type=\"wp-page\" data-elementor-id=\"4102\" class=\"elementor elementor-4102\">\n\t\t\t\t\t\t<section class=\"elementor-section elementor-top-section elementor-element elementor-element-1a5f724d elementor-section-boxed elementor-section-height-default elementor-section-height-default\" data-id=\"1a5f724d\" data-element_type=\"section\">\n\t\t\t\t\t\t<div class=\"elementor-container elementor-column-gap-default\">\n\t\t\t\t\t<div class=\"elementor-column elementor-col-100 elementor-top-column elementor-element elementor-element-241af218\" data-id=\"241af218\" data-element_type=\"column\">\n\t\t\t<div class=\"elementor-widget-wrap elementor-element-populated\">\n\t\t\t\t\t\t<div class=\"elementor-element elementor-element-296eb69a elementor-widget elementor-widget-text-editor\" data-id=\"296eb69a\" data-element_type=\"widget\" data-widget_type=\"text-editor.default\">\n\t\t\t\t<div class=\"elementor-widget-container\">\n\t\t\t\t\t\t\t\t\t\n<p>Medlemmar kan v\u00e4nda sig till styrelsen f\u00f6r protokoll och \u00f6vriga handlingar g\u00e4llande \u00e5rsm\u00f6tet, som brukar \u00e4ga rum i mars.<\/p>\n\n<p>Alla medlemmar kallas dock alltid till \u00e5rsm\u00f6tet och informeras via mail, tre veckor innan.<\/p>\n\t\t\t\t\t\t\t\t<\/div>\n\t\t\t\t<\/div>\n\t\t\t\t\t<\/div>\n\t\t<\/div>\n\t\t\t\t\t<\/div>\n\t\t<\/section>\n\t\t\t\t<\/div>\n\t\t","protected":false},"excerpt":{"rendered":"<p>Medlemmar kan v\u00e4nda sig till styrelsen f\u00f6r protokoll och \u00f6vriga handlingar g\u00e4llande \u00e5rsm\u00f6tet, som brukar \u00e4ga rum i mars. Alla medlemmar kallas dock alltid till \u00e5rsm\u00f6tet och informeras via mail, tre veckor innan.<\/p>\n","protected":false},"author":1,"featured_media":0,"parent":0,"menu_order":0,"comment_status":"closed","ping_status":"closed","template":"","meta":{"om_disable_all_campaigns":false,"_monsterinsights_skip_tracking":false,"_monsterinsights_sitenote_active":false,"_monsterinsights_sitenote_note":"","_monsterinsights_sitenote_category":0,"_uf_show_specific_survey":0,"_uf_disable_surveys":false,"footnotes":""},"class_list":["post-4102","page","type-page","status-publish","hentry"],"aioseo_notices":[],"rttpg_featured_image_url":null,"rttpg_author":{"display_name":"Super.admin","author_link":"https:\/\/alliancefr.se\/uppsala\/author\/admin2174\/"},"rttpg_comment":0,"rttpg_category":" <a href=\"https:\/\/alliancefr.se\/uppsala\/sv\/\" rel=\"tag\">Svenska<\/a>","rttpg_excerpt":"Medlemmar kan v\u00e4nda sig till styrelsen f\u00f6r protokoll och \u00f6vriga handlingar g\u00e4llande \u00e5rsm\u00f6tet, som brukar \u00e4ga rum i mars. Alla medlemmar kallas dock alltid till \u00e5rsm\u00f6tet och informeras via mail, tre veckor innan.","_links":{"self":[{"href":"https:\/\/alliancefr.se\/uppsala\/wp-json\/wp\/v2\/pages\/4102","targetHints":{"allow":["GET"]}}],"collection":[{"href":"https:\/\/alliancefr.se\/uppsala\/wp-json\/wp\/v2\/pages"}],"about":[{"href":"https:\/\/alliancefr.se\/uppsala\/wp-json\/wp\/v2\/types\/page"}],"author":[{"embeddable":true,"href":"https:\/\/alliancefr.se\/uppsala\/wp-json\/wp\/v2\/users\/1"}],"replies":[{"embeddable":true,"href":"https:\/\/alliancefr.se\/uppsala\/wp-json\/wp\/v2\/comments?post=4102"}],"version-history":[{"count":10,"href":"https:\/\/alliancefr.se\/uppsala\/wp-json\/wp\/v2\/pages\/4102\/revisions"}],"predecessor-version":[{"id":7448,"href":"https:\/\/alliancefr.se\/uppsala\/wp-json\/wp\/v2\/pages\/4102\/revisions\/7448"}],"wp:attachment":[{"href":"https:\/\/alliancefr.se\/uppsala\/wp-json\/wp\/v2\/media?parent=4102"}],"curies":[{"name":"wp","href":"https:\/\/api.w.org\/{rel}","templated":true}]}}