{"id":3954,"date":"2023-03-21T14:30:00","date_gmt":"2023-03-21T13:30:00","guid":{"rendered":"https:\/\/alliancefr.se\/uppsala\/styrelsen-2023\/"},"modified":"2026-04-05T09:50:40","modified_gmt":"2026-04-05T07:50:40","slug":"styrelsen-2026","status":"publish","type":"page","link":"https:\/\/alliancefr.se\/uppsala\/sv\/styrelsen-2026\/","title":{"rendered":"Styrelsen 2026"},"content":{"rendered":"\t\t<div data-elementor-type=\"wp-page\" data-elementor-id=\"3954\" class=\"elementor elementor-3954\">\n\t\t\t\t\t\t<section class=\"elementor-section elementor-top-section elementor-element elementor-element-59134e8 elementor-section-boxed elementor-section-height-default elementor-section-height-default\" data-id=\"59134e8\" data-element_type=\"section\">\n\t\t\t\t\t\t<div class=\"elementor-container elementor-column-gap-default\">\n\t\t\t\t\t<div class=\"elementor-column elementor-col-50 elementor-top-column elementor-element elementor-element-33f5bce\" data-id=\"33f5bce\" data-element_type=\"column\">\n\t\t\t<div class=\"elementor-widget-wrap elementor-element-populated\">\n\t\t\t\t\t\t<div class=\"elementor-element elementor-element-1e84d6a elementor-widget elementor-widget-image\" data-id=\"1e84d6a\" data-element_type=\"widget\" data-widget_type=\"image.default\">\n\t\t\t\t<div class=\"elementor-widget-container\">\n\t\t\t\t\t\t\t\t\t\t\t\t<figure class=\"wp-caption\">\n\t\t\t\t\t\t\t\t\t\t\t<a href=\"https:\/\/alliancefr.se\/uppsala\/sv\/sten-bernhardsson-2\/\">\n\t\t\t\t\t\t\t<img fetchpriority=\"high\" decoding=\"async\" width=\"385\" height=\"512\" src=\"https:\/\/alliancefr.se\/uppsala\/wp-content\/uploads\/sites\/13\/2023\/12\/sten-i-tradgarden-besk.webp\" class=\"attachment-large size-large wp-image-5131\" alt=\"\" \/>\t\t\t\t\t\t\t\t<\/a>\n\t\t\t\t\t\t\t\t\t\t\t<figcaption class=\"widget-image-caption wp-caption-text\">Sten Bernhardsson<\/figcaption>\n\t\t\t\t\t\t\t\t\t\t<\/figure>\n\t\t\t\t\t\t\t\t\t<\/div>\n\t\t\t\t<\/div>\n\t\t\t\t\t<\/div>\n\t\t<\/div>\n\t\t\t\t<div class=\"elementor-column elementor-col-50 elementor-top-column elementor-element elementor-element-bc68ea8\" data-id=\"bc68ea8\" data-element_type=\"column\">\n\t\t\t<div class=\"elementor-widget-wrap elementor-element-populated\">\n\t\t\t\t\t\t<div class=\"elementor-element elementor-element-f5dce81 elementor-widget elementor-widget-image\" data-id=\"f5dce81\" data-element_type=\"widget\" data-widget_type=\"image.default\">\n\t\t\t\t<div class=\"elementor-widget-container\">\n\t\t\t\t\t\t\t\t\t\t\t\t<figure class=\"wp-caption\">\n\t\t\t\t\t\t\t\t\t\t\t<a href=\"https:\/\/alliancefr.se\/uppsala\/sv\/veronique-simon-2\/\">\n\t\t\t\t\t\t\t<img decoding=\"async\" width=\"384\" height=\"512\" src=\"https:\/\/alliancefr.se\/uppsala\/wp-content\/uploads\/sites\/13\/2023\/12\/veronique-simon-img_0527-kopia.webp\" class=\"attachment-large size-large wp-image-5133\" alt=\"\" \/>\t\t\t\t\t\t\t\t<\/a>\n\t\t\t\t\t\t\t\t\t\t\t<figcaption class=\"widget-image-caption wp-caption-text\">V\u00e9ronique Simon<\/figcaption>\n\t\t\t\t\t\t\t\t\t\t<\/figure>\n\t\t\t\t\t\t\t\t\t<\/div>\n\t\t\t\t<\/div>\n\t\t\t\t\t<\/div>\n\t\t<\/div>\n\t\t\t\t\t<\/div>\n\t\t<\/section>\n\t\t\t\t<section class=\"elementor-section elementor-top-section elementor-element elementor-element-38c6f0fa elementor-section-boxed elementor-section-height-default elementor-section-height-default\" data-id=\"38c6f0fa\" data-element_type=\"section\">\n\t\t\t\t\t\t<div class=\"elementor-container elementor-column-gap-default\">\n\t\t\t\t\t<div class=\"elementor-column elementor-col-100 elementor-top-column elementor-element elementor-element-1e696cb2\" data-id=\"1e696cb2\" data-element_type=\"column\">\n\t\t\t<div class=\"elementor-widget-wrap elementor-element-populated\">\n\t\t\t\t\t\t<div class=\"elementor-element elementor-element-34bddcb3 elementor-widget elementor-widget-text-editor\" data-id=\"34bddcb3\" data-element_type=\"widget\" data-widget_type=\"text-editor.default\">\n\t\t\t\t<div class=\"elementor-widget-container\">\n\t\t\t\t\t\t\t\t\t<p>Vid \u00e5rsm\u00f6te f\u00f6r Alliance Fran\u00e7aise d\u2019Upsal i mars 2026 omvaldes <a href=\"https:\/\/alliancefr.se\/uppsala\/sv\/sten-bernhardsson-2\/\">Sten Bernhardsson<\/a>\u00a0till ordf\u00f6rande och\u00a0<a href=\"https:\/\/alliancefr.se\/uppsala\/sv\/veronique-simon-2\/\">V\u00e9ronique Simon<\/a> till vice ordf\u00f6rande. Mats Ekstr\u00f6m valdes till skattm\u00e4stare.<\/p><p>Styrelsen har 8 ledam\u00f6ter:<\/p><p>ORDF\u00d6RANDE OCH SAMMANKALLANDE:<br \/><a href=\"https:\/\/alliancefr.se\/uppsala\/sv\/sten-bernhardsson-2\/\">Sten Bernhardsson<\/a>, Uppsala<\/p><p>VICE ORDF\u00d6RANDE:<br \/><a href=\"https:\/\/alliancefr.se\/uppsala\/sv\/veronique-simon-2\/\">V\u00e9ronique Simon<\/a>, Uppsala<\/p><p>SKATTM\u00c4STARE:<br \/>Mats Ekstr\u00f6m, Uppsala<\/p><p>SEKRETERARE:<br \/>Helene Lagerquist, Uppsala<\/p><p>ORDINARIE LEDAM\u00d6TER<br \/>Marita Johnson, Estelle Lerceteau K\u00f6hler, Charlotte Lindgren och Kina Nordlund.<\/p><p>F\u00f6r en presentation av styrelseledam\u00f6terna, klicka <a href=\"http:\/\/alliancefr.se\/uppsala\/wp-content\/uploads\/sites\/13\/2026\/04\/CV-STYRELSEN-Svenska.pdf\" target=\"_blank\" rel=\"noopener\">h\u00e4r<\/a><\/p>\t\t\t\t\t\t\t\t<\/div>\n\t\t\t\t<\/div>\n\t\t\t\t\t<\/div>\n\t\t<\/div>\n\t\t\t\t\t<\/div>\n\t\t<\/section>\n\t\t\t\t<\/div>\n\t\t","protected":false},"excerpt":{"rendered":"<p>Sten Bernhardsson V\u00e9ronique Simon Vid \u00e5rsm\u00f6te f\u00f6r Alliance Fran\u00e7aise d\u2019Upsal i mars 2026 omvaldes Sten Bernhardsson\u00a0till ordf\u00f6rande och\u00a0V\u00e9ronique Simon till vice ordf\u00f6rande. Mats Ekstr\u00f6m valdes till skattm\u00e4stare. Styrelsen har 8 ledam\u00f6ter: ORDF\u00d6RANDE OCH SAMMANKALLANDE:Sten Bernhardsson, Uppsala VICE ORDF\u00d6RANDE:V\u00e9ronique Simon, Uppsala SKATTM\u00c4STARE:Mats Ekstr\u00f6m, Uppsala SEKRETERARE:Helene Lagerquist, Uppsala ORDINARIE LEDAM\u00d6TERMarita Johnson, Estelle Lerceteau K\u00f6hler, Charlotte Lindgren och Kina Nordlund. F\u00f6r en presentation av styrelseledam\u00f6terna, klicka h\u00e4r<\/p>\n","protected":false},"author":1,"featured_media":0,"parent":0,"menu_order":0,"comment_status":"closed","ping_status":"closed","template":"","meta":{"om_disable_all_campaigns":false,"_monsterinsights_skip_tracking":false,"_monsterinsights_sitenote_active":false,"_monsterinsights_sitenote_note":"","_monsterinsights_sitenote_category":0,"_uf_show_specific_survey":0,"_uf_disable_surveys":false,"footnotes":""},"class_list":["post-3954","page","type-page","status-publish","hentry"],"aioseo_notices":[],"rttpg_featured_image_url":null,"rttpg_author":{"display_name":"Super.admin","author_link":"https:\/\/alliancefr.se\/uppsala\/author\/admin2174\/"},"rttpg_comment":0,"rttpg_category":" <a href=\"https:\/\/alliancefr.se\/uppsala\/sv\/\" rel=\"tag\">Svenska<\/a>","rttpg_excerpt":"Sten Bernhardsson V\u00e9ronique Simon Vid \u00e5rsm\u00f6te f\u00f6r Alliance Fran\u00e7aise d\u2019Upsal i mars 2026 omvaldes Sten Bernhardsson\u00a0till ordf\u00f6rande och\u00a0V\u00e9ronique Simon till vice ordf\u00f6rande. Mats Ekstr\u00f6m valdes till skattm\u00e4stare. Styrelsen har 8 ledam\u00f6ter: ORDF\u00d6RANDE OCH SAMMANKALLANDE:Sten Bernhardsson, Uppsala VICE ORDF\u00d6RANDE:V\u00e9ronique Simon, Uppsala SKATTM\u00c4STARE:Mats Ekstr\u00f6m, Uppsala SEKRETERARE:Helene Lagerquist, Uppsala ORDINARIE LEDAM\u00d6TERMarita Johnson, Estelle Lerceteau K\u00f6hler, Charlotte Lindgren och\u2026","_links":{"self":[{"href":"https:\/\/alliancefr.se\/uppsala\/wp-json\/wp\/v2\/pages\/3954","targetHints":{"allow":["GET"]}}],"collection":[{"href":"https:\/\/alliancefr.se\/uppsala\/wp-json\/wp\/v2\/pages"}],"about":[{"href":"https:\/\/alliancefr.se\/uppsala\/wp-json\/wp\/v2\/types\/page"}],"author":[{"embeddable":true,"href":"https:\/\/alliancefr.se\/uppsala\/wp-json\/wp\/v2\/users\/1"}],"replies":[{"embeddable":true,"href":"https:\/\/alliancefr.se\/uppsala\/wp-json\/wp\/v2\/comments?post=3954"}],"version-history":[{"count":49,"href":"https:\/\/alliancefr.se\/uppsala\/wp-json\/wp\/v2\/pages\/3954\/revisions"}],"predecessor-version":[{"id":8243,"href":"https:\/\/alliancefr.se\/uppsala\/wp-json\/wp\/v2\/pages\/3954\/revisions\/8243"}],"wp:attachment":[{"href":"https:\/\/alliancefr.se\/uppsala\/wp-json\/wp\/v2\/media?parent=3954"}],"curies":[{"name":"wp","href":"https:\/\/api.w.org\/{rel}","templated":true}]}}