{"id":2675,"date":"2016-09-22T10:49:38","date_gmt":"2016-09-22T09:49:38","guid":{"rendered":"https:\/\/alliancefr.se\/uppsala\/about\/"},"modified":"2025-06-28T11:53:00","modified_gmt":"2025-06-28T09:53:00","slug":"foreningen","status":"publish","type":"page","link":"https:\/\/alliancefr.se\/uppsala\/sv\/foreningen\/","title":{"rendered":"F\u00f6reningen"},"content":{"rendered":"\t\t<div data-elementor-type=\"wp-page\" data-elementor-id=\"2675\" class=\"elementor elementor-2675\">\n\t\t\t\t\t\t<section class=\"elementor-section elementor-top-section elementor-element elementor-element-3069fd1 elementor-section-boxed elementor-section-height-default elementor-section-height-default\" data-id=\"3069fd1\" data-element_type=\"section\">\n\t\t\t\t\t\t<div class=\"elementor-container elementor-column-gap-default\">\n\t\t\t\t\t<div class=\"elementor-column elementor-col-100 elementor-top-column elementor-element elementor-element-f3f3652\" data-id=\"f3f3652\" data-element_type=\"column\">\n\t\t\t<div class=\"elementor-widget-wrap elementor-element-populated\">\n\t\t\t\t\t\t<div class=\"elementor-element elementor-element-eb0aa3a elementor-widget elementor-widget-text-editor\" data-id=\"eb0aa3a\" data-element_type=\"widget\" data-widget_type=\"text-editor.default\">\n\t\t\t\t<div class=\"elementor-widget-container\">\n\t\t\t\t\t\t\t\t\t<p><strong><em>Alliance fran\u00e7aise d\u2019Upsal<\/em><\/strong>, som grundarna ville att f\u00f6reningen skulle heta, \u00e4r inte bara en av stadens \u00e4ldsta existerande f\u00f6reningar utan ocks\u00e5 en av de mer livakiga. Den har f\u00f6r n\u00e4rvarande \u00f6ver 250 medlemmar och v\u00e4xer varje \u00e5r.<\/p><p>Man beh\u00f6ver inte vara perfekt i franska f\u00f6r att delta! Ungef\u00e4r h\u00e4lften av aktiviteterna \u00e4r helt p\u00e5 svenska. Alla intresserade \u00e4r v\u00e4lkomna som medlem eller tillf\u00e4llig bes\u00f6kare.<\/p>\t\t\t\t\t\t\t\t<\/div>\n\t\t\t\t<\/div>\n\t\t\t\t\t<\/div>\n\t\t<\/div>\n\t\t\t\t\t<\/div>\n\t\t<\/section>\n\t\t\t\t<section class=\"elementor-section elementor-top-section elementor-element elementor-element-7934a297 elementor-section-boxed elementor-section-height-default elementor-section-height-default\" data-id=\"7934a297\" data-element_type=\"section\">\n\t\t\t\t\t\t<div class=\"elementor-container elementor-column-gap-default\">\n\t\t\t\t\t<div class=\"elementor-column elementor-col-100 elementor-top-column elementor-element elementor-element-520f2915\" data-id=\"520f2915\" data-element_type=\"column\">\n\t\t\t<div class=\"elementor-widget-wrap elementor-element-populated\">\n\t\t\t\t\t\t<div class=\"elementor-element elementor-element-e831c83 elementor-widget elementor-widget-text-editor\" data-id=\"e831c83\" data-element_type=\"widget\" data-widget_type=\"text-editor.default\">\n\t\t\t\t<div class=\"elementor-widget-container\">\n\t\t\t\t\t\t\t\t\t<h3>V\u00e5ra aktiviteter<\/h3><h4 class=\"pageName\" style=\"text-align: left\">Programverksamhet<\/h4><p class=\"pageName\" style=\"text-align: left\">Efter programpunkterna serveras buff\u00e9 eller enklare f\u00f6rt\u00e4ring p\u00e5 sj\u00e4lvkostnadspris. Detta annonseras under varje programpunkt och f\u00f6ranm\u00e4lan \u00e4r n\u00f6dv\u00e4ndig.<\/p><p>De som inte \u00e4r medlemmar \u00e4r v\u00e4lkomna att delta mot en avgift per person och g\u00e5ng.<\/p><h4>Frukosttr\u00e4ffar<\/h4><p class=\"pageName\" style=\"text-align: left\">Dessa tr\u00e4ffar p\u00e5 Carl von Linn\u00e9s Caf\u00e9 Kardemumma \u00e4ger rum n\u00e5gra l\u00f6rdagsf\u00f6rmiddagar per termin.<\/p><h4 class=\"pageName\" style=\"text-align: left\">Bokcirkel<\/h4><p class=\"pageName\" style=\"text-align: left\">Varje \u00e5r ing\u00e5r fem b\u00f6cker. Valet bygger p\u00e5 en omfattande l\u00e4sning och v\u00e4ljs s\u00e5 att de \u00e4r aktuella och relativt nyutkomna, att de \u00e4r skrivna i m\u00f6jligaste m\u00e5n av lika m\u00e5nga m\u00e4n som kvinnor med olika bakgrund, att de \u00e4r runt 300 sidor och skrivna p\u00e5 en tillg\u00e4nglig franska. De ska ocks\u00e5 ha blivit v\u00e4l mottagna av litteraturkritiker s\u00e5v\u00e4l som av publiken.<\/p><h4 class=\"pageName\" style=\"text-align: left\">Temadag<\/h4><p class=\"pageName\" style=\"text-align: left\">F\u00f6reningen anordnar varje \u00e5r en temadag.<\/p><h4 class=\"pageName\" style=\"text-align: left\">Andra aktiviteter<\/h4><p class=\"pageName\" style=\"text-align: left\">Vi anordnar \u00e4ven d\u00e5 och d\u00e5 andra aktiviteter, s\u00e5som en filmklubb (la <a href=\"https:\/\/alliancefr.se\/uppsala\/sv\/cinemateket\/\">cin\u00e9math\u00e8que<\/a>\u00a0), bussutflykter, ostkv\u00e4llar eller konsertresor.<\/p>\t\t\t\t\t\t\t\t<\/div>\n\t\t\t\t<\/div>\n\t\t\t\t\t<\/div>\n\t\t<\/div>\n\t\t\t\t\t<\/div>\n\t\t<\/section>\n\t\t\t\t<section class=\"elementor-section elementor-top-section elementor-element elementor-element-3105a70 elementor-section-boxed elementor-section-height-default elementor-section-height-default\" data-id=\"3105a70\" data-element_type=\"section\">\n\t\t\t\t\t\t<div class=\"elementor-container elementor-column-gap-default\">\n\t\t\t\t\t<div class=\"elementor-column elementor-col-100 elementor-top-column elementor-element elementor-element-d3e7fd1\" data-id=\"d3e7fd1\" data-element_type=\"column\">\n\t\t\t<div class=\"elementor-widget-wrap elementor-element-populated\">\n\t\t\t\t\t\t<div class=\"elementor-element elementor-element-c6017db elementor-widget elementor-widget-text-editor\" data-id=\"c6017db\" data-element_type=\"widget\" data-widget_type=\"text-editor.default\">\n\t\t\t\t<div class=\"elementor-widget-container\">\n\t\t\t\t\t\t\t\t\t<h4>V\u00e5r styrelse<\/h4><p>Klicka <a href=\"https:\/\/alliancefr.se\/uppsala\/sv\/styrelsen-2023\/\" target=\"_blank\" rel=\"noopener\">h\u00e4r<\/a> f\u00f6r att uppt\u00e4cka v\u00e5r styrelse!<\/p>\t\t\t\t\t\t\t\t<\/div>\n\t\t\t\t<\/div>\n\t\t\t\t\t<\/div>\n\t\t<\/div>\n\t\t\t\t\t<\/div>\n\t\t<\/section>\n\t\t\t\t<section class=\"elementor-section elementor-top-section elementor-element elementor-element-6e9c0a8 elementor-section-boxed elementor-section-height-default elementor-section-height-default\" data-id=\"6e9c0a8\" data-element_type=\"section\">\n\t\t\t\t\t\t<div class=\"elementor-container elementor-column-gap-default\">\n\t\t\t\t\t<div class=\"elementor-column elementor-col-100 elementor-top-column elementor-element elementor-element-e728f4d\" data-id=\"e728f4d\" data-element_type=\"column\">\n\t\t\t<div class=\"elementor-widget-wrap elementor-element-populated\">\n\t\t\t\t\t\t<div class=\"elementor-element elementor-element-72d3bd8 elementor-widget elementor-widget-text-editor\" data-id=\"72d3bd8\" data-element_type=\"widget\" data-widget_type=\"text-editor.default\">\n\t\t\t\t<div class=\"elementor-widget-container\">\n\t\t\t\t\t\t\t\t\t<h4>Stadgar och om personuppgifter<\/h4><p>Alliancens stadgar (fr\u00e5n 2018) hittar man <span style=\"color: #000000\"><a href=\"https:\/\/alliancefr.se\/uppsala\/wp-content\/uploads\/sites\/13\/2025\/03\/Stadgar-AfU-2018-antagna-av-arsmote-180906.pdf\" target=\"_blank\" rel=\"noopener\">h\u00e4r<\/a>.\u00a0<\/span><\/p><p>V\u00e5r <em>personuppgiftspolicy<\/em>\u00a0hittar man h\u00e4r:\u00a0 <a href=\"http:\/\/alliancefr.se\/uppsala\/wp-content\/uploads\/sites\/13\/2025\/03\/AfU-Personuppgiftspolicy.pdf\" target=\"_blank\" rel=\"noopener\">AfU Personuppgiftspolicy<\/a><\/p>\t\t\t\t\t\t\t\t<\/div>\n\t\t\t\t<\/div>\n\t\t\t\t\t<\/div>\n\t\t<\/div>\n\t\t\t\t\t<\/div>\n\t\t<\/section>\n\t\t\t\t<\/div>\n\t\t","protected":false},"excerpt":{"rendered":"<p>This is just a short excerpt for the about&nbsp;page.<\/p>\n","protected":false},"author":1,"featured_media":0,"parent":0,"menu_order":1,"comment_status":"closed","ping_status":"closed","template":"","meta":{"om_disable_all_campaigns":false,"_monsterinsights_skip_tracking":false,"_monsterinsights_sitenote_active":false,"_monsterinsights_sitenote_note":"","_monsterinsights_sitenote_category":0,"_uf_show_specific_survey":0,"_uf_disable_surveys":false,"footnotes":""},"class_list":["post-2675","page","type-page","status-publish","hentry"],"aioseo_notices":[],"rttpg_featured_image_url":null,"rttpg_author":{"display_name":"Super.admin","author_link":"https:\/\/alliancefr.se\/uppsala\/author\/admin2174\/"},"rttpg_comment":0,"rttpg_category":" <a href=\"https:\/\/alliancefr.se\/uppsala\/sv\/\" rel=\"tag\">Svenska<\/a>","rttpg_excerpt":"This is just a short excerpt for the about&nbsp;page.","_links":{"self":[{"href":"https:\/\/alliancefr.se\/uppsala\/wp-json\/wp\/v2\/pages\/2675","targetHints":{"allow":["GET"]}}],"collection":[{"href":"https:\/\/alliancefr.se\/uppsala\/wp-json\/wp\/v2\/pages"}],"about":[{"href":"https:\/\/alliancefr.se\/uppsala\/wp-json\/wp\/v2\/types\/page"}],"author":[{"embeddable":true,"href":"https:\/\/alliancefr.se\/uppsala\/wp-json\/wp\/v2\/users\/1"}],"replies":[{"embeddable":true,"href":"https:\/\/alliancefr.se\/uppsala\/wp-json\/wp\/v2\/comments?post=2675"}],"version-history":[{"count":68,"href":"https:\/\/alliancefr.se\/uppsala\/wp-json\/wp\/v2\/pages\/2675\/revisions"}],"predecessor-version":[{"id":7530,"href":"https:\/\/alliancefr.se\/uppsala\/wp-json\/wp\/v2\/pages\/2675\/revisions\/7530"}],"wp:attachment":[{"href":"https:\/\/alliancefr.se\/uppsala\/wp-json\/wp\/v2\/media?parent=2675"}],"curies":[{"name":"wp","href":"https:\/\/api.w.org\/{rel}","templated":true}]}}