{"id":13773,"date":"2024-09-16T16:24:38","date_gmt":"2024-09-16T14:24:38","guid":{"rendered":"https:\/\/alliancefr.se\/umea\/?page_id=13773"},"modified":"2024-10-09T12:55:49","modified_gmt":"2024-10-09T10:55:49","slug":"natverket","status":"publish","type":"page","link":"https:\/\/alliancefr.se\/umea\/sv\/natverket\/","title":{"rendered":"N\u00e4tverket"},"content":{"rendered":"\t\t<div data-elementor-type=\"wp-page\" data-elementor-id=\"13773\" class=\"elementor elementor-13773\">\n\t\t\t\t<div class=\"elementor-element elementor-element-5998eff e-flex e-con-boxed e-con e-parent\" data-id=\"5998eff\" data-element_type=\"container\">\n\t\t\t\t\t<div class=\"e-con-inner\">\n\t\t\t\t<div class=\"elementor-element elementor-element-fcdbccc elementor-widget elementor-widget-text-editor\" data-id=\"fcdbccc\" data-element_type=\"widget\" data-widget_type=\"text-editor.default\">\n\t\t\t\t<div class=\"elementor-widget-container\">\n\t\t\t\t\t\t\t\t\t<div class=\"flex max-w-full flex-col flex-grow\"><div class=\"min-h-8 text-message flex w-full flex-col items-end gap-2 whitespace-normal break-words [.text-message+&amp;]:mt-5\" dir=\"auto\" data-message-author-role=\"assistant\" data-message-id=\"fd44c5be-a872-4c1c-9525-9a12a37ad62e\"><div class=\"flex w-full flex-col gap-1 empty:hidden first:pt-[3px]\"><p>\u00a0<\/p><p class=\"markdown prose w-full break-words dark:prose-invert light\"><strong>Alliance Fran\u00e7aise i v\u00e4rlden :<\/strong><\/p><\/div><div class=\"markdown prose w-full break-words dark:prose-invert light\"><p>Alliance Fran\u00e7aise, som grundades 1883 i Paris, \u00e4r ett globalt n\u00e4tverk av lokala Alliance Fran\u00e7aise-f\u00f6reningar som har som m\u00e5l att fr\u00e4mja det franska spr\u00e5ket och sprida k\u00e4nnedom om de frankofona kulturerna i hela deras m\u00e5ngfald. N\u00e4tverket omfattar mer \u00e4n 800 Alliance Fran\u00e7aise-f\u00f6reningar i 136 l\u00e4nder, vilka sedan 2007 \u00e4r samlade under Fondation des Alliances Fran\u00e7aises i Paris. Varje f\u00f6rening \u00e4r ideell, reglerad enligt lokal lagstiftning, och \u00e4r sj\u00e4lvst\u00e4ndig med eget finansieringsansvar.<\/p><\/div><\/div><\/div><div class=\"mb-2 flex gap-3 empty:hidden -ml-2\"><div class=\"items-center justify-start rounded-xl p-1 flex\"><div class=\"flex items-center\"><h6>\u00a0<\/h6><h5>\u00a0<\/h5><p><strong>Alliance Fran\u00e7aise i Sverige :<\/strong><\/p><p>I Sverige grundades den f\u00f6rsta Alliance Fran\u00e7aise i Stockholm \u00e5r 1889, och f\u00f6ljdes snabbt av de i Uppsala och G\u00f6teborg. Alliance Fran\u00e7aise i Ume\u00e5 grundades 2024. Idag best\u00e5r n\u00e4tverket av 17 svenska Alliance Fran\u00e7aise-f\u00f6reningar, vilka har en speciell status d\u00e5 de, till skillnad fr\u00e5n f\u00f6reningar i andra l\u00e4nder, inte erbjuder franskundervisning. Detta beror p\u00e5 Sveriges starka tradition av studief\u00f6rbund som Medborgarskolan, Folkuniversitetet, ABF med flera, som ansvarar f\u00f6r spr\u00e5kundervisningen. D\u00e4remot anordnar de svenska Alliance Fran\u00e7aise-f\u00f6reningarna ett brett utbud av aktiviteter och f\u00f6rel\u00e4sningar p\u00e5 b\u00e5de franska och svenska med fokus p\u00e5 frankofona kulturer.Inom ramen f\u00f6r samarbetet mellan Sveriges Alliance Fran\u00e7aise-f\u00f6reningar h\u00e5lls en \u00e5rlig nationell tr\u00e4ff i en av n\u00e4tverkets st\u00e4der (i Uppsala \u00e5r 2024). D\u00e4r diskuteras genomf\u00f6rda och kommande projekt, s\u00e5som utveckling av partnerskap och f\u00f6rel\u00e4sarnas resor mellan de olika Alliance Fran\u00e7aise-f\u00f6reningarna och st\u00e4derna i Sverige. Sedan 2017 har Alliance Fran\u00e7aise i \u00d6rebro haft en ledande roll och fungerar som koordinator f\u00f6r gemensamma insatser inom det svenska n\u00e4tverket.<\/p><p class=\"flex items-center pb-0\">\u00a0<\/p><\/div><\/div><\/div>\t\t\t\t\t\t\t\t<\/div>\n\t\t\t\t<\/div>\n\t\t\t\t\t<\/div>\n\t\t\t\t<\/div>\n\t\t\t\t<\/div>\n\t\t","protected":false},"excerpt":{"rendered":"<p>\u00a0 Alliance Fran\u00e7aise i v\u00e4rlden : Alliance Fran\u00e7aise, som grundades 1883 i Paris, \u00e4r ett globalt n\u00e4tverk av lokala Alliance Fran\u00e7aise-f\u00f6reningar som har som m\u00e5l att fr\u00e4mja det franska spr\u00e5ket och sprida k\u00e4nnedom om de frankofona kulturerna i hela deras m\u00e5ngfald. N\u00e4tverket omfattar mer \u00e4n 800 Alliance Fran\u00e7aise-f\u00f6reningar i 136 l\u00e4nder, vilka sedan 2007 \u00e4r samlade under Fondation des Alliances Fran\u00e7aises i Paris. Varje f\u00f6rening \u00e4r ideell, reglerad enligt lokal lagstiftning, och \u00e4r sj\u00e4lvst\u00e4ndig med eget finansieringsansvar. \u00a0 \u00a0 Alliance Fran\u00e7aise i Sverige : I Sverige grundades den f\u00f6rsta Alliance Fran\u00e7aise i Stockholm \u00e5r 1889, och f\u00f6ljdes snabbt av de i Uppsala och G\u00f6teborg. Alliance Fran\u00e7aise i Ume\u00e5 grundades 2024. Idag best\u00e5r n\u00e4tverket av 17 svenska Alliance Fran\u00e7aise-f\u00f6reningar, vilka har en speciell status d\u00e5 de, till skillnad fr\u00e5n f\u00f6reningar i andra l\u00e4nder, inte erbjuder franskundervisning. Detta beror p\u00e5 Sveriges starka tradition av studief\u00f6rbund som Medborgarskolan, Folkuniversitetet, ABF med flera, som ansvarar f\u00f6r spr\u00e5kundervisningen. D\u00e4remot anordnar de svenska Alliance Fran\u00e7aise-f\u00f6reningarna ett brett utbud av aktiviteter och f\u00f6rel\u00e4sningar p\u00e5 b\u00e5de franska och svenska med fokus p\u00e5 frankofona kulturer.Inom ramen f\u00f6r samarbetet mellan Sveriges Alliance Fran\u00e7aise-f\u00f6reningar h\u00e5lls en \u00e5rlig nationell tr\u00e4ff i en av n\u00e4tverkets st\u00e4der (i Uppsala \u00e5r 2024). D\u00e4r diskuteras genomf\u00f6rda och kommande projekt, s\u00e5som utveckling av partnerskap och f\u00f6rel\u00e4sarnas resor mellan de olika Alliance Fran\u00e7aise-f\u00f6reningarna och st\u00e4derna i Sverige. Sedan 2017 har Alliance Fran\u00e7aise i \u00d6rebro haft en ledande roll och fungerar som koordinator f\u00f6r gemensamma insatser inom det svenska n\u00e4tverket. \u00a0<\/p>\n","protected":false},"author":1,"featured_media":0,"parent":0,"menu_order":0,"comment_status":"closed","ping_status":"closed","template":"","meta":{"om_disable_all_campaigns":false,"_monsterinsights_skip_tracking":false,"_monsterinsights_sitenote_active":false,"_monsterinsights_sitenote_note":"","_monsterinsights_sitenote_category":0,"_uf_show_specific_survey":0,"_uf_disable_surveys":false,"footnotes":""},"class_list":["post-13773","page","type-page","status-publish","hentry"],"aioseo_notices":[],"rttpg_featured_image_url":null,"rttpg_author":{"display_name":"Super.admin","author_link":"https:\/\/alliancefr.se\/umea\/author\/admin2174\/"},"rttpg_comment":0,"rttpg_category":" <a href=\"https:\/\/alliancefr.se\/umea\/sv\/\" rel=\"tag\">Svenska<\/a>","rttpg_excerpt":"\u00a0 Alliance Fran\u00e7aise i v\u00e4rlden : Alliance Fran\u00e7aise, som grundades 1883 i Paris, \u00e4r ett globalt n\u00e4tverk av lokala Alliance Fran\u00e7aise-f\u00f6reningar som har som m\u00e5l att fr\u00e4mja det franska spr\u00e5ket och sprida k\u00e4nnedom om de frankofona kulturerna i hela deras m\u00e5ngfald. N\u00e4tverket omfattar mer \u00e4n 800 Alliance Fran\u00e7aise-f\u00f6reningar i 136 l\u00e4nder, vilka sedan 2007 \u00e4r\u2026","_links":{"self":[{"href":"https:\/\/alliancefr.se\/umea\/wp-json\/wp\/v2\/pages\/13773","targetHints":{"allow":["GET"]}}],"collection":[{"href":"https:\/\/alliancefr.se\/umea\/wp-json\/wp\/v2\/pages"}],"about":[{"href":"https:\/\/alliancefr.se\/umea\/wp-json\/wp\/v2\/types\/page"}],"author":[{"embeddable":true,"href":"https:\/\/alliancefr.se\/umea\/wp-json\/wp\/v2\/users\/1"}],"replies":[{"embeddable":true,"href":"https:\/\/alliancefr.se\/umea\/wp-json\/wp\/v2\/comments?post=13773"}],"version-history":[{"count":7,"href":"https:\/\/alliancefr.se\/umea\/wp-json\/wp\/v2\/pages\/13773\/revisions"}],"predecessor-version":[{"id":13912,"href":"https:\/\/alliancefr.se\/umea\/wp-json\/wp\/v2\/pages\/13773\/revisions\/13912"}],"wp:attachment":[{"href":"https:\/\/alliancefr.se\/umea\/wp-json\/wp\/v2\/media?parent=13773"}],"curies":[{"name":"wp","href":"https:\/\/api.w.org\/{rel}","templated":true}]}}