{"id":13769,"date":"2024-09-16T16:21:52","date_gmt":"2024-09-16T14:21:52","guid":{"rendered":"https:\/\/alliancefr.se\/umea\/?page_id=13769"},"modified":"2024-10-09T12:39:00","modified_gmt":"2024-10-09T10:39:00","slug":"om-oss","status":"publish","type":"page","link":"https:\/\/alliancefr.se\/umea\/sv\/om-oss\/","title":{"rendered":"Om oss ?"},"content":{"rendered":"\t\t<div data-elementor-type=\"wp-page\" data-elementor-id=\"13769\" class=\"elementor elementor-13769\">\n\t\t\t\t<div class=\"elementor-element elementor-element-e8b7c36 e-flex e-con-boxed e-con e-parent\" data-id=\"e8b7c36\" data-element_type=\"container\">\n\t\t\t\t\t<div class=\"e-con-inner\">\n\t\t\t\t<div class=\"elementor-element elementor-element-fe73b02 elementor-widget elementor-widget-text-editor\" data-id=\"fe73b02\" data-element_type=\"widget\" data-widget_type=\"text-editor.default\">\n\t\t\t\t<div class=\"elementor-widget-container\">\n\t\t\t\t\t\t\t\t\t<article dir=\"auto\" data-testid=\"conversation-turn-31\" data-scroll-anchor=\"true\"><div dir=\"auto\" data-message-author-role=\"assistant\" data-message-id=\"48c49eea-c7c3-4016-b8dc-0675d891bbc0\"><div><h6><strong>Staden Ume\u00e5<\/strong><\/h6><p>\u00a0<\/p><\/div><div class=\"flex max-w-full flex-col flex-grow\"><div class=\"min-h-8 text-message flex w-full flex-col items-end gap-2 whitespace-normal break-words [.text-message+&amp;]:mt-5\" dir=\"auto\" data-message-author-role=\"assistant\" data-message-id=\"48c49eea-c7c3-4016-b8dc-0675d891bbc0\"><div class=\"flex w-full flex-col gap-1 empty:hidden first:pt-[3px]\"><div class=\"markdown prose w-full break-words dark:prose-invert light\"><p>Ume\u00e5, grundad 1622, f\u00f6rst\u00f6rdes helt av en brand 1888 och \u00e5teruppbyggdes enligt en rutn\u00e4tsplan med breda gator kantade av bj\u00f6rkar, vilket har lett till att stadens symbol, bj\u00f6rkl\u00f6vet, lever kvar fr\u00e5n denna tragiska h\u00e4ndelse. Stadens utveckling tog fart p\u00e5 allvar med grundandet av dess universitet 1965 (med 34 000 studenter och 4 200 anst\u00e4llda och forskare). Befolkningen \u00e4r ung (i genomsnitt 38 \u00e5r), g\u00e4rna progressiv, och en levande debatt om samh\u00e4llsfr\u00e5gor \u00e4r st\u00e4ndigt n\u00e4rvarande. Den franska tidningen \u00ab\u00a0Marie-Claire\u00a0\u00bb utn\u00e4mnde nyligen (sommaren 2024) Ume\u00e5 till Sveriges mest feministiska stad.<\/p><p>Som slutstation f\u00f6r Norbotniabanan, snabbt\u00e5glinjen till Stockholm, har Ume\u00e5 ocks\u00e5 f\u00f6rbindelse med Finland via en modern f\u00e4rja till Vasa, och med v\u00e4rlden via dess flygplats, som f\u00f6re pandemin hade upp till en miljon passagerare \u00e5rligen.<\/p><p>Betydande investeringar inom kultursektorn g\u00f6r att staden kan erbjuda ett brett och varierat kulturprogram, s\u00e4rskilt tack vare Norrlandsoperan, V\u00e4ven, flera museer, d\u00e4ribland Bildmuseet och Gitarrmuseet. Dessa satsningar bidrog till att Ume\u00e5 v\u00e4lf\u00f6rtj\u00e4nt uts\u00e5gs till Europas kulturhuvudstad 2014. Det aktiva f\u00f6reningslivet, med \u00f6ver 600 registrerade f\u00f6reningar, f\u00e5r ocks\u00e5 starkt st\u00f6d fr\u00e5n kommunen.<\/p><p>\u00a0<\/p><\/div><\/div><\/div><\/div><div class=\"mb-2 flex gap-3 empty:hidden -ml-2\"><div class=\"items-center justify-start rounded-xl p-1 z-10 -mt-1 bg-token-main-surface-primary md:absolute flex\"><div class=\"flex items-center\"><div class=\"flex items-center pb-0\">\u00a0<\/div><\/div><\/div><\/div><\/div><\/article>\t\t\t\t\t\t\t\t<\/div>\n\t\t\t\t<\/div>\n\t\t\t\t\t<\/div>\n\t\t\t\t<\/div>\n\t\t<div class=\"elementor-element elementor-element-2e08917 e-flex e-con-boxed e-con e-parent\" data-id=\"2e08917\" data-element_type=\"container\">\n\t\t\t\t\t<div class=\"e-con-inner\">\n\t\t\t\t<div class=\"elementor-element elementor-element-6fd2350 elementor-widget elementor-widget-text-editor\" data-id=\"6fd2350\" data-element_type=\"widget\" data-widget_type=\"text-editor.default\">\n\t\t\t\t<div class=\"elementor-widget-container\">\n\t\t\t\t\t\t\t\t\t<h6><strong>Alliance Fran\u00e7aise i Ume\u00e5, en mycket livlig kulturf\u00f6rening i\u00a0 \u00a0 \u00a0 \u00a0 \u00a0 \u00a0 \u00a0 \u00a0 \u00a0 \u00a0 <\/strong><strong>Ume<\/strong><strong>\u00e5-regionen<\/strong><\/h6><p>\u00a0<\/p><div class=\"flex max-w-full flex-col flex-grow\"><div class=\"min-h-8 text-message flex w-full flex-col items-end gap-2 whitespace-normal break-words [.text-message+&amp;]:mt-5\" dir=\"auto\" data-message-author-role=\"assistant\" data-message-id=\"40c16c3c-afd5-4ef3-9c87-4034fd60d4ab\"><div class=\"flex w-full flex-col gap-1 empty:hidden first:pt-[3px]\"><div class=\"markdown prose w-full break-words dark:prose-invert light\"><p>Alliance Fran\u00e7aise i Ume\u00e5, som var aktiv under 1990-talet, har \u00e5teruppst\u00e5tt v\u00e5ren 2024 tack vare entusiaster som vill fr\u00e4mja sina kulturer och sprida den franska spr\u00e5kkunskapen, som \u00e4r deras gemensamma spr\u00e5k. Varje m\u00e5nad erbjuder vi olika aktiviteter f\u00f6r alla \u00e5ldrar, s\u00e5som temakv\u00e4llar, f\u00f6rel\u00e4sningar, provsmakningar, utflykter, bokcirklar, filmvisningar, utomhusaktiviteter, spel, barnl\u00e4sningar, konversationscirklar och mycket mer. Att beh\u00e4rska det franska spr\u00e5ket \u00e4r inte ett krav, och alla som \u00e4r intresserade \u00e4r varmt v\u00e4lkomna att delta i v\u00e5ra aktiviteter.<\/p><p>V\u00e5rt program distribueras via v\u00e5rt nyhetsbrev som du kan prenumerera p\u00e5 genom att kontakta oss p\u00e5 <a rel=\"noopener\">alliancefrancaiseumea@gmail.com<\/a>. Du kan ocks\u00e5 bli medlem genom att kontakta samma e-postadress. V\u00e5ra aktiviteter sprids \u00e4ven via Facebook, Instagram och LinkedIn.<\/p><p>\u00a0<\/p><p>V\u00e5r styrelse best\u00e5r av sex medlemmar (2024) :<\/p><p>\u2013 Michel Gautier, ordf\u00f6rande<br \/>\u2013 Caroline Boucher, vice ordf\u00f6rande<br \/>\u2013 Christian Bardeau, kass\u00f6r<br \/>\u2013 Mahana Delacour, sekreterare<br \/>\u2013 Candice Routhier, bitr\u00e4dande sekreterare, ansvarig f\u00f6r sociala medier<br \/>\u2013 Tiffany Davigny, kommunikationsansvarig<\/p><p>\u00a0<\/p><p>V\u00e5r f\u00f6rening \u00e4r registrerad under nummer 802547-9687.<\/p><\/div><\/div><\/div><\/div>\t\t\t\t\t\t\t\t<\/div>\n\t\t\t\t<\/div>\n\t\t\t\t\t<\/div>\n\t\t\t\t<\/div>\n\t\t\t\t<\/div>\n\t\t","protected":false},"excerpt":{"rendered":"<p>Staden Ume\u00e5 \u00a0 Ume\u00e5, grundad 1622, f\u00f6rst\u00f6rdes helt av en brand 1888 och \u00e5teruppbyggdes enligt en rutn\u00e4tsplan med breda gator kantade av bj\u00f6rkar, vilket har lett till att stadens symbol, bj\u00f6rkl\u00f6vet, lever kvar fr\u00e5n denna tragiska h\u00e4ndelse. Stadens utveckling tog fart p\u00e5 allvar med grundandet av dess universitet 1965 (med 34 000 studenter och 4 200 anst\u00e4llda och forskare). Befolkningen \u00e4r ung (i genomsnitt 38 \u00e5r), g\u00e4rna progressiv, och en levande debatt om samh\u00e4llsfr\u00e5gor \u00e4r st\u00e4ndigt n\u00e4rvarande. Den franska tidningen \u00ab\u00a0Marie-Claire\u00a0\u00bb utn\u00e4mnde nyligen (sommaren 2024) Ume\u00e5 till Sveriges mest feministiska stad. Som slutstation f\u00f6r Norbotniabanan, snabbt\u00e5glinjen till Stockholm, har Ume\u00e5 ocks\u00e5 f\u00f6rbindelse med Finland via en modern f\u00e4rja till Vasa, och med v\u00e4rlden via dess flygplats, som f\u00f6re pandemin hade upp till en miljon passagerare \u00e5rligen. Betydande investeringar inom kultursektorn g\u00f6r att staden kan erbjuda ett brett och varierat kulturprogram, s\u00e4rskilt tack vare Norrlandsoperan, V\u00e4ven, flera museer, d\u00e4ribland Bildmuseet och Gitarrmuseet. Dessa satsningar bidrog till att Ume\u00e5 v\u00e4lf\u00f6rtj\u00e4nt uts\u00e5gs till Europas kulturhuvudstad 2014. Det aktiva f\u00f6reningslivet, med \u00f6ver 600 registrerade f\u00f6reningar, f\u00e5r ocks\u00e5 starkt st\u00f6d fr\u00e5n kommunen. \u00a0 \u00a0 Alliance Fran\u00e7aise i Ume\u00e5, en mycket livlig kulturf\u00f6rening i\u00a0 \u00a0 \u00a0 \u00a0 \u00a0 \u00a0 \u00a0 \u00a0 \u00a0 \u00a0 Ume\u00e5-regionen \u00a0 Alliance Fran\u00e7aise i Ume\u00e5, som var aktiv under 1990-talet, har \u00e5teruppst\u00e5tt v\u00e5ren 2024 tack vare entusiaster som vill fr\u00e4mja sina kulturer och sprida den franska spr\u00e5kkunskapen, som \u00e4r deras gemensamma spr\u00e5k. Varje m\u00e5nad erbjuder vi olika aktiviteter f\u00f6r alla \u00e5ldrar, s\u00e5som temakv\u00e4llar, f\u00f6rel\u00e4sningar, provsmakningar, utflykter, bokcirklar, filmvisningar, utomhusaktiviteter, spel, barnl\u00e4sningar, konversationscirklar och mycket mer. Att beh\u00e4rska det franska spr\u00e5ket \u00e4r inte ett krav, och alla som \u00e4r intresserade \u00e4r varmt v\u00e4lkomna att delta i v\u00e5ra aktiviteter. V\u00e5rt program distribueras via v\u00e5rt nyhetsbrev som du kan prenumerera p\u00e5 genom att kontakta oss p\u00e5 alliancefrancaiseumea@gmail.com. Du kan ocks\u00e5 bli medlem genom att kontakta samma e-postadress. V\u00e5ra aktiviteter sprids \u00e4ven via Facebook, Instagram och LinkedIn. \u00a0 V\u00e5r styrelse best\u00e5r av sex medlemmar (2024) : \u2013 Michel Gautier, ordf\u00f6rande\u2013 Caroline Boucher, vice ordf\u00f6rande\u2013 Christian Bardeau, kass\u00f6r\u2013 Mahana Delacour, sekreterare\u2013 Candice Routhier, bitr\u00e4dande sekreterare, ansvarig f\u00f6r sociala medier\u2013 Tiffany Davigny, kommunikationsansvarig \u00a0 V\u00e5r f\u00f6rening \u00e4r registrerad under nummer 802547-9687.<\/p>\n","protected":false},"author":1,"featured_media":0,"parent":0,"menu_order":0,"comment_status":"closed","ping_status":"closed","template":"","meta":{"om_disable_all_campaigns":false,"_monsterinsights_skip_tracking":false,"_monsterinsights_sitenote_active":false,"_monsterinsights_sitenote_note":"","_monsterinsights_sitenote_category":0,"_uf_show_specific_survey":0,"_uf_disable_surveys":false,"footnotes":""},"class_list":["post-13769","page","type-page","status-publish","hentry"],"aioseo_notices":[],"rttpg_featured_image_url":null,"rttpg_author":{"display_name":"Super.admin","author_link":"https:\/\/alliancefr.se\/umea\/author\/admin2174\/"},"rttpg_comment":0,"rttpg_category":" <a href=\"https:\/\/alliancefr.se\/umea\/sv\/\" rel=\"tag\">Svenska<\/a>","rttpg_excerpt":"Staden Ume\u00e5 \u00a0 Ume\u00e5, grundad 1622, f\u00f6rst\u00f6rdes helt av en brand 1888 och \u00e5teruppbyggdes enligt en rutn\u00e4tsplan med breda gator kantade av bj\u00f6rkar, vilket har lett till att stadens symbol, bj\u00f6rkl\u00f6vet, lever kvar fr\u00e5n denna tragiska h\u00e4ndelse. Stadens utveckling tog fart p\u00e5 allvar med grundandet av dess universitet 1965 (med 34 000 studenter och 4\u2026","_links":{"self":[{"href":"https:\/\/alliancefr.se\/umea\/wp-json\/wp\/v2\/pages\/13769","targetHints":{"allow":["GET"]}}],"collection":[{"href":"https:\/\/alliancefr.se\/umea\/wp-json\/wp\/v2\/pages"}],"about":[{"href":"https:\/\/alliancefr.se\/umea\/wp-json\/wp\/v2\/types\/page"}],"author":[{"embeddable":true,"href":"https:\/\/alliancefr.se\/umea\/wp-json\/wp\/v2\/users\/1"}],"replies":[{"embeddable":true,"href":"https:\/\/alliancefr.se\/umea\/wp-json\/wp\/v2\/comments?post=13769"}],"version-history":[{"count":10,"href":"https:\/\/alliancefr.se\/umea\/wp-json\/wp\/v2\/pages\/13769\/revisions"}],"predecessor-version":[{"id":13904,"href":"https:\/\/alliancefr.se\/umea\/wp-json\/wp\/v2\/pages\/13769\/revisions\/13904"}],"wp:attachment":[{"href":"https:\/\/alliancefr.se\/umea\/wp-json\/wp\/v2\/media?parent=13769"}],"curies":[{"name":"wp","href":"https:\/\/api.w.org\/{rel}","templated":true}]}}