{"id":13765,"date":"2024-09-16T16:19:57","date_gmt":"2024-09-16T14:19:57","guid":{"rendered":"https:\/\/alliancefr.se\/umea\/?page_id=13765"},"modified":"2024-10-16T15:20:08","modified_gmt":"2024-10-16T13:20:08","slug":"kontakt","status":"publish","type":"page","link":"https:\/\/alliancefr.se\/umea\/sv\/kontakt\/","title":{"rendered":"Kontakt"},"content":{"rendered":"\t\t<div data-elementor-type=\"wp-page\" data-elementor-id=\"13765\" class=\"elementor elementor-13765\">\n\t\t\t\t<div class=\"elementor-element elementor-element-4484ef6 e-flex e-con-boxed e-con e-parent\" data-id=\"4484ef6\" data-element_type=\"container\">\n\t\t\t\t\t<div class=\"e-con-inner\">\n\t\t\t\t<div class=\"elementor-element elementor-element-d7db4a4 elementor-widget elementor-widget-text-editor\" data-id=\"d7db4a4\" data-element_type=\"widget\" data-widget_type=\"text-editor.default\">\n\t\t\t\t<div class=\"elementor-widget-container\">\n\t\t\t\t\t\t\t\t\t<p>Om du har n\u00e5gra fr\u00e5gor, v\u00e4nligen kontakta Alliance Fran\u00e7aise de Ume\u00e5<span style=\"color: var( --e-global-color-text ); font-family: var( --e-global-typography-text-font-family ), Sans-serif; font-weight: var( --e-global-typography-text-font-weight ); text-align: var(--text-align); letter-spacing: 0px;\">\u00a0via e-postadressen : <\/span>umea@alliancefr.se<\/p><p>eller via v\u00e5ra sociala medier. Du kan ocks\u00e5 fylla i formul\u00e4ret nedan f\u00f6r att bidra med dina tankar eller \u00e5sikter.<\/p>\t\t\t\t\t\t\t\t<\/div>\n\t\t\t\t<\/div>\n\t\t\t\t\t<\/div>\n\t\t\t\t<\/div>\n\t\t<div class=\"elementor-element elementor-element-4c6f4a0 e-flex e-con-boxed e-con e-parent\" data-id=\"4c6f4a0\" data-element_type=\"container\">\n\t\t\t\t\t<div class=\"e-con-inner\">\n\t\t\t\t<div class=\"elementor-element elementor-element-fec3473 elementor-widget elementor-widget-shortcode\" data-id=\"fec3473\" data-element_type=\"widget\" data-widget_type=\"shortcode.default\">\n\t\t\t\t<div class=\"elementor-widget-container\">\n\t\t\t\t\t\t\t<div class=\"elementor-shortcode\"><div style=\"display:none\" class=\"fm-form-container fm-theme1\"><div id=\"fm-pages7\" class=\"fm-pages wdform_page_navigation \" show_title=\"\" show_numbers=\"1\" type=\"none\"><\/div><form name=\"form7\" action=\"\/umea\/wp-json\/wp\/v2\/pages\/13765\" method=\"post\" id=\"form7\" class=\"fm-form form7  \" enctype=\"multipart\/form-data\"><input type=\"hidden\" id=\"fm_page_id7\" value=\"13765\" name=\"fm_page_id7\" \/><input type=\"hidden\" id=\"fm_current_post_type7\" value=\"page\" name=\"fm_current_post_type7\" \/><input type=\"hidden\" id=\"counter7\" value=\"6\" name=\"counter7\" \/><input type=\"hidden\" id=\"Itemid7\" value=\"\" name=\"Itemid7\" \/><input type=\"hidden\" id=\"fm_shake7\" value=\"1\" name=\"fm_shake7\" \/><input type=\"text\" class=\"fm-hide\" id=\"fm_empty_field_validation7\" value=\"\" name=\"fm_empty_field_validation7\" data-value=\"bd736efb144d599cf463541431fbf5c4\" \/><div class=\"wdform-page-and-images fm-form-builder\"><div id=\"7form_view1\" class=\"wdform_page\" page_title=\"Untitled page\" next_title=\"Next\" next_type=\"text\" next_class=\"wdform-page-button\" next_checkable=\"true\" previous_title=\"Previous\" previous_type=\"text\" previous_class=\"wdform-page-button\" previous_checkable=\"false\"><div class=\"wdform_section\"><div class=\"wdform_column\"><div wdid=\"2\" class=\"wdform_row\"><div type=\"type_text\" class=\"wdform-field wd-width-100 wd-flex wd-flex-column fm-type_text\" ><div class=\"wdform-label-section wd-width-100  wd-flex-row wd-align-items-center\">    <label  for=\"wdform_2_element7\" class=\"wdform-label\">F\u00f6rnamn och Namn<\/label><span class=\"wdform-required\">*<\/span><\/div><div class=\"wdform-element-section wd-flex  wd-flex-row wd-align-items-center wd-width-100\" ><input type=\"text\"                           class=\"wd-width-100\"                           id=\"wdform_2_element7\"                           name=\"wdform_2_element7\"                           value=\"\"                           data-value=\"\"                           title=\"\"                           placeholder=\"\"                                                       \/><\/div><\/div><\/div><\/div><div class=\"wdform_column\"><div wdid=\"3\" class=\"wdform_row\"><div type=\"type_submitter_mail\" class=\"wdform-field wd-width-100 wd-flex wd-flex-column fm-type_submitter_mail\" ><div class=\"wdform-label-section wd-width-100  wd-flex-row\">    <label  for=\"wdform_3_element7\" class=\"wdform-label\">E-post<\/label><span class=\"wdform-required\">*<\/span><\/div><div class=\"wdform-element-section wd-flex  wd-flex-row wd-width-100\" ><input type=\"text\" class=\"wd-width-100\" id=\"wdform_3_element7\" name=\"wdform_3_element7\" data-value=\"\" value=\"\" title=\"\" placeholder=\"\"   onchange=\"wd_check_email('3', '7', 'Ceci n\\'est pas une adresse e-mail valide')\" \/><\/div><\/div><\/div><\/div><div class=\"wdform_column\"><div wdid=\"4\" class=\"wdform_row\"><div type=\"type_text\" class=\"wdform-field wd-width-100 wd-flex wd-flex-column fm-type_text\" ><div class=\"wdform-label-section wd-width-100  wd-flex-row wd-align-items-center\">    <label  for=\"wdform_4_element7\" class=\"wdform-label\">\u00c4mne<\/label><span class=\"wdform-required\">*<\/span><\/div><div class=\"wdform-element-section wd-flex  wd-flex-row wd-align-items-center wd-width-100\" ><input type=\"text\"                           class=\"wd-width-100\"                           id=\"wdform_4_element7\"                           name=\"wdform_4_element7\"                           value=\"\"                           data-value=\"\"                           title=\"\"                           placeholder=\"\"                                                       \/><\/div><\/div><\/div><\/div><div class=\"wdform_column\"><div wdid=\"5\" class=\"wdform_row\"><div type=\"type_textarea\" class=\"wdform-field wd-width-100 wd-flex wd-flex-column fm-type_textarea\" ><div class=\"wdform-label-section wd-width-100 \">    <label  for=\"wdform_5_element7\" class=\"wdform-label\">Meddelandet<\/label><span class=\"wdform-required\">*<\/span><\/div><div class=\"wdform-element-section wd-flex  wd-width-100\" ><textarea class=\"wd-width-100\"                      id=\"wdform_5_element7\"                      name=\"wdform_5_element7\"                      placeholder=\"\"                      data-value=\"\"                      maxlength=\"\"                      style=\"height: 100px;\"                      ><\/textarea><\/div><\/div><\/div><\/div><div class=\"wdform_column\"><div wdid=\"1\" class=\"wdform_row\" style=\"position: relative; left: 0px; top: 0px;\"><div type=\"type_submit_reset\" class=\"wdform-field wd-width-100 wd-flex wd-flex-column fm-type_submit_reset\" ><div class=\"wdform-element-section wd-flex  wd-flex-row wd-justify-content-left wd-width-100\" ><button  type=\"button\" class=\"button-submit\" onclick=\"fm_submit_form('7');\"  data-ajax=\"0\"><span class=\"fm-submit-loading spinner fm-ico-spinner\"><\/span>Skicka<\/button><button  type=\"button\" class=\"button-reset wd-hidden\" onclick=\"fm_reset_form(7);\" >Reset<\/button><\/div><\/div><\/div><\/div><\/div><div valign=\"top\" class=\"wdform_footer wd-width-100\"><div class=\"wd-width-100\"><div class=\"wd-width-100 wd-table\" style=\"padding-top:10px;\"><div class=\"wd-table-group\"><div id=\"7page_nav1\" class=\"wd-table-row\"><\/div><\/div><\/div><\/div><\/div><\/div><\/div><div class=\"wdform_preload\"><\/div><input type=\"hidden\" name=\"fm-current-page\" value=\"https:\/\/alliancefr.se\/umea\/wp-json\/wp\/v2\/pages\/13765\" \/><\/form><\/div><\/div>\n\t\t\t\t\t\t<\/div>\n\t\t\t\t<\/div>\n\t\t\t\t\t<\/div>\n\t\t\t\t<\/div>\n\t\t\t\t<\/div>\n\t\t","protected":false},"excerpt":{"rendered":"<p>Om du har n\u00e5gra fr\u00e5gor, v\u00e4nligen kontakta Alliance Fran\u00e7aise de Ume\u00e5\u00a0via e-postadressen : umea@alliancefr.se eller via v\u00e5ra sociala medier. Du kan ocks\u00e5 fylla i formul\u00e4ret nedan f\u00f6r att bidra med dina tankar eller \u00e5sikter.<\/p>\n","protected":false},"author":1,"featured_media":0,"parent":0,"menu_order":0,"comment_status":"closed","ping_status":"closed","template":"","meta":{"om_disable_all_campaigns":false,"_monsterinsights_skip_tracking":false,"_monsterinsights_sitenote_active":false,"_monsterinsights_sitenote_note":"","_monsterinsights_sitenote_category":0,"_uf_show_specific_survey":0,"_uf_disable_surveys":false,"footnotes":""},"class_list":["post-13765","page","type-page","status-publish","hentry"],"aioseo_notices":[],"rttpg_featured_image_url":null,"rttpg_author":{"display_name":"Super.admin","author_link":"https:\/\/alliancefr.se\/umea\/author\/admin2174\/"},"rttpg_comment":0,"rttpg_category":" <a href=\"https:\/\/alliancefr.se\/umea\/sv\/\" rel=\"tag\">Svenska<\/a>","rttpg_excerpt":"Om du har n\u00e5gra fr\u00e5gor, v\u00e4nligen kontakta Alliance Fran\u00e7aise de Ume\u00e5\u00a0via e-postadressen : umea@alliancefr.se eller via v\u00e5ra sociala medier. Du kan ocks\u00e5 fylla i formul\u00e4ret nedan f\u00f6r att bidra med dina tankar eller \u00e5sikter.","_links":{"self":[{"href":"https:\/\/alliancefr.se\/umea\/wp-json\/wp\/v2\/pages\/13765","targetHints":{"allow":["GET"]}}],"collection":[{"href":"https:\/\/alliancefr.se\/umea\/wp-json\/wp\/v2\/pages"}],"about":[{"href":"https:\/\/alliancefr.se\/umea\/wp-json\/wp\/v2\/types\/page"}],"author":[{"embeddable":true,"href":"https:\/\/alliancefr.se\/umea\/wp-json\/wp\/v2\/users\/1"}],"replies":[{"embeddable":true,"href":"https:\/\/alliancefr.se\/umea\/wp-json\/wp\/v2\/comments?post=13765"}],"version-history":[{"count":19,"href":"https:\/\/alliancefr.se\/umea\/wp-json\/wp\/v2\/pages\/13765\/revisions"}],"predecessor-version":[{"id":13928,"href":"https:\/\/alliancefr.se\/umea\/wp-json\/wp\/v2\/pages\/13765\/revisions\/13928"}],"wp:attachment":[{"href":"https:\/\/alliancefr.se\/umea\/wp-json\/wp\/v2\/media?parent=13765"}],"curies":[{"name":"wp","href":"https:\/\/api.w.org\/{rel}","templated":true}]}}