{"id":13749,"date":"2024-09-16T16:12:39","date_gmt":"2024-09-16T14:12:39","guid":{"rendered":"https:\/\/alliancefr.se\/umea\/?page_id=13749"},"modified":"2024-10-09T12:56:15","modified_gmt":"2024-10-09T10:56:15","slug":"le-reseau","status":"publish","type":"page","link":"https:\/\/alliancefr.se\/umea\/le-reseau\/","title":{"rendered":"Le r\u00e9seau"},"content":{"rendered":"\t\t<div data-elementor-type=\"wp-page\" data-elementor-id=\"13749\" class=\"elementor elementor-13749\">\n\t\t\t\t<div class=\"elementor-element elementor-element-81169a2 e-flex e-con-boxed e-con e-parent\" data-id=\"81169a2\" data-element_type=\"container\">\n\t\t\t\t\t<div class=\"e-con-inner\">\n\t\t\t\t<div class=\"elementor-element elementor-element-daaa4ef elementor-widget elementor-widget-text-editor\" data-id=\"daaa4ef\" data-element_type=\"widget\" data-widget_type=\"text-editor.default\">\n\t\t\t\t<div class=\"elementor-widget-container\">\n\t\t\t\t\t\t\t\t\t<p><span style=\"font-size: medium;\"><span lang=\"fr-FR\"><b>\u00a0<\/b><\/span><\/span><\/p><p><span style=\"font-size: medium;\"><span lang=\"fr-FR\"><b>L\u2019Alliance Fran\u00e7aise dans le monde\u00a0:<\/b><\/span><\/span><\/p><p><span lang=\"fr-FR\">L\u2019Alliance Fran\u00e7aise, fond\u00e9e en 1883 \u00e0 Paris, est un r\u00e9seau mondial d\u2019Alliances Francaises locales qui ont pour objectif de promouvoir la pratique de la langue francaise et de faire conna\u00eetre les cultures francophones dans toute leur \u00e9tendue. Le r\u00e9seau comprend plus de 800 Alliances Francaises r\u00e9parties dans 136 pays, qui sont r\u00e9unies depuis 2007 autour de la Fondation des Alliances Francaises \u00e0 Paris. Chaque association, \u00e0 but non lucratif et r\u00e9gie par la loi locale, est autonome et se finance elle-m\u00eame. <\/span><\/p><p><span style=\"font-size: medium;\"><span lang=\"fr-FR\"><b>\u00a0<\/b><\/span><\/span><\/p><p>\u00a0<\/p><p><span style=\"font-size: medium;\"><span lang=\"fr-FR\"><b>Les Alliances <\/b><\/span><\/span><span style=\"font-size: medium;\"><span lang=\"fr-FR\"><b>F<\/b><\/span><\/span><span style=\"font-size: medium;\"><span lang=\"fr-FR\"><b>ran\u00e7aises de Su\u00e8de :<\/b><\/span><\/span><\/p><p><span style=\"color: #1a151b;\"><span lang=\"fr-FR\">En Su\u00e8de, la premi\u00e8re Alliance Fran\u00e7aise a \u00e9t\u00e9 cr\u00e9\u00e9e \u00e0 Stockholm en 1889, rapidement suivie par celles d\u2019Uppsala et de G\u00f6teborg. L\u2019Alliance Fran\u00e7aise d\u2019Ume\u00e5 a elle \u00e9t\u00e9 cr\u00e9\u00e9e en 2024. \u00a0A ce jour, le r\u00e9seau des Alliances Fran\u00e7aises de Su\u00e8de compte 17 alliances pourvues d\u2019un statut particulier puisqu\u2019elles ne donnent pas de cours de francais, contrairement \u00e0 celles de tous les autres pays. Cela s\u2019explique par la tradition tr\u00e8s ancr\u00e9e en Su\u00e8de des f\u00e9d\u00e9rations d\u2019\u00e9ducation populaire que sont entre autres Medborgarskolan, Folkuniversitetet, ABF, etc&#8230; qui, elles, dispensent ces cours. Elles proposent en revanche de nombreuses activit\u00e9s et conf\u00e9rences de qualit\u00e9 en fran\u00e7ais et en su\u00e9dois autour des cultures francophones. Dans le cadre de la coop\u00e9ration entres les Alliances Fran\u00e7aises de Su\u00e8de, une r\u00e9union nationale est tenue chaque ann\u00e9e dans une ville du r\u00e9seau (A Uppsala en 2024). L\u00e0 sont discut\u00e9s les projets pass\u00e9s et \u00e0 venir, comme le d\u00e9veloppement des partenariats ou la circulation des conf\u00e9renciers entre les diff\u00e9rentes Alliances et villes de Su\u00e8de. L\u2019Alliance Francaise d\u2019\u00d6rebro joue depuis 2017 un r\u00f4le de pilote pour les 17 AF Su\u00e9doises, coordonnant les actions communes au r\u00e9seau.<\/span><\/span><\/p>\t\t\t\t\t\t\t\t<\/div>\n\t\t\t\t<\/div>\n\t\t\t\t\t<\/div>\n\t\t\t\t<\/div>\n\t\t\t\t<\/div>\n\t\t","protected":false},"excerpt":{"rendered":"<p>\u00a0 L\u2019Alliance Fran\u00e7aise dans le monde\u00a0: L\u2019Alliance Fran\u00e7aise, fond\u00e9e en 1883 \u00e0 Paris, est un r\u00e9seau mondial d\u2019Alliances Francaises locales qui ont pour objectif de promouvoir la pratique de la langue francaise et de faire conna\u00eetre les cultures francophones dans toute leur \u00e9tendue. Le r\u00e9seau comprend plus de 800 Alliances Francaises r\u00e9parties dans 136 pays, qui sont r\u00e9unies depuis 2007 autour de la Fondation des Alliances Francaises \u00e0 Paris. Chaque association, \u00e0 but non lucratif et r\u00e9gie par la loi locale, est autonome et se finance elle-m\u00eame. \u00a0 \u00a0 Les Alliances Fran\u00e7aises de Su\u00e8de : En Su\u00e8de, la premi\u00e8re Alliance Fran\u00e7aise a \u00e9t\u00e9 cr\u00e9\u00e9e \u00e0 Stockholm en 1889, rapidement suivie par celles d\u2019Uppsala et de G\u00f6teborg. L\u2019Alliance Fran\u00e7aise d\u2019Ume\u00e5 a elle \u00e9t\u00e9 cr\u00e9\u00e9e en 2024. \u00a0A ce jour, le r\u00e9seau des Alliances Fran\u00e7aises de Su\u00e8de compte 17 alliances pourvues d\u2019un statut particulier puisqu\u2019elles ne donnent pas de cours de francais, contrairement \u00e0 celles de tous les autres pays. Cela s\u2019explique par la tradition tr\u00e8s ancr\u00e9e en Su\u00e8de des f\u00e9d\u00e9rations d\u2019\u00e9ducation populaire que sont entre autres Medborgarskolan, Folkuniversitetet, ABF, etc&#8230; qui, elles, dispensent ces cours. Elles proposent en revanche de nombreuses activit\u00e9s et conf\u00e9rences de qualit\u00e9 en fran\u00e7ais et en su\u00e9dois autour des cultures francophones. Dans le cadre de la coop\u00e9ration entres les Alliances Fran\u00e7aises de Su\u00e8de, une r\u00e9union nationale est tenue chaque ann\u00e9e dans une ville du r\u00e9seau (A Uppsala en 2024). L\u00e0 sont discut\u00e9s les projets pass\u00e9s et \u00e0 venir, comme le d\u00e9veloppement des partenariats ou la circulation des conf\u00e9renciers entre les diff\u00e9rentes Alliances et villes de Su\u00e8de. L\u2019Alliance Francaise d\u2019\u00d6rebro joue depuis 2017 un r\u00f4le de pilote pour les 17 AF Su\u00e9doises, coordonnant les actions communes au r\u00e9seau.<\/p>\n","protected":false},"author":1,"featured_media":0,"parent":0,"menu_order":0,"comment_status":"closed","ping_status":"closed","template":"","meta":{"om_disable_all_campaigns":false,"_monsterinsights_skip_tracking":false,"_monsterinsights_sitenote_active":false,"_monsterinsights_sitenote_note":"","_monsterinsights_sitenote_category":0,"_uf_show_specific_survey":0,"_uf_disable_surveys":false,"footnotes":""},"class_list":["post-13749","page","type-page","status-publish","hentry"],"aioseo_notices":[],"rttpg_featured_image_url":null,"rttpg_author":{"display_name":"Super.admin","author_link":"https:\/\/alliancefr.se\/umea\/author\/admin2174\/"},"rttpg_comment":0,"rttpg_category":" <a href=\"https:\/\/alliancefr.se\/umea\/\" rel=\"tag\">Fran\u00e7ais<\/a>","rttpg_excerpt":"\u00a0 L\u2019Alliance Fran\u00e7aise dans le monde\u00a0: L\u2019Alliance Fran\u00e7aise, fond\u00e9e en 1883 \u00e0 Paris, est un r\u00e9seau mondial d\u2019Alliances Francaises locales qui ont pour objectif de promouvoir la pratique de la langue francaise et de faire conna\u00eetre les cultures francophones dans toute leur \u00e9tendue. Le r\u00e9seau comprend plus de 800 Alliances Francaises r\u00e9parties dans 136 pays,\u2026","_links":{"self":[{"href":"https:\/\/alliancefr.se\/umea\/wp-json\/wp\/v2\/pages\/13749","targetHints":{"allow":["GET"]}}],"collection":[{"href":"https:\/\/alliancefr.se\/umea\/wp-json\/wp\/v2\/pages"}],"about":[{"href":"https:\/\/alliancefr.se\/umea\/wp-json\/wp\/v2\/types\/page"}],"author":[{"embeddable":true,"href":"https:\/\/alliancefr.se\/umea\/wp-json\/wp\/v2\/users\/1"}],"replies":[{"embeddable":true,"href":"https:\/\/alliancefr.se\/umea\/wp-json\/wp\/v2\/comments?post=13749"}],"version-history":[{"count":7,"href":"https:\/\/alliancefr.se\/umea\/wp-json\/wp\/v2\/pages\/13749\/revisions"}],"predecessor-version":[{"id":13915,"href":"https:\/\/alliancefr.se\/umea\/wp-json\/wp\/v2\/pages\/13749\/revisions\/13915"}],"wp:attachment":[{"href":"https:\/\/alliancefr.se\/umea\/wp-json\/wp\/v2\/media?parent=13749"}],"curies":[{"name":"wp","href":"https:\/\/api.w.org\/{rel}","templated":true}]}}