{"id":13747,"date":"2024-09-16T16:11:02","date_gmt":"2024-09-16T14:11:02","guid":{"rendered":"https:\/\/alliancefr.se\/umea\/?page_id=13747"},"modified":"2024-09-17T13:06:20","modified_gmt":"2024-09-17T11:06:20","slug":"qui-sommes-nous","status":"publish","type":"page","link":"https:\/\/alliancefr.se\/umea\/qui-sommes-nous\/","title":{"rendered":"Qui sommes-nous ?"},"content":{"rendered":"\t\t<div data-elementor-type=\"wp-page\" data-elementor-id=\"13747\" class=\"elementor elementor-13747\">\n\t\t\t\t<div class=\"elementor-element elementor-element-779d22d e-flex e-con-boxed e-con e-parent\" data-id=\"779d22d\" data-element_type=\"container\">\n\t\t\t\t\t<div class=\"e-con-inner\">\n\t\t\t\t\t<\/div>\n\t\t\t\t<\/div>\n\t\t<div class=\"elementor-element elementor-element-8622598 e-flex e-con-boxed e-con e-parent\" data-id=\"8622598\" data-element_type=\"container\">\n\t\t\t\t\t<div class=\"e-con-inner\">\n\t\t\t\t<div class=\"elementor-element elementor-element-9552f44 elementor-widget elementor-widget-text-editor\" data-id=\"9552f44\" data-element_type=\"widget\" data-widget_type=\"text-editor.default\">\n\t\t\t\t<div class=\"elementor-widget-container\">\n\t\t\t\t\t\t\t\t\t<p><span style=\"font-size: large;\"><span lang=\"fr-FR\"><b>La ville d\u2019Ume\u00e5<\/b><\/span><\/span><\/p><p><span lang=\"fr-FR\">\u00a0<\/span><\/p><p><span lang=\"fr-FR\">Ume\u00e5, fond\u00e9e en 1622, enti\u00e8rement d\u00e9truite par un incendie en 1888 et reconstruite selon un plan de rues hippodamien avec de larges rues bord\u00e9es de bouleaux, conserve de ce pass\u00e9 tragique son embl\u00e8me\u00a0: la feuille de bouleau. Son d\u00e9veloppement s\u2019est consid\u00e9rablement acc\u00e9l\u00e9r\u00e9 lors de la cr\u00e9ation de son universit\u00e9 en 1965 (34\u00a0000 \u00e9tudiants, 4200 employ\u00e9s et chercheurs). La population y est jeune (38 ans en moyenne), volontiers progressiste, le d\u00e9bat d\u2019id\u00e9es y est permanent. Le magazine Francais \u00ab\u00a0Marie-Claire\u00a0\u00bb vient de l\u2019\u00e9lire (\u00c9t\u00e9 2024) comme la ville la plus f\u00e9ministe de Su\u00e8de.<\/span><\/p><p><span lang=\"fr-FR\">Station finale de Norbotniabanan, la ligne de train rapide vers Stockholm, Ume\u00e5 est \u00e9galement reli\u00e9e \u00e0 la Finlande par un ferry moderne vers Vaasa, et au monde par son a\u00e9roport qui a vu transiter jusqu\u2019\u00e0 un million de passagers avant la pand\u00e9mie.<\/span><\/p><p><span lang=\"fr-FR\">Des investissements cons\u00e9quents dans le secteur culturel lui permettent d\u2019offrir un programme culturel vaste et vari\u00e9, gr\u00e2ce notamment \u00e0 Norrlandsoperan, V\u00e4ven, plusieurs mus\u00e9es dont Bildmuseet et le mus\u00e9e de la Guitare. Cet effort particulier a conduit \u00e0 sa d\u00e9signation m\u00e9rit\u00e9e comme Capitale Europ\u00e9enne de la Culture en 2014. La vie asssociative, avec plus de 600 associations d\u00e9clar\u00e9es, y est soutenue activement par la municipalit\u00e9.<\/span><\/p><p><span lang=\"fr-FR\">\u00a0<\/span><\/p><p><span lang=\"fr-FR\">\u00a0<\/span><\/p>\t\t\t\t\t\t\t\t<\/div>\n\t\t\t\t<\/div>\n\t\t\t\t\t<\/div>\n\t\t\t\t<\/div>\n\t\t<div class=\"elementor-element elementor-element-6e881d1 e-con-full e-flex e-con e-parent\" data-id=\"6e881d1\" data-element_type=\"container\">\n\t\t\t\t<div class=\"elementor-element elementor-element-5e67d58 elementor-widget elementor-widget-text-editor\" data-id=\"5e67d58\" data-element_type=\"widget\" data-widget_type=\"text-editor.default\">\n\t\t\t\t<div class=\"elementor-widget-container\">\n\t\t\t\t\t\t\t\t\t<p><span style=\"font-size: large;\"><span lang=\"fr-FR\"><b>L\u2019Alliance Francaise d\u2019Ume\u00e5, une association culturelle tr\u00e8s vivante\u00a0<\/b><\/span><\/span><b style=\"font-size: large; color: var( --e-global-color-text ); font-family: var( --e-global-typography-text-font-family ), Sans-serif; text-align: var(--text-align); letter-spacing: 0px;\">dans la r\u00e9gion d\u2019Ume\u00e5<\/b><\/p><p><span style=\"color: var( --e-global-color-text ); font-family: var( --e-global-typography-text-font-family ), Sans-serif; font-weight: var( --e-global-typography-text-font-weight ); text-align: var(--text-align); letter-spacing: 0px;\">\u00a0<\/span><\/p><p><span style=\"color: var( --e-global-color-text ); font-family: var( --e-global-typography-text-font-family ), Sans-serif; font-weight: var( --e-global-typography-text-font-weight ); text-align: var(--text-align); letter-spacing: 0px;\">L\u2019Alliance Francaise d\u2019Ume\u00e5, active dans les ann\u00e9es 1990, vient de rena\u00eetre au printemps 2024 par la volont\u00e9 de passionn\u00e9s souhaitant mieux faire connaitre leurs cultures et promouvoir plus largement la pratique du francais, leur langue commune. Nous proposons chaque mois diverses activit\u00e9s pour tous les \u00e2ges telles que soir\u00e9es \u00e0 th\u00e8mes, conf\u00e9rences, d\u00e9gustations, visites, cercle de lecture, films, sorties de plein air, jeux, lectures pour enfants, cercles de conversation, etc&#8230; La maitrise de la langue francaise n\u2019y est pas une obligation, et toute personne int\u00e9ress\u00e9e est la bienvenue \u00e0 nos activit\u00e9s.<\/span><\/p><p><span lang=\"fr-FR\" style=\"color: var( --e-global-color-text ); font-family: var( --e-global-typography-text-font-family ), Sans-serif; font-weight: var( --e-global-typography-text-font-weight ); text-align: var(--text-align); letter-spacing: 0px;\">\u00a0<\/span><span lang=\"fr-FR\" style=\"color: var( --e-global-color-text ); font-family: var( --e-global-typography-text-font-family ), Sans-serif; font-weight: var( --e-global-typography-text-font-weight ); text-align: var(--text-align); letter-spacing: 0px;\">Notre programme est diffus\u00e9 via notre infolettre que vous pouvez recevoir en contactant <\/span><span style=\"font-family: var( --e-global-typography-text-font-family ), Sans-serif; font-weight: var( --e-global-typography-text-font-weight ); text-align: var(--text-align); letter-spacing: 0px; color: #0563c1;\"><u><a href=\"mailto:alliancefrancaiseumea@gmail.com\"><span lang=\"fr-FR\">alliancefrancaiseumea@gmail.com<\/span><\/a><\/u><\/span><span lang=\"fr-FR\" style=\"color: var( --e-global-color-text ); font-family: var( --e-global-typography-text-font-family ), Sans-serif; font-weight: var( --e-global-typography-text-font-weight ); text-align: var(--text-align); letter-spacing: 0px;\"> . Vous pouvez devenir membre en contactant cette m\u00eame adresse mail. Nos activit\u00e9s sont \u00e9galement relay\u00e9es sur Facebook, Instagram et LinkedIn.<\/span><\/p><p><span style=\"color: var( --e-global-color-text ); font-family: var( --e-global-typography-text-font-family ), Sans-serif; font-weight: var( --e-global-typography-text-font-weight ); letter-spacing: 0px; text-align: var(--text-align);\">\u00a0<\/span><\/p><p><span style=\"color: var( --e-global-color-text ); font-family: var( --e-global-typography-text-font-family ), Sans-serif; font-weight: var( --e-global-typography-text-font-weight ); letter-spacing: 0px; text-align: var(--text-align);\">Notre comit\u00e9 comprend 6 membres\u00a0(2024) :<\/span><\/p><p style=\"margin-bottom: 0.28cm; line-height: 16.2px;\"><span lang=\"fr-FR\">&#8211; Michel Gautier, pr\u00e9sident<\/span><\/p><p style=\"margin-bottom: 0.28cm; line-height: 16.2px;\"><span lang=\"fr-FR\">&#8211; Caroline Boucher, vice-pr\u00e9sidente<\/span><\/p><p style=\"margin-bottom: 0.28cm; line-height: 16.2px;\"><span lang=\"fr-FR\">&#8211; Christian Bardeau, tr\u00e9sorier<\/span><\/p><p style=\"margin-bottom: 0.28cm; line-height: 16.2px;\"><span lang=\"fr-FR\">&#8211; Mahana Delacour, secr\u00e9taire<\/span><\/p><p style=\"margin-bottom: 0.28cm; line-height: 16.2px;\"><span lang=\"fr-FR\">&#8211; Candice Routhier, secr\u00e9taire adjointe, charg\u00e9e des r\u00e9seaux sociaux<\/span><\/p><p style=\"margin-bottom: 0.28cm; line-height: 16.2px;\"><span style=\"color: var( --e-global-color-text ); font-family: var( --e-global-typography-text-font-family ), Sans-serif; font-weight: var( --e-global-typography-text-font-weight ); letter-spacing: 0px; text-align: var(--text-align);\">&#8211; Tiffany Davigny, responsable de la communication<\/span><\/p><p><span lang=\"fr-FR\" style=\"color: var( --e-global-color-text ); font-family: var( --e-global-typography-text-font-family ), Sans-serif; font-weight: var( --e-global-typography-text-font-weight ); text-align: var(--text-align); letter-spacing: 0px;\">\u00a0<\/span><\/p><p><span lang=\"fr-FR\" style=\"color: var( --e-global-color-text ); font-family: var( --e-global-typography-text-font-family ), Sans-serif; font-weight: var( --e-global-typography-text-font-weight ); text-align: var(--text-align); letter-spacing: 0px;\">Notre association est d\u00e9clar\u00e9e sous le num\u00e9ro 802547-9687<\/span><\/p>\t\t\t\t\t\t\t\t<\/div>\n\t\t\t\t<\/div>\n\t\t\t\t<\/div>\n\t\t\t\t<\/div>\n\t\t","protected":false},"excerpt":{"rendered":"<p>La ville d\u2019Ume\u00e5 \u00a0 Ume\u00e5, fond\u00e9e en 1622, enti\u00e8rement d\u00e9truite par un incendie en 1888 et reconstruite selon un plan de rues hippodamien avec de larges rues bord\u00e9es de bouleaux, conserve de ce pass\u00e9 tragique son embl\u00e8me\u00a0: la feuille de bouleau. Son d\u00e9veloppement s\u2019est consid\u00e9rablement acc\u00e9l\u00e9r\u00e9 lors de la cr\u00e9ation de son universit\u00e9 en 1965 (34\u00a0000 \u00e9tudiants, 4200 employ\u00e9s et chercheurs). La population y est jeune (38 ans en moyenne), volontiers progressiste, le d\u00e9bat d\u2019id\u00e9es y est permanent. Le magazine Francais \u00ab\u00a0Marie-Claire\u00a0\u00bb vient de l\u2019\u00e9lire (\u00c9t\u00e9 2024) comme la ville la plus f\u00e9ministe de Su\u00e8de. Station finale de Norbotniabanan, la ligne de train rapide vers Stockholm, Ume\u00e5 est \u00e9galement reli\u00e9e \u00e0 la Finlande par un ferry moderne vers Vaasa, et au monde par son a\u00e9roport qui a vu transiter jusqu\u2019\u00e0 un million de passagers avant la pand\u00e9mie. Des investissements cons\u00e9quents dans le secteur culturel lui permettent d\u2019offrir un programme culturel vaste et vari\u00e9, gr\u00e2ce notamment \u00e0 Norrlandsoperan, V\u00e4ven, plusieurs mus\u00e9es dont Bildmuseet et le mus\u00e9e de la Guitare. Cet effort particulier a conduit \u00e0 sa d\u00e9signation m\u00e9rit\u00e9e comme Capitale Europ\u00e9enne de la Culture en 2014. La vie asssociative, avec plus de 600 associations d\u00e9clar\u00e9es, y est soutenue activement par la municipalit\u00e9. \u00a0 \u00a0 L\u2019Alliance Francaise d\u2019Ume\u00e5, une association culturelle tr\u00e8s vivante\u00a0dans la r\u00e9gion d\u2019Ume\u00e5 \u00a0 L\u2019Alliance Francaise d\u2019Ume\u00e5, active dans les ann\u00e9es 1990, vient de rena\u00eetre au printemps 2024 par la volont\u00e9 de passionn\u00e9s souhaitant mieux faire connaitre leurs cultures et promouvoir plus largement la pratique du francais, leur langue commune. Nous proposons chaque mois diverses activit\u00e9s pour tous les \u00e2ges telles que soir\u00e9es \u00e0 th\u00e8mes, conf\u00e9rences, d\u00e9gustations, visites, cercle de lecture, films, sorties de plein air, jeux, lectures pour enfants, cercles de conversation, etc&#8230; La maitrise de la langue francaise n\u2019y est pas une obligation, et toute personne int\u00e9ress\u00e9e est la bienvenue \u00e0 nos activit\u00e9s. \u00a0Notre programme est diffus\u00e9 via notre infolettre que vous pouvez recevoir en contactant alliancefrancaiseumea@gmail.com . Vous pouvez devenir membre en contactant cette m\u00eame adresse mail. Nos activit\u00e9s sont \u00e9galement relay\u00e9es sur Facebook, Instagram et LinkedIn. \u00a0 Notre comit\u00e9 comprend 6 membres\u00a0(2024) : &#8211; Michel Gautier, pr\u00e9sident &#8211; Caroline Boucher, vice-pr\u00e9sidente &#8211; Christian Bardeau, tr\u00e9sorier &#8211; Mahana Delacour, secr\u00e9taire &#8211; Candice Routhier, secr\u00e9taire adjointe, charg\u00e9e des r\u00e9seaux sociaux &#8211; Tiffany Davigny, responsable de la communication \u00a0 Notre association est d\u00e9clar\u00e9e sous le num\u00e9ro 802547-9687<\/p>\n","protected":false},"author":1,"featured_media":0,"parent":0,"menu_order":0,"comment_status":"closed","ping_status":"closed","template":"","meta":{"om_disable_all_campaigns":false,"_monsterinsights_skip_tracking":false,"_monsterinsights_sitenote_active":false,"_monsterinsights_sitenote_note":"","_monsterinsights_sitenote_category":0,"_uf_show_specific_survey":0,"_uf_disable_surveys":false,"footnotes":""},"class_list":["post-13747","page","type-page","status-publish","hentry"],"aioseo_notices":[],"rttpg_featured_image_url":null,"rttpg_author":{"display_name":"Super.admin","author_link":"https:\/\/alliancefr.se\/umea\/author\/admin2174\/"},"rttpg_comment":0,"rttpg_category":" <a href=\"https:\/\/alliancefr.se\/umea\/\" rel=\"tag\">Fran\u00e7ais<\/a>","rttpg_excerpt":"La ville d\u2019Ume\u00e5 \u00a0 Ume\u00e5, fond\u00e9e en 1622, enti\u00e8rement d\u00e9truite par un incendie en 1888 et reconstruite selon un plan de rues hippodamien avec de larges rues bord\u00e9es de bouleaux, conserve de ce pass\u00e9 tragique son embl\u00e8me\u00a0: la feuille de bouleau. Son d\u00e9veloppement s\u2019est consid\u00e9rablement acc\u00e9l\u00e9r\u00e9 lors de la cr\u00e9ation de son universit\u00e9 en 1965\u2026","_links":{"self":[{"href":"https:\/\/alliancefr.se\/umea\/wp-json\/wp\/v2\/pages\/13747","targetHints":{"allow":["GET"]}}],"collection":[{"href":"https:\/\/alliancefr.se\/umea\/wp-json\/wp\/v2\/pages"}],"about":[{"href":"https:\/\/alliancefr.se\/umea\/wp-json\/wp\/v2\/types\/page"}],"author":[{"embeddable":true,"href":"https:\/\/alliancefr.se\/umea\/wp-json\/wp\/v2\/users\/1"}],"replies":[{"embeddable":true,"href":"https:\/\/alliancefr.se\/umea\/wp-json\/wp\/v2\/comments?post=13747"}],"version-history":[{"count":4,"href":"https:\/\/alliancefr.se\/umea\/wp-json\/wp\/v2\/pages\/13747\/revisions"}],"predecessor-version":[{"id":13831,"href":"https:\/\/alliancefr.se\/umea\/wp-json\/wp\/v2\/pages\/13747\/revisions\/13831"}],"wp:attachment":[{"href":"https:\/\/alliancefr.se\/umea\/wp-json\/wp\/v2\/media?parent=13747"}],"curies":[{"name":"wp","href":"https:\/\/api.w.org\/{rel}","templated":true}]}}