{"id":4076,"date":"2024-10-02T16:40:27","date_gmt":"2024-10-02T14:40:27","guid":{"rendered":"https:\/\/alliancefr.se\/stockholm\/?page_id=4076"},"modified":"2025-10-13T08:38:48","modified_gmt":"2025-10-13T06:38:48","slug":"om-oss","status":"publish","type":"page","link":"https:\/\/alliancefr.se\/stockholm\/om-oss\/","title":{"rendered":"Om oss"},"content":{"rendered":"\t\t<div data-elementor-type=\"wp-page\" data-elementor-id=\"4076\" class=\"elementor elementor-4076\">\n\t\t\t\t<div class=\"elementor-element elementor-element-b954482 e-flex e-con-boxed e-con e-parent\" data-id=\"b954482\" data-element_type=\"container\">\n\t\t\t\t\t<div class=\"e-con-inner\">\n\t\t\t\t<div class=\"elementor-element elementor-element-1e1e5f8 elementor-widget elementor-widget-heading\" data-id=\"1e1e5f8\" data-element_type=\"widget\" data-widget_type=\"heading.default\">\n\t\t\t\t<div class=\"elementor-widget-container\">\n\t\t\t\t\t<h6 class=\"elementor-heading-title elementor-size-default\">Alliance Fran\u00e7aise Stockholm<\/h6>\t\t\t\t<\/div>\n\t\t\t\t<\/div>\n\t\t\t\t\t<\/div>\n\t\t\t\t<\/div>\n\t\t<div class=\"elementor-element elementor-element-1fa78f0 e-flex e-con-boxed e-con e-parent\" data-id=\"1fa78f0\" data-element_type=\"container\">\n\t\t\t\t\t<div class=\"e-con-inner\">\n\t\t\t\t<div class=\"elementor-element elementor-element-52bdc2d elementor-widget elementor-widget-text-editor\" data-id=\"52bdc2d\" data-element_type=\"widget\" data-widget_type=\"text-editor.default\">\n\t\t\t\t<div class=\"elementor-widget-container\">\n\t\t\t\t\t\t\t\t\t<p style=\"font-weight: 400\">Alliance Fran\u00e7aise grundades \u00e5r 1883 och har sitt s\u00e4te i Paris. Det \u00e4r en v\u00e4rldsomsp\u00e4nnande f\u00f6rening med \u00f6ver tusen lokalf\u00f6reningar \u00f6ver hela v\u00e4rlden. I Sverige finns 17 f\u00f6reningar fr\u00e5n Ume\u00e5 i norr till Lund i s\u00f6der. Alliance Fran\u00e7aise Stockholm grundades \u00e5r 1889 och \u00e4r d\u00e4rmed den \u00e4ldsta i Sverige. Medlemsantalet i Stockholm \u00e4r idag uppe i ca 350.<\/p><p style=\"font-weight: 400\">V\u00c5R STYRRELSE (P\u00c5 SVENSKA)<\/p><p style=\"font-weight: 400\">Alliance Fran\u00e7aise \u00e4r en politiskt och religi\u00f6st oberoende f\u00f6rening som inte samlar in n\u00e5gra bidrag utan \u00e4r helt beroende av sina medlemmars bidrag.<\/p><p style=\"font-weight: 400\">Styrelseledam\u00f6terna arbetar ideellt och delar p\u00e5 ansvarsomr\u00e5de enligt nedan:<\/p><p style=\"font-weight: 400\"><strong>ORDF\u00d6RANDESKAP\u00a0<\/strong>: Micka\u00eblle Cedergren (ordf\u00f6rande), Eva Hasselblad (vice ordf\u00f6rande)<\/p><p style=\"font-weight: 400\"><strong>ADMINISTRATION\u00a0<\/strong>: Eva Hasselblad (sekreterare), Kenneth Olsson (medlemsregister)<\/p><p><strong>EKONOMI<\/strong>: Micka\u00eblle Cedergren<\/p><p style=\"font-weight: 400\"><strong>PROGRAM\u00a0<\/strong>: Kenneth Olsson, Martine Barikore, Jeanne Tullberg<\/p><p style=\"font-weight: 400\"><strong>KOMMUNIKATION<\/strong>\u00a0: (webbplats &amp; sociala n\u00e4tverk): Cecilia Carlander, Fanny Jerlstr\u00f6m<\/p><p style=\"font-weight: 400\"><strong>AF DOUCE FRANCE<\/strong>\u00a0: (program &amp; kommunikation): Klara Arvidsson, Martine Barikore<\/p><p style=\"font-weight: 400\"><strong>STIPENDIER\u00a0<\/strong>: Mickaelle Cedergren, Val\u00e9rie Alfv\u00e9n (Uppdrag utanf\u00f6r styrelsen)<\/p>\t\t\t\t\t\t\t\t<\/div>\n\t\t\t\t<\/div>\n\t\t\t\t\t<\/div>\n\t\t\t\t<\/div>\n\t\t<div class=\"elementor-element elementor-element-68eabd3 e-flex e-con-boxed e-con e-parent\" data-id=\"68eabd3\" data-element_type=\"container\">\n\t\t\t\t\t<div class=\"e-con-inner\">\n\t\t\t\t<div class=\"elementor-element elementor-element-8ecbf75 elementor-widget elementor-widget-heading\" data-id=\"8ecbf75\" data-element_type=\"widget\" data-widget_type=\"heading.default\">\n\t\t\t\t<div class=\"elementor-widget-container\">\n\t\t\t\t\t<h6 class=\"elementor-heading-title elementor-size-default\">Syfte ochVerksamhet<\/h6>\t\t\t\t<\/div>\n\t\t\t\t<\/div>\n\t\t\t\t\t<\/div>\n\t\t\t\t<\/div>\n\t\t<div class=\"elementor-element elementor-element-a27b1ec e-flex e-con-boxed e-con e-parent\" data-id=\"a27b1ec\" data-element_type=\"container\">\n\t\t\t\t\t<div class=\"e-con-inner\">\n\t\t\t\t<div class=\"elementor-element elementor-element-2146031 elementor-widget elementor-widget-text-editor\" data-id=\"2146031\" data-element_type=\"widget\" data-widget_type=\"text-editor.default\">\n\t\t\t\t<div class=\"elementor-widget-container\">\n\t\t\t\t\t\t\t\t\t<p style=\"font-weight: 400\">V\u00e5rt syfte \u00e4r att sprida kunskap om det franska spr\u00e5ket och den franska kulturen. Detta g\u00f6r vi genom att ordna olika aktiviteter och f\u00f6redrag om Frankrike och om de l\u00e4nder i v\u00e4rlden d\u00e4r franska talas. Programmen presenteras oftast p\u00e5 franska, ibland p\u00e5 svenska.<\/p><p style=\"font-weight: 400\">Under de senaste \u00e5ren har v\u00e5ra aktiviteter utvecklats p\u00e5 olika s\u00e4tt. Vi erbjuder numera inte bara kv\u00e4llar med f\u00f6redrag p\u00e5 olika platser, utan ocks\u00e5 guidade visningar i olika Stockholmskvarter eller p\u00e5 museers olika utst\u00e4llningar. 2025 hoppas vi ocks\u00e5 att \u00e5terigen delta i \u201dD\u00e9fi Intralliances \u201d, en t\u00e4vling mellan de olika f\u00f6reningar som finns inom Alliance Fran\u00e7aise.<\/p><p style=\"font-weight: 400\">Dessutom \u00e4r vi glada att f\u00e5 presentera en ny aktivitetsgrupp inom Alliance Fran\u00e7aise Stockholm, n\u00e4mligen \u201dAF Douce France\u201d. Tack vare detta initiativ kommer ni att f\u00e5 chansen att uppt\u00e4cka mer av den franska Savoir-Vivre via diverse, lite mer sociala umg\u00e4ngesformer och m\u00f6tesplatser.<\/p><p style=\"font-weight: 400\">V\u00e5ra medlemmar har varierande kunskaper i franska. Som medlem i Alliance Fran\u00e7aise \u00e4r det bra, men inte helt n\u00f6dv\u00e4ndigt, att ha hyggliga f\u00f6rkunskaper i spr\u00e5ket d\u00e5 m\u00e5nga av v\u00e5ra programges ges p\u00e5 franska.<\/p><p style=\"font-weight: 400\">F\u00f6r att tillfredsst\u00e4lla de medlemmar som har begr\u00e4nsade kunskaper i spr\u00e5ket men \u00e4nd\u00e5 \u00e4r intresserade av allt som \u00e4r franskt, ges \u00e5tminstone ett program per termin p\u00e5 svenska.<\/p>\t\t\t\t\t\t\t\t<\/div>\n\t\t\t\t<\/div>\n\t\t\t\t\t<\/div>\n\t\t\t\t<\/div>\n\t\t<div class=\"elementor-element elementor-element-8f65142 e-flex e-con-boxed e-con e-parent\" data-id=\"8f65142\" data-element_type=\"container\">\n\t\t\t\t\t<div class=\"e-con-inner\">\n\t\t\t\t<div class=\"elementor-element elementor-element-f3b9134 elementor-widget elementor-widget-heading\" data-id=\"f3b9134\" data-element_type=\"widget\" data-widget_type=\"heading.default\">\n\t\t\t\t<div class=\"elementor-widget-container\">\n\t\t\t\t\t<h6 class=\"elementor-heading-title elementor-size-default\">Historik \u00f6ver ordf\u00f6randeskapet i Alliance Fran\u00e7aise Stockholm<\/h6>\t\t\t\t<\/div>\n\t\t\t\t<\/div>\n\t\t\t\t\t<\/div>\n\t\t\t\t<\/div>\n\t\t<div class=\"elementor-element elementor-element-3f9ec50 e-flex e-con-boxed e-con e-parent\" data-id=\"3f9ec50\" data-element_type=\"container\">\n\t\t\t\t\t<div class=\"e-con-inner\">\n\t\t\t\t<div class=\"elementor-element elementor-element-844dde5 elementor-widget elementor-widget-text-editor\" data-id=\"844dde5\" data-element_type=\"widget\" data-widget_type=\"text-editor.default\">\n\t\t\t\t<div class=\"elementor-widget-container\">\n\t\t\t\t\t\t\t\t\t<p>Klicka <a href=\"http:\/\/alliancefr.se\/stockholm\/wp-content\/uploads\/sites\/21\/2025\/03\/Presidents-AF-Stockholm-1890-2023.pdf\">h\u00e4r<\/a> f\u00f6r att se dokumentet i PDF-format.<\/p>\t\t\t\t\t\t\t\t<\/div>\n\t\t\t\t<\/div>\n\t\t\t\t\t<\/div>\n\t\t\t\t<\/div>\n\t\t<div class=\"elementor-element elementor-element-00cd09a e-flex e-con-boxed e-con e-parent\" data-id=\"00cd09a\" data-element_type=\"container\">\n\t\t\t\t\t<div class=\"e-con-inner\">\n\t\t\t\t<div class=\"elementor-element elementor-element-6738a17 elementor-widget elementor-widget-image\" data-id=\"6738a17\" data-element_type=\"widget\" data-widget_type=\"image.default\">\n\t\t\t\t<div class=\"elementor-widget-container\">\n\t\t\t\t\t\t\t\t\t\t\t\t\t\t\t<img fetchpriority=\"high\" decoding=\"async\" width=\"453\" height=\"655\" src=\"https:\/\/alliancefr.se\/stockholm\/wp-content\/uploads\/sites\/21\/2024\/11\/Sans-titre.png\" class=\"attachment-large size-large wp-image-4119\" alt=\"\" \/>\t\t\t\t\t\t\t\t\t\t\t\t\t\t\t<\/div>\n\t\t\t\t<\/div>\n\t\t\t\t\t<\/div>\n\t\t\t\t<\/div>\n\t\t\t\t<\/div>\n\t\t","protected":false},"excerpt":{"rendered":"<p>Alliance Fran\u00e7aise Stockholm Alliance Fran\u00e7aise grundades \u00e5r 1883 och har sitt s\u00e4te i Paris. Det \u00e4r en v\u00e4rldsomsp\u00e4nnande f\u00f6rening med \u00f6ver tusen lokalf\u00f6reningar \u00f6ver hela v\u00e4rlden. I Sverige finns 17 f\u00f6reningar fr\u00e5n Ume\u00e5 i norr till Lund i s\u00f6der. Alliance Fran\u00e7aise Stockholm grundades \u00e5r 1889 och \u00e4r d\u00e4rmed den \u00e4ldsta i Sverige. Medlemsantalet i Stockholm \u00e4r idag uppe i ca 350. V\u00c5R STYRRELSE (P\u00c5 SVENSKA) Alliance Fran\u00e7aise \u00e4r en politiskt och religi\u00f6st oberoende f\u00f6rening som inte samlar in n\u00e5gra bidrag utan \u00e4r helt beroende av sina medlemmars bidrag. Styrelseledam\u00f6terna arbetar ideellt och delar p\u00e5 ansvarsomr\u00e5de enligt nedan: ORDF\u00d6RANDESKAP\u00a0: Micka\u00eblle Cedergren (ordf\u00f6rande), Eva Hasselblad (vice ordf\u00f6rande) ADMINISTRATION\u00a0: Eva Hasselblad (sekreterare), Kenneth Olsson (medlemsregister) EKONOMI: Micka\u00eblle Cedergren PROGRAM\u00a0: Kenneth Olsson, Martine Barikore, Jeanne Tullberg KOMMUNIKATION\u00a0: (webbplats &amp; sociala n\u00e4tverk): Cecilia Carlander, Fanny Jerlstr\u00f6m AF DOUCE FRANCE\u00a0: (program &amp; kommunikation): Klara Arvidsson, Martine Barikore STIPENDIER\u00a0: Mickaelle Cedergren, Val\u00e9rie Alfv\u00e9n (Uppdrag utanf\u00f6r styrelsen) Syfte ochVerksamhet V\u00e5rt syfte \u00e4r att sprida kunskap om det franska spr\u00e5ket och den franska kulturen. Detta g\u00f6r vi genom att ordna olika aktiviteter och f\u00f6redrag om Frankrike och om de l\u00e4nder i v\u00e4rlden d\u00e4r franska talas. Programmen presenteras oftast p\u00e5 franska, ibland p\u00e5 svenska. Under de senaste \u00e5ren har v\u00e5ra aktiviteter utvecklats p\u00e5 olika s\u00e4tt. Vi erbjuder numera inte bara kv\u00e4llar med f\u00f6redrag p\u00e5 olika platser, utan ocks\u00e5 guidade visningar i olika Stockholmskvarter eller p\u00e5 museers olika utst\u00e4llningar. 2025 hoppas vi ocks\u00e5 att \u00e5terigen delta i \u201dD\u00e9fi Intralliances \u201d, en t\u00e4vling mellan de olika f\u00f6reningar som finns inom Alliance Fran\u00e7aise. Dessutom \u00e4r vi glada att f\u00e5 presentera en ny aktivitetsgrupp inom Alliance Fran\u00e7aise Stockholm, n\u00e4mligen \u201dAF Douce France\u201d. Tack vare detta initiativ kommer ni att f\u00e5 chansen att uppt\u00e4cka mer av den franska Savoir-Vivre via diverse, lite mer sociala umg\u00e4ngesformer och m\u00f6tesplatser. V\u00e5ra medlemmar har varierande kunskaper i franska. Som medlem i Alliance Fran\u00e7aise \u00e4r det bra, men inte helt n\u00f6dv\u00e4ndigt, att ha hyggliga f\u00f6rkunskaper i spr\u00e5ket d\u00e5 m\u00e5nga av v\u00e5ra programges ges p\u00e5 franska. F\u00f6r att tillfredsst\u00e4lla de medlemmar som har begr\u00e4nsade kunskaper i spr\u00e5ket men \u00e4nd\u00e5 \u00e4r intresserade av allt som \u00e4r franskt, ges \u00e5tminstone ett program per termin p\u00e5 svenska. Historik \u00f6ver ordf\u00f6randeskapet i Alliance Fran\u00e7aise Stockholm Klicka h\u00e4r f\u00f6r att se dokumentet i PDF-format.<\/p>\n","protected":false},"author":1,"featured_media":0,"parent":0,"menu_order":0,"comment_status":"closed","ping_status":"closed","template":"","meta":{"om_disable_all_campaigns":false,"_monsterinsights_skip_tracking":false,"_monsterinsights_sitenote_active":false,"_monsterinsights_sitenote_note":"","_monsterinsights_sitenote_category":0,"_uf_show_specific_survey":0,"_uf_disable_surveys":false,"footnotes":""},"class_list":["post-4076","page","type-page","status-publish","hentry"],"aioseo_notices":[],"rttpg_featured_image_url":null,"rttpg_author":{"display_name":"Super.admin","author_link":"https:\/\/alliancefr.se\/stockholm\/author\/admin2174\/"},"rttpg_comment":0,"rttpg_category":" <a href=\"https:\/\/alliancefr.se\/stockholm\/\" rel=\"tag\">Svenska<\/a>","rttpg_excerpt":"Alliance Fran\u00e7aise Stockholm Alliance Fran\u00e7aise grundades \u00e5r 1883 och har sitt s\u00e4te i Paris. Det \u00e4r en v\u00e4rldsomsp\u00e4nnande f\u00f6rening med \u00f6ver tusen lokalf\u00f6reningar \u00f6ver hela v\u00e4rlden. I Sverige finns 17 f\u00f6reningar fr\u00e5n Ume\u00e5 i norr till Lund i s\u00f6der. Alliance Fran\u00e7aise Stockholm grundades \u00e5r 1889 och \u00e4r d\u00e4rmed den \u00e4ldsta i Sverige. Medlemsantalet i Stockholm\u2026","_links":{"self":[{"href":"https:\/\/alliancefr.se\/stockholm\/wp-json\/wp\/v2\/pages\/4076","targetHints":{"allow":["GET"]}}],"collection":[{"href":"https:\/\/alliancefr.se\/stockholm\/wp-json\/wp\/v2\/pages"}],"about":[{"href":"https:\/\/alliancefr.se\/stockholm\/wp-json\/wp\/v2\/types\/page"}],"author":[{"embeddable":true,"href":"https:\/\/alliancefr.se\/stockholm\/wp-json\/wp\/v2\/users\/1"}],"replies":[{"embeddable":true,"href":"https:\/\/alliancefr.se\/stockholm\/wp-json\/wp\/v2\/comments?post=4076"}],"version-history":[{"count":13,"href":"https:\/\/alliancefr.se\/stockholm\/wp-json\/wp\/v2\/pages\/4076\/revisions"}],"predecessor-version":[{"id":4784,"href":"https:\/\/alliancefr.se\/stockholm\/wp-json\/wp\/v2\/pages\/4076\/revisions\/4784"}],"wp:attachment":[{"href":"https:\/\/alliancefr.se\/stockholm\/wp-json\/wp\/v2\/media?parent=4076"}],"curies":[{"name":"wp","href":"https:\/\/api.w.org\/{rel}","templated":true}]}}