{"id":4074,"date":"2024-10-02T16:39:04","date_gmt":"2024-10-02T14:39:04","guid":{"rendered":"https:\/\/alliancefr.se\/stockholm\/?page_id=4074"},"modified":"2025-03-10T11:02:18","modified_gmt":"2025-03-10T10:02:18","slug":"qui-sommes-nous","status":"publish","type":"page","link":"https:\/\/alliancefr.se\/stockholm\/fr\/qui-sommes-nous\/","title":{"rendered":"Qui sommes-nous ?"},"content":{"rendered":"\t\t<div data-elementor-type=\"wp-page\" data-elementor-id=\"4074\" class=\"elementor elementor-4074\">\n\t\t\t\t<div class=\"elementor-element elementor-element-a5d9931 e-flex e-con-boxed e-con e-parent\" data-id=\"a5d9931\" data-element_type=\"container\">\n\t\t\t\t\t<div class=\"e-con-inner\">\n\t\t\t\t<div class=\"elementor-element elementor-element-87f45f9 elementor-widget elementor-widget-heading\" data-id=\"87f45f9\" data-element_type=\"widget\" data-widget_type=\"heading.default\">\n\t\t\t\t<div class=\"elementor-widget-container\">\n\t\t\t\t\t<h6 class=\"elementor-heading-title elementor-size-default\">Alliance Fran\u00e7aise de Stockholm<\/h6>\t\t\t\t<\/div>\n\t\t\t\t<\/div>\n\t\t\t\t\t<\/div>\n\t\t\t\t<\/div>\n\t\t<div class=\"elementor-element elementor-element-7b5d20a e-flex e-con-boxed e-con e-parent\" data-id=\"7b5d20a\" data-element_type=\"container\">\n\t\t\t\t\t<div class=\"e-con-inner\">\n\t\t\t\t<div class=\"elementor-element elementor-element-437649f elementor-widget elementor-widget-text-editor\" data-id=\"437649f\" data-element_type=\"widget\" data-widget_type=\"text-editor.default\">\n\t\t\t\t<div class=\"elementor-widget-container\">\n\t\t\t\t\t\t\t\t\t<p style=\"font-weight: 400;\">L&rsquo;Alliance fran\u00e7aise de Stockholm, fond\u00e9e en 1889, est la premi\u00e8re \u00e0 voir le jour en Su\u00e8de. Depuis sa cr\u00e9ation, elle a \u00e9t\u00e9 dirig\u00e9e par de nombreux pr\u00e9sidents, chacun apportant sa pierre \u00e0 l\u2019\u00e9difice et renfor\u00e7ant ainsi les liens culturels entre la France et la Su\u00e8de. Aujourd&rsquo;hui, notre association rassemble environ 350 adh\u00e9rents, unis par une m\u00eame passion pour la langue et la culture fran\u00e7aises.<\/p>\t\t\t\t\t\t\t\t<\/div>\n\t\t\t\t<\/div>\n\t\t\t\t\t<\/div>\n\t\t\t\t<\/div>\n\t\t<div class=\"elementor-element elementor-element-75c53d4 e-flex e-con-boxed e-con e-parent\" data-id=\"75c53d4\" data-element_type=\"container\">\n\t\t\t\t\t<div class=\"e-con-inner\">\n\t\t\t\t<div class=\"elementor-element elementor-element-756cbe1 elementor-widget elementor-widget-heading\" data-id=\"756cbe1\" data-element_type=\"widget\" data-widget_type=\"heading.default\">\n\t\t\t\t<div class=\"elementor-widget-container\">\n\t\t\t\t\t<h6 class=\"elementor-heading-title elementor-size-default\">Notre conseil d'administration<\/h6>\t\t\t\t<\/div>\n\t\t\t\t<\/div>\n\t\t\t\t\t<\/div>\n\t\t\t\t<\/div>\n\t\t<div class=\"elementor-element elementor-element-6f8582a e-flex e-con-boxed e-con e-parent\" data-id=\"6f8582a\" data-element_type=\"container\">\n\t\t\t\t\t<div class=\"e-con-inner\">\n\t\t\t\t<div class=\"elementor-element elementor-element-efc38aa elementor-widget elementor-widget-text-editor\" data-id=\"efc38aa\" data-element_type=\"widget\" data-widget_type=\"text-editor.default\">\n\t\t\t\t<div class=\"elementor-widget-container\">\n\t\t\t\t\t\t\t\t\t<p style=\"font-weight: 400;\">L&rsquo;Alliance Fran\u00e7aise est une association politiquement et religieusement ind\u00e9pendante qui ne per\u00e7oit aucune subvention mais d\u00e9pend enti\u00e8rement des cotisations de ses membres.<\/p><p style=\"font-weight: 400;\">Les membres du conseil d&rsquo;administration travaillent b\u00e9n\u00e9volement et se r\u00e9partissent les domaines de responsabilit\u00e9 de la mani\u00e8re suivante :<\/p><p style=\"font-weight: 400;\"><strong>PR\u00c9SIDENCE\u00a0<\/strong>: Micka\u00eblle Cedergren (pr\u00e9sidente), Carina Idberg (vice pr\u00e9sidente)<\/p><p style=\"font-weight: 400;\"><strong>ADMINISTRATION\u00a0<\/strong>: Eva Hasselblad (secr\u00e9taire), Kenneth Olsson (registre des membres)<\/p><p style=\"font-weight: 400;\"><strong>TR\u00c9SORERIE\u00a0<\/strong>: Claes Eliasson<\/p><p style=\"font-weight: 400;\"><strong>PROGRAMME\u00a0<\/strong>: Carina Idberg, Harriet Svensson, Jeanne Tullberg<\/p><p style=\"font-weight: 400;\"><strong>COMMUNICATION<\/strong>\u00a0: (site internet &amp; r\u00e9seaux sociaux): Cecilia Carlander, Fanny Jerlstr\u00f6m<\/p><p style=\"font-weight: 400;\"><strong>AF DOUCE FRANCE<\/strong>\u00a0: (programme &amp; communication): Klara Gullstr\u00f6m , Martine Barikore<\/p><p style=\"font-weight: 400;\"><strong>BOURSES<\/strong> : Mickaelle Cedergren, Val\u00e9rie Alfv\u00e9n (mission en dehors du conseil d\u2019administration)<\/p>\t\t\t\t\t\t\t\t<\/div>\n\t\t\t\t<\/div>\n\t\t\t\t\t<\/div>\n\t\t\t\t<\/div>\n\t\t<div class=\"elementor-element elementor-element-a8b202e e-flex e-con-boxed e-con e-parent\" data-id=\"a8b202e\" data-element_type=\"container\">\n\t\t\t\t\t<div class=\"e-con-inner\">\n\t\t\t\t<div class=\"elementor-element elementor-element-2df4680 elementor-widget elementor-widget-heading\" data-id=\"2df4680\" data-element_type=\"widget\" data-widget_type=\"heading.default\">\n\t\t\t\t<div class=\"elementor-widget-container\">\n\t\t\t\t\t<h6 class=\"elementor-heading-title elementor-size-default\">Nos objectifs et activit\u00e9s<\/h6>\t\t\t\t<\/div>\n\t\t\t\t<\/div>\n\t\t\t\t\t<\/div>\n\t\t\t\t<\/div>\n\t\t<div class=\"elementor-element elementor-element-0d366e1 e-flex e-con-boxed e-con e-parent\" data-id=\"0d366e1\" data-element_type=\"container\">\n\t\t\t\t\t<div class=\"e-con-inner\">\n\t\t\t\t<div class=\"elementor-element elementor-element-dd67a8e elementor-widget elementor-widget-text-editor\" data-id=\"dd67a8e\" data-element_type=\"widget\" data-widget_type=\"text-editor.default\">\n\t\t\t\t<div class=\"elementor-widget-container\">\n\t\t\t\t\t\t\t\t\t<p style=\"font-weight: 400;\">L\u2019objectif de l\u2019association est de promouvoir la connaissance de la langue et de la culture fran\u00e7aises. Cela passe par l\u2019organisation de diff\u00e9rents \u00e9v\u00e9nements telles que des conf\u00e9rences ou des activit\u00e9s relatives \u00e0 la France et aux autres pays francophones de par le monde. Le programme est la plupart du temps tenu en fran\u00e7ais, cela \u00e9tant certaines activit\u00e9s sont propos\u00e9es en su\u00e9dois.<\/p><p style=\"font-weight: 400;\">Au cours des derni\u00e8res ann\u00e9es, nos activit\u00e9s se sont enrichies et diversifi\u00e9es. Nous proposons dor\u00e9navant non seulement des soir\u00e9es de conf\u00e9rences dans divers lieux, mais \u00e9galement des visites guid\u00e9es de quartiers de la ville de Stockholm ou de mus\u00e9es et esp\u00e9rons en 2025 vous faire de nouveau participer au D\u00e9fi Intralliances.<\/p><p style=\"font-weight: 400;\">Nous sommes heureux d&rsquo;annoncer une nouveaut\u00e9 au sein de l&rsquo;Alliance Fran\u00e7aise de Stockholm : la cr\u00e9ation de \u00ab AF Douce France \u00bb. Gr\u00e2ce \u00e0 cette initiative, vous aurez l&rsquo;occasion de d\u00e9couvrir l&rsquo;Art de Vivre \u00e0 la Fran\u00e7aise sous diff\u00e9rentes facettes.<\/p><p style=\"font-weight: 400;\">Nos adh\u00e9rents poss\u00e8dent des niveaux de comp\u00e9tences en fran\u00e7ais vari\u00e9s. Bien que la ma\u00eetrise de la langue soit un avantage pour profiter pleinement de nos activit\u00e9s, elle n&rsquo;est pas indispensable pour participer. Afin de r\u00e9pondre aux attentes des membres ayant une connaissance mod\u00e9r\u00e9e du fran\u00e7ais mais un vif int\u00e9r\u00eat pour la culture fran\u00e7aise, nous veillons \u00e0 organiser au moins une activit\u00e9 trimestrielle en su\u00e9dois.<\/p>\t\t\t\t\t\t\t\t<\/div>\n\t\t\t\t<\/div>\n\t\t\t\t\t<\/div>\n\t\t\t\t<\/div>\n\t\t<div class=\"elementor-element elementor-element-352484b e-flex e-con-boxed e-con e-parent\" data-id=\"352484b\" data-element_type=\"container\">\n\t\t\t\t\t<div class=\"e-con-inner\">\n\t\t\t\t<div class=\"elementor-element elementor-element-673fe4e elementor-widget elementor-widget-heading\" data-id=\"673fe4e\" data-element_type=\"widget\" data-widget_type=\"heading.default\">\n\t\t\t\t<div class=\"elementor-widget-container\">\n\t\t\t\t\t<h6 class=\"elementor-heading-title elementor-size-default\">Historique de la pr\u00e9sidence de l'Alliance Fran\u00e7aise de Stockholm<\/h6>\t\t\t\t<\/div>\n\t\t\t\t<\/div>\n\t\t\t\t\t<\/div>\n\t\t\t\t<\/div>\n\t\t<div class=\"elementor-element elementor-element-fe48b83 e-flex e-con-boxed e-con e-parent\" data-id=\"fe48b83\" data-element_type=\"container\">\n\t\t\t\t\t<div class=\"e-con-inner\">\n\t\t\t\t<div class=\"elementor-element elementor-element-9b9a778 elementor-widget elementor-widget-text-editor\" data-id=\"9b9a778\" data-element_type=\"widget\" data-widget_type=\"text-editor.default\">\n\t\t\t\t<div class=\"elementor-widget-container\">\n\t\t\t\t\t\t\t\t\t<p>Cliquez <a href=\"http:\/\/alliancefr.se\/stockholm\/wp-content\/uploads\/sites\/21\/2025\/03\/Presidents-AF-Stockholm-1890-2023.pdf\">ici<\/a> pour voir le document en format pdf.<\/p>\t\t\t\t\t\t\t\t<\/div>\n\t\t\t\t<\/div>\n\t\t\t\t\t<\/div>\n\t\t\t\t<\/div>\n\t\t<div class=\"elementor-element elementor-element-5e3f32d e-flex e-con-boxed e-con e-parent\" data-id=\"5e3f32d\" data-element_type=\"container\">\n\t\t\t\t\t<div class=\"e-con-inner\">\n\t\t\t\t<div class=\"elementor-element elementor-element-350ea13 elementor-widget elementor-widget-image\" data-id=\"350ea13\" data-element_type=\"widget\" data-widget_type=\"image.default\">\n\t\t\t\t<div class=\"elementor-widget-container\">\n\t\t\t\t\t\t\t\t\t\t\t\t\t\t\t<img fetchpriority=\"high\" decoding=\"async\" width=\"453\" height=\"655\" src=\"https:\/\/alliancefr.se\/stockholm\/wp-content\/uploads\/sites\/21\/2024\/11\/Sans-titre.png\" class=\"attachment-large size-large wp-image-4119\" alt=\"\" \/>\t\t\t\t\t\t\t\t\t\t\t\t\t\t\t<\/div>\n\t\t\t\t<\/div>\n\t\t\t\t\t<\/div>\n\t\t\t\t<\/div>\n\t\t\t\t<\/div>\n\t\t","protected":false},"excerpt":{"rendered":"<p>Alliance Fran\u00e7aise de Stockholm L&rsquo;Alliance fran\u00e7aise de Stockholm, fond\u00e9e en 1889, est la premi\u00e8re \u00e0 voir le jour en Su\u00e8de. Depuis sa cr\u00e9ation, elle a \u00e9t\u00e9 dirig\u00e9e par de nombreux pr\u00e9sidents, chacun apportant sa pierre \u00e0 l\u2019\u00e9difice et renfor\u00e7ant ainsi les liens culturels entre la France et la Su\u00e8de. Aujourd&rsquo;hui, notre association rassemble environ 350 adh\u00e9rents, unis par une m\u00eame passion pour la langue et la culture fran\u00e7aises. Notre conseil d&rsquo;administration L&rsquo;Alliance Fran\u00e7aise est une association politiquement et religieusement ind\u00e9pendante qui ne per\u00e7oit aucune subvention mais d\u00e9pend enti\u00e8rement des cotisations de ses membres. Les membres du conseil d&rsquo;administration travaillent b\u00e9n\u00e9volement et se r\u00e9partissent les domaines de responsabilit\u00e9 de la mani\u00e8re suivante : PR\u00c9SIDENCE\u00a0: Micka\u00eblle Cedergren (pr\u00e9sidente), Carina Idberg (vice pr\u00e9sidente) ADMINISTRATION\u00a0: Eva Hasselblad (secr\u00e9taire), Kenneth Olsson (registre des membres) TR\u00c9SORERIE\u00a0: Claes Eliasson PROGRAMME\u00a0: Carina Idberg, Harriet Svensson, Jeanne Tullberg COMMUNICATION\u00a0: (site internet &amp; r\u00e9seaux sociaux): Cecilia Carlander, Fanny Jerlstr\u00f6m AF DOUCE FRANCE\u00a0: (programme &amp; communication): Klara Gullstr\u00f6m , Martine Barikore BOURSES : Mickaelle Cedergren, Val\u00e9rie Alfv\u00e9n (mission en dehors du conseil d\u2019administration) Nos objectifs et activit\u00e9s L\u2019objectif de l\u2019association est de promouvoir la connaissance de la langue et de la culture fran\u00e7aises. Cela passe par l\u2019organisation de diff\u00e9rents \u00e9v\u00e9nements telles que des conf\u00e9rences ou des activit\u00e9s relatives \u00e0 la France et aux autres pays francophones de par le monde. Le programme est la plupart du temps tenu en fran\u00e7ais, cela \u00e9tant certaines activit\u00e9s sont propos\u00e9es en su\u00e9dois. Au cours des derni\u00e8res ann\u00e9es, nos activit\u00e9s se sont enrichies et diversifi\u00e9es. Nous proposons dor\u00e9navant non seulement des soir\u00e9es de conf\u00e9rences dans divers lieux, mais \u00e9galement des visites guid\u00e9es de quartiers de la ville de Stockholm ou de mus\u00e9es et esp\u00e9rons en 2025 vous faire de nouveau participer au D\u00e9fi Intralliances. Nous sommes heureux d&rsquo;annoncer une nouveaut\u00e9 au sein de l&rsquo;Alliance Fran\u00e7aise de Stockholm : la cr\u00e9ation de \u00ab AF Douce France \u00bb. Gr\u00e2ce \u00e0 cette initiative, vous aurez l&rsquo;occasion de d\u00e9couvrir l&rsquo;Art de Vivre \u00e0 la Fran\u00e7aise sous diff\u00e9rentes facettes. Nos adh\u00e9rents poss\u00e8dent des niveaux de comp\u00e9tences en fran\u00e7ais vari\u00e9s. Bien que la ma\u00eetrise de la langue soit un avantage pour profiter pleinement de nos activit\u00e9s, elle n&rsquo;est pas indispensable pour participer. Afin de r\u00e9pondre aux attentes des membres ayant une connaissance mod\u00e9r\u00e9e du fran\u00e7ais mais un vif int\u00e9r\u00eat pour la culture fran\u00e7aise, nous veillons \u00e0 organiser au moins une activit\u00e9 trimestrielle en su\u00e9dois. Historique de la pr\u00e9sidence de l&rsquo;Alliance Fran\u00e7aise de Stockholm Cliquez ici pour voir le document en format pdf.<\/p>\n","protected":false},"author":1,"featured_media":0,"parent":0,"menu_order":0,"comment_status":"closed","ping_status":"closed","template":"","meta":{"om_disable_all_campaigns":false,"_monsterinsights_skip_tracking":false,"_monsterinsights_sitenote_active":false,"_monsterinsights_sitenote_note":"","_monsterinsights_sitenote_category":0,"_uf_show_specific_survey":0,"_uf_disable_surveys":false,"footnotes":""},"class_list":["post-4074","page","type-page","status-publish","hentry"],"aioseo_notices":[],"rttpg_featured_image_url":null,"rttpg_author":{"display_name":"Super.admin","author_link":"https:\/\/alliancefr.se\/stockholm\/author\/admin2174\/"},"rttpg_comment":0,"rttpg_category":" <a href=\"https:\/\/alliancefr.se\/stockholm\/fr\/\" rel=\"tag\">Fran\u00e7ais<\/a>","rttpg_excerpt":"Alliance Fran\u00e7aise de Stockholm L&rsquo;Alliance fran\u00e7aise de Stockholm, fond\u00e9e en 1889, est la premi\u00e8re \u00e0 voir le jour en Su\u00e8de. Depuis sa cr\u00e9ation, elle a \u00e9t\u00e9 dirig\u00e9e par de nombreux pr\u00e9sidents, chacun apportant sa pierre \u00e0 l\u2019\u00e9difice et renfor\u00e7ant ainsi les liens culturels entre la France et la Su\u00e8de. Aujourd&rsquo;hui, notre association rassemble environ 350\u2026","_links":{"self":[{"href":"https:\/\/alliancefr.se\/stockholm\/wp-json\/wp\/v2\/pages\/4074","targetHints":{"allow":["GET"]}}],"collection":[{"href":"https:\/\/alliancefr.se\/stockholm\/wp-json\/wp\/v2\/pages"}],"about":[{"href":"https:\/\/alliancefr.se\/stockholm\/wp-json\/wp\/v2\/types\/page"}],"author":[{"embeddable":true,"href":"https:\/\/alliancefr.se\/stockholm\/wp-json\/wp\/v2\/users\/1"}],"replies":[{"embeddable":true,"href":"https:\/\/alliancefr.se\/stockholm\/wp-json\/wp\/v2\/comments?post=4074"}],"version-history":[{"count":22,"href":"https:\/\/alliancefr.se\/stockholm\/wp-json\/wp\/v2\/pages\/4074\/revisions"}],"predecessor-version":[{"id":4527,"href":"https:\/\/alliancefr.se\/stockholm\/wp-json\/wp\/v2\/pages\/4074\/revisions\/4527"}],"wp:attachment":[{"href":"https:\/\/alliancefr.se\/stockholm\/wp-json\/wp\/v2\/media?parent=4074"}],"curies":[{"name":"wp","href":"https:\/\/api.w.org\/{rel}","templated":true}]}}