{"id":4061,"date":"2024-10-02T16:11:18","date_gmt":"2024-10-02T14:11:18","guid":{"rendered":"https:\/\/alliancefr.se\/stockholm\/?page_id=4061"},"modified":"2025-04-15T13:17:59","modified_gmt":"2025-04-15T11:17:59","slug":"resurser","status":"publish","type":"page","link":"https:\/\/alliancefr.se\/stockholm\/resurser\/","title":{"rendered":"Media-tips"},"content":{"rendered":"\t\t<div data-elementor-type=\"wp-page\" data-elementor-id=\"4061\" class=\"elementor elementor-4061\">\n\t\t\t\t<div class=\"elementor-element elementor-element-6969bd9 e-flex e-con-boxed e-con e-parent\" data-id=\"6969bd9\" data-element_type=\"container\">\n\t\t\t\t\t<div class=\"e-con-inner\">\n\t\t\t\t<div class=\"elementor-element elementor-element-8c6060b elementor-widget elementor-widget-text-editor\" data-id=\"8c6060b\" data-element_type=\"widget\" data-widget_type=\"text-editor.default\">\n\t\t\t\t<div class=\"elementor-widget-container\">\n\t\t\t\t\t\t\t\t\t<div><div><div id=\"v1replybody1\"><div><div class=\"v1v1elementToProof\">Nedan ges n\u00e5gra tips p\u00e5 franskspr\u00e5kig media som du kommer \u00e5t fr\u00e5n Sverige. teveprogram, radioprogram och poddar av olika slag som vi p\u00e5 AF Stockholm tittar och lyssnar p\u00e5.<\/div><\/div><\/div><\/div><\/div>\t\t\t\t\t\t\t\t<\/div>\n\t\t\t\t<\/div>\n\t\t\t\t\t<\/div>\n\t\t\t\t<\/div>\n\t\t<div class=\"elementor-element elementor-element-d494c9d e-flex e-con-boxed e-con e-parent\" data-id=\"d494c9d\" data-element_type=\"container\">\n\t\t\t\t\t<div class=\"e-con-inner\">\n\t\t\t\t<div class=\"elementor-element elementor-element-7d92421 elementor-widget elementor-widget-text-editor\" data-id=\"7d92421\" data-element_type=\"widget\" data-widget_type=\"text-editor.default\">\n\t\t\t\t<div class=\"elementor-widget-container\">\n\t\t\t\t\t\t\t\t\t<p><strong><a href=\"https:\/\/www.tv5mondeplus.com\/fr\">TV5 MONDE PLUS <\/a><\/strong><\/p><p>TV5MONDE \u00e4r ett franskspr\u00e5kigt audiovisuellt public service-bolag som best\u00e5r av 8 allm\u00e4n-, kultur- och franskspr\u00e5kiga kanaler, tv\u00e5 temakanaler (barn och livsstil) och en gratis franskspr\u00e5kig plattform f\u00f6r hela v\u00e4rlden, TV5MONDEplus.<\/p><p>Klicka <a href=\"https:\/\/www.tv5mondeplus.com\/fr\">H\u00e4r<\/a>\u00a0 f\u00f6r att hitta TV5 Monde Plus<\/p><p style=\"font-weight: 400\"><strong><a href=\"https:\/\/www.arte.tv\/fr\/\">ARTE<\/a><\/strong><\/p><p>Kultur- och utbildnings-TV med dokument\u00e4rer, auteurfilmer, konserter, serier och program om olika \u00e4mnen (historia, vetenskap, milj\u00f6, samh\u00e4lle).<\/p><p>Klicka h\u00e4r f\u00f6r att hitta Arte.<\/p><p>Klicka\u00a0<a href=\"https:\/\/www.arte.tv\/fr\/\">h\u00e4r<\/a> f\u00f6r att hitta Arte.\u00a0<\/p><p style=\"font-weight: 400\"><strong><a href=\"https:\/\/www.ina.fr\">INA<\/a> (Institut National de l\u2019Audiovisuel)<\/strong><\/p><p style=\"font-weight: 400\">En plattform med ett rikt audiovisuellt inneh\u00e5ll som samlar och fr\u00e4mjar Frankrikes audiovisuella arv.<\/p><p style=\"font-weight: 400\">Klicka\u00a0<a href=\"https:\/\/www.ina.fr\">h\u00e4r<\/a> f\u00f6r att hitta l&rsquo;INA.<\/p><p style=\"font-weight: 400\"><a href=\"https:\/\/www.radiofrance.fr\"><strong>RADIO FRANCE<\/strong><\/a><\/p><p>Radiostationerna France Inter, France Info, France Bleu, France Culture, France Musique, FIP, MOUV.<\/p><p>De erbjuder ett brett utbud av podcasts, inklusive ljudb\u00f6cker, historia, konst, vetenskap och matlagning, f\u00f6r alla m\u00e5lgrupper, barn, ton\u00e5ringar och vuxna.<\/p><p>Klicka\u00a0<a href=\"https:\/\/www.radiofrance.fr\">h\u00e4r<\/a> f\u00f6r att hitta Radio France.\u00a0<\/p><h6>\u00a0<\/h6><h6 style=\"font-weight: 400\"><span style=\"text-decoration: underline\">ETT LITET URVAL AV PODCASTER<\/span><\/h6><p><a href=\"https:\/\/francaisfacile.rfi.fr\/fr\/podcasts\/journal-en-fran\u00e7ais-facile\/\"><strong>JOURNAL FACILE EN FRAN\u00c7AIS <\/strong><\/a>de RFI (Radio France internationale)<\/p><p style=\"font-weight: 400\">Un vrai journal d\u2019information pour suivre l\u2019actualit\u00e9<\/p><p style=\"font-weight: 400\">internationale en fran\u00e7ais.<\/p><p style=\"font-weight: 400\">Cliquez <a href=\"https:\/\/francaisfacile.rfi.fr\/fr\/podcasts\/journal-en-fran%C3%A7ais-facile\/\">ici<\/a> pour \u00e9couter <em>Journal en fran\u00e7ais facile<\/em>.<\/p><p style=\"font-weight: 400\"><a href=\"https:\/\/www.rfi.fr\/fr\/podcasts\/vives-voix\/\"><strong>DE VIVE(S) VOIX <\/strong><\/a>de RFI<\/p><p style=\"font-weight: 400\">La langue Francaise dans le monde et cultures orales.<\/p><p>Cliquez <a href=\"https:\/\/www.rfi.fr\/fr\/podcasts\/vives-voix\/\">ici<\/a> pour \u00e9couter De vive(s) voix.<\/p><p style=\"font-weight: 400\"><a href=\"https:\/\/www.radiofrance.fr\/franceculture\/podcasts\/l-instant-poesie\"><strong>L\u00b4INSTANT POESIE <\/strong><\/a>de France Culture<\/p><p style=\"font-weight: 400\">Po\u00e8mes classiques ou contemporains lus par des com\u00e9diens.<\/p><p style=\"font-weight: 400\">Cliquez <a href=\"https:\/\/www.radiofrance.fr\/franceculture\/podcasts\/l-instant-poesie\">ici<\/a> pour \u00e9couter <em>L&rsquo;instant po\u00e9sie<\/em>.<\/p><p style=\"font-weight: 400\"><a href=\"https:\/\/www.radiofrance.fr\/franceinter\/podcasts\/on-va-deguster\"><strong>ON VA DEGUSTER <\/strong><\/a>de France Inter<\/p><p style=\"font-weight: 400\">Actualit\u00e9 gastronomique.<\/p><p>Cliquez <a href=\"https:\/\/www.radiofrance.fr\/franceinter\/podcasts\/on-va-deguster\">ici<\/a> pour \u00e9couter <em>On va d\u00e9guster<\/em>.\u00a0<\/p><p style=\"font-weight: 400\"><a href=\"https:\/\/www.europe1.fr\/emissions\/Au-coeur-de-l-histoire\"><strong>AU COEUR DE L\u2019HISTOIRE<\/strong><\/a>\u00a0de Europe 1<\/p><p style=\"font-weight: 400\">R\u00e9cits 100 % immersifs sur l\u2019histoire.<\/p><p>Cliquez <a href=\"https:\/\/www.europe1.fr\/emissions\/Au-coeur-de-l-histoire\">ici<\/a> pour \u00e9couter <em>Au coeur de l&rsquo;Histoire<\/em>.\u00a0<\/p><p style=\"font-weight: 400\"><a href=\"https:\/\/www.radiofrance.fr\/franceinter\/podcasts\/sur-les-epaules-de-darwin\"><strong>SUR LES \u00c9PAULES DE DARWIN<\/strong><\/a>\u00a0de France Inter<\/p><p style=\"font-weight: 400\">Sciences philosohie culture.\u00a0<\/p><p>Cliquez <a href=\"https:\/\/www.radiofrance.fr\/franceinter\/podcasts\/sur-les-epaules-de-darwin\">ici<\/a> pour \u00e9couter <em>Sur les \u00e9paules de Darwin<\/em>.\u00a0<\/p><p style=\"font-weight: 400\"><a href=\"https:\/\/www.radiofrance.fr\/franceinter\/podcasts\/la-terre-au-carre\"><strong>LA T\u00caTE AU CARR\u00c9<\/strong><\/a>\u00a0de France Inter<\/p><p style=\"font-weight: 400\">Actualit\u00e9 de la plan\u00e8te, nature, climat, poluution, id\u00e9es\u2026<\/p><p>Cliquez <a href=\"https:\/\/www.radiofrance.fr\/franceinter\/podcasts\/la-terre-au-carre\">ici<\/a> pour \u00e9couter <em>La t\u00eate au carr\u00e9<\/em>.\u00a0<\/p><p style=\"font-weight: 400\"><a href=\"https:\/\/www.radiofrance.fr\/franceinter\/podcasts\/grand-bien-vous-fasse\"><strong>GRAND BIEN VOUS FASSE<\/strong><\/a>\u00a0de France Inter<\/p><p style=\"font-weight: 400\">Questions soci\u00e9tales.\u00a0<\/p><p>Cliquez <a href=\"https:\/\/www.radiofrance.fr\/franceinter\/podcasts\/grand-bien-vous-fasse\">ici<\/a> pour \u00e9couter <em>Grand bien vous fasse<\/em>.\u00a0<\/p><p style=\"font-weight: 400\"><a href=\"https:\/\/www.francaisauthentique.com\/podcasts\/\"><strong>FRAN\u00c7AIS AUTHENTIQUE <\/strong><\/a><\/p><p style=\"font-weight: 400\">Le fran\u00e7ais tel qu&rsquo;il est r\u00e9ellement parl\u00e9 dans la vie quotidienne pour se familiariser avec\u00a0la langue fran\u00e7aise de mani\u00e8re authentique).<\/p><p>Cliquez <a href=\"https:\/\/www.francaisauthentique.com\/podcasts\/\">ici<\/a> pour \u00e9couter <em>Fran\u00e7ais Authentique<\/em><\/p><p style=\"font-weight: 400\"><a href=\"https:\/\/languatalk.com\/blog\/podcast\/french\"><strong>LANGUATALK SLOW FRENCH<\/strong><\/a><\/p><p style=\"font-weight: 400\">Sujets allant des conversations quotidiennes aux sujets culturels, le tout \u00e0 un rythme favorisant la compr\u00e9hension sans se sentir d\u00e9pass\u00e9.<\/p><p>Cliquez <a href=\"https:\/\/languatalk.com\/blog\/podcast\/french\">ici<\/a> pour \u00e9couter <em>Languatalk Slow French<\/em>.\u00a0<\/p>\t\t\t\t\t\t\t\t<\/div>\n\t\t\t\t<\/div>\n\t\t\t\t\t<\/div>\n\t\t\t\t<\/div>\n\t\t\t\t<\/div>\n\t\t","protected":false},"excerpt":{"rendered":"<p>Nedan ges n\u00e5gra tips p\u00e5 franskspr\u00e5kig media som du kommer \u00e5t fr\u00e5n Sverige. teveprogram, radioprogram och poddar av olika slag som vi p\u00e5 AF Stockholm tittar och lyssnar p\u00e5. TV5 MONDE PLUS TV5MONDE \u00e4r ett franskspr\u00e5kigt audiovisuellt public service-bolag som best\u00e5r av 8 allm\u00e4n-, kultur- och franskspr\u00e5kiga kanaler, tv\u00e5 temakanaler (barn och livsstil) och en gratis franskspr\u00e5kig plattform f\u00f6r hela v\u00e4rlden, TV5MONDEplus. Klicka H\u00e4r\u00a0 f\u00f6r att hitta TV5 Monde Plus ARTE Kultur- och utbildnings-TV med dokument\u00e4rer, auteurfilmer, konserter, serier och program om olika \u00e4mnen (historia, vetenskap, milj\u00f6, samh\u00e4lle). Klicka h\u00e4r f\u00f6r att hitta Arte. Klicka\u00a0h\u00e4r f\u00f6r att hitta Arte.\u00a0 INA (Institut National de l\u2019Audiovisuel) En plattform med ett rikt audiovisuellt inneh\u00e5ll som samlar och fr\u00e4mjar Frankrikes audiovisuella arv. Klicka\u00a0h\u00e4r f\u00f6r att hitta l&rsquo;INA. RADIO FRANCE Radiostationerna France Inter, France Info, France Bleu, France Culture, France Musique, FIP, MOUV. De erbjuder ett brett utbud av podcasts, inklusive ljudb\u00f6cker, historia, konst, vetenskap och matlagning, f\u00f6r alla m\u00e5lgrupper, barn, ton\u00e5ringar och vuxna. Klicka\u00a0h\u00e4r f\u00f6r att hitta Radio France.\u00a0 \u00a0 ETT LITET URVAL AV PODCASTER JOURNAL FACILE EN FRAN\u00c7AIS de RFI (Radio France internationale) Un vrai journal d\u2019information pour suivre l\u2019actualit\u00e9 internationale en fran\u00e7ais. Cliquez ici pour \u00e9couter Journal en fran\u00e7ais facile. DE VIVE(S) VOIX de RFI La langue Francaise dans le monde et cultures orales. Cliquez ici pour \u00e9couter De vive(s) voix. L\u00b4INSTANT POESIE de France Culture Po\u00e8mes classiques ou contemporains lus par des com\u00e9diens. Cliquez ici pour \u00e9couter L&rsquo;instant po\u00e9sie. ON VA DEGUSTER de France Inter Actualit\u00e9 gastronomique. Cliquez ici pour \u00e9couter On va d\u00e9guster.\u00a0 AU COEUR DE L\u2019HISTOIRE\u00a0de Europe 1 R\u00e9cits 100 % immersifs sur l\u2019histoire. Cliquez ici pour \u00e9couter Au coeur de l&rsquo;Histoire.\u00a0 SUR LES \u00c9PAULES DE DARWIN\u00a0de France Inter Sciences philosohie culture.\u00a0 Cliquez ici pour \u00e9couter Sur les \u00e9paules de Darwin.\u00a0 LA T\u00caTE AU CARR\u00c9\u00a0de France Inter Actualit\u00e9 de la plan\u00e8te, nature, climat, poluution, id\u00e9es\u2026 Cliquez ici pour \u00e9couter La t\u00eate au carr\u00e9.\u00a0 GRAND BIEN VOUS FASSE\u00a0de France Inter Questions soci\u00e9tales.\u00a0 Cliquez ici pour \u00e9couter Grand bien vous fasse.\u00a0 FRAN\u00c7AIS AUTHENTIQUE Le fran\u00e7ais tel qu&rsquo;il est r\u00e9ellement parl\u00e9 dans la vie quotidienne pour se familiariser avec\u00a0la langue fran\u00e7aise de mani\u00e8re authentique). Cliquez ici pour \u00e9couter Fran\u00e7ais Authentique LANGUATALK SLOW FRENCH Sujets allant des conversations quotidiennes aux sujets culturels, le tout \u00e0 un rythme favorisant la compr\u00e9hension sans se sentir d\u00e9pass\u00e9. Cliquez ici pour \u00e9couter Languatalk Slow French.\u00a0<\/p>\n","protected":false},"author":1,"featured_media":0,"parent":0,"menu_order":0,"comment_status":"closed","ping_status":"closed","template":"","meta":{"om_disable_all_campaigns":false,"_monsterinsights_skip_tracking":false,"_monsterinsights_sitenote_active":false,"_monsterinsights_sitenote_note":"","_monsterinsights_sitenote_category":0,"_uf_show_specific_survey":0,"_uf_disable_surveys":false,"footnotes":""},"class_list":["post-4061","page","type-page","status-publish","hentry"],"aioseo_notices":[],"rttpg_featured_image_url":null,"rttpg_author":{"display_name":"Super.admin","author_link":"https:\/\/alliancefr.se\/stockholm\/author\/admin2174\/"},"rttpg_comment":0,"rttpg_category":" <a href=\"https:\/\/alliancefr.se\/stockholm\/\" rel=\"tag\">Svenska<\/a>","rttpg_excerpt":"Nedan ges n\u00e5gra tips p\u00e5 franskspr\u00e5kig media som du kommer \u00e5t fr\u00e5n Sverige. teveprogram, radioprogram och poddar av olika slag som vi p\u00e5 AF Stockholm tittar och lyssnar p\u00e5. TV5 MONDE PLUS TV5MONDE \u00e4r ett franskspr\u00e5kigt audiovisuellt public service-bolag som best\u00e5r av 8 allm\u00e4n-, kultur- och franskspr\u00e5kiga kanaler, tv\u00e5 temakanaler (barn och livsstil) och en\u2026","_links":{"self":[{"href":"https:\/\/alliancefr.se\/stockholm\/wp-json\/wp\/v2\/pages\/4061","targetHints":{"allow":["GET"]}}],"collection":[{"href":"https:\/\/alliancefr.se\/stockholm\/wp-json\/wp\/v2\/pages"}],"about":[{"href":"https:\/\/alliancefr.se\/stockholm\/wp-json\/wp\/v2\/types\/page"}],"author":[{"embeddable":true,"href":"https:\/\/alliancefr.se\/stockholm\/wp-json\/wp\/v2\/users\/1"}],"replies":[{"embeddable":true,"href":"https:\/\/alliancefr.se\/stockholm\/wp-json\/wp\/v2\/comments?post=4061"}],"version-history":[{"count":11,"href":"https:\/\/alliancefr.se\/stockholm\/wp-json\/wp\/v2\/pages\/4061\/revisions"}],"predecessor-version":[{"id":4637,"href":"https:\/\/alliancefr.se\/stockholm\/wp-json\/wp\/v2\/pages\/4061\/revisions\/4637"}],"wp:attachment":[{"href":"https:\/\/alliancefr.se\/stockholm\/wp-json\/wp\/v2\/media?parent=4061"}],"curies":[{"name":"wp","href":"https:\/\/api.w.org\/{rel}","templated":true}]}}