{"id":4055,"date":"2024-10-02T15:52:04","date_gmt":"2024-10-02T13:52:04","guid":{"rendered":"https:\/\/alliancefr.se\/stockholm\/?page_id=4055"},"modified":"2025-04-15T14:22:59","modified_gmt":"2025-04-15T12:22:59","slug":"ressources","status":"publish","type":"page","link":"https:\/\/alliancefr.se\/stockholm\/fr\/ressources\/","title":{"rendered":"Ressources"},"content":{"rendered":"\t\t<div data-elementor-type=\"wp-page\" data-elementor-id=\"4055\" class=\"elementor elementor-4055\">\n\t\t\t\t<div class=\"elementor-element elementor-element-f878b9d e-flex e-con-boxed e-con e-parent\" data-id=\"f878b9d\" data-element_type=\"container\">\n\t\t\t\t\t<div class=\"e-con-inner\">\n\t\t\t\t<div class=\"elementor-element elementor-element-9d54e36 elementor-widget elementor-widget-text-editor\" data-id=\"9d54e36\" data-element_type=\"widget\" data-widget_type=\"text-editor.default\">\n\t\t\t\t<div class=\"elementor-widget-container\">\n\t\t\t\t\t\t\t\t\t<p>Voici quelques m\u00e9dias francophones auxquels vous pouvez acc\u00e9der depuis la Su\u00e8de. Des programmes t\u00e9l\u00e9vis\u00e9s, des \u00e9missions de radio et des podcasts de toutes sortes que nous regardons et \u00e9coutons \u00e0 l&rsquo;AF Stockholm.<\/p><p><strong><a href=\"https:\/\/www.tv5mondeplus.com\/fr\">TV5 MONDE PLUS<\/a><\/strong><\/p><p>Service public des services publics audiovisuels francophones, TV5MONDE, ce sont 8 cha\u00eenes g\u00e9n\u00e9ralistes, culturelles, francophones, deux cha\u00eenes th\u00e9matiques (enfants et art de vivre) et une plateforme francophone mondiale et gratuite TV5MONDEplus.<\/p><p>cliquez <a href=\"https:\/\/www.tv5mondeplus.com\/fr\">ici<\/a> pour retrouver TV5MONDEplus<\/p><p style=\"font-weight: 400\"><strong><a href=\"https:\/\/www.arte.tv\/fr\/\">ARTE<\/a><\/strong><\/p><p style=\"font-weight: 400\">TV culturelle et \u00e9ducative avec des documentaires, films d&rsquo;auteur, concerts, s\u00e9ries et \u00e9missions abordant des sujets vari\u00e9s (histoire, science, environnement, soci\u00e9t\u00e9).<\/p><p>Cliquez <a href=\"https:\/\/www.arte.tv\/fr\/\">ici<\/a> pour retrouver Arte.\u00a0<\/p><p style=\"font-weight: 400\"><strong><a href=\"https:\/\/www.ina.fr\">INA<\/a> (Institut National de l\u2019Audiovisuel)<\/strong><\/p><p style=\"font-weight: 400\">Plateforme riche en contenus audiovisuels qui regroupe et valorise le patrimoine audiovisuel fran\u00e7ais.<\/p><p style=\"font-weight: 400\">Cliquez <a href=\"https:\/\/www.ina.fr\">ici<\/a> pour retrouver l&rsquo;INA.<\/p><p style=\"font-weight: 400\"><a href=\"https:\/\/www.radiofrance.fr\"><strong>RADIO FRANCE<\/strong><\/a><\/p><p style=\"font-weight: 400\">Regroupement des radios <strong>France Inter, France Info, France Bleu , France Culture, France Musique, FIP, MOUV\u2019 <\/strong><\/p><p style=\"font-weight: 400\">Qui proposent entre autres de nombreux Podcasts: Livres audio, Histoire, Art, Sciences, Cuisine\u2026 et pour tout les publics , enfant, adolescent, adulte.<\/p><p>Cliquez <a href=\"https:\/\/www.radiofrance.fr\">ici<\/a> pour retrouver Radio France.\u00a0<\/p><h6>\u00a0<\/h6><h6 style=\"font-weight: 400\"><strong><u>UNE PETITE S\u00c9LECTION DE PODCASTS<\/u><\/strong><\/h6><p><a href=\"https:\/\/francaisfacile.rfi.fr\/fr\/podcasts\/journal-en-fran\u00e7ais-facile\/\"><strong>JOURNAL FACILE EN FRAN\u00c7AIS <\/strong><\/a>de RFI (Radio France internationale)<\/p><p style=\"font-weight: 400\">Un vrai journal d\u2019information pour suivre l\u2019actualit\u00e9<\/p><p style=\"font-weight: 400\">internationale en fran\u00e7ais.<\/p><p style=\"font-weight: 400\">Cliquez <a href=\"https:\/\/francaisfacile.rfi.fr\/fr\/podcasts\/journal-en-fran%C3%A7ais-facile\/\">ici<\/a> pour \u00e9couter <em>Journal en fran\u00e7ais facile<\/em>.<\/p><p style=\"font-weight: 400\"><a href=\"https:\/\/www.rfi.fr\/fr\/podcasts\/vives-voix\/\"><strong>DE VIVE(S) VOIX <\/strong><\/a>de RFI<\/p><p style=\"font-weight: 400\">La langue Francaise dans le monde et cultures orales.<\/p><p>Cliquez <a href=\"https:\/\/www.rfi.fr\/fr\/podcasts\/vives-voix\/\">ici<\/a> pour \u00e9couter De vive(s) voix.<\/p><p style=\"font-weight: 400\"><a href=\"https:\/\/www.radiofrance.fr\/franceculture\/podcasts\/l-instant-poesie\"><strong>L\u00b4INSTANT POESIE <\/strong><\/a>de France Culture<\/p><p style=\"font-weight: 400\">Po\u00e8mes classiques ou contemporains lus par des com\u00e9diens.<\/p><p style=\"font-weight: 400\">Cliquez <a href=\"https:\/\/www.radiofrance.fr\/franceculture\/podcasts\/l-instant-poesie\">ici<\/a> pour \u00e9couter <em>L&rsquo;instant po\u00e9sie<\/em>.<\/p><p style=\"font-weight: 400\"><a href=\"https:\/\/www.radiofrance.fr\/franceinter\/podcasts\/on-va-deguster\"><strong>ON VA DEGUSTER <\/strong><\/a>de France Inter<\/p><p style=\"font-weight: 400\">Actualit\u00e9 gastronomique.<\/p><p>Cliquez <a href=\"https:\/\/www.radiofrance.fr\/franceinter\/podcasts\/on-va-deguster\">ici<\/a> pour \u00e9couter <em>On va d\u00e9guster<\/em>.\u00a0<\/p><p style=\"font-weight: 400\"><a href=\"https:\/\/www.europe1.fr\/emissions\/Au-coeur-de-l-histoire\"><strong>AU COEUR DE L\u2019HISTOIRE<\/strong><\/a>\u00a0de Europe 1<\/p><p style=\"font-weight: 400\">R\u00e9cits 100 % immersifs sur l\u2019histoire.<\/p><p>Cliquez <a href=\"https:\/\/www.europe1.fr\/emissions\/Au-coeur-de-l-histoire\">ici<\/a> pour \u00e9couter <em>Au coeur de l&rsquo;Histoire<\/em>.\u00a0<\/p><p style=\"font-weight: 400\"><a href=\"https:\/\/www.radiofrance.fr\/franceinter\/podcasts\/sur-les-epaules-de-darwin\"><strong>SUR LES \u00c9PAULES DE DARWIN<\/strong><\/a>\u00a0de France Inter<\/p><p style=\"font-weight: 400\">Sciences philosohie culture.\u00a0<\/p><p>Cliquez <a href=\"https:\/\/www.radiofrance.fr\/franceinter\/podcasts\/sur-les-epaules-de-darwin\">ici<\/a> pour \u00e9couter <em>Sur les \u00e9paules de Darwin<\/em>.\u00a0<\/p><p style=\"font-weight: 400\"><a href=\"https:\/\/www.radiofrance.fr\/franceinter\/podcasts\/la-terre-au-carre\"><strong>LA T\u00caTE AU CARR\u00c9<\/strong><\/a>\u00a0de France Inter<\/p><p style=\"font-weight: 400\">Actualit\u00e9 de la plan\u00e8te, nature, climat, poluution, id\u00e9es\u2026<\/p><p>Cliquez <a href=\"https:\/\/www.radiofrance.fr\/franceinter\/podcasts\/la-terre-au-carre\">ici<\/a> pour \u00e9couter <em>La t\u00eate au carr\u00e9<\/em>.\u00a0<\/p><p style=\"font-weight: 400\"><a href=\"https:\/\/www.radiofrance.fr\/franceinter\/podcasts\/grand-bien-vous-fasse\"><strong>GRAND BIEN VOUS FASSE<\/strong><\/a>\u00a0de France Inter<\/p><p style=\"font-weight: 400\">Questions soci\u00e9tales.\u00a0<\/p><p>Cliquez <a href=\"https:\/\/www.radiofrance.fr\/franceinter\/podcasts\/grand-bien-vous-fasse\">ici<\/a> pour \u00e9couter <em>Grand bien vous fasse<\/em>.\u00a0<\/p><p style=\"font-weight: 400\"><a href=\"https:\/\/www.francaisauthentique.com\/podcasts\/\"><strong>FRAN\u00c7AIS AUTHENTIQUE <\/strong><\/a><\/p><p style=\"font-weight: 400\">Le fran\u00e7ais tel qu&rsquo;il est r\u00e9ellement parl\u00e9 dans la vie quotidienne pour se familiariser avec\u00a0la langue fran\u00e7aise de mani\u00e8re authentique).<\/p><p>Cliquez <a href=\"https:\/\/www.francaisauthentique.com\/podcasts\/\">ici<\/a> pour \u00e9couter <em>Fran\u00e7ais Authentique<\/em><\/p><p style=\"font-weight: 400\"><a href=\"https:\/\/languatalk.com\/blog\/podcast\/french\"><strong>LANGUATALK SLOW FRENCH<\/strong><\/a><\/p><p style=\"font-weight: 400\">Sujets allant des conversations quotidiennes aux sujets culturels, le tout \u00e0 un rythme favorisant la compr\u00e9hension sans se sentir d\u00e9pass\u00e9.<\/p><p>Cliquez <a href=\"https:\/\/languatalk.com\/blog\/podcast\/french\">ici<\/a> pour \u00e9couter <em>Languatalk Slow French<\/em>.\u00a0<\/p>\t\t\t\t\t\t\t\t<\/div>\n\t\t\t\t<\/div>\n\t\t\t\t\t<\/div>\n\t\t\t\t<\/div>\n\t\t\t\t<\/div>\n\t\t","protected":false},"excerpt":{"rendered":"<p>Voici quelques m\u00e9dias francophones auxquels vous pouvez acc\u00e9der depuis la Su\u00e8de. Des programmes t\u00e9l\u00e9vis\u00e9s, des \u00e9missions de radio et des podcasts de toutes sortes que nous regardons et \u00e9coutons \u00e0 l&rsquo;AF Stockholm. TV5 MONDE PLUS Service public des services publics audiovisuels francophones, TV5MONDE, ce sont 8 cha\u00eenes g\u00e9n\u00e9ralistes, culturelles, francophones, deux cha\u00eenes th\u00e9matiques (enfants et art de vivre) et une plateforme francophone mondiale et gratuite TV5MONDEplus. cliquez ici pour retrouver TV5MONDEplus ARTE TV culturelle et \u00e9ducative avec des documentaires, films d&rsquo;auteur, concerts, s\u00e9ries et \u00e9missions abordant des sujets vari\u00e9s (histoire, science, environnement, soci\u00e9t\u00e9). Cliquez ici pour retrouver Arte.\u00a0 INA (Institut National de l\u2019Audiovisuel) Plateforme riche en contenus audiovisuels qui regroupe et valorise le patrimoine audiovisuel fran\u00e7ais. Cliquez ici pour retrouver l&rsquo;INA. RADIO FRANCE Regroupement des radios France Inter, France Info, France Bleu , France Culture, France Musique, FIP, MOUV\u2019 Qui proposent entre autres de nombreux Podcasts: Livres audio, Histoire, Art, Sciences, Cuisine\u2026 et pour tout les publics , enfant, adolescent, adulte. Cliquez ici pour retrouver Radio France.\u00a0 \u00a0 UNE PETITE S\u00c9LECTION DE PODCASTS JOURNAL FACILE EN FRAN\u00c7AIS de RFI (Radio France internationale) Un vrai journal d\u2019information pour suivre l\u2019actualit\u00e9 internationale en fran\u00e7ais. Cliquez ici pour \u00e9couter Journal en fran\u00e7ais facile. DE VIVE(S) VOIX de RFI La langue Francaise dans le monde et cultures orales. Cliquez ici pour \u00e9couter De vive(s) voix. L\u00b4INSTANT POESIE de France Culture Po\u00e8mes classiques ou contemporains lus par des com\u00e9diens. Cliquez ici pour \u00e9couter L&rsquo;instant po\u00e9sie. ON VA DEGUSTER de France Inter Actualit\u00e9 gastronomique. Cliquez ici pour \u00e9couter On va d\u00e9guster.\u00a0 AU COEUR DE L\u2019HISTOIRE\u00a0de Europe 1 R\u00e9cits 100 % immersifs sur l\u2019histoire. Cliquez ici pour \u00e9couter Au coeur de l&rsquo;Histoire.\u00a0 SUR LES \u00c9PAULES DE DARWIN\u00a0de France Inter Sciences philosohie culture.\u00a0 Cliquez ici pour \u00e9couter Sur les \u00e9paules de Darwin.\u00a0 LA T\u00caTE AU CARR\u00c9\u00a0de France Inter Actualit\u00e9 de la plan\u00e8te, nature, climat, poluution, id\u00e9es\u2026 Cliquez ici pour \u00e9couter La t\u00eate au carr\u00e9.\u00a0 GRAND BIEN VOUS FASSE\u00a0de France Inter Questions soci\u00e9tales.\u00a0 Cliquez ici pour \u00e9couter Grand bien vous fasse.\u00a0 FRAN\u00c7AIS AUTHENTIQUE Le fran\u00e7ais tel qu&rsquo;il est r\u00e9ellement parl\u00e9 dans la vie quotidienne pour se familiariser avec\u00a0la langue fran\u00e7aise de mani\u00e8re authentique). Cliquez ici pour \u00e9couter Fran\u00e7ais Authentique LANGUATALK SLOW FRENCH Sujets allant des conversations quotidiennes aux sujets culturels, le tout \u00e0 un rythme favorisant la compr\u00e9hension sans se sentir d\u00e9pass\u00e9. Cliquez ici pour \u00e9couter Languatalk Slow French.\u00a0<\/p>\n","protected":false},"author":1,"featured_media":0,"parent":0,"menu_order":0,"comment_status":"closed","ping_status":"closed","template":"","meta":{"om_disable_all_campaigns":false,"_monsterinsights_skip_tracking":false,"_monsterinsights_sitenote_active":false,"_monsterinsights_sitenote_note":"","_monsterinsights_sitenote_category":0,"_uf_show_specific_survey":0,"_uf_disable_surveys":false,"footnotes":""},"class_list":["post-4055","page","type-page","status-publish","hentry"],"aioseo_notices":[],"rttpg_featured_image_url":null,"rttpg_author":{"display_name":"Super.admin","author_link":"https:\/\/alliancefr.se\/stockholm\/author\/admin2174\/"},"rttpg_comment":0,"rttpg_category":" <a href=\"https:\/\/alliancefr.se\/stockholm\/fr\/\" rel=\"tag\">Fran\u00e7ais<\/a>","rttpg_excerpt":"Voici quelques m\u00e9dias francophones auxquels vous pouvez acc\u00e9der depuis la Su\u00e8de. Des programmes t\u00e9l\u00e9vis\u00e9s, des \u00e9missions de radio et des podcasts de toutes sortes que nous regardons et \u00e9coutons \u00e0 l&rsquo;AF Stockholm. TV5 MONDE PLUS Service public des services publics audiovisuels francophones, TV5MONDE, ce sont 8 cha\u00eenes g\u00e9n\u00e9ralistes, culturelles, francophones, deux cha\u00eenes th\u00e9matiques (enfants et\u2026","_links":{"self":[{"href":"https:\/\/alliancefr.se\/stockholm\/wp-json\/wp\/v2\/pages\/4055","targetHints":{"allow":["GET"]}}],"collection":[{"href":"https:\/\/alliancefr.se\/stockholm\/wp-json\/wp\/v2\/pages"}],"about":[{"href":"https:\/\/alliancefr.se\/stockholm\/wp-json\/wp\/v2\/types\/page"}],"author":[{"embeddable":true,"href":"https:\/\/alliancefr.se\/stockholm\/wp-json\/wp\/v2\/users\/1"}],"replies":[{"embeddable":true,"href":"https:\/\/alliancefr.se\/stockholm\/wp-json\/wp\/v2\/comments?post=4055"}],"version-history":[{"count":28,"href":"https:\/\/alliancefr.se\/stockholm\/wp-json\/wp\/v2\/pages\/4055\/revisions"}],"predecessor-version":[{"id":4663,"href":"https:\/\/alliancefr.se\/stockholm\/wp-json\/wp\/v2\/pages\/4055\/revisions\/4663"}],"wp:attachment":[{"href":"https:\/\/alliancefr.se\/stockholm\/wp-json\/wp\/v2\/media?parent=4055"}],"curies":[{"name":"wp","href":"https:\/\/api.w.org\/{rel}","templated":true}]}}