{"id":4037,"date":"2024-09-02T19:13:34","date_gmt":"2024-09-02T17:13:34","guid":{"rendered":"https:\/\/alliancefr.se\/stockholm\/?page_id=4037"},"modified":"2024-11-05T10:54:10","modified_gmt":"2024-11-05T09:54:10","slug":"notre-section-jeune","status":"publish","type":"page","link":"https:\/\/alliancefr.se\/stockholm\/fr\/notre-section-jeune\/","title":{"rendered":"AF Douce France"},"content":{"rendered":"\t\t<div data-elementor-type=\"wp-page\" data-elementor-id=\"4037\" class=\"elementor elementor-4037\">\n\t\t\t\t<div class=\"elementor-element elementor-element-34cf539 e-flex e-con-boxed e-con e-parent\" data-id=\"34cf539\" data-element_type=\"container\">\n\t\t\t\t\t<div class=\"e-con-inner\">\n\t\t\t\t<div class=\"elementor-element elementor-element-07d7461 elementor-widget elementor-widget-image\" data-id=\"07d7461\" data-element_type=\"widget\" data-widget_type=\"image.default\">\n\t\t\t\t<div class=\"elementor-widget-container\">\n\t\t\t\t\t\t\t\t\t\t\t\t\t\t\t<img fetchpriority=\"high\" decoding=\"async\" width=\"960\" height=\"355\" src=\"https:\/\/alliancefr.se\/stockholm\/wp-content\/uploads\/sites\/21\/2024\/10\/Douce-France-1024x379.jpg\" class=\"attachment-large size-large wp-image-4093\" alt=\"\" \/>\t\t\t\t\t\t\t\t\t\t\t\t\t\t\t<\/div>\n\t\t\t\t<\/div>\n\t\t\t\t\t<\/div>\n\t\t\t\t<\/div>\n\t\t<div class=\"elementor-element elementor-element-79f6418 e-flex e-con-boxed e-con e-parent\" data-id=\"79f6418\" data-element_type=\"container\">\n\t\t\t\t\t<div class=\"e-con-inner\">\n\t\t\t\t<div class=\"elementor-element elementor-element-ed5f8f7 elementor-widget elementor-widget-text-editor\" data-id=\"ed5f8f7\" data-element_type=\"widget\" data-widget_type=\"text-editor.default\">\n\t\t\t\t<div class=\"elementor-widget-container\">\n\t\t\t\t\t\t\t\t\t<h6 style=\"font-weight: 400;\"><strong>Bienvenue \u00e0 AF Douce France<\/strong><\/h6><p style=\"font-weight: 400;\">\u00ab\u00a0AF Douce France\u00a0\u00bb est une initiative de l&rsquo;Alliance Fran\u00e7aise de Stockholm, cr\u00e9\u00e9e pour offrir un lieu de rencontre spontan\u00e9 aux francophiles.\u00a0<\/p><p style=\"font-weight: 400;\">Tout le monde y est invit\u00e9 \u00e0 profiter de la culture fran\u00e7aise de mani\u00e8re d\u00e9tendue. Que vous aimiez la musique, la gastronomie ou la langue fran\u00e7aise, AF Douce France organise des \u00e9v\u00e9nements pour ceux qui souhaitent d\u00e9couvrir l&rsquo;Art de vivre \u00e0 la fran\u00e7aise.\u00a0<\/p><p style=\"font-weight: 400;\">Tous les \u00e9v\u00e9nements seront annonc\u00e9s 2 \u00e0 3 semaines \u00e0 l&rsquo;avance, alors suivez-nous sur\u00a0<a href=\"https:\/\/www.facebook.com\/profile.php?id=61564978442895\">Facebook<\/a>\u00a0pour ne rien manquer!<\/p><p style=\"font-weight: 400;\">Vous pouvez \u00e9galement devenir membre de l&rsquo;Alliance Fran\u00e7aise de Stockholm pour recevoir nos invitations directement par e-mail.<\/p>\t\t\t\t\t\t\t\t<\/div>\n\t\t\t\t<\/div>\n\t\t\t\t\t<\/div>\n\t\t\t\t<\/div>\n\t\t\t\t<\/div>\n\t\t","protected":false},"excerpt":{"rendered":"<p>Bienvenue \u00e0 AF Douce France \u00ab\u00a0AF Douce France\u00a0\u00bb est une initiative de l&rsquo;Alliance Fran\u00e7aise de Stockholm, cr\u00e9\u00e9e pour offrir un lieu de rencontre spontan\u00e9 aux francophiles.\u00a0 Tout le monde y est invit\u00e9 \u00e0 profiter de la culture fran\u00e7aise de mani\u00e8re d\u00e9tendue. Que vous aimiez la musique, la gastronomie ou la langue fran\u00e7aise, AF Douce France organise des \u00e9v\u00e9nements pour ceux qui souhaitent d\u00e9couvrir l&rsquo;Art de vivre \u00e0 la fran\u00e7aise.\u00a0 Tous les \u00e9v\u00e9nements seront annonc\u00e9s 2 \u00e0 3 semaines \u00e0 l&rsquo;avance, alors suivez-nous sur\u00a0Facebook\u00a0pour ne rien manquer! Vous pouvez \u00e9galement devenir membre de l&rsquo;Alliance Fran\u00e7aise de Stockholm pour recevoir nos invitations directement par e-mail.<\/p>\n","protected":false},"author":1,"featured_media":0,"parent":0,"menu_order":0,"comment_status":"closed","ping_status":"closed","template":"","meta":{"om_disable_all_campaigns":false,"_monsterinsights_skip_tracking":false,"_monsterinsights_sitenote_active":false,"_monsterinsights_sitenote_note":"","_monsterinsights_sitenote_category":0,"_uf_show_specific_survey":0,"_uf_disable_surveys":false,"footnotes":""},"class_list":["post-4037","page","type-page","status-publish","hentry"],"aioseo_notices":[],"rttpg_featured_image_url":null,"rttpg_author":{"display_name":"Super.admin","author_link":"https:\/\/alliancefr.se\/stockholm\/author\/admin2174\/"},"rttpg_comment":0,"rttpg_category":" <a href=\"https:\/\/alliancefr.se\/stockholm\/fr\/\" rel=\"tag\">Fran\u00e7ais<\/a>","rttpg_excerpt":"Bienvenue \u00e0 AF Douce France \u00ab\u00a0AF Douce France\u00a0\u00bb est une initiative de l&rsquo;Alliance Fran\u00e7aise de Stockholm, cr\u00e9\u00e9e pour offrir un lieu de rencontre spontan\u00e9 aux francophiles.\u00a0 Tout le monde y est invit\u00e9 \u00e0 profiter de la culture fran\u00e7aise de mani\u00e8re d\u00e9tendue. Que vous aimiez la musique, la gastronomie ou la langue fran\u00e7aise, AF Douce France\u2026","_links":{"self":[{"href":"https:\/\/alliancefr.se\/stockholm\/wp-json\/wp\/v2\/pages\/4037","targetHints":{"allow":["GET"]}}],"collection":[{"href":"https:\/\/alliancefr.se\/stockholm\/wp-json\/wp\/v2\/pages"}],"about":[{"href":"https:\/\/alliancefr.se\/stockholm\/wp-json\/wp\/v2\/types\/page"}],"author":[{"embeddable":true,"href":"https:\/\/alliancefr.se\/stockholm\/wp-json\/wp\/v2\/users\/1"}],"replies":[{"embeddable":true,"href":"https:\/\/alliancefr.se\/stockholm\/wp-json\/wp\/v2\/comments?post=4037"}],"version-history":[{"count":11,"href":"https:\/\/alliancefr.se\/stockholm\/wp-json\/wp\/v2\/pages\/4037\/revisions"}],"predecessor-version":[{"id":4104,"href":"https:\/\/alliancefr.se\/stockholm\/wp-json\/wp\/v2\/pages\/4037\/revisions\/4104"}],"wp:attachment":[{"href":"https:\/\/alliancefr.se\/stockholm\/wp-json\/wp\/v2\/media?parent=4037"}],"curies":[{"name":"wp","href":"https:\/\/api.w.org\/{rel}","templated":true}]}}