{"id":3877,"date":"2024-08-28T15:57:39","date_gmt":"2024-08-28T13:57:39","guid":{"rendered":"https:\/\/alliancefr.se\/stockholm\/?page_id=3877"},"modified":"2025-04-19T15:23:40","modified_gmt":"2025-04-19T13:23:40","slug":"arkiv","status":"publish","type":"page","link":"https:\/\/alliancefr.se\/stockholm\/arkiv\/","title":{"rendered":"Arkiv"},"content":{"rendered":"\t\t<div data-elementor-type=\"wp-page\" data-elementor-id=\"3877\" class=\"elementor elementor-3877\">\n\t\t\t\t<div class=\"elementor-element elementor-element-d92f287 e-flex e-con-boxed e-con e-parent\" data-id=\"d92f287\" data-element_type=\"container\">\n\t\t\t\t\t<div class=\"e-con-inner\">\n\t\t\t\t<div class=\"elementor-element elementor-element-835f861 elementor-widget elementor-widget-text-editor\" data-id=\"835f861\" data-element_type=\"widget\" data-widget_type=\"text-editor.default\">\n\t\t\t\t<div class=\"elementor-widget-container\">\n\t\t\t\t\t\t\t\t\t<p>Allt i arkiven \u00e4r inte tillg\u00e4ngligt f\u00f6r tillf\u00e4llet. Arbete p\u00e5g\u00e5r. Tack f\u00f6r din f\u00f6rst\u00e5else.<\/p><p><span style=\"color: #ff0000\"><b>ARKIV 2010 &#8211; 2019<\/b><\/span><br \/>Klicka <a href=\"http:\/\/alliancefr.se\/stockholm\/wp-content\/uploads\/sites\/21\/2025\/04\/ARCHIVES-2010-TILL-2019-ALLIANCE-FRANCAISE-STOCKHOLM-1.pdf\">h\u00e4r<\/a> f\u00f6r att hitta arkiv 2010-2019<\/p><p><span style=\"color: #ff0000\"><b>ARKIV sedan 2020<br \/><\/b><span style=\"color: #000000\">Klicka <a href=\"http:\/\/alliancefr.se\/stockholm\/wp-content\/uploads\/sites\/21\/2025\/04\/ARCHIVES-2020-TILL-2023-ALLIANCE-FRANCAISE-STOCKHOLM.pdf\">h\u00e4r<\/a> f\u00f6r att hitta arkiv 2020-2023<\/span><\/span><\/p><p><span style=\"color: #000000\">Klicka <a href=\"http:\/\/alliancefr.se\/stockholm\/wp-content\/uploads\/sites\/21\/2025\/04\/Arkiv-Archives-AF-STockholm-2024.pdf\">h\u00e4r<\/a> f\u00f6r 2024<\/span><\/p>\t\t\t\t\t\t\t\t<\/div>\n\t\t\t\t<\/div>\n\t\t\t\t\t<\/div>\n\t\t\t\t<\/div>\n\t\t\t\t<\/div>\n\t\t","protected":false},"excerpt":{"rendered":"<p>Allt i arkiven \u00e4r inte tillg\u00e4ngligt f\u00f6r tillf\u00e4llet. Arbete p\u00e5g\u00e5r. Tack f\u00f6r din f\u00f6rst\u00e5else. ARKIV 2010 &#8211; 2019Klicka h\u00e4r f\u00f6r att hitta arkiv 2010-2019 ARKIV sedan 2020Klicka h\u00e4r f\u00f6r att hitta arkiv 2020-2023 Klicka h\u00e4r f\u00f6r 2024<\/p>\n","protected":false},"author":1,"featured_media":0,"parent":0,"menu_order":0,"comment_status":"closed","ping_status":"closed","template":"","meta":{"om_disable_all_campaigns":false,"_monsterinsights_skip_tracking":false,"_monsterinsights_sitenote_active":false,"_monsterinsights_sitenote_note":"","_monsterinsights_sitenote_category":0,"_uf_show_specific_survey":0,"_uf_disable_surveys":false,"footnotes":""},"class_list":["post-3877","page","type-page","status-publish","hentry"],"aioseo_notices":[],"rttpg_featured_image_url":null,"rttpg_author":{"display_name":"Super.admin","author_link":"https:\/\/alliancefr.se\/stockholm\/author\/admin2174\/"},"rttpg_comment":0,"rttpg_category":" <a href=\"https:\/\/alliancefr.se\/stockholm\/\" rel=\"tag\">Svenska<\/a>","rttpg_excerpt":"Allt i arkiven \u00e4r inte tillg\u00e4ngligt f\u00f6r tillf\u00e4llet. Arbete p\u00e5g\u00e5r. Tack f\u00f6r din f\u00f6rst\u00e5else. ARKIV 2010 &#8211; 2019Klicka h\u00e4r f\u00f6r att hitta arkiv 2010-2019 ARKIV sedan 2020Klicka h\u00e4r f\u00f6r att hitta arkiv 2020-2023 Klicka h\u00e4r f\u00f6r 2024","_links":{"self":[{"href":"https:\/\/alliancefr.se\/stockholm\/wp-json\/wp\/v2\/pages\/3877","targetHints":{"allow":["GET"]}}],"collection":[{"href":"https:\/\/alliancefr.se\/stockholm\/wp-json\/wp\/v2\/pages"}],"about":[{"href":"https:\/\/alliancefr.se\/stockholm\/wp-json\/wp\/v2\/types\/page"}],"author":[{"embeddable":true,"href":"https:\/\/alliancefr.se\/stockholm\/wp-json\/wp\/v2\/users\/1"}],"replies":[{"embeddable":true,"href":"https:\/\/alliancefr.se\/stockholm\/wp-json\/wp\/v2\/comments?post=3877"}],"version-history":[{"count":37,"href":"https:\/\/alliancefr.se\/stockholm\/wp-json\/wp\/v2\/pages\/3877\/revisions"}],"predecessor-version":[{"id":4680,"href":"https:\/\/alliancefr.se\/stockholm\/wp-json\/wp\/v2\/pages\/3877\/revisions\/4680"}],"wp:attachment":[{"href":"https:\/\/alliancefr.se\/stockholm\/wp-json\/wp\/v2\/media?parent=3877"}],"curies":[{"name":"wp","href":"https:\/\/api.w.org\/{rel}","templated":true}]}}