{"id":3873,"date":"2024-08-28T15:55:38","date_gmt":"2024-08-28T13:55:38","guid":{"rendered":"https:\/\/alliancefr.se\/stockholm\/?page_id=3873"},"modified":"2025-08-28T13:41:33","modified_gmt":"2025-08-28T11:41:33","slug":"bli-medlem","status":"publish","type":"page","link":"https:\/\/alliancefr.se\/stockholm\/bli-medlem\/","title":{"rendered":"Bli medlem"},"content":{"rendered":"\t\t<div data-elementor-type=\"wp-page\" data-elementor-id=\"3873\" class=\"elementor elementor-3873\">\n\t\t\t\t<div class=\"elementor-element elementor-element-67580eb e-flex e-con-boxed e-con e-parent\" data-id=\"67580eb\" data-element_type=\"container\">\n\t\t\t\t\t<div class=\"e-con-inner\">\n\t\t\t\t<div class=\"elementor-element elementor-element-4422957 elementor-widget elementor-widget-text-editor\" data-id=\"4422957\" data-element_type=\"widget\" data-widget_type=\"text-editor.default\">\n\t\t\t\t<div class=\"elementor-widget-container\">\n\t\t\t\t\t\t\t\t\t<p>Att g\u00e5 med i Stockholms Alliance Fran\u00e7aise ger dig m\u00f6jlighet att bli en del av en varm gemenskap samtidigt som du l\u00e4r dig mer om fransk kultur och spr\u00e5k. Du f\u00e5r chansen att delta i m\u00e5nga evenemang, s\u00e5som f\u00f6rel\u00e4sningar, guidade turer och evenemang med AF Douce France.<\/p><p>Det \u00e4r enkelt att bli medlem, och medlemskapet g\u00e4ller i ett \u00e5r!<\/p><p>Klicka <a href=\"https:\/\/blimedlem.foreningshuset.se\/alliance_francaise\">h\u00e4r<\/a> f\u00f6r att bli medlem i Alliance Fran\u00e7aise i Stockholm.<\/p>\t\t\t\t\t\t\t\t<\/div>\n\t\t\t\t<\/div>\n\t\t\t\t\t<\/div>\n\t\t\t\t<\/div>\n\t\t\t\t<\/div>\n\t\t","protected":false},"excerpt":{"rendered":"<p>Att g\u00e5 med i Stockholms Alliance Fran\u00e7aise ger dig m\u00f6jlighet att bli en del av en varm gemenskap samtidigt som du l\u00e4r dig mer om fransk kultur och spr\u00e5k. Du f\u00e5r chansen att delta i m\u00e5nga evenemang, s\u00e5som f\u00f6rel\u00e4sningar, guidade turer och evenemang med AF Douce France. Det \u00e4r enkelt att bli medlem, och medlemskapet g\u00e4ller i ett \u00e5r! Klicka h\u00e4r f\u00f6r att bli medlem i Alliance Fran\u00e7aise i Stockholm.<\/p>\n","protected":false},"author":1,"featured_media":0,"parent":0,"menu_order":0,"comment_status":"closed","ping_status":"closed","template":"","meta":{"om_disable_all_campaigns":false,"_monsterinsights_skip_tracking":false,"_monsterinsights_sitenote_active":false,"_monsterinsights_sitenote_note":"","_monsterinsights_sitenote_category":0,"_uf_show_specific_survey":0,"_uf_disable_surveys":false,"footnotes":""},"class_list":["post-3873","page","type-page","status-publish","hentry"],"aioseo_notices":[],"rttpg_featured_image_url":null,"rttpg_author":{"display_name":"Super.admin","author_link":"https:\/\/alliancefr.se\/stockholm\/author\/admin2174\/"},"rttpg_comment":0,"rttpg_category":" <a href=\"https:\/\/alliancefr.se\/stockholm\/\" rel=\"tag\">Svenska<\/a>","rttpg_excerpt":"Att g\u00e5 med i Stockholms Alliance Fran\u00e7aise ger dig m\u00f6jlighet att bli en del av en varm gemenskap samtidigt som du l\u00e4r dig mer om fransk kultur och spr\u00e5k. Du f\u00e5r chansen att delta i m\u00e5nga evenemang, s\u00e5som f\u00f6rel\u00e4sningar, guidade turer och evenemang med AF Douce France. Det \u00e4r enkelt att bli medlem, och medlemskapet\u2026","_links":{"self":[{"href":"https:\/\/alliancefr.se\/stockholm\/wp-json\/wp\/v2\/pages\/3873","targetHints":{"allow":["GET"]}}],"collection":[{"href":"https:\/\/alliancefr.se\/stockholm\/wp-json\/wp\/v2\/pages"}],"about":[{"href":"https:\/\/alliancefr.se\/stockholm\/wp-json\/wp\/v2\/types\/page"}],"author":[{"embeddable":true,"href":"https:\/\/alliancefr.se\/stockholm\/wp-json\/wp\/v2\/users\/1"}],"replies":[{"embeddable":true,"href":"https:\/\/alliancefr.se\/stockholm\/wp-json\/wp\/v2\/comments?post=3873"}],"version-history":[{"count":14,"href":"https:\/\/alliancefr.se\/stockholm\/wp-json\/wp\/v2\/pages\/3873\/revisions"}],"predecessor-version":[{"id":4742,"href":"https:\/\/alliancefr.se\/stockholm\/wp-json\/wp\/v2\/pages\/3873\/revisions\/4742"}],"wp:attachment":[{"href":"https:\/\/alliancefr.se\/stockholm\/wp-json\/wp\/v2\/media?parent=3873"}],"curies":[{"name":"wp","href":"https:\/\/api.w.org\/{rel}","templated":true}]}}