{"id":3871,"date":"2024-08-28T15:54:56","date_gmt":"2024-08-28T13:54:56","guid":{"rendered":"https:\/\/alliancefr.se\/stockholm\/?page_id=3871"},"modified":"2025-03-12T12:20:28","modified_gmt":"2025-03-12T11:20:28","slug":"kontakta-oss","status":"publish","type":"page","link":"https:\/\/alliancefr.se\/stockholm\/kontakta-oss\/","title":{"rendered":"Kontakta oss"},"content":{"rendered":"\t\t<div data-elementor-type=\"wp-page\" data-elementor-id=\"3871\" class=\"elementor elementor-3871\">\n\t\t\t\t<div class=\"elementor-element elementor-element-cf32bbe e-flex e-con-boxed e-con e-parent\" data-id=\"cf32bbe\" data-element_type=\"container\">\n\t\t\t\t\t<div class=\"e-con-inner\">\n\t\t\t\t<div class=\"elementor-element elementor-element-b2b4b8c elementor-widget elementor-widget-text-editor\" data-id=\"b2b4b8c\" data-element_type=\"widget\" data-widget_type=\"text-editor.default\">\n\t\t\t\t<div class=\"elementor-widget-container\">\n\t\t\t\t\t\t\t\t\t<p>F\u00f6r att kontakta\u00a0<span lang=\"SV\">Stockholms Alliance Fran\u00e7aise<\/span> kan du skicka ett mejl till <a rel=\"noopener\">stockholm@alliancefr.se<\/a> eller fylla i formul\u00e4ret nedan.<\/p><p>Eftersom v\u00e5r f\u00f6rening drivs av volont\u00e4rer \u00e4gnar vi v\u00e5r tid \u00e5t de uppgifter som ligger oss n\u00e4rmast om hj\u00e4rtat. D\u00e4rf\u00f6r har vi inte m\u00f6jlighet att svara p\u00e5 kommersiella f\u00f6rfr\u00e5gningar, praktikans\u00f6kningar eller f\u00f6rfr\u00e5gningar som inte \u00e4r direkt relaterade till v\u00e5r verksamhet. Tack f\u00f6r din f\u00f6rst\u00e5else.<\/p><p>\u00a0<\/p>\t\t\t\t\t\t\t\t<\/div>\n\t\t\t\t<\/div>\n\t\t\t\t\t<\/div>\n\t\t\t\t<\/div>\n\t\t<div class=\"elementor-element elementor-element-b008c1d e-flex e-con-boxed e-con e-parent\" data-id=\"b008c1d\" data-element_type=\"container\">\n\t\t\t\t\t<div class=\"e-con-inner\">\n\t\t\t\t<div class=\"elementor-element elementor-element-93c43a8 elementor-widget elementor-widget-shortcode\" data-id=\"93c43a8\" data-element_type=\"widget\" data-widget_type=\"shortcode.default\">\n\t\t\t\t<div class=\"elementor-widget-container\">\n\t\t\t\t\t\t\t<div class=\"elementor-shortcode\"><div style=\"display:none\" class=\"fm-form-container fm-theme1\"><div id=\"fm-pages2\" class=\"fm-pages wdform_page_navigation \" show_title=\"\" show_numbers=\"1\" type=\"none\"><\/div><form name=\"form2\" action=\"\/stockholm\/wp-json\/wp\/v2\/pages\/3871\" method=\"post\" id=\"form2\" class=\"fm-form form2  \" enctype=\"multipart\/form-data\"><input type=\"hidden\" id=\"fm_page_id2\" value=\"3871\" name=\"fm_page_id2\" \/><input type=\"hidden\" id=\"fm_current_post_type2\" value=\"page\" name=\"fm_current_post_type2\" \/><input type=\"hidden\" id=\"counter2\" value=\"15\" name=\"counter2\" \/><input type=\"hidden\" id=\"Itemid2\" value=\"\" name=\"Itemid2\" \/><input type=\"hidden\" id=\"fm_shake2\" value=\"1\" name=\"fm_shake2\" \/><input type=\"text\" class=\"fm-hide\" id=\"fm_empty_field_validation2\" value=\"\" name=\"fm_empty_field_validation2\" data-value=\"bd736efb144d599cf463541431fbf5c4\" \/><div class=\"fm-header-bg\"><div class=\"fm-header \"><div class=\"fm-header-text\">          <div class=\"fm-header-title\">            Kontakta oss          <\/div>          <div class=\"fm-header-description\">                      <\/div>        <\/div><\/div><\/div><div class=\"wdform-page-and-images fm-form-builder\"><div id=\"2form_view1\" class=\"wdform_page\" page_title=\"Untitled page\" next_title=\"Next\" next_type=\"text\" next_class=\"wdform-page-button\" next_checkable=\"true\" previous_title=\"Previous\" previous_type=\"text\" previous_class=\"wdform-page-button\" previous_checkable=\"false\"><div class=\"wdform_section\"><div class=\"wdform_column\"><div wdid=\"2\" class=\"wdform_row\"><div type=\"type_text\" class=\"wdform-field wd-width-100 wd-flex wd-flex-column fm-type_text\" ><div class=\"wdform-label-section wd-width-100  wd-flex-row wd-align-items-center\">    <label  for=\"wdform_2_element2\" class=\"wdform-label\">Namn<\/label><span class=\"wdform-required\">*<\/span><\/div><div class=\"wdform-element-section wd-flex  wd-flex-row wd-align-items-center wd-width-100\" ><input type=\"text\"                           class=\"wd-width-100\"                           id=\"wdform_2_element2\"                           name=\"wdform_2_element2\"                           value=\"\"                           data-value=\"\"                           title=\"\"                           placeholder=\"\"                                                       \/><\/div><\/div><\/div><div wdid=\"3\" class=\"wdform_row\" style=\"position: relative; left: 0px; top: 0px;\"><div type=\"type_text\" class=\"wdform-field wd-width-100 wd-flex wd-flex-column fm-type_text\" ><div class=\"wdform-label-section wd-width-100  wd-flex-row wd-align-items-center\">    <label  for=\"wdform_3_element2\" class=\"wdform-label\">F\u00f6rnamn<\/label><span class=\"wdform-required\">*<\/span><\/div><div class=\"wdform-element-section wd-flex  wd-flex-row wd-align-items-center wd-width-100\" ><input type=\"text\"                           class=\"wd-width-100\"                           id=\"wdform_3_element2\"                           name=\"wdform_3_element2\"                           value=\"\"                           data-value=\"\"                           title=\"\"                           placeholder=\"\"                                                       \/><\/div><\/div><\/div><\/div><div class=\"wdform_column\"><div wdid=\"4\" class=\"wdform_row\" style=\"position: relative; left: 0px; top: 0px;\"><div type=\"type_submitter_mail\" class=\"wdform-field wd-width-100 wd-flex wd-flex-column fm-type_submitter_mail\" ><div class=\"wdform-label-section wd-width-100  wd-flex-row\">    <label  for=\"wdform_4_element2\" class=\"wdform-label\">Email<\/label><span class=\"wdform-required\">*<\/span><\/div><div class=\"wdform-element-section wd-flex  wd-flex-row wd-width-100\" ><input type=\"text\" class=\"wd-width-100\" id=\"wdform_4_element2\" name=\"wdform_4_element2\" data-value=\"\" value=\"\" title=\"\" placeholder=\"\"   onchange=\"wd_check_email('4', '2', 'Ceci n\\'est pas une adresse e-mail valide')\" \/><\/div><\/div><\/div><\/div><div class=\"wdform_column\"><div wdid=\"14\" class=\"wdform_row\" style=\"position: relative; left: 0px; top: 0px;\"><div type=\"type_text\" class=\"wdform-field wd-width-100 wd-flex wd-flex-column fm-type_text\" ><div class=\"wdform-label-section wd-width-100  wd-flex-row wd-align-items-center\">    <label  for=\"wdform_14_element2\" class=\"wdform-label\">\u00c4mne<\/label><span class=\"wdform-required\">*<\/span><\/div><div class=\"wdform-element-section wd-flex  wd-flex-row wd-align-items-center wd-width-100\" ><input type=\"text\"                           class=\"wd-width-100\"                           id=\"wdform_14_element2\"                           name=\"wdform_14_element2\"                           value=\"\"                           data-value=\"\"                           title=\"\"                           placeholder=\"\"                                                       \/><\/div><\/div><\/div><\/div><div class=\"wdform_column\"><div wdid=\"13\" class=\"wdform_row\"><div type=\"type_textarea\" class=\"wdform-field wd-width-100 wd-flex wd-flex-column fm-type_textarea\" ><div class=\"wdform-label-section wd-width-100 \">    <label  for=\"wdform_13_element2\" class=\"wdform-label\">Meddelande<\/label><span class=\"wdform-required\">*<\/span><\/div><div class=\"wdform-element-section wd-flex  wd-width-100\" ><textarea class=\"wd-width-100\"                      id=\"wdform_13_element2\"                      name=\"wdform_13_element2\"                      placeholder=\"\"                      data-value=\"\"                      maxlength=\"\"                      style=\"height: 100px;\"                      ><\/textarea><\/div><\/div><\/div><\/div><div class=\"wdform_column\"><div wdid=\"1\" class=\"wdform_row\" style=\"position: relative; left: 0px; top: 0px;\"><div type=\"type_submit_reset\" class=\"wdform-field wd-width-100 wd-flex wd-flex-column fm-type_submit_reset\" ><div class=\"wdform-element-section wd-flex  wd-flex-row wd-justify-content-left wd-width-100\" ><button  type=\"button\" class=\"button-submit\" onclick=\"fm_submit_form('2');\"  data-ajax=\"0\"><span class=\"fm-submit-loading spinner fm-ico-spinner\"><\/span>Bekr\u00e4fta<\/button><button  type=\"button\" class=\"button-reset wd-hidden\" onclick=\"fm_reset_form(2);\" >Reset<\/button><\/div><\/div><\/div><\/div><\/div><div valign=\"top\" class=\"wdform_footer wd-width-100\"><div class=\"wd-width-100\"><div class=\"wd-width-100 wd-table\" style=\"padding-top:10px;\"><div class=\"wd-table-group\"><div id=\"2page_nav1\" class=\"wd-table-row\"><\/div><\/div><\/div><\/div><\/div><\/div><\/div><div class=\"wdform_preload\"><\/div><input type=\"hidden\" name=\"fm-current-page\" value=\"https:\/\/alliancefr.se\/stockholm\/wp-json\/wp\/v2\/pages\/3871\" \/><\/form><\/div><\/div>\n\t\t\t\t\t\t<\/div>\n\t\t\t\t<\/div>\n\t\t\t\t\t<\/div>\n\t\t\t\t<\/div>\n\t\t\t\t<\/div>\n\t\t","protected":false},"excerpt":{"rendered":"<p>F\u00f6r att kontakta\u00a0Stockholms Alliance Fran\u00e7aise kan du skicka ett mejl till stockholm@alliancefr.se eller fylla i formul\u00e4ret nedan. Eftersom v\u00e5r f\u00f6rening drivs av volont\u00e4rer \u00e4gnar vi v\u00e5r tid \u00e5t de uppgifter som ligger oss n\u00e4rmast om hj\u00e4rtat. D\u00e4rf\u00f6r har vi inte m\u00f6jlighet att svara p\u00e5 kommersiella f\u00f6rfr\u00e5gningar, praktikans\u00f6kningar eller f\u00f6rfr\u00e5gningar som inte \u00e4r direkt relaterade till v\u00e5r verksamhet. Tack f\u00f6r din f\u00f6rst\u00e5else. \u00a0<\/p>\n","protected":false},"author":1,"featured_media":0,"parent":0,"menu_order":0,"comment_status":"closed","ping_status":"closed","template":"","meta":{"om_disable_all_campaigns":false,"_monsterinsights_skip_tracking":false,"_monsterinsights_sitenote_active":false,"_monsterinsights_sitenote_note":"","_monsterinsights_sitenote_category":0,"_uf_show_specific_survey":0,"_uf_disable_surveys":false,"footnotes":""},"class_list":["post-3871","page","type-page","status-publish","hentry"],"aioseo_notices":[],"rttpg_featured_image_url":null,"rttpg_author":{"display_name":"Super.admin","author_link":"https:\/\/alliancefr.se\/stockholm\/author\/admin2174\/"},"rttpg_comment":0,"rttpg_category":" <a href=\"https:\/\/alliancefr.se\/stockholm\/\" rel=\"tag\">Svenska<\/a>","rttpg_excerpt":"F\u00f6r att kontakta\u00a0Stockholms Alliance Fran\u00e7aise kan du skicka ett mejl till stockholm@alliancefr.se eller fylla i formul\u00e4ret nedan. Eftersom v\u00e5r f\u00f6rening drivs av volont\u00e4rer \u00e4gnar vi v\u00e5r tid \u00e5t de uppgifter som ligger oss n\u00e4rmast om hj\u00e4rtat. D\u00e4rf\u00f6r har vi inte m\u00f6jlighet att svara p\u00e5 kommersiella f\u00f6rfr\u00e5gningar, praktikans\u00f6kningar eller f\u00f6rfr\u00e5gningar som inte \u00e4r direkt relaterade till\u2026","_links":{"self":[{"href":"https:\/\/alliancefr.se\/stockholm\/wp-json\/wp\/v2\/pages\/3871","targetHints":{"allow":["GET"]}}],"collection":[{"href":"https:\/\/alliancefr.se\/stockholm\/wp-json\/wp\/v2\/pages"}],"about":[{"href":"https:\/\/alliancefr.se\/stockholm\/wp-json\/wp\/v2\/types\/page"}],"author":[{"embeddable":true,"href":"https:\/\/alliancefr.se\/stockholm\/wp-json\/wp\/v2\/users\/1"}],"replies":[{"embeddable":true,"href":"https:\/\/alliancefr.se\/stockholm\/wp-json\/wp\/v2\/comments?post=3871"}],"version-history":[{"count":13,"href":"https:\/\/alliancefr.se\/stockholm\/wp-json\/wp\/v2\/pages\/3871\/revisions"}],"predecessor-version":[{"id":4537,"href":"https:\/\/alliancefr.se\/stockholm\/wp-json\/wp\/v2\/pages\/3871\/revisions\/4537"}],"wp:attachment":[{"href":"https:\/\/alliancefr.se\/stockholm\/wp-json\/wp\/v2\/media?parent=3871"}],"curies":[{"name":"wp","href":"https:\/\/api.w.org\/{rel}","templated":true}]}}