{"id":3854,"date":"2024-08-28T15:41:31","date_gmt":"2024-08-28T13:41:31","guid":{"rendered":"https:\/\/alliancefr.se\/stockholm\/?page_id=3854"},"modified":"2025-12-19T09:41:10","modified_gmt":"2025-12-19T08:41:10","slug":"hem","status":"publish","type":"page","link":"https:\/\/alliancefr.se\/stockholm\/","title":{"rendered":"Hem"},"content":{"rendered":"\t\t<div data-elementor-type=\"wp-page\" data-elementor-id=\"3854\" class=\"elementor elementor-3854\">\n\t\t\t\t<div class=\"elementor-element elementor-element-f731c2b e-flex e-con-boxed e-con e-parent\" data-id=\"f731c2b\" data-element_type=\"container\">\n\t\t\t\t\t<div class=\"e-con-inner\">\n\t\t\t\t<div class=\"elementor-element elementor-element-ab9d297 elementor-widget elementor-widget-text-editor\" data-id=\"ab9d297\" data-element_type=\"widget\" data-widget_type=\"text-editor.default\">\n\t\t\t\t<div class=\"elementor-widget-container\">\n\t\t\t\t\t\t\t\t\t<p style=\"font-weight: 400\"><img decoding=\"async\" class=\"alignleft wp-image-4718 \" src=\"http:\/\/alliancefr.se\/stockholm\/wp-content\/uploads\/sites\/21\/2025\/04\/Alskar-du-Frankrike-och-den-fransksprakiga-varlden-Bli-medlem-i-Alliance-Francaise-de-Stockholm-och-dela-din-passion-med-likasinnade-3-342x1024.png\" alt=\"\" width=\"98\" height=\"293\" \/>V\u00e4lkommen till v\u00e5r <strong>hemsida<\/strong>!<\/p><p style=\"font-weight: 400\">Vi i <strong>Stockholms Alliance Fran\u00e7aise<\/strong> har som uppdrag att fr\u00e4mja det franska spr\u00e5ket och fransktalande kulturer \u00f6ver hela v\u00e4rlden genom ett varierat utbud av aktiviteter som vi st\u00e4ndigt ut\u00f6kar.<\/p><p style=\"font-weight: 400\">Vi \u00e4r en ideell organisation med ett oberoende f\u00f6rh\u00e5llningss\u00e4tt g\u00e4llande politik, religion och ideologi.<\/p><p style=\"font-weight: 400\">Oavsett om du redan \u00e4r expert p\u00e5 spr\u00e5ket eller bara \u00e4r nyfiken p\u00e5 att l\u00e4ra dig mer, \u00e4r du <strong>v\u00e4lkommen att ta del av den fransktalande v\u00e4rldens rikedomar<\/strong>.<\/p>\t\t\t\t\t\t\t\t<\/div>\n\t\t\t\t<\/div>\n\t\t\t\t\t<\/div>\n\t\t\t\t<\/div>\n\t\t<div class=\"elementor-element elementor-element-5229b90 e-flex e-con-boxed e-con e-parent\" data-id=\"5229b90\" data-element_type=\"container\">\n\t\t\t\t\t<div class=\"e-con-inner\">\n\t\t\t\t<div class=\"elementor-element elementor-element-94fd665 elementor-widget elementor-widget-image-gallery\" data-id=\"94fd665\" data-element_type=\"widget\" data-widget_type=\"image-gallery.default\">\n\t\t\t\t<div class=\"elementor-widget-container\">\n\t\t\t\t\t\t\t<div class=\"elementor-image-gallery\">\n\t\t\t<div id='gallery-1' class='gallery galleryid-3854 gallery-columns-3 gallery-size-large'><figure class='gallery-item'>\n\t\t\t<div class='gallery-icon landscape'>\n\t\t\t\t<a data-elementor-open-lightbox=\"yes\" data-elementor-lightbox-slideshow=\"94fd665\" data-elementor-lightbox-title=\"F\u00d6REDRAG ICONE\" data-e-action-hash=\"#elementor-action%3Aaction%3Dlightbox%26settings%3DeyJpZCI6NDU4NSwidXJsIjoiaHR0cHM6XC9cL2FsbGlhbmNlZnIuc2VcL3N0b2NraG9sbVwvd3AtY29udGVudFwvdXBsb2Fkc1wvc2l0ZXNcLzIxXC8yMDI1XC8wNFwvRk9SRURSQUctSUNPTkUucG5nIiwic2xpZGVzaG93IjoiOTRmZDY2NSJ9\" href='https:\/\/alliancefr.se\/stockholm\/wp-content\/uploads\/sites\/21\/2025\/04\/FOREDRAG-ICONE.png'><img fetchpriority=\"high\" decoding=\"async\" width=\"960\" height=\"960\" src=\"https:\/\/alliancefr.se\/stockholm\/wp-content\/uploads\/sites\/21\/2025\/04\/FOREDRAG-ICONE-1024x1024.png\" class=\"attachment-large size-large\" alt=\"\" \/><\/a>\n\t\t\t<\/div><\/figure><figure class='gallery-item'>\n\t\t\t<div class='gallery-icon landscape'>\n\t\t\t\t<a data-elementor-open-lightbox=\"yes\" data-elementor-lightbox-slideshow=\"94fd665\" data-elementor-lightbox-title=\"Guidad visning icone\" data-e-action-hash=\"#elementor-action%3Aaction%3Dlightbox%26settings%3DeyJpZCI6NDYxNCwidXJsIjoiaHR0cHM6XC9cL2FsbGlhbmNlZnIuc2VcL3N0b2NraG9sbVwvd3AtY29udGVudFwvdXBsb2Fkc1wvc2l0ZXNcLzIxXC8yMDI1XC8wNFwvR3VpZGFkLXZpc25pbmctaWNvbmUtMS5wbmciLCJzbGlkZXNob3ciOiI5NGZkNjY1In0%3D\" href='https:\/\/alliancefr.se\/stockholm\/wp-content\/uploads\/sites\/21\/2025\/04\/Guidad-visning-icone-1.png'><img decoding=\"async\" width=\"960\" height=\"960\" src=\"https:\/\/alliancefr.se\/stockholm\/wp-content\/uploads\/sites\/21\/2025\/04\/Guidad-visning-icone-1-1024x1024.png\" class=\"attachment-large size-large\" alt=\"\" \/><\/a>\n\t\t\t<\/div><\/figure><figure class='gallery-item'>\n\t\t\t<div class='gallery-icon landscape'>\n\t\t\t\t<a data-elementor-open-lightbox=\"yes\" data-elementor-lightbox-slideshow=\"94fd665\" data-elementor-lightbox-title=\"Stadsvandring icone\" data-e-action-hash=\"#elementor-action%3Aaction%3Dlightbox%26settings%3DeyJpZCI6NDYxMCwidXJsIjoiaHR0cHM6XC9cL2FsbGlhbmNlZnIuc2VcL3N0b2NraG9sbVwvd3AtY29udGVudFwvdXBsb2Fkc1wvc2l0ZXNcLzIxXC8yMDI1XC8wNFwvU3RhZHN2YW5kcmluZy1pY29uZS0xLnBuZyIsInNsaWRlc2hvdyI6Ijk0ZmQ2NjUifQ%3D%3D\" href='https:\/\/alliancefr.se\/stockholm\/wp-content\/uploads\/sites\/21\/2025\/04\/Stadsvandring-icone-1.png'><img loading=\"lazy\" decoding=\"async\" width=\"960\" height=\"960\" src=\"https:\/\/alliancefr.se\/stockholm\/wp-content\/uploads\/sites\/21\/2025\/04\/Stadsvandring-icone-1-1024x1024.png\" class=\"attachment-large size-large\" alt=\"\" \/><\/a>\n\t\t\t<\/div><\/figure><figure class='gallery-item'>\n\t\t\t<div class='gallery-icon landscape'>\n\t\t\t\t<a data-elementor-open-lightbox=\"yes\" data-elementor-lightbox-slideshow=\"94fd665\" data-elementor-lightbox-title=\"VINPROVNING ICONE\" data-e-action-hash=\"#elementor-action%3Aaction%3Dlightbox%26settings%3DeyJpZCI6NDU4OSwidXJsIjoiaHR0cHM6XC9cL2FsbGlhbmNlZnIuc2VcL3N0b2NraG9sbVwvd3AtY29udGVudFwvdXBsb2Fkc1wvc2l0ZXNcLzIxXC8yMDI1XC8wNFwvVklOUFJPVk5JTkctSUNPTkUucG5nIiwic2xpZGVzaG93IjoiOTRmZDY2NSJ9\" href='https:\/\/alliancefr.se\/stockholm\/wp-content\/uploads\/sites\/21\/2025\/04\/VINPROVNING-ICONE.png'><img loading=\"lazy\" decoding=\"async\" width=\"960\" height=\"960\" src=\"https:\/\/alliancefr.se\/stockholm\/wp-content\/uploads\/sites\/21\/2025\/04\/VINPROVNING-ICONE-1024x1024.png\" class=\"attachment-large size-large\" alt=\"\" \/><\/a>\n\t\t\t<\/div><\/figure><figure class='gallery-item'>\n\t\t\t<div class='gallery-icon landscape'>\n\t\t\t\t<a data-elementor-open-lightbox=\"yes\" data-elementor-lightbox-slideshow=\"94fd665\" data-elementor-lightbox-title=\"sm\u00e5prat &amp; prater icone\" data-e-action-hash=\"#elementor-action%3Aaction%3Dlightbox%26settings%3DeyJpZCI6NDY4NCwidXJsIjoiaHR0cHM6XC9cL2FsbGlhbmNlZnIuc2VcL3N0b2NraG9sbVwvd3AtY29udGVudFwvdXBsb2Fkc1wvc2l0ZXNcLzIxXC8yMDI1XC8wNFwvc21hcHJhdC1wcmF0ZXItaWNvbmUucG5nIiwic2xpZGVzaG93IjoiOTRmZDY2NSJ9\" href='https:\/\/alliancefr.se\/stockholm\/wp-content\/uploads\/sites\/21\/2025\/04\/smaprat-prater-icone.png'><img loading=\"lazy\" decoding=\"async\" width=\"960\" height=\"960\" src=\"https:\/\/alliancefr.se\/stockholm\/wp-content\/uploads\/sites\/21\/2025\/04\/smaprat-prater-icone-1024x1024.png\" class=\"attachment-large size-large\" alt=\"\" \/><\/a>\n\t\t\t<\/div><\/figure><figure class='gallery-item'>\n\t\t\t<div class='gallery-icon landscape'>\n\t\t\t\t<a data-elementor-open-lightbox=\"yes\" data-elementor-lightbox-slideshow=\"94fd665\" data-elementor-lightbox-title=\"samtal p\u00e5 scen icone\" data-e-action-hash=\"#elementor-action%3Aaction%3Dlightbox%26settings%3DeyJpZCI6NDY4NywidXJsIjoiaHR0cHM6XC9cL2FsbGlhbmNlZnIuc2VcL3N0b2NraG9sbVwvd3AtY29udGVudFwvdXBsb2Fkc1wvc2l0ZXNcLzIxXC8yMDI1XC8wNFwvc2FtdGFsLXBhLXNjZW4taWNvbmUucG5nIiwic2xpZGVzaG93IjoiOTRmZDY2NSJ9\" href='https:\/\/alliancefr.se\/stockholm\/wp-content\/uploads\/sites\/21\/2025\/04\/samtal-pa-scen-icone.png'><img loading=\"lazy\" decoding=\"async\" width=\"960\" height=\"960\" src=\"https:\/\/alliancefr.se\/stockholm\/wp-content\/uploads\/sites\/21\/2025\/04\/samtal-pa-scen-icone-1024x1024.png\" class=\"attachment-large size-large\" alt=\"\" \/><\/a>\n\t\t\t<\/div><\/figure>\n\t\t<\/div>\n\t\t<\/div>\n\t\t\t\t\t\t<\/div>\n\t\t\t\t<\/div>\n\t\t\t\t\t<\/div>\n\t\t\t\t<\/div>\n\t\t\t\t<\/div>\n\t\t","protected":false},"excerpt":{"rendered":"<p>V\u00e4lkommen till v\u00e5r hemsida! Vi i Stockholms Alliance Fran\u00e7aise har som uppdrag att fr\u00e4mja det franska spr\u00e5ket och fransktalande kulturer \u00f6ver hela v\u00e4rlden genom ett varierat utbud av aktiviteter som vi st\u00e4ndigt ut\u00f6kar. Vi \u00e4r en ideell organisation med ett oberoende f\u00f6rh\u00e5llningss\u00e4tt g\u00e4llande politik, religion och ideologi. Oavsett om du redan \u00e4r expert p\u00e5 spr\u00e5ket eller bara \u00e4r nyfiken p\u00e5 att l\u00e4ra dig mer, \u00e4r du v\u00e4lkommen att ta del av den fransktalande v\u00e4rldens rikedomar.<\/p>\n","protected":false},"author":1,"featured_media":0,"parent":0,"menu_order":0,"comment_status":"closed","ping_status":"closed","template":"","meta":{"om_disable_all_campaigns":false,"_monsterinsights_skip_tracking":false,"_monsterinsights_sitenote_active":false,"_monsterinsights_sitenote_note":"","_monsterinsights_sitenote_category":0,"_uf_show_specific_survey":0,"_uf_disable_surveys":false,"footnotes":""},"class_list":["post-3854","page","type-page","status-publish","hentry"],"aioseo_notices":[],"rttpg_featured_image_url":null,"rttpg_author":{"display_name":"Super.admin","author_link":"https:\/\/alliancefr.se\/stockholm\/author\/admin2174\/"},"rttpg_comment":0,"rttpg_category":" <a href=\"https:\/\/alliancefr.se\/stockholm\/\" rel=\"tag\">Svenska<\/a>","rttpg_excerpt":"V\u00e4lkommen till v\u00e5r hemsida! Vi i Stockholms Alliance Fran\u00e7aise har som uppdrag att fr\u00e4mja det franska spr\u00e5ket och fransktalande kulturer \u00f6ver hela v\u00e4rlden genom ett varierat utbud av aktiviteter som vi st\u00e4ndigt ut\u00f6kar. Vi \u00e4r en ideell organisation med ett oberoende f\u00f6rh\u00e5llningss\u00e4tt g\u00e4llande politik, religion och ideologi. Oavsett om du redan \u00e4r expert p\u00e5 spr\u00e5ket\u2026","_links":{"self":[{"href":"https:\/\/alliancefr.se\/stockholm\/wp-json\/wp\/v2\/pages\/3854","targetHints":{"allow":["GET"]}}],"collection":[{"href":"https:\/\/alliancefr.se\/stockholm\/wp-json\/wp\/v2\/pages"}],"about":[{"href":"https:\/\/alliancefr.se\/stockholm\/wp-json\/wp\/v2\/types\/page"}],"author":[{"embeddable":true,"href":"https:\/\/alliancefr.se\/stockholm\/wp-json\/wp\/v2\/users\/1"}],"replies":[{"embeddable":true,"href":"https:\/\/alliancefr.se\/stockholm\/wp-json\/wp\/v2\/comments?post=3854"}],"version-history":[{"count":40,"href":"https:\/\/alliancefr.se\/stockholm\/wp-json\/wp\/v2\/pages\/3854\/revisions"}],"predecessor-version":[{"id":4808,"href":"https:\/\/alliancefr.se\/stockholm\/wp-json\/wp\/v2\/pages\/3854\/revisions\/4808"}],"wp:attachment":[{"href":"https:\/\/alliancefr.se\/stockholm\/wp-json\/wp\/v2\/media?parent=3854"}],"curies":[{"name":"wp","href":"https:\/\/api.w.org\/{rel}","templated":true}]}}