{"id":3726,"date":"2024-08-27T14:02:54","date_gmt":"2024-08-27T12:02:54","guid":{"rendered":"https:\/\/alliancefr.se\/stockholm\/?page_id=3726"},"modified":"2026-03-02T10:36:01","modified_gmt":"2026-03-02T09:36:01","slug":"etudiants","status":"publish","type":"page","link":"https:\/\/alliancefr.se\/stockholm\/fr\/etudiants\/","title":{"rendered":"\u00c9tudiants"},"content":{"rendered":"\t\t<div data-elementor-type=\"wp-page\" data-elementor-id=\"3726\" class=\"elementor elementor-3726\">\n\t\t\t\t<div class=\"elementor-element elementor-element-0cc4af9 e-flex e-con-boxed e-con e-parent\" data-id=\"0cc4af9\" data-element_type=\"container\">\n\t\t\t\t\t<div class=\"e-con-inner\">\n\t\t\t\t<div class=\"elementor-element elementor-element-ac8805c elementor-widget elementor-widget-heading\" data-id=\"ac8805c\" data-element_type=\"widget\" data-widget_type=\"heading.default\">\n\t\t\t\t<div class=\"elementor-widget-container\">\n\t\t\t\t\t<h6 class=\"elementor-heading-title elementor-size-default\">Stipendier f\u00f6r h\u00f6gre studier i Frankrike<\/h6>\t\t\t\t<\/div>\n\t\t\t\t<\/div>\n\t\t\t\t\t<\/div>\n\t\t\t\t<\/div>\n\t\t<div class=\"elementor-element elementor-element-afbb6c2 e-flex e-con-boxed e-con e-parent\" data-id=\"afbb6c2\" data-element_type=\"container\">\n\t\t\t\t\t<div class=\"e-con-inner\">\n\t\t\t\t<div class=\"elementor-element elementor-element-2395de9 elementor-widget elementor-widget-text-editor\" data-id=\"2395de9\" data-element_type=\"widget\" data-widget_type=\"text-editor.default\">\n\t\t\t\t<div class=\"elementor-widget-container\">\n\t\t\t\t\t\t\t\t\t<p style=\"font-weight: 400;\">Stipendierna \u00e4r avsedda f\u00f6r h\u00f6gskole- och universitetsstudier i Frankrike. S\u00f6kande ska ha f\u00f6rkunskaper i franska (minst steg 5). Studierna ska omfatta minst fyra m\u00e5nader (vanligtvis en studietermin). &nbsp;Stipendiebeloppet \u00e4r som regel 15&nbsp;000 SEK.<\/p>\n<p style=\"font-weight: 400;\">F\u00f6r konstn\u00e4rliga studier kan det s.k. Pontus Gratestipendiet s\u00f6kas (ett stipendium \u00e0 20&nbsp;000 SEK).&nbsp;<\/p>\n<p style=\"font-weight: 400;\">Svenska studenter bosatta i Frankrike och disputerade svenska studenter&nbsp;<strong>kan inte s\u00f6ka<\/strong>. Svenska studenter som har g\u00e5tt p\u00e5 gymnasiet vid&nbsp;<em>Lyc\u00e9e Fran\u00e7ais Saint-Louis<\/em>&nbsp;i Stockholm kan inte heller s\u00f6ka. Stipendium kan inte s\u00f6kas f\u00f6r att endast f\u00f6lja spr\u00e5kstudier eller \u00e5ka p\u00e5 studiebes\u00f6k. Kurserna som l\u00e4ses vid universitet i Frankrike ska huvudsakligen vara p\u00e5 franska och inte p\u00e5 engelska. Erasmus-studenter som vill s\u00f6ka \u00e4r v\u00e4lkomna och ska bifoga ett intyg p\u00e5 antagningsbesked.<\/p>\n<p style=\"font-weight: 400;\">Inom tv\u00e5 m\u00e5nader efter avslutade studier\/projekt skall rapport ins\u00e4ndas till Alliance Fran\u00e7aise.<\/p>\n<p style=\"font-weight: 400;\">Ofullst\u00e4ndiga ans\u00f6kningar beaktas inte. I samband med ans\u00f6kan ska nedan angivna dokument skickas in och vara kontrollerbara.&nbsp;<\/p>\n<ol>\n<li><a href=\"https:\/\/docs.google.com\/forms\/d\/e\/1FAIpQLSewDAcHsn99q-MHcrwa5yRXxubRzMfj4ZsIQsQTcrGANcHUWQ\/viewform?usp=header\">Ans\u00f6kningsformul\u00e4ret<\/a> (med ifyllda obligatoriska uppgifter om f\u00f6delse\u00e5r, kunskaper i franska mm.).<\/li>\n<li>Studentbetyg<\/li>\n<li>Intyg p\u00e5 universitets- och h\u00f6gskolepo\u00e4ng fr\u00e5n Sverige eller utomlands, i f\u00f6rekommande fall \u00f6versatta till svenska<\/li>\n<li>Alla intyg ska vara daterade och inneh\u00e5lla referenser till person med befattning, postadress, e-postadress och telefonnummer.<\/li>\n<li>F\u00f6r Erasmus-studenter bifogas intyg p\u00e5 antagning som Erasmus-student vid ett universitet i Frankrike.<\/li>\n<\/ol>\n<p style=\"font-weight: 400;\">Ans\u00f6kningstiden \u00e4r mellan den 1 mars och den 15 april varje \u00e5r.&nbsp;<strong>Observera att ans\u00f6kan inte kan g\u00f6ras retroaktivt.<\/strong>&nbsp;Studierna ska p\u00e5b\u00f6rjas under h\u00f6sten samma \u00e5r som ans\u00f6kan gjorts, eventuellt under v\u00e5ren \u00e5ret d\u00e4rp\u00e5. Ans\u00f6kan om stipendium ska skickas till det elektroniska ans\u00f6kningssystemet senast 15 april kl. 23.59.&nbsp;<strong>Stipendium kan inte s\u00f6kas per e-post.<\/strong><\/p>\n<p style=\"font-weight: 400;\"><u>Till ans\u00f6kningssystemet<\/u><\/p>\n<p style=\"font-weight: 400;\">Besked om eventuellt tilldelat stipendium s\u00e4nds per e-post f\u00f6re den 15 maj aktuellt \u00e5r. Det \u00e4r d\u00e4rf\u00f6r viktigt att s\u00f6kandes e-postadress och telefonnummer finns p\u00e5 ans\u00f6kningsblanketten.<\/p>\n<p style=\"font-weight: 400;\">F\u00f6rfr\u00e5gningar om chanserna att f\u00e5 stipendium kan inte besvaras. F\u00f6rfr\u00e5gningar om sk\u00e4len till att inte ha tilldelats stipendium besvaras ej.<br>Du f\u00e5r svar endast om du har f\u00e5tt din ans\u00f6kan beviljad.<\/p>\n<p style=\"font-weight: 400;\"><strong>&nbsp;<\/strong><\/p>\n<p style=\"font-weight: 400;\"><strong>STUDENTSSTIPENDIUM<\/strong><strong> 2024<\/strong> &nbsp;(20&nbsp;000 sek)<\/p>\n<p style=\"font-weight: 400;\">Felix Krausz Sj\u00f6gren (Lund univ. \u2013 Sorbonne Paris \u2013 Litt.Vet)<\/p>\n<p style=\"font-weight: 400;\">Filip Engdahl (Sthlm\/Handels \u2013 Sciences Po\/Paris)<\/p>\n<p style=\"font-weight: 400;\">Alicia Rydhem (G\u00f6teborg \/Handels \u2013 Bordeaux KEDGE)<\/p>\n<p style=\"font-weight: 400;\">Julia Blomgren (Lund-univ. &#8211; Montpellier univ.)<\/p>\n<p style=\"font-weight: 400;\">Eric Segerfeldt (Lund univ. &#8211; EM Lyon Business School)<\/p>\n<p style=\"font-weight: 400;\">Sara Aatig (G\u00f6tebor\/Chalmers &#8211; Polytechnique\/Grenoble)<\/p>\n<p style=\"font-weight: 400;\">Anton Gideskog (Link\u00f6ping \u2013 Grenoble INP- UGA)<\/p>\n<p style=\"font-weight: 400;\">Maya Kastlander (Stockholm \u2013 Sciences Po Paris)<\/p>\n<p style=\"font-weight: 400;\">Linn Tufvesson Lund \/Tekniska h\u00f6gskolan \u2013 Polytechnique Grenoble)<\/p>\n<p style=\"font-weight: 400;\"><strong>&nbsp;<\/strong><\/p>\n<p style=\"font-weight: 400;\"><strong>PONTUS GRATE<\/strong> (30&nbsp;000sek) \u2013 bourse sp\u00e9cifique, sp\u00e9cialit\u00e9 artistique<\/p>\n<p style=\"font-weight: 400;\">Malcom Djossou, (Uppsala\/landskapsarkitekt \u2013 Versaille\/ENS de paysage de Versailles)<\/p>\n<p style=\"font-weight: 400;\"><strong>JOHAN STENBERG<\/strong> (25&nbsp;000sek), bourse sp\u00e9cifique, sp\u00e9cialit\u00e9 \u00e9conomie<\/p>\n<p style=\"font-weight: 400;\">Laura Olsson Radda (Handels\/G\u00f6teborg \u2013 ESSEC-Cergy-Paris)<\/p>\t\t\t\t\t\t\t\t<\/div>\n\t\t\t\t<\/div>\n\t\t\t\t\t<\/div>\n\t\t\t\t<\/div>\n\t\t\t\t<\/div>\n\t\t","protected":false},"excerpt":{"rendered":"<p>Stipendier f\u00f6r h\u00f6gre studier i Frankrike Stipendierna \u00e4r avsedda f\u00f6r h\u00f6gskole- och universitetsstudier i Frankrike. S\u00f6kande ska ha f\u00f6rkunskaper i franska (minst steg 5). Studierna ska omfatta minst fyra m\u00e5nader (vanligtvis en studietermin). &nbsp;Stipendiebeloppet \u00e4r som regel 15&nbsp;000 SEK. F\u00f6r konstn\u00e4rliga studier kan det s.k. Pontus Gratestipendiet s\u00f6kas (ett stipendium \u00e0 20&nbsp;000 SEK).&nbsp; Svenska studenter bosatta i Frankrike och disputerade svenska studenter&nbsp;kan inte s\u00f6ka. Svenska studenter som har g\u00e5tt p\u00e5 gymnasiet vid&nbsp;Lyc\u00e9e Fran\u00e7ais Saint-Louis&nbsp;i Stockholm kan inte heller s\u00f6ka. Stipendium kan inte s\u00f6kas f\u00f6r att endast f\u00f6lja spr\u00e5kstudier eller \u00e5ka p\u00e5 studiebes\u00f6k. Kurserna som l\u00e4ses vid universitet i Frankrike ska huvudsakligen vara p\u00e5 franska och inte p\u00e5 engelska. Erasmus-studenter som vill s\u00f6ka \u00e4r v\u00e4lkomna och ska bifoga ett intyg p\u00e5 antagningsbesked. Inom tv\u00e5 m\u00e5nader efter avslutade studier\/projekt skall rapport ins\u00e4ndas till Alliance Fran\u00e7aise. Ofullst\u00e4ndiga ans\u00f6kningar beaktas inte. I samband med ans\u00f6kan ska nedan angivna dokument skickas in och vara kontrollerbara.&nbsp; Ans\u00f6kningsformul\u00e4ret (med ifyllda obligatoriska uppgifter om f\u00f6delse\u00e5r, kunskaper i franska mm.). Studentbetyg Intyg p\u00e5 universitets- och h\u00f6gskolepo\u00e4ng fr\u00e5n Sverige eller utomlands, i f\u00f6rekommande fall \u00f6versatta till svenska Alla intyg ska vara daterade och inneh\u00e5lla referenser till person med befattning, postadress, e-postadress och telefonnummer. F\u00f6r Erasmus-studenter bifogas intyg p\u00e5 antagning som Erasmus-student vid ett universitet i Frankrike. Ans\u00f6kningstiden \u00e4r mellan den 1 mars och den 15 april varje \u00e5r.&nbsp;Observera att ans\u00f6kan inte kan g\u00f6ras retroaktivt.&nbsp;Studierna ska p\u00e5b\u00f6rjas under h\u00f6sten samma \u00e5r som ans\u00f6kan gjorts, eventuellt under v\u00e5ren \u00e5ret d\u00e4rp\u00e5. Ans\u00f6kan om stipendium ska skickas till det elektroniska ans\u00f6kningssystemet senast 15 april kl. 23.59.&nbsp;Stipendium kan inte s\u00f6kas per e-post. Till ans\u00f6kningssystemet Besked om eventuellt tilldelat stipendium s\u00e4nds per e-post f\u00f6re den 15 maj aktuellt \u00e5r. Det \u00e4r d\u00e4rf\u00f6r viktigt att s\u00f6kandes e-postadress och telefonnummer finns p\u00e5 ans\u00f6kningsblanketten. F\u00f6rfr\u00e5gningar om chanserna att f\u00e5 stipendium kan inte besvaras. F\u00f6rfr\u00e5gningar om sk\u00e4len till att inte ha tilldelats stipendium besvaras ej.Du f\u00e5r svar endast om du har f\u00e5tt din ans\u00f6kan beviljad. &nbsp; STUDENTSSTIPENDIUM 2024 &nbsp;(20&nbsp;000 sek) Felix Krausz Sj\u00f6gren (Lund univ. \u2013 Sorbonne Paris \u2013 Litt.Vet) Filip Engdahl (Sthlm\/Handels \u2013 Sciences Po\/Paris) Alicia Rydhem (G\u00f6teborg \/Handels \u2013 Bordeaux KEDGE) Julia Blomgren (Lund-univ. &#8211; Montpellier univ.) Eric Segerfeldt (Lund univ. &#8211; EM Lyon Business School) Sara Aatig (G\u00f6tebor\/Chalmers &#8211; Polytechnique\/Grenoble) Anton Gideskog (Link\u00f6ping \u2013 Grenoble INP- UGA) Maya Kastlander (Stockholm \u2013 Sciences Po Paris) Linn Tufvesson Lund \/Tekniska h\u00f6gskolan \u2013 Polytechnique Grenoble) &nbsp; PONTUS GRATE (30&nbsp;000sek) \u2013 bourse sp\u00e9cifique, sp\u00e9cialit\u00e9 artistique Malcom Djossou, (Uppsala\/landskapsarkitekt \u2013 Versaille\/ENS de paysage de Versailles) JOHAN STENBERG (25&nbsp;000sek), bourse sp\u00e9cifique, sp\u00e9cialit\u00e9 \u00e9conomie Laura Olsson Radda (Handels\/G\u00f6teborg \u2013 ESSEC-Cergy-Paris)<\/p>\n","protected":false},"author":1,"featured_media":0,"parent":0,"menu_order":0,"comment_status":"closed","ping_status":"closed","template":"","meta":{"om_disable_all_campaigns":false,"_monsterinsights_skip_tracking":false,"_monsterinsights_sitenote_active":false,"_monsterinsights_sitenote_note":"","_monsterinsights_sitenote_category":0,"_uf_show_specific_survey":0,"_uf_disable_surveys":false,"footnotes":""},"class_list":["post-3726","page","type-page","status-publish","hentry"],"aioseo_notices":[],"rttpg_featured_image_url":null,"rttpg_author":{"display_name":"Super.admin","author_link":"https:\/\/alliancefr.se\/stockholm\/author\/admin2174\/"},"rttpg_comment":0,"rttpg_category":" <a href=\"https:\/\/alliancefr.se\/stockholm\/fr\/\" rel=\"tag\">Fran\u00e7ais<\/a>","rttpg_excerpt":"Stipendier f\u00f6r h\u00f6gre studier i Frankrike Stipendierna \u00e4r avsedda f\u00f6r h\u00f6gskole- och universitetsstudier i Frankrike. S\u00f6kande ska ha f\u00f6rkunskaper i franska (minst steg 5). Studierna ska omfatta minst fyra m\u00e5nader (vanligtvis en studietermin). &nbsp;Stipendiebeloppet \u00e4r som regel 15&nbsp;000 SEK. F\u00f6r konstn\u00e4rliga studier kan det s.k. Pontus Gratestipendiet s\u00f6kas (ett stipendium \u00e0 20&nbsp;000 SEK).&nbsp; Svenska studenter\u2026","_links":{"self":[{"href":"https:\/\/alliancefr.se\/stockholm\/wp-json\/wp\/v2\/pages\/3726","targetHints":{"allow":["GET"]}}],"collection":[{"href":"https:\/\/alliancefr.se\/stockholm\/wp-json\/wp\/v2\/pages"}],"about":[{"href":"https:\/\/alliancefr.se\/stockholm\/wp-json\/wp\/v2\/types\/page"}],"author":[{"embeddable":true,"href":"https:\/\/alliancefr.se\/stockholm\/wp-json\/wp\/v2\/users\/1"}],"replies":[{"embeddable":true,"href":"https:\/\/alliancefr.se\/stockholm\/wp-json\/wp\/v2\/comments?post=3726"}],"version-history":[{"count":13,"href":"https:\/\/alliancefr.se\/stockholm\/wp-json\/wp\/v2\/pages\/3726\/revisions"}],"predecessor-version":[{"id":4865,"href":"https:\/\/alliancefr.se\/stockholm\/wp-json\/wp\/v2\/pages\/3726\/revisions\/4865"}],"wp:attachment":[{"href":"https:\/\/alliancefr.se\/stockholm\/wp-json\/wp\/v2\/media?parent=3726"}],"curies":[{"name":"wp","href":"https:\/\/api.w.org\/{rel}","templated":true}]}}