{"id":3715,"date":"2024-08-27T13:57:52","date_gmt":"2024-08-27T11:57:52","guid":{"rendered":"https:\/\/alliancefr.se\/stockholm\/?page_id=3715"},"modified":"2025-08-28T14:40:52","modified_gmt":"2025-08-28T12:40:52","slug":"devenir-membre","status":"publish","type":"page","link":"https:\/\/alliancefr.se\/stockholm\/fr\/devenir-membre\/","title":{"rendered":"Devenir membre"},"content":{"rendered":"\t\t<div data-elementor-type=\"wp-page\" data-elementor-id=\"3715\" class=\"elementor elementor-3715\">\n\t\t\t\t<div class=\"elementor-element elementor-element-fa52b76 e-flex e-con-boxed e-con e-parent\" data-id=\"fa52b76\" data-element_type=\"container\">\n\t\t\t\t\t<div class=\"e-con-inner\">\n\t\t\t\t<div class=\"elementor-element elementor-element-a398183 elementor-widget elementor-widget-text-editor\" data-id=\"a398183\" data-element_type=\"widget\" data-widget_type=\"text-editor.default\">\n\t\t\t\t<div class=\"elementor-widget-container\">\n\t\t\t\t\t\t\t\t\t<p>Rejoindre l&rsquo;Alliance Fran\u00e7aise de Stockholm vous permettra d&rsquo;int\u00e9grer un groupe chaleureux tout en apprenant plus sur la culture et la langue fran\u00e7aise. Vous aurez l&rsquo;occasion de participer \u00e0 de nombreux \u00e9v\u00e9nements : conf\u00e9rences, visites guid\u00e9es ou les \u00e9v\u00e9nements de l&rsquo;AF Douce France.\u00a0<\/p><p>L&rsquo;adh\u00e9sion est facile et est valable une ann\u00e9e !\u00a0<\/p><p>Cliquez <a href=\"https:\/\/blimedlem.foreningshuset.se\/alliance_francaise\">ici<\/a> pour devenir membre de l&rsquo;Alliance Fran\u00e7aise de Stockholm.\u00a0<\/p>\t\t\t\t\t\t\t\t<\/div>\n\t\t\t\t<\/div>\n\t\t\t\t\t<\/div>\n\t\t\t\t<\/div>\n\t\t\t\t<\/div>\n\t\t","protected":false},"excerpt":{"rendered":"<p>Rejoindre l&rsquo;Alliance Fran\u00e7aise de Stockholm vous permettra d&rsquo;int\u00e9grer un groupe chaleureux tout en apprenant plus sur la culture et la langue fran\u00e7aise. Vous aurez l&rsquo;occasion de participer \u00e0 de nombreux \u00e9v\u00e9nements : conf\u00e9rences, visites guid\u00e9es ou les \u00e9v\u00e9nements de l&rsquo;AF Douce France.\u00a0 L&rsquo;adh\u00e9sion est facile et est valable une ann\u00e9e !\u00a0 Cliquez ici pour devenir membre de l&rsquo;Alliance Fran\u00e7aise de Stockholm.\u00a0<\/p>\n","protected":false},"author":1,"featured_media":0,"parent":0,"menu_order":0,"comment_status":"closed","ping_status":"closed","template":"","meta":{"om_disable_all_campaigns":false,"_monsterinsights_skip_tracking":false,"_monsterinsights_sitenote_active":false,"_monsterinsights_sitenote_note":"","_monsterinsights_sitenote_category":0,"_uf_show_specific_survey":0,"_uf_disable_surveys":false,"footnotes":""},"class_list":["post-3715","page","type-page","status-publish","hentry"],"aioseo_notices":[],"rttpg_featured_image_url":null,"rttpg_author":{"display_name":"Super.admin","author_link":"https:\/\/alliancefr.se\/stockholm\/author\/admin2174\/"},"rttpg_comment":0,"rttpg_category":" <a href=\"https:\/\/alliancefr.se\/stockholm\/fr\/\" rel=\"tag\">Fran\u00e7ais<\/a>","rttpg_excerpt":"Rejoindre l&rsquo;Alliance Fran\u00e7aise de Stockholm vous permettra d&rsquo;int\u00e9grer un groupe chaleureux tout en apprenant plus sur la culture et la langue fran\u00e7aise. Vous aurez l&rsquo;occasion de participer \u00e0 de nombreux \u00e9v\u00e9nements : conf\u00e9rences, visites guid\u00e9es ou les \u00e9v\u00e9nements de l&rsquo;AF Douce France.\u00a0 L&rsquo;adh\u00e9sion est facile et est valable une ann\u00e9e !\u00a0 Cliquez ici pour devenir\u2026","_links":{"self":[{"href":"https:\/\/alliancefr.se\/stockholm\/wp-json\/wp\/v2\/pages\/3715","targetHints":{"allow":["GET"]}}],"collection":[{"href":"https:\/\/alliancefr.se\/stockholm\/wp-json\/wp\/v2\/pages"}],"about":[{"href":"https:\/\/alliancefr.se\/stockholm\/wp-json\/wp\/v2\/types\/page"}],"author":[{"embeddable":true,"href":"https:\/\/alliancefr.se\/stockholm\/wp-json\/wp\/v2\/users\/1"}],"replies":[{"embeddable":true,"href":"https:\/\/alliancefr.se\/stockholm\/wp-json\/wp\/v2\/comments?post=3715"}],"version-history":[{"count":17,"href":"https:\/\/alliancefr.se\/stockholm\/wp-json\/wp\/v2\/pages\/3715\/revisions"}],"predecessor-version":[{"id":4876,"href":"https:\/\/alliancefr.se\/stockholm\/wp-json\/wp\/v2\/pages\/3715\/revisions\/4876"}],"wp:attachment":[{"href":"https:\/\/alliancefr.se\/stockholm\/wp-json\/wp\/v2\/media?parent=3715"}],"curies":[{"name":"wp","href":"https:\/\/api.w.org\/{rel}","templated":true}]}}