{"id":3705,"date":"2024-08-27T13:35:11","date_gmt":"2024-08-27T11:35:11","guid":{"rendered":"https:\/\/alliancefr.se\/stockholm\/?page_id=3705"},"modified":"2025-04-30T12:26:07","modified_gmt":"2025-04-30T10:26:07","slug":"accueil","status":"publish","type":"page","link":"https:\/\/alliancefr.se\/stockholm\/fr\/accueil\/","title":{"rendered":"Accueil"},"content":{"rendered":"\t\t<div data-elementor-type=\"wp-page\" data-elementor-id=\"3705\" class=\"elementor elementor-3705\">\n\t\t\t\t<div class=\"elementor-element elementor-element-b4b06fa e-con-full e-flex e-con e-parent\" data-id=\"b4b06fa\" data-element_type=\"container\">\n\t\t\t\t<div class=\"elementor-element elementor-element-912ec3b elementor-widget elementor-widget-text-editor\" data-id=\"912ec3b\" data-element_type=\"widget\" data-widget_type=\"text-editor.default\">\n\t\t\t\t<div class=\"elementor-widget-container\">\n\t\t\t\t\t\t\t\t\t<p style=\"font-weight: 400\"><img decoding=\"async\" class=\"wp-image-4718  alignleft\" src=\"http:\/\/alliancefr.se\/stockholm\/wp-content\/uploads\/sites\/21\/2025\/04\/Alskar-du-Frankrike-och-den-fransksprakiga-varlden-Bli-medlem-i-Alliance-Francaise-de-Stockholm-och-dela-din-passion-med-likasinnade-3-342x1024.png\" alt=\"\" width=\"107\" height=\"320\" \/>Bienvenue sur notre <span style=\"color: #000000\"><strong>nouveau site<\/strong><\/span> !<\/p><p style=\"font-weight: 400\">D\u00e9couvrez un design repens\u00e9, de nouvelles fonctionnalit\u00e9s, un contenu enrichi et des nouveaut\u00e9s\u00a0!<\/p><p style=\"font-weight: 400\">L&rsquo;<strong>Alliance Fran\u00e7aise de Stockholm<\/strong> a pour mission de promouvoir la langue fran\u00e7aise et de faire rayonner les cultures francophones \u00e0 travers le monde gr\u00e2ce \u00e0 une diversit\u00e9 d&rsquo;activit\u00e9s que nous ne cessons d&rsquo;\u00e9largir.<\/p><p style=\"font-weight: 400\">Organisme \u00e0 but non lucratif, elle agit ind\u00e9pendamment de toute influence politique, religieuse et id\u00e9ologique.<\/p><p style=\"font-weight: 400\">Que vous soyez d\u00e9j\u00e0 un expert de la langue ou simplement curieux d&rsquo;en savoir plus, nous serons ravis de vous accueillir et de <strong>partager avec vous la richesse de la francophonie<\/strong>.<\/p>\t\t\t\t\t\t\t\t<\/div>\n\t\t\t\t<\/div>\n\t\t\t\t<\/div>\n\t\t<div class=\"elementor-element elementor-element-675386a e-flex e-con-boxed e-con e-parent\" data-id=\"675386a\" data-element_type=\"container\">\n\t\t\t\t\t<div class=\"e-con-inner\">\n\t\t\t\t<div class=\"elementor-element elementor-element-95ce9e4 elementor-widget elementor-widget-image-gallery\" data-id=\"95ce9e4\" data-element_type=\"widget\" data-widget_type=\"image-gallery.default\">\n\t\t\t\t<div class=\"elementor-widget-container\">\n\t\t\t\t\t\t\t<div class=\"elementor-image-gallery\">\n\t\t\t<div id='gallery-1' class='gallery galleryid-3705 gallery-columns-3 gallery-size-large'><figure class='gallery-item'>\n\t\t\t<div class='gallery-icon landscape'>\n\t\t\t\t<a data-elementor-open-lightbox=\"yes\" data-elementor-lightbox-slideshow=\"95ce9e4\" data-elementor-lightbox-title=\"CONFERENCE ICONE\" data-e-action-hash=\"#elementor-action%3Aaction%3Dlightbox%26settings%3DeyJpZCI6NDU4MywidXJsIjoiaHR0cHM6XC9cL2FsbGlhbmNlZnIuc2VcL3N0b2NraG9sbVwvd3AtY29udGVudFwvdXBsb2Fkc1wvc2l0ZXNcLzIxXC8yMDI1XC8wNFwvQ09ORkVSRU5DRS1JQ09ORS5wbmciLCJzbGlkZXNob3ciOiI5NWNlOWU0In0%3D\" href='https:\/\/alliancefr.se\/stockholm\/wp-content\/uploads\/sites\/21\/2025\/04\/CONFERENCE-ICONE.png'><img fetchpriority=\"high\" decoding=\"async\" width=\"960\" height=\"960\" src=\"https:\/\/alliancefr.se\/stockholm\/wp-content\/uploads\/sites\/21\/2025\/04\/CONFERENCE-ICONE-1024x1024.png\" class=\"attachment-large size-large\" alt=\"\" \/><\/a>\n\t\t\t<\/div><\/figure><figure class='gallery-item'>\n\t\t\t<div class='gallery-icon landscape'>\n\t\t\t\t<a data-elementor-open-lightbox=\"yes\" data-elementor-lightbox-slideshow=\"95ce9e4\" data-elementor-lightbox-title=\"Visite guid\u00e9e icone\" data-e-action-hash=\"#elementor-action%3Aaction%3Dlightbox%26settings%3DeyJpZCI6NDYxOCwidXJsIjoiaHR0cHM6XC9cL2FsbGlhbmNlZnIuc2VcL3N0b2NraG9sbVwvd3AtY29udGVudFwvdXBsb2Fkc1wvc2l0ZXNcLzIxXC8yMDI1XC8wNFwvVmlzaXRlLWd1aWRlZS1pY29uZS0xLnBuZyIsInNsaWRlc2hvdyI6Ijk1Y2U5ZTQifQ%3D%3D\" href='https:\/\/alliancefr.se\/stockholm\/wp-content\/uploads\/sites\/21\/2025\/04\/Visite-guidee-icone-1.png'><img decoding=\"async\" width=\"960\" height=\"960\" src=\"https:\/\/alliancefr.se\/stockholm\/wp-content\/uploads\/sites\/21\/2025\/04\/Visite-guidee-icone-1-1024x1024.png\" class=\"attachment-large size-large\" alt=\"\" \/><\/a>\n\t\t\t<\/div><\/figure><figure class='gallery-item'>\n\t\t\t<div class='gallery-icon landscape'>\n\t\t\t\t<a data-elementor-open-lightbox=\"yes\" data-elementor-lightbox-slideshow=\"95ce9e4\" data-elementor-lightbox-title=\"promenade guid\u00e9e icone\" data-e-action-hash=\"#elementor-action%3Aaction%3Dlightbox%26settings%3DeyJpZCI6NDYxOSwidXJsIjoiaHR0cHM6XC9cL2FsbGlhbmNlZnIuc2VcL3N0b2NraG9sbVwvd3AtY29udGVudFwvdXBsb2Fkc1wvc2l0ZXNcLzIxXC8yMDI1XC8wNFwvcHJvbWVuYWRlLWd1aWRlZS1pY29uZS5wbmciLCJzbGlkZXNob3ciOiI5NWNlOWU0In0%3D\" href='https:\/\/alliancefr.se\/stockholm\/wp-content\/uploads\/sites\/21\/2025\/04\/promenade-guidee-icone.png'><img loading=\"lazy\" decoding=\"async\" width=\"960\" height=\"960\" src=\"https:\/\/alliancefr.se\/stockholm\/wp-content\/uploads\/sites\/21\/2025\/04\/promenade-guidee-icone-1024x1024.png\" class=\"attachment-large size-large\" alt=\"\" \/><\/a>\n\t\t\t<\/div><\/figure><figure class='gallery-item'>\n\t\t\t<div class='gallery-icon landscape'>\n\t\t\t\t<a data-elementor-open-lightbox=\"yes\" data-elementor-lightbox-slideshow=\"95ce9e4\" data-elementor-lightbox-title=\"DEGUSTATION ICONE\" data-e-action-hash=\"#elementor-action%3Aaction%3Dlightbox%26settings%3DeyJpZCI6NDU4NCwidXJsIjoiaHR0cHM6XC9cL2FsbGlhbmNlZnIuc2VcL3N0b2NraG9sbVwvd3AtY29udGVudFwvdXBsb2Fkc1wvc2l0ZXNcLzIxXC8yMDI1XC8wNFwvREVHVVNUQVRJT04tSUNPTkUucG5nIiwic2xpZGVzaG93IjoiOTVjZTllNCJ9\" href='https:\/\/alliancefr.se\/stockholm\/wp-content\/uploads\/sites\/21\/2025\/04\/DEGUSTATION-ICONE.png'><img loading=\"lazy\" decoding=\"async\" width=\"960\" height=\"960\" src=\"https:\/\/alliancefr.se\/stockholm\/wp-content\/uploads\/sites\/21\/2025\/04\/DEGUSTATION-ICONE-1024x1024.png\" class=\"attachment-large size-large\" alt=\"\" \/><\/a>\n\t\t\t<\/div><\/figure><figure class='gallery-item'>\n\t\t\t<div class='gallery-icon landscape'>\n\t\t\t\t<a data-elementor-open-lightbox=\"yes\" data-elementor-lightbox-slideshow=\"95ce9e4\" data-elementor-lightbox-title=\"papotes &amp; Saveurs icone\" data-e-action-hash=\"#elementor-action%3Aaction%3Dlightbox%26settings%3DeyJpZCI6NDY4OCwidXJsIjoiaHR0cHM6XC9cL2FsbGlhbmNlZnIuc2VcL3N0b2NraG9sbVwvd3AtY29udGVudFwvdXBsb2Fkc1wvc2l0ZXNcLzIxXC8yMDI1XC8wNFwvcGFwb3Rlcy1TYXZldXJzLWljb25lLTEucG5nIiwic2xpZGVzaG93IjoiOTVjZTllNCJ9\" href='https:\/\/alliancefr.se\/stockholm\/wp-content\/uploads\/sites\/21\/2025\/04\/papotes-Saveurs-icone-1.png'><img loading=\"lazy\" decoding=\"async\" width=\"960\" height=\"960\" src=\"https:\/\/alliancefr.se\/stockholm\/wp-content\/uploads\/sites\/21\/2025\/04\/papotes-Saveurs-icone-1-1024x1024.png\" class=\"attachment-large size-large\" alt=\"\" \/><\/a>\n\t\t\t<\/div><\/figure><figure class='gallery-item'>\n\t\t\t<div class='gallery-icon landscape'>\n\t\t\t\t<a data-elementor-open-lightbox=\"yes\" data-elementor-lightbox-slideshow=\"95ce9e4\" data-elementor-lightbox-title=\"debat en scene icone\" data-e-action-hash=\"#elementor-action%3Aaction%3Dlightbox%26settings%3DeyJpZCI6NDY4NiwidXJsIjoiaHR0cHM6XC9cL2FsbGlhbmNlZnIuc2VcL3N0b2NraG9sbVwvd3AtY29udGVudFwvdXBsb2Fkc1wvc2l0ZXNcLzIxXC8yMDI1XC8wNFwvZGViYXQtZW4tc2NlbmUtaWNvbmUucG5nIiwic2xpZGVzaG93IjoiOTVjZTllNCJ9\" href='https:\/\/alliancefr.se\/stockholm\/wp-content\/uploads\/sites\/21\/2025\/04\/debat-en-scene-icone.png'><img loading=\"lazy\" decoding=\"async\" width=\"960\" height=\"960\" src=\"https:\/\/alliancefr.se\/stockholm\/wp-content\/uploads\/sites\/21\/2025\/04\/debat-en-scene-icone-1024x1024.png\" class=\"attachment-large size-large\" alt=\"\" \/><\/a>\n\t\t\t<\/div><\/figure>\n\t\t<\/div>\n\t\t<\/div>\n\t\t\t\t\t\t<\/div>\n\t\t\t\t<\/div>\n\t\t\t\t\t<\/div>\n\t\t\t\t<\/div>\n\t\t\t\t<\/div>\n\t\t","protected":false},"excerpt":{"rendered":"<p>Bienvenue sur notre nouveau site ! D\u00e9couvrez un design repens\u00e9, de nouvelles fonctionnalit\u00e9s, un contenu enrichi et des nouveaut\u00e9s\u00a0! L&rsquo;Alliance Fran\u00e7aise de Stockholm a pour mission de promouvoir la langue fran\u00e7aise et de faire rayonner les cultures francophones \u00e0 travers le monde gr\u00e2ce \u00e0 une diversit\u00e9 d&rsquo;activit\u00e9s que nous ne cessons d&rsquo;\u00e9largir. Organisme \u00e0 but non lucratif, elle agit ind\u00e9pendamment de toute influence politique, religieuse et id\u00e9ologique. Que vous soyez d\u00e9j\u00e0 un expert de la langue ou simplement curieux d&rsquo;en savoir plus, nous serons ravis de vous accueillir et de partager avec vous la richesse de la francophonie.<\/p>\n","protected":false},"author":1,"featured_media":0,"parent":0,"menu_order":0,"comment_status":"closed","ping_status":"closed","template":"","meta":{"om_disable_all_campaigns":false,"_monsterinsights_skip_tracking":false,"_monsterinsights_sitenote_active":false,"_monsterinsights_sitenote_note":"","_monsterinsights_sitenote_category":0,"_uf_show_specific_survey":0,"_uf_disable_surveys":false,"footnotes":""},"class_list":["post-3705","page","type-page","status-publish","hentry"],"aioseo_notices":[],"rttpg_featured_image_url":null,"rttpg_author":{"display_name":"Super.admin","author_link":"https:\/\/alliancefr.se\/stockholm\/author\/admin2174\/"},"rttpg_comment":0,"rttpg_category":" <a href=\"https:\/\/alliancefr.se\/stockholm\/fr\/\" rel=\"tag\">Fran\u00e7ais<\/a>","rttpg_excerpt":"Bienvenue sur notre nouveau site ! D\u00e9couvrez un design repens\u00e9, de nouvelles fonctionnalit\u00e9s, un contenu enrichi et des nouveaut\u00e9s\u00a0! L&rsquo;Alliance Fran\u00e7aise de Stockholm a pour mission de promouvoir la langue fran\u00e7aise et de faire rayonner les cultures francophones \u00e0 travers le monde gr\u00e2ce \u00e0 une diversit\u00e9 d&rsquo;activit\u00e9s que nous ne cessons d&rsquo;\u00e9largir. Organisme \u00e0 but\u2026","_links":{"self":[{"href":"https:\/\/alliancefr.se\/stockholm\/wp-json\/wp\/v2\/pages\/3705","targetHints":{"allow":["GET"]}}],"collection":[{"href":"https:\/\/alliancefr.se\/stockholm\/wp-json\/wp\/v2\/pages"}],"about":[{"href":"https:\/\/alliancefr.se\/stockholm\/wp-json\/wp\/v2\/types\/page"}],"author":[{"embeddable":true,"href":"https:\/\/alliancefr.se\/stockholm\/wp-json\/wp\/v2\/users\/1"}],"replies":[{"embeddable":true,"href":"https:\/\/alliancefr.se\/stockholm\/wp-json\/wp\/v2\/comments?post=3705"}],"version-history":[{"count":52,"href":"https:\/\/alliancefr.se\/stockholm\/wp-json\/wp\/v2\/pages\/3705\/revisions"}],"predecessor-version":[{"id":4727,"href":"https:\/\/alliancefr.se\/stockholm\/wp-json\/wp\/v2\/pages\/3705\/revisions\/4727"}],"wp:attachment":[{"href":"https:\/\/alliancefr.se\/stockholm\/wp-json\/wp\/v2\/media?parent=3705"}],"curies":[{"name":"wp","href":"https:\/\/api.w.org\/{rel}","templated":true}]}}