{"id":49,"date":"2017-06-29T10:04:33","date_gmt":"2017-06-29T08:04:33","guid":{"rendered":"http:\/\/alliancefr.se\/ostersund\/vara-partner\/"},"modified":"2023-10-03T17:18:57","modified_gmt":"2023-10-03T15:18:57","slug":"vara-partner","status":"publish","type":"page","link":"https:\/\/alliancefr.se\/ostersund\/sv\/vara-partner\/","title":{"rendered":"V\u00e5ra partner"},"content":{"rendered":"\t\t<div data-elementor-type=\"wp-post\" data-elementor-id=\"49\" class=\"elementor elementor-49\">\n\t\t\t\t\t\t<section class=\"elementor-section elementor-top-section elementor-element elementor-element-3223d1f9 elementor-section-boxed elementor-section-height-default elementor-section-height-default\" data-id=\"3223d1f9\" data-element_type=\"section\">\n\t\t\t\t\t\t<div class=\"elementor-container elementor-column-gap-default\">\n\t\t\t\t\t<div class=\"elementor-column elementor-col-100 elementor-top-column elementor-element elementor-element-10070cc4\" data-id=\"10070cc4\" data-element_type=\"column\">\n\t\t\t<div class=\"elementor-widget-wrap elementor-element-populated\">\n\t\t\t\t\t\t<div class=\"elementor-element elementor-element-111be394 elementor-widget elementor-widget-text-editor\" data-id=\"111be394\" data-element_type=\"widget\" data-widget_type=\"text-editor.default\">\n\t\t\t\t<div class=\"elementor-widget-container\">\n\t\t\t\t\t\t\t\t\t<section>Alliance Fran\u00e7aise i \u00d6stersund arbetar med ett stort n\u00e4tverk av partner, som \u00e4r lokala eller franska, privata, offentliga eller institutionella. De hj\u00e4lper till att g\u00f6ra \u00a0v\u00e5r f\u00f6rening dynamisk och m\u00f6jligg\u00f6r utvecklingen av vissa projekt. De ger oss resurser och hj\u00e4lper v\u00e5r f\u00f6rening att bli annu mer k\u00e4nd\u00a0. P\u00e5 v\u00e5r sida erbjuder vi en god synlighet till deras hj\u00e4lp, men ocks\u00e5 v\u00e5ra kompetenser n\u00e4r det \u00e4r m\u00f6jligt. F\u00f6reningen letar st\u00e4ndigt efter nya partner som vill hj\u00e4lpa oss eller som vill utveckla innovativa projekt med oss. Tveka inte att <a href=\"http:\/\/alliancefr.se\/ostersund\/sv\/kontakt\/\">kontakt oss<\/a>.<\/section>\t\t\t\t\t\t\t\t<\/div>\n\t\t\t\t<\/div>\n\t\t\t\t\t<\/div>\n\t\t<\/div>\n\t\t\t\t\t<\/div>\n\t\t<\/section>\n\t\t\t\t<\/div>\n\t\t","protected":false},"excerpt":{"rendered":"<p>Alliance Fran\u00e7aise i \u00d6stersund arbetar med ett stort n\u00e4tverk av partner, som \u00e4r lokala eller franska, privata, offentliga eller institutionella. De hj\u00e4lper till att g\u00f6ra \u00a0v\u00e5r f\u00f6rening dynamisk och m\u00f6jligg\u00f6r utvecklingen av vissa projekt. De ger oss resurser och hj\u00e4lper v\u00e5r f\u00f6rening att bli annu mer k\u00e4nd\u00a0. P\u00e5 v\u00e5r sida erbjuder vi en god synlighet till deras hj\u00e4lp, men ocks\u00e5 v\u00e5ra kompetenser n\u00e4r det \u00e4r m\u00f6jligt. F\u00f6reningen letar st\u00e4ndigt efter nya partner som vill hj\u00e4lpa oss eller som vill utveckla innovativa projekt med oss. Tveka inte att kontakt oss.<\/p>\n","protected":false},"author":4,"featured_media":0,"parent":0,"menu_order":0,"comment_status":"closed","ping_status":"closed","template":"","meta":{"om_disable_all_campaigns":false,"_monsterinsights_skip_tracking":false,"_monsterinsights_sitenote_active":false,"_monsterinsights_sitenote_note":"","_monsterinsights_sitenote_category":0,"_uf_show_specific_survey":0,"_uf_disable_surveys":false,"footnotes":""},"class_list":["post-49","page","type-page","status-publish","hentry"],"aioseo_notices":[],"rttpg_featured_image_url":null,"rttpg_author":{"display_name":"admin","author_link":"https:\/\/alliancefr.se\/ostersund\/author\/admin\/"},"rttpg_comment":0,"rttpg_category":" <a href=\"https:\/\/alliancefr.se\/ostersund\/sv\/\" rel=\"tag\">Svenska<\/a>","rttpg_excerpt":"Alliance Fran\u00e7aise i \u00d6stersund arbetar med ett stort n\u00e4tverk av partner, som \u00e4r lokala eller franska, privata, offentliga eller institutionella. De hj\u00e4lper till att g\u00f6ra \u00a0v\u00e5r f\u00f6rening dynamisk och m\u00f6jligg\u00f6r utvecklingen av vissa projekt. De ger oss resurser och hj\u00e4lper v\u00e5r f\u00f6rening att bli annu mer k\u00e4nd\u00a0. P\u00e5 v\u00e5r sida erbjuder vi en god synlighet\u2026","_links":{"self":[{"href":"https:\/\/alliancefr.se\/ostersund\/wp-json\/wp\/v2\/pages\/49","targetHints":{"allow":["GET"]}}],"collection":[{"href":"https:\/\/alliancefr.se\/ostersund\/wp-json\/wp\/v2\/pages"}],"about":[{"href":"https:\/\/alliancefr.se\/ostersund\/wp-json\/wp\/v2\/types\/page"}],"author":[{"embeddable":true,"href":"https:\/\/alliancefr.se\/ostersund\/wp-json\/wp\/v2\/users\/4"}],"replies":[{"embeddable":true,"href":"https:\/\/alliancefr.se\/ostersund\/wp-json\/wp\/v2\/comments?post=49"}],"version-history":[{"count":5,"href":"https:\/\/alliancefr.se\/ostersund\/wp-json\/wp\/v2\/pages\/49\/revisions"}],"predecessor-version":[{"id":641,"href":"https:\/\/alliancefr.se\/ostersund\/wp-json\/wp\/v2\/pages\/49\/revisions\/641"}],"wp:attachment":[{"href":"https:\/\/alliancefr.se\/ostersund\/wp-json\/wp\/v2\/media?parent=49"}],"curies":[{"name":"wp","href":"https:\/\/api.w.org\/{rel}","templated":true}]}}