{"id":45,"date":"2017-06-29T10:03:40","date_gmt":"2017-06-29T08:03:40","guid":{"rendered":"http:\/\/alliancefr.se\/ostersund\/program-och-aktiviteter\/"},"modified":"2024-05-15T08:39:51","modified_gmt":"2024-05-15T06:39:51","slug":"program-och-aktiviteter","status":"publish","type":"page","link":"https:\/\/alliancefr.se\/ostersund\/sv\/program-och-aktiviteter\/","title":{"rendered":"Program och aktiviteter"},"content":{"rendered":"\t\t<div data-elementor-type=\"wp-post\" data-elementor-id=\"45\" class=\"elementor elementor-45\">\n\t\t\t\t\t\t<section class=\"elementor-section elementor-top-section elementor-element elementor-element-2460520f elementor-section-boxed elementor-section-height-default elementor-section-height-default\" data-id=\"2460520f\" data-element_type=\"section\">\n\t\t\t\t\t\t<div class=\"elementor-container elementor-column-gap-default\">\n\t\t\t\t\t<div class=\"elementor-column elementor-col-100 elementor-top-column elementor-element elementor-element-525f1dd8\" data-id=\"525f1dd8\" data-element_type=\"column\">\n\t\t\t<div class=\"elementor-widget-wrap elementor-element-populated\">\n\t\t\t\t\t\t<div class=\"elementor-element elementor-element-4256797c elementor-widget elementor-widget-text-editor\" data-id=\"4256797c\" data-element_type=\"widget\" data-widget_type=\"text-editor.default\">\n\t\t\t\t<div class=\"elementor-widget-container\">\n\t\t\t\t\t\t\t\t\t<section><p>Alliance fran\u00e7aise i \u00d6stersund har ett brett och varierat kulturellprogram om den fransktalande v\u00e4rlden. Vi brukar organisera f\u00f6rel\u00e4sningar om ett omr\u00e5de, ett land, en k\u00e4ndis eller \u00e4ven ett koncept, de h\u00e4r evenemangen utg\u00f6r en stor del av v\u00e5r verksamhet.<\/p><p>Men Alliance fran\u00e7aise i \u00d6stersund har ocks\u00e5 m\u00e5nga andra aktiviteter som ger dig m\u00f6jligheten att uppt\u00e4cka franska och de fransktalande kulturerna p\u00e5 ett gemytligt s\u00e4tt i \u00d6stersund oavsett om du pratar franska eller inte. <\/p><p><strong>Aktuella aktiviteter finns p\u00e5 den franska versionen av sidan. Klicka p\u00e5 den franska flaggan i menyn. <\/strong><\/p><p><strong>Webbsidan uppdateras inte l\u00e4ngre p\u00e5 svenska.<\/strong> <\/p><p>\u00a0<\/p><\/section><h3>F\u00f6rel\u00e4sning via Zoom den 15 oktober<\/h3><p>Temat f\u00f6r kv\u00e4llen \u00e4r \u00ab\u00a0Les origines de la science-fiction dans la litt\u00e9rature fran\u00e7aise\u00a0\u00bb<\/p><p>L\u00e4s mer p\u00e5 v\u00e5r franska version av webbsidan eller p\u00e5 v\u00e5r <a href=\"https:\/\/www.facebook.com\/groups\/898354950189015\">facebooksida<\/a>!<\/p><h1>V\u00e5rens pubaftnar\u00a0<\/h1><p>Under v\u00e5ren kommer vi att ha fyra pubaftnar p\u00e5 Bishops Arms. Aktuella datum \u00e4r 11 februari, 10 mars, 7 april, 12 maj och 9 juni, klockan 18-20. \u00a0<\/p><h2><strong>OBS! INST\u00c4LLT PGA CORONAVIRUS<\/strong>\u00a0<\/h2><h3 style=\"text-align: center\">A voix haute<strong>\u00a0<\/strong><\/h3><p style=\"text-align: center\"><strong>Onsdag den 18 mars 2020<\/strong><\/p><p style=\"text-align: center\"><strong>Kl. 18.30<\/strong><\/p><p style=\"text-align: center\"><strong>Wargentinskolan<\/strong><\/p><p>L\u2019Alliance fran\u00e7aise d\u2019\u00d6stersund har n\u00f6jet att bjuda in till filmvisning av filmen\u00a0<em>A haute voix,<\/em>\u00a0regisserad av St\u00e9phane de Freitas. Efter filmen kommer Nicolas Malet fr\u00e5n kulturavdelningen vid Franska institutet h\u00e5lla en diskussion utifr\u00e5n filmen. <strong>L\u00e4s mer om aktiviteten och om anm\u00e4lan p\u00e5 v\u00e5r franska version av webbsidan.<\/strong><\/p><p>OBS! Entr\u00e9 fr\u00e5n Regementsgatan eftersom filmen visas i Ekerwaldssalen.\u00a0<\/p><h3>Tanguy: le retour<\/h3><p>Alliance Fran\u00e7aise i \u00d6stersund har gl\u00e4djen att torsdagen <em><strong>den 13 februari 2020, klockan 18.30<\/strong><\/em>, h\u00e4lsa er v\u00e4lkommen till visningen av filmen \u00ab\u00a0Tanguy, \u00e5terkomsten\u00a0\u00bb. Det \u00e4r naturligtvis forts\u00e4ttningen p\u00e5 filmen \u00ab\u00a0Tanguy\u00a0\u00bb, som vi visade i h\u00f6stas.<\/p><p><em><strong>Obs! Ing\u00e5ng fr\u00e5n Regementsgatan eftersom vi ser filmen i Ekerwaldsalen.<\/strong><\/em><\/p><p>16 \u00e5r senare \u00e5terv\u00e4nder Tanguy, som nu \u00e4r 44 \u00e5r, till sina f\u00f6r\u00e4ldrar med sin dotter Zhu under armen, eftersom Me\u00ef Lin har l\u00e4mnat honom. F\u00f6rskr\u00e4ckta \u00f6ver att se \u00ab\u00a0sin lille son\u00a0\u00bb i ett s\u00e5dant skick, g\u00f6r Paul och \u00c9dith allt f\u00f6r att \u00e5terge honom livsgl\u00e4djen, utan att inse att de d\u00e4rigenom gr\u00e4ver sin egen grav. F\u00f6r Tanguy b\u00f6rjar \u00e5terigen trivas hos sina f\u00f6r\u00e4ldrar&#8230;<\/p><p>Efter visningen har vi tillf\u00e4lle att diskutera filmen \u00f6ver ett glas vin och en liten osttallrik . Pris 100 kronor (80 kronor utan alkohol). Det \u00e4r inte n\u00f6dv\u00e4ndigt med en anm\u00e4lan till filmvisningen, men om ni vill delta i diskussionen m\u00e5ste ni anm\u00e4la er till St\u00e9phan Wininger p\u00e5 telefon 073-7209314 eller via email <a href=\"mailto:ostersund@alliancefr.se\"><span style=\"font-weight: 400\">ostersund@alliancefr.se<\/span><\/a>\u00a0eller till v\u00e5r Facebooksida Alliance fran\u00e7aise d\u00b4\u00d6stersund.<\/p><p>V\u00e4lkomna!<\/p><h3>F\u00f6redrag av D\u00e9nis Leclerc och provsmakning av calvados den 29 januari<\/h3><p>Alliance fran\u00e7aise i \u00d6stersund har gl\u00e4djen att h\u00e4lsa er v\u00e4lkommen till en konferens med D\u00e9nis Leclerc, onsdagen den 29 januari kl. 18.30 p\u00e5 J\u00e4mtlands gymnasium Wargentin.<\/p><section><p>Denis Leclerc \u00e4r en ofta sedd g\u00e4st hos v\u00e5r allians och denna g\u00e5ng kommer han l\u00e5ta oss uppt\u00e4cka calvados, denna ber\u00f6mda normandiska dryck.<\/p><p>Skottland har whisky, Sverige har akvavit. Vad kan d\u00e5 Normandie erbjuda? En spansk galeon? En hyllning till Newton? Det kommer ni f\u00e5 reda p\u00e5 n\u00e4r ni kommer till konferensen med Denis Leclerc.<\/p><p>Efter konferensen erbjuder vi er en m\u00e5ltid till en kostnad av160 kronor inklusive dryck (140 kronor utan alkohol).<br \/>Anm\u00e4lan g\u00f6rs till St\u00e9phan Wininger antingen per telefon (073- 7209314) eller via mail (<a href=\"mailto:ostersund@alliancefr.se\"><span style=\"font-weight: 400\">ostersund@alliancefr.se<\/span><\/a>) eller ocks\u00e5 p\u00e5 v\u00e5r Facebooksida, Alliance Fran\u00e7aise d\u00b4\u00d6stersund, innan den 27 januari 2020.<\/p><p>Ni kommer ocks\u00e5 ha en m\u00f6jlighet att provsmaka 3 olika calvadossorter till en kostnad av 100 kronor. Om ni vill delta i provsmakningen \u00e4r det viktigt att ni anm\u00e4ler detta till St\u00e9phan Wininger, antingen per telefon (073-7209314) eller via mail (<a href=\"mailto:ostersund@alliancefr.se\"><span style=\"font-weight: 400\">ostersund@alliancefr.se<\/span><\/a>) eller ocks\u00e5 till v\u00e5r Facebooksida, Alliance fran\u00e7aise d\u00b4\u00d6stersund, innan den 28 januari 2020.<\/p><p>V\u00e4lkomna!<\/p><\/section><h3>F\u00f6redrag med Annick Cojean den 22 november<\/h3><p>Alliance fran\u00e7aise i \u00d6stersund har gl\u00e4djen att v\u00e4lkomna er till en konferens med Annick Cojean, fredagen den 22 november kl. 18.30 p\u00e5 J\u00e4mtlands gymnasium Wargentin.<\/p><p>En konferens inom \u00e4mnet \u00ab\u00a0Grand reporter\u00a0\u00bb av Annick Cojean, fransk journalist, grand reporter p\u00e5 tidningen \u00ab\u00a0Le Monde\u00a0\u00bb och juryordf\u00f6rande i Prix Albert -Londres. Den h\u00e4r konferensen sker i samarbete med Fondation Alliance francaise, Franska institutet i Sverige, Prix Albert-Londres s\u00e5v\u00e4l som med Minist\u00e8re de l\u00b4Europe et les affaires \u00e9trang\u00e8res.<\/p><p>\u00ab\u00a0Syrien, det kv\u00e4vda skriket\u00a0\u00bb<\/p><p>Det \u00e4r ett klagorop. En kv\u00e4vd men bed\u00f6vande klagan. Ett tyst rop vars pl\u00f6tsliga skri river s\u00f6nder f\u00e4ngelsemurarna, k\u00e4llarna, d\u00f6dens v\u00e4ntrum. Det \u00e4r skriket fr\u00e5n de syriska kvinnorna, v\u00e5ldtagna sedan sex \u00e5r i f\u00e4ngelserna i Bachar al-Assad. Ett organiserat planlagt brott, d\u00e5 det har sin grund i ett av de mest v\u00e4lf\u00f6rankrade tabun som finns i det syriska samh\u00e4llet och det bygger p\u00e5 brottsoffrens tystnad, eftersom de \u00e4r \u00f6vertygade om att f\u00f6rkastas av sina egna familjer, av att f\u00e5 k\u00e4nna en d\u00f6dsdom. V\u00e5ldt\u00e4kten som vapen i det Syriska kriget \u00e4r ocks\u00e5 det mest nedtystade brottet. Det \u00e4r ett s\u00e4tt att f\u00f6rst\u00f6ra inte bara kvinnan och hennes identitet, utan \u00e4ven att krossa hennes familj, hennes klan och varje form av motst\u00e5nd. Hur har kvinnokroppen kunnat bli en krigszon i kriget i Syrien? Det \u00e4r det som avsl\u00f6jas i denna film, som ger ordet till kvinnorna, hittills inmurade i skam och tystnad.<\/p><p>Efter konferensen erbjuds ni en m\u00e5ltid till en kostnad av 160 kronor inklusive dryck (140 kronor utan alkohol). Ni m\u00e5ste anm\u00e4la er via mail (<a href=\"mailto:ostersund@alliancefr.se\"><span style=\"font-weight: 400\">ostersund@alliancefr.se<\/span><\/a>) eller ocks\u00e5 till v\u00e5r Facebooksida Alliance fran\u00e7aise d\u00b4\u00d6stersund f\u00f6re den 20 november 2019.<\/p><h3 style=\"text-align: center\"><strong>Fransk Pubafton<\/strong><\/h3><p style=\"text-align: center\">Tisdag 11 juni fr\u00e5n 18h till 20h<br \/>The Bishops Arms<\/p><p>Comme d\u2019habitude, le deuxi\u00e8me mardi du mois, nous nous retrouvons autour d\u2019un verre pour parler fran\u00e7ais au Bishops Arms d\u2019\u00d6stersund ! Ce sera le dernier du semestre, n\u2019h\u00e9sitez pas \u00e0 nous rejoindre, vous pouvez nous trouver facilement en cherchant le drapeau fran\u00e7ais !<\/p><h3 style=\"text-align: center\"><strong>Folklores, myter och legender i Frankrike<br \/><\/strong><\/h3><p style=\"text-align: center\">\u00a023 Maj 2019 kl. 18:30<br \/>J\u00e4mtland gymnasium Wargentin<\/p><p>Alliance Fran\u00e7aise har gl\u00e4djen att bjuda in er torsdagen den 23 maj kl. 18.30 till J\u00e4mtlands gymnasium Wargentin f\u00f6r en konferens med Cl\u00e9ment Richard, praktikant i samh\u00e4llsj\u00e4nst i \u00d6rebro. Han kommer att ber\u00e4tta f\u00f6r om folklore, myther och legender i Frankrike.<\/p><p>Ing\u00e5ng fr\u00e5n gymnasiets g\u00e5rd via entr\u00e9n mitt emot Sporthallen.<\/p><p>Frankrike fl\u00f6dar \u00f6ver av diverse skiftande myther och legender. Vi kommer att f\u00e5 uppt\u00e4cka l&rsquo;Ankou och varulvanar i Bretagne s\u00e5v\u00e4l som hur Heracles placerade ut Pyren\u00e9erna samt tr\u00e4ffa Fantomen p\u00e5 Openran i Paris. En rundresa i Frankrike via dess folklore, myter och legender.<\/p><p>Efter tr\u00e4ffen erbjuder vi er en m\u00e5ltid till en kostnad av 140 kronor inklusive dryck (120 kronor utan alkohol.) Ni m\u00e5ste anm\u00e4la er till St\u00e9phan Wininger antigen per telefon 073-720 93 14 eller via e-mail <a href=\"mailto:ostersund@alliancefr.se\"><span style=\"font-weight: 400\">ostersund@alliancefr.se<\/span><\/a> eller ocks\u00e5 p\u00e5 v\u00e5r Facebooksida Alliance Fran\u00e7aise d&rsquo;\u00d6stersund innan den 21 maj 2019.<\/p>\t\t\t\t\t\t\t\t<\/div>\n\t\t\t\t<\/div>\n\t\t\t\t\t<\/div>\n\t\t<\/div>\n\t\t\t\t\t<\/div>\n\t\t<\/section>\n\t\t\t\t<\/div>\n\t\t","protected":false},"excerpt":{"rendered":"<p>Alliance fran\u00e7aise i \u00d6stersund har ett brett och varierat kulturellprogram om den fransktalande v\u00e4rlden. Vi brukar organisera f\u00f6rel\u00e4sningar om ett omr\u00e5de, ett land, en k\u00e4ndis eller \u00e4ven ett koncept, de h\u00e4r evenemangen utg\u00f6r en stor del av v\u00e5r verksamhet. Men Alliance fran\u00e7aise i \u00d6stersund har ocks\u00e5 m\u00e5nga andra aktiviteter som ger dig m\u00f6jligheten att uppt\u00e4cka franska och de fransktalande kulturerna p\u00e5 ett gemytligt s\u00e4tt i \u00d6stersund oavsett om du pratar franska eller inte. Aktuella aktiviteter finns p\u00e5 den franska versionen av sidan. Klicka p\u00e5 den franska flaggan i menyn. Webbsidan uppdateras inte l\u00e4ngre p\u00e5 svenska. \u00a0 F\u00f6rel\u00e4sning via Zoom den 15 oktober Temat f\u00f6r kv\u00e4llen \u00e4r \u00ab\u00a0Les origines de la science-fiction dans la litt\u00e9rature fran\u00e7aise\u00a0\u00bb L\u00e4s mer p\u00e5 v\u00e5r franska version av webbsidan eller p\u00e5 v\u00e5r facebooksida! V\u00e5rens pubaftnar\u00a0 Under v\u00e5ren kommer vi att ha fyra pubaftnar p\u00e5 Bishops Arms. Aktuella datum \u00e4r 11 februari, 10 mars, 7 april, 12 maj och 9 juni, klockan 18-20. \u00a0 OBS! INST\u00c4LLT PGA CORONAVIRUS\u00a0 A voix haute\u00a0 Onsdag den 18 mars 2020 Kl. 18.30 Wargentinskolan L\u2019Alliance fran\u00e7aise d\u2019\u00d6stersund har n\u00f6jet att bjuda in till filmvisning av filmen\u00a0A haute voix,\u00a0regisserad av St\u00e9phane de Freitas. Efter filmen kommer Nicolas Malet fr\u00e5n kulturavdelningen vid Franska institutet h\u00e5lla en diskussion utifr\u00e5n filmen. L\u00e4s mer om aktiviteten och om anm\u00e4lan p\u00e5 v\u00e5r franska version av webbsidan. OBS! Entr\u00e9 fr\u00e5n Regementsgatan eftersom filmen visas i Ekerwaldssalen.\u00a0 Tanguy: le retour Alliance Fran\u00e7aise i \u00d6stersund har gl\u00e4djen att torsdagen den 13 februari 2020, klockan 18.30, h\u00e4lsa er v\u00e4lkommen till visningen av filmen \u00ab\u00a0Tanguy, \u00e5terkomsten\u00a0\u00bb. Det \u00e4r naturligtvis forts\u00e4ttningen p\u00e5 filmen \u00ab\u00a0Tanguy\u00a0\u00bb, som vi visade i h\u00f6stas. Obs! Ing\u00e5ng fr\u00e5n Regementsgatan eftersom vi ser filmen i Ekerwaldsalen. 16 \u00e5r senare \u00e5terv\u00e4nder Tanguy, som nu \u00e4r 44 \u00e5r, till sina f\u00f6r\u00e4ldrar med sin dotter Zhu under armen, eftersom Me\u00ef Lin har l\u00e4mnat honom. F\u00f6rskr\u00e4ckta \u00f6ver att se \u00ab\u00a0sin lille son\u00a0\u00bb i ett s\u00e5dant skick, g\u00f6r Paul och \u00c9dith allt f\u00f6r att \u00e5terge honom livsgl\u00e4djen, utan att inse att de d\u00e4rigenom gr\u00e4ver sin egen grav. F\u00f6r Tanguy b\u00f6rjar \u00e5terigen trivas hos sina f\u00f6r\u00e4ldrar&#8230; Efter visningen har vi tillf\u00e4lle att diskutera filmen \u00f6ver ett glas vin och en liten osttallrik . Pris 100 kronor (80 kronor utan alkohol). Det \u00e4r inte n\u00f6dv\u00e4ndigt med en anm\u00e4lan till filmvisningen, men om ni vill delta i diskussionen m\u00e5ste ni anm\u00e4la er till St\u00e9phan Wininger p\u00e5 telefon 073-7209314 eller via email ostersund@alliancefr.se\u00a0eller till v\u00e5r Facebooksida Alliance fran\u00e7aise d\u00b4\u00d6stersund. V\u00e4lkomna! F\u00f6redrag av D\u00e9nis Leclerc och provsmakning av calvados den 29 januari Alliance fran\u00e7aise i \u00d6stersund har gl\u00e4djen att h\u00e4lsa er v\u00e4lkommen till en konferens med D\u00e9nis Leclerc, onsdagen den 29 januari kl. 18.30 p\u00e5 J\u00e4mtlands gymnasium Wargentin. Denis Leclerc \u00e4r en ofta sedd g\u00e4st hos v\u00e5r allians och denna g\u00e5ng kommer han l\u00e5ta oss uppt\u00e4cka calvados, denna ber\u00f6mda normandiska dryck. Skottland har whisky, Sverige har akvavit. Vad kan d\u00e5 Normandie erbjuda? En spansk galeon? En hyllning till Newton? Det kommer ni f\u00e5 reda p\u00e5 n\u00e4r ni kommer till konferensen med Denis Leclerc. Efter konferensen erbjuder vi er en m\u00e5ltid till en kostnad av160 kronor inklusive dryck (140 kronor utan alkohol).Anm\u00e4lan g\u00f6rs till St\u00e9phan Wininger antingen per telefon (073- 7209314) eller via mail (ostersund@alliancefr.se) eller ocks\u00e5 p\u00e5 v\u00e5r Facebooksida, Alliance Fran\u00e7aise d\u00b4\u00d6stersund, innan den 27 januari 2020. Ni kommer ocks\u00e5 ha en m\u00f6jlighet att provsmaka 3 olika calvadossorter till en kostnad av 100 kronor. Om ni vill delta i provsmakningen \u00e4r det viktigt att ni anm\u00e4ler detta till St\u00e9phan Wininger, antingen per telefon (073-7209314) eller via mail (ostersund@alliancefr.se) eller ocks\u00e5 till v\u00e5r Facebooksida, Alliance fran\u00e7aise d\u00b4\u00d6stersund, innan den 28 januari 2020. V\u00e4lkomna! F\u00f6redrag med Annick Cojean den 22 november Alliance fran\u00e7aise i \u00d6stersund har gl\u00e4djen att v\u00e4lkomna er till en konferens med Annick Cojean, fredagen den 22 november kl. 18.30 p\u00e5 J\u00e4mtlands gymnasium Wargentin. En konferens inom \u00e4mnet \u00ab\u00a0Grand reporter\u00a0\u00bb av Annick Cojean, fransk journalist, grand reporter p\u00e5 tidningen \u00ab\u00a0Le Monde\u00a0\u00bb och juryordf\u00f6rande i Prix Albert -Londres. Den h\u00e4r konferensen sker i samarbete med Fondation Alliance francaise, Franska institutet i Sverige, Prix Albert-Londres s\u00e5v\u00e4l som med Minist\u00e8re de l\u00b4Europe et les affaires \u00e9trang\u00e8res. \u00ab\u00a0Syrien, det kv\u00e4vda skriket\u00a0\u00bb Det \u00e4r ett klagorop. En kv\u00e4vd men bed\u00f6vande klagan. Ett tyst rop vars pl\u00f6tsliga skri river s\u00f6nder f\u00e4ngelsemurarna, k\u00e4llarna, d\u00f6dens v\u00e4ntrum. Det \u00e4r skriket fr\u00e5n de syriska kvinnorna, v\u00e5ldtagna sedan sex \u00e5r i f\u00e4ngelserna i Bachar al-Assad. Ett organiserat planlagt brott, d\u00e5 det har sin grund i ett av de mest v\u00e4lf\u00f6rankrade tabun som finns i det syriska samh\u00e4llet och det bygger p\u00e5 brottsoffrens tystnad, eftersom de \u00e4r \u00f6vertygade om att f\u00f6rkastas av sina egna familjer, av att f\u00e5 k\u00e4nna en d\u00f6dsdom. V\u00e5ldt\u00e4kten som vapen i det Syriska kriget \u00e4r ocks\u00e5 det mest nedtystade brottet. Det \u00e4r ett s\u00e4tt att f\u00f6rst\u00f6ra inte bara kvinnan och hennes identitet, utan \u00e4ven att krossa hennes familj, hennes klan och varje form av motst\u00e5nd. Hur har kvinnokroppen kunnat bli en krigszon i kriget i Syrien? Det \u00e4r det som avsl\u00f6jas i denna film, som ger ordet till kvinnorna, hittills inmurade i skam och tystnad. Efter konferensen erbjuds ni en m\u00e5ltid till en kostnad av 160 kronor inklusive dryck (140 kronor utan alkohol). Ni m\u00e5ste anm\u00e4la er via mail (ostersund@alliancefr.se) eller ocks\u00e5 till v\u00e5r Facebooksida Alliance fran\u00e7aise d\u00b4\u00d6stersund f\u00f6re den 20 november 2019. Fransk Pubafton Tisdag 11 juni fr\u00e5n 18h till 20hThe Bishops Arms Comme d\u2019habitude, le deuxi\u00e8me mardi du mois, nous nous retrouvons autour d\u2019un verre pour parler fran\u00e7ais au Bishops Arms d\u2019\u00d6stersund ! Ce sera le dernier du semestre, n\u2019h\u00e9sitez pas \u00e0 nous rejoindre, vous pouvez nous trouver facilement en cherchant le drapeau fran\u00e7ais ! Folklores, myter och legender i Frankrike \u00a023 Maj 2019 kl. 18:30J\u00e4mtland gymnasium Wargentin Alliance Fran\u00e7aise har gl\u00e4djen att bjuda in er torsdagen den 23 maj kl. 18.30 till J\u00e4mtlands gymnasium Wargentin f\u00f6r en konferens med Cl\u00e9ment Richard, praktikant i samh\u00e4llsj\u00e4nst i \u00d6rebro. Han kommer att ber\u00e4tta f\u00f6r om folklore, myther och legender i Frankrike. Ing\u00e5ng fr\u00e5n gymnasiets g\u00e5rd via entr\u00e9n mitt emot Sporthallen. Frankrike fl\u00f6dar \u00f6ver av diverse skiftande myther och legender. Vi kommer att f\u00e5 uppt\u00e4cka l&rsquo;Ankou och varulvanar i Bretagne s\u00e5v\u00e4l som hur Heracles placerade ut Pyren\u00e9erna samt tr\u00e4ffa Fantomen p\u00e5 Openran i Paris. En rundresa i Frankrike via dess folklore, myter och legender. Efter tr\u00e4ffen erbjuder vi er en m\u00e5ltid till en kostnad av 140 kronor inklusive dryck (120 kronor utan alkohol.) Ni m\u00e5ste anm\u00e4la er till St\u00e9phan Wininger antigen per telefon 073-720 93 14 eller via e-mail ostersund@alliancefr.se eller ocks\u00e5 p\u00e5 v\u00e5r Facebooksida Alliance Fran\u00e7aise d&rsquo;\u00d6stersund innan den 21 maj 2019.<\/p>\n","protected":false},"author":4,"featured_media":0,"parent":0,"menu_order":0,"comment_status":"closed","ping_status":"closed","template":"","meta":{"om_disable_all_campaigns":false,"_monsterinsights_skip_tracking":false,"_monsterinsights_sitenote_active":false,"_monsterinsights_sitenote_note":"","_monsterinsights_sitenote_category":0,"_uf_show_specific_survey":0,"_uf_disable_surveys":false,"footnotes":""},"class_list":["post-45","page","type-page","status-publish","hentry"],"aioseo_notices":[],"rttpg_featured_image_url":null,"rttpg_author":{"display_name":"admin","author_link":"https:\/\/alliancefr.se\/ostersund\/author\/admin\/"},"rttpg_comment":0,"rttpg_category":" <a href=\"https:\/\/alliancefr.se\/ostersund\/sv\/\" rel=\"tag\">Svenska<\/a>","rttpg_excerpt":"Alliance fran\u00e7aise i \u00d6stersund har ett brett och varierat kulturellprogram om den fransktalande v\u00e4rlden. Vi brukar organisera f\u00f6rel\u00e4sningar om ett omr\u00e5de, ett land, en k\u00e4ndis eller \u00e4ven ett koncept, de h\u00e4r evenemangen utg\u00f6r en stor del av v\u00e5r verksamhet. Men Alliance fran\u00e7aise i \u00d6stersund har ocks\u00e5 m\u00e5nga andra aktiviteter som ger dig m\u00f6jligheten att uppt\u00e4cka\u2026","_links":{"self":[{"href":"https:\/\/alliancefr.se\/ostersund\/wp-json\/wp\/v2\/pages\/45","targetHints":{"allow":["GET"]}}],"collection":[{"href":"https:\/\/alliancefr.se\/ostersund\/wp-json\/wp\/v2\/pages"}],"about":[{"href":"https:\/\/alliancefr.se\/ostersund\/wp-json\/wp\/v2\/types\/page"}],"author":[{"embeddable":true,"href":"https:\/\/alliancefr.se\/ostersund\/wp-json\/wp\/v2\/users\/4"}],"replies":[{"embeddable":true,"href":"https:\/\/alliancefr.se\/ostersund\/wp-json\/wp\/v2\/comments?post=45"}],"version-history":[{"count":7,"href":"https:\/\/alliancefr.se\/ostersund\/wp-json\/wp\/v2\/pages\/45\/revisions"}],"predecessor-version":[{"id":788,"href":"https:\/\/alliancefr.se\/ostersund\/wp-json\/wp\/v2\/pages\/45\/revisions\/788"}],"wp:attachment":[{"href":"https:\/\/alliancefr.se\/ostersund\/wp-json\/wp\/v2\/media?parent=45"}],"curies":[{"name":"wp","href":"https:\/\/api.w.org\/{rel}","templated":true}]}}