{"id":41,"date":"2017-06-29T10:02:53","date_gmt":"2017-06-29T08:02:53","guid":{"rendered":"http:\/\/alliancefr.se\/ostersund\/kontakt\/"},"modified":"2023-10-03T18:08:11","modified_gmt":"2023-10-03T16:08:11","slug":"kontakt","status":"publish","type":"page","link":"https:\/\/alliancefr.se\/ostersund\/sv\/kontakt\/","title":{"rendered":"Kontakt"},"content":{"rendered":"\t\t<div data-elementor-type=\"wp-page\" data-elementor-id=\"41\" class=\"elementor elementor-41\">\n\t\t\t\t\t\t<section class=\"elementor-section elementor-top-section elementor-element elementor-element-45274d42 elementor-section-boxed elementor-section-height-default elementor-section-height-default\" data-id=\"45274d42\" data-element_type=\"section\">\n\t\t\t\t\t\t<div class=\"elementor-container elementor-column-gap-default\">\n\t\t\t\t\t<div class=\"elementor-column elementor-col-100 elementor-top-column elementor-element elementor-element-271ee842\" data-id=\"271ee842\" data-element_type=\"column\">\n\t\t\t<div class=\"elementor-widget-wrap elementor-element-populated\">\n\t\t\t\t\t\t<div class=\"elementor-element elementor-element-cc061d9 elementor-widget elementor-widget-text-editor\" data-id=\"cc061d9\" data-element_type=\"widget\" data-widget_type=\"text-editor.default\">\n\t\t\t\t<div class=\"elementor-widget-container\">\n\t\t\t\t\t\t\t\t\t<p><span style=\"color: var( --e-global-color-text ); font-family: var( --e-global-typography-text-font-family ), Sans-serif; font-weight: var( --e-global-typography-text-font-weight ); letter-spacing: 0px;\">Du kan kontakta oss via det h\u00e4r formul\u00e4ret f\u00f6r alla dina fr\u00e5gor om v\u00e5r f\u00f6rening, men ocks\u00e5 dina projekt och partnerskapf\u00f6rslag !<\/span><\/p>\t\t\t\t\t\t\t\t<\/div>\n\t\t\t\t<\/div>\n\t\t\t\t\t<\/div>\n\t\t<\/div>\n\t\t\t\t\t<\/div>\n\t\t<\/section>\n\t\t\t\t<section class=\"elementor-section elementor-top-section elementor-element elementor-element-3ef3435 elementor-section-boxed elementor-section-height-default elementor-section-height-default\" data-id=\"3ef3435\" data-element_type=\"section\">\n\t\t\t\t\t\t<div class=\"elementor-container elementor-column-gap-default\">\n\t\t\t\t\t<div class=\"elementor-column elementor-col-100 elementor-top-column elementor-element elementor-element-4f5e461\" data-id=\"4f5e461\" data-element_type=\"column\">\n\t\t\t<div class=\"elementor-widget-wrap elementor-element-populated\">\n\t\t\t\t\t\t<div class=\"elementor-element elementor-element-cbadb6f elementor-widget elementor-widget-shortcode\" data-id=\"cbadb6f\" data-element_type=\"widget\" data-widget_type=\"shortcode.default\">\n\t\t\t\t<div class=\"elementor-widget-container\">\n\t\t\t\t\t\t\t<div class=\"elementor-shortcode\"><div style=\"display:none\" class=\"fm-form-container fm-theme1\"><div id=\"fm-pages7\" class=\"fm-pages wdform_page_navigation \" show_title=\"\" show_numbers=\"1\" type=\"none\"><\/div><form name=\"form7\" action=\"\/ostersund\/wp-json\/wp\/v2\/pages\/41\" method=\"post\" id=\"form7\" class=\"fm-form form7  \" enctype=\"multipart\/form-data\"><input type=\"hidden\" id=\"fm_page_id7\" value=\"41\" name=\"fm_page_id7\" \/><input type=\"hidden\" id=\"fm_current_post_type7\" value=\"page\" name=\"fm_current_post_type7\" \/><input type=\"hidden\" id=\"counter7\" value=\"6\" name=\"counter7\" \/><input type=\"hidden\" id=\"Itemid7\" value=\"\" name=\"Itemid7\" \/><input type=\"hidden\" id=\"fm_shake7\" value=\"1\" name=\"fm_shake7\" \/><input type=\"text\" class=\"fm-hide\" id=\"fm_empty_field_validation7\" value=\"\" name=\"fm_empty_field_validation7\" data-value=\"bd736efb144d599cf463541431fbf5c4\" \/><div class=\"wdform-page-and-images fm-form-builder\"><div id=\"7form_view1\" class=\"wdform_page\" page_title=\"Untitled page\" next_title=\"Next\" next_type=\"text\" next_class=\"wdform-page-button\" next_checkable=\"true\" previous_title=\"Previous\" previous_type=\"text\" previous_class=\"wdform-page-button\" previous_checkable=\"false\"><div class=\"wdform_section\"><div class=\"wdform_column\"><div wdid=\"2\" class=\"wdform_row\"><div type=\"type_text\" class=\"wdform-field wd-width-100 wd-flex wd-flex-column fm-type_text\" ><div class=\"wdform-label-section wd-width-100  wd-flex-row wd-align-items-center\">    <label  for=\"wdform_2_element7\" class=\"wdform-label\">Namn<\/label><span class=\"wdform-required\">*<\/span><\/div><div class=\"wdform-element-section wd-flex  wd-flex-row wd-align-items-center wd-width-100\" ><input type=\"text\"                           class=\"wd-width-100\"                           id=\"wdform_2_element7\"                           name=\"wdform_2_element7\"                           value=\"\"                           data-value=\"\"                           title=\"\"                           placeholder=\"\"                                                       \/><\/div><\/div><\/div><\/div><div class=\"wdform_column\"><div wdid=\"3\" class=\"wdform_row\"><div type=\"type_submitter_mail\" class=\"wdform-field wd-width-100 wd-flex wd-flex-column fm-type_submitter_mail\" ><div class=\"wdform-label-section wd-width-100  wd-flex-row\">    <label  for=\"wdform_3_element7\" class=\"wdform-label\">Email<\/label><span class=\"wdform-required\">*<\/span><\/div><div class=\"wdform-element-section wd-flex  wd-flex-row wd-width-100\" ><input type=\"text\" class=\"wd-width-100\" id=\"wdform_3_element7\" name=\"wdform_3_element7\" data-value=\"\" value=\"\" title=\"\" placeholder=\"\"   onchange=\"wd_check_email('3', '7', 'Ceci n\\'est pas une adresse e-mail valide')\" \/><\/div><\/div><\/div><\/div><div class=\"wdform_column\"><div wdid=\"4\" class=\"wdform_row\"><div type=\"type_text\" class=\"wdform-field wd-width-100 wd-flex wd-flex-column fm-type_text\" ><div class=\"wdform-label-section wd-width-100  wd-flex-row wd-align-items-center\">    <label  for=\"wdform_4_element7\" class=\"wdform-label\">\u00c4mne<\/label><span class=\"wdform-required\">*<\/span><\/div><div class=\"wdform-element-section wd-flex  wd-flex-row wd-align-items-center wd-width-100\" ><input type=\"text\"                           class=\"wd-width-100\"                           id=\"wdform_4_element7\"                           name=\"wdform_4_element7\"                           value=\"\"                           data-value=\"\"                           title=\"\"                           placeholder=\"\"                                                       \/><\/div><\/div><\/div><\/div><div class=\"wdform_column\"><div wdid=\"5\" class=\"wdform_row\"><div type=\"type_textarea\" class=\"wdform-field wd-width-100 wd-flex wd-flex-column fm-type_textarea\" ><div class=\"wdform-label-section wd-width-100 \">    <label  for=\"wdform_5_element7\" class=\"wdform-label\">Meddelandet<\/label><span class=\"wdform-required\">*<\/span><\/div><div class=\"wdform-element-section wd-flex  wd-width-100\" ><textarea class=\"wd-width-100\"                      id=\"wdform_5_element7\"                      name=\"wdform_5_element7\"                      placeholder=\"\"                      data-value=\"\"                      maxlength=\"\"                      style=\"height: 100px;\"                      ><\/textarea><\/div><\/div><\/div><\/div><div class=\"wdform_column\"><div wdid=\"1\" class=\"wdform_row\"><div type=\"type_submit_reset\" class=\"wdform-field wd-width-100 wd-flex wd-flex-column fm-type_submit_reset\" ><div class=\"wdform-element-section wd-flex  wd-flex-row wd-justify-content-left wd-width-100\" ><button  type=\"button\" class=\"button-submit\" onclick=\"fm_submit_form('7');\"  data-ajax=\"0\"><span class=\"fm-submit-loading spinner fm-ico-spinner\"><\/span>Skicka !<\/button><button  type=\"button\" class=\"button-reset wd-hidden\" onclick=\"fm_reset_form(7);\" >Reset<\/button><\/div><\/div><\/div><\/div><\/div><div valign=\"top\" class=\"wdform_footer wd-width-100\"><div class=\"wd-width-100\"><div class=\"wd-width-100 wd-table\" style=\"padding-top:10px;\"><div class=\"wd-table-group\"><div id=\"7page_nav1\" class=\"wd-table-row\"><\/div><\/div><\/div><\/div><\/div><\/div><\/div><div class=\"wdform_preload\"><\/div><input type=\"hidden\" name=\"fm-current-page\" value=\"https:\/\/alliancefr.se\/ostersund\/wp-json\/wp\/v2\/pages\/41\" \/><\/form><\/div><\/div>\n\t\t\t\t\t\t<\/div>\n\t\t\t\t<\/div>\n\t\t\t\t\t<\/div>\n\t\t<\/div>\n\t\t\t\t\t<\/div>\n\t\t<\/section>\n\t\t\t\t<\/div>\n\t\t","protected":false},"excerpt":{"rendered":"<p>Du kan kontakta oss via det h\u00e4r formul\u00e4ret f\u00f6r alla dina fr\u00e5gor om v\u00e5r f\u00f6rening, men ocks\u00e5 dina projekt och partnerskapf\u00f6rslag !<\/p>\n","protected":false},"author":4,"featured_media":0,"parent":0,"menu_order":0,"comment_status":"closed","ping_status":"closed","template":"","meta":{"om_disable_all_campaigns":false,"_monsterinsights_skip_tracking":false,"_monsterinsights_sitenote_active":false,"_monsterinsights_sitenote_note":"","_monsterinsights_sitenote_category":0,"_uf_show_specific_survey":0,"_uf_disable_surveys":false,"footnotes":""},"class_list":["post-41","page","type-page","status-publish","hentry"],"aioseo_notices":[],"rttpg_featured_image_url":null,"rttpg_author":{"display_name":"admin","author_link":"https:\/\/alliancefr.se\/ostersund\/author\/admin\/"},"rttpg_comment":0,"rttpg_category":" <a href=\"https:\/\/alliancefr.se\/ostersund\/sv\/\" rel=\"tag\">Svenska<\/a>","rttpg_excerpt":"Du kan kontakta oss via det h\u00e4r formul\u00e4ret f\u00f6r alla dina fr\u00e5gor om v\u00e5r f\u00f6rening, men ocks\u00e5 dina projekt och partnerskapf\u00f6rslag !","_links":{"self":[{"href":"https:\/\/alliancefr.se\/ostersund\/wp-json\/wp\/v2\/pages\/41","targetHints":{"allow":["GET"]}}],"collection":[{"href":"https:\/\/alliancefr.se\/ostersund\/wp-json\/wp\/v2\/pages"}],"about":[{"href":"https:\/\/alliancefr.se\/ostersund\/wp-json\/wp\/v2\/types\/page"}],"author":[{"embeddable":true,"href":"https:\/\/alliancefr.se\/ostersund\/wp-json\/wp\/v2\/users\/4"}],"replies":[{"embeddable":true,"href":"https:\/\/alliancefr.se\/ostersund\/wp-json\/wp\/v2\/comments?post=41"}],"version-history":[{"count":5,"href":"https:\/\/alliancefr.se\/ostersund\/wp-json\/wp\/v2\/pages\/41\/revisions"}],"predecessor-version":[{"id":669,"href":"https:\/\/alliancefr.se\/ostersund\/wp-json\/wp\/v2\/pages\/41\/revisions\/669"}],"wp:attachment":[{"href":"https:\/\/alliancefr.se\/ostersund\/wp-json\/wp\/v2\/media?parent=41"}],"curies":[{"name":"wp","href":"https:\/\/api.w.org\/{rel}","templated":true}]}}