{"id":29,"date":"2017-06-29T09:54:38","date_gmt":"2017-06-29T07:54:38","guid":{"rendered":"http:\/\/alliancefr.se\/ostersund\/om-oss\/"},"modified":"2026-01-05T20:28:22","modified_gmt":"2026-01-05T19:28:22","slug":"om-oss","status":"publish","type":"page","link":"https:\/\/alliancefr.se\/ostersund\/sv\/om-oss\/","title":{"rendered":"Om oss"},"content":{"rendered":"\t\t<div data-elementor-type=\"wp-post\" data-elementor-id=\"29\" class=\"elementor elementor-29\">\n\t\t\t\t\t\t<section class=\"elementor-section elementor-top-section elementor-element elementor-element-2e50c5dd elementor-section-boxed elementor-section-height-default elementor-section-height-default\" data-id=\"2e50c5dd\" data-element_type=\"section\">\n\t\t\t\t\t\t<div class=\"elementor-container elementor-column-gap-default\">\n\t\t\t\t\t<div class=\"elementor-column elementor-col-100 elementor-top-column elementor-element elementor-element-5fc4c5df\" data-id=\"5fc4c5df\" data-element_type=\"column\">\n\t\t\t<div class=\"elementor-widget-wrap elementor-element-populated\">\n\t\t\t\t\t\t<div class=\"elementor-element elementor-element-5710de3f elementor-widget elementor-widget-text-editor\" data-id=\"5710de3f\" data-element_type=\"widget\" data-widget_type=\"text-editor.default\">\n\t\t\t\t<div class=\"elementor-widget-container\">\n\t\t\t\t\t\t\t\t\t<section><h1 style=\"text-align: center\"><strong>Staden \u00d6stersund<\/strong><\/h1><\/section><section><img decoding=\"async\" src=\"http:\/\/www.alliancefrancaise-ostersund.eu\/wp-content\/uploads\/2018\/03\/800px-\u00d6stersund_city_hall_winter.jpg\" alt=\"\" \/><p>Mitt emellan norr och s\u00f6der och ocks\u00e5 mitt emellan \u00f6st och v\u00e4st, n\u00e4stan mitt i Sverige, ligger \u00d6stersund, den nordligast bel\u00e4gna staden i inlandet.<\/p><p>\u00d6stersund grundades i oktober 1786 av Sveriges mest franskv\u00e4nliga kung, Gustav III, och var den enda staden som utn\u00e4mndes av honom under hans regeringstid.<\/p><p>\u00d6stersund betyder sundet i \u00f6ster och staden ligger p\u00e5 v\u00e4gen mellan \u00d6stersj\u00f6n och Atlanten, vid sj\u00f6n Storsj\u00f6n, som \u00e4r den femte st\u00f6rsta sj\u00f6n i landet.<\/p><\/section><section>\u00d6stersund \u00e4r den enda staden i landskapet\/l\u00e4net J\u00e4mtland, ett av Sveriges 24 l\u00e4n och det tredje i storlek vad ytan betr\u00e4ffar.<p>1986 firade \u00d6stersund sitt 200-\u00e5rsjubileum och i juni samma \u00e5r spelade en ung fransman, Jean-Fran\u00e7ois Picard, rollen som Gustav III d\u00e5 han f\u00e4rdades genom stan i kalesch med talmannen vid denna tidpunkt, Ingmar Bengtsson, vid sin sida.<\/p><p>Anm\u00e4rkningsv\u00e4rt \u00e4r att kung Gustav III aldrig satte sin fot i staden som han grundade.<\/p><\/section><section><h1 style=\"text-align: center\"><b>Alliance fran\u00e7aise d&rsquo;\u00d6stersund<\/b><\/h1><\/section><section>Alliance fran\u00e7aise d\u00b4\u00d6stersund \u00e4r i v\u00e5ra dagar (2017) Sveriges nordligaste allians och en av de 16 kvarvarande av de ursprungligen 24.<p>Det var under 1940-talet som en liten grupp m\u00e4nniskor, som uppskattade och vill f\u00f6rkovra sig i det franska spr\u00e5ket, samlades och den 10 november 1948 bildades Alliance fran\u00e7aise d\u00b4\u00d6stersund.<\/p><p>1984 firade man i kasernen p\u00e5 regementet\u00a0 I 5 \u2013 med ett \u00e5rs f\u00f6rsening \u2013 f\u00f6reningens 35-\u00e5rsjubileum. Den franske ambassad\u00f6ren Louis Blanc\u00a0 skulle n\u00e4rvara men ersattes i sista stund av madame\u00a0\u00a0\u00a0\u00a0\u00a0 Anne-Marie Pauleau, franska institutets ordf\u00f6rande och representant f\u00f6r den franska ambassaden.<\/p><\/section><section>1998 firades 50-\u00e5rsjubileum p\u00e5 Jamtlis restaurang Hov, i n\u00e4rvaro av en representant f\u00f6r franska institutet .<p>Under \u00e5rens lopp och i enlighet med stadgarna f\u00f6r Alliance fran\u00e7aise har f\u00f6reningen haft ett flertal ordf\u00f6rande med svensk nationalitet. Trenden br\u00f6ts under 1990-talet d\u00e5 en dansk medborgare blev utn\u00e4mnd till ordf\u00f6randeposten.\u00a0 Nu, 2017, har vi en fransk medborgare som ordf\u00f6rande.<\/p><p>H\u00e4r f\u00f6ljer en f\u00f6rteckning \u00a0\u00f6ver vilka som varit ordf\u00f6rande sedan 1966 :<\/p><ul><li>Torsten S\u00e4vborg (1948 \u2013 rektor)<\/li><li>Ingeng\u00e4rd Suwe-Ericsson(1956 \u2013 lektor)<\/li><li>Berndt Rockberg\u00a0 (1966 \u2013 lektor)<\/li><li>Marie-Louise Askaner\u00a0 (1981 \u2013 lektor)<\/li><li>Bengt Andreasson\u00a0 (1987 \u2013 lektor)<\/li><li>Karin Nordqvist (1988 \u2013lektor)<\/li><li>Christina Fransson\u00a0 (1996 \u2013 lektor)<\/li><li>Carsten Dencker\u00a0 (1998 \u2013 l\u00e4kare)<\/li><li>St\u00e9phan Wininger ( 2017 \u2013 lektor)<\/li><\/ul><\/section><section>\u00a0<\/section><h3 style=\"text-align: center\"><strong>Styrelsen<\/strong><\/h3><p style=\"text-align: center\"><strong>St\u00e9phan Wininger<\/strong><br \/>Ordf\u00f6rande<br \/><a href=\"mailto:ostersund@alliancefr.se\">mail<\/a><\/p><p style=\"text-align: center\"><b>Sylvain Gumula<\/b><br \/>Vice Ordf\u00f6rande<\/p><p style=\"text-align: center\"><strong>Yasmine Vijghen Persson<\/strong><br \/>Sekreterare<\/p><p style=\"text-align: center\"><strong>Ariane Briant Kjellson<\/strong><br \/>Kass\u00f6r<\/p><p style=\"text-align: center\"><b>Fanny Jonsson<br \/><\/b>IT-ansvarig<\/p><p style=\"text-align: center\"><strong>Simon Decaye<\/strong><b><br \/><\/b>Ansvarig f\u00f6r m\u00e5ltider<\/p><p style=\"text-align: center\"><b><strong>Ola B\u00e4ckstr\u00f6m<\/strong><br \/><\/b>Ledamot<\/p><p style=\"text-align: center\"><b>M\u00e9lanie Chardonneau\u00a0<\/b><strong><br \/><\/strong>Ledamot<\/p>\t\t\t\t\t\t\t\t<\/div>\n\t\t\t\t<\/div>\n\t\t\t\t\t<\/div>\n\t\t<\/div>\n\t\t\t\t\t<\/div>\n\t\t<\/section>\n\t\t\t\t<\/div>\n\t\t","protected":false},"excerpt":{"rendered":"<p>Staden \u00d6stersund Mitt emellan norr och s\u00f6der och ocks\u00e5 mitt emellan \u00f6st och v\u00e4st, n\u00e4stan mitt i Sverige, ligger \u00d6stersund, den nordligast bel\u00e4gna staden i inlandet. \u00d6stersund grundades i oktober 1786 av Sveriges mest franskv\u00e4nliga kung, Gustav III, och var den enda staden som utn\u00e4mndes av honom under hans regeringstid. \u00d6stersund betyder sundet i \u00f6ster och staden ligger p\u00e5 v\u00e4gen mellan \u00d6stersj\u00f6n och Atlanten, vid sj\u00f6n Storsj\u00f6n, som \u00e4r den femte st\u00f6rsta sj\u00f6n i landet. \u00d6stersund \u00e4r den enda staden i landskapet\/l\u00e4net J\u00e4mtland, ett av Sveriges 24 l\u00e4n och det tredje i storlek vad ytan betr\u00e4ffar. 1986 firade \u00d6stersund sitt 200-\u00e5rsjubileum och i juni samma \u00e5r spelade en ung fransman, Jean-Fran\u00e7ois Picard, rollen som Gustav III d\u00e5 han f\u00e4rdades genom stan i kalesch med talmannen vid denna tidpunkt, Ingmar Bengtsson, vid sin sida. Anm\u00e4rkningsv\u00e4rt \u00e4r att kung Gustav III aldrig satte sin fot i staden som han grundade. Alliance fran\u00e7aise d&rsquo;\u00d6stersund Alliance fran\u00e7aise d\u00b4\u00d6stersund \u00e4r i v\u00e5ra dagar (2017) Sveriges nordligaste allians och en av de 16 kvarvarande av de ursprungligen 24. Det var under 1940-talet som en liten grupp m\u00e4nniskor, som uppskattade och vill f\u00f6rkovra sig i det franska spr\u00e5ket, samlades och den 10 november 1948 bildades Alliance fran\u00e7aise d\u00b4\u00d6stersund. 1984 firade man i kasernen p\u00e5 regementet\u00a0 I 5 \u2013 med ett \u00e5rs f\u00f6rsening \u2013 f\u00f6reningens 35-\u00e5rsjubileum. Den franske ambassad\u00f6ren Louis Blanc\u00a0 skulle n\u00e4rvara men ersattes i sista stund av madame\u00a0\u00a0\u00a0\u00a0\u00a0 Anne-Marie Pauleau, franska institutets ordf\u00f6rande och representant f\u00f6r den franska ambassaden. 1998 firades 50-\u00e5rsjubileum p\u00e5 Jamtlis restaurang Hov, i n\u00e4rvaro av en representant f\u00f6r franska institutet . Under \u00e5rens lopp och i enlighet med stadgarna f\u00f6r Alliance fran\u00e7aise har f\u00f6reningen haft ett flertal ordf\u00f6rande med svensk nationalitet. Trenden br\u00f6ts under 1990-talet d\u00e5 en dansk medborgare blev utn\u00e4mnd till ordf\u00f6randeposten.\u00a0 Nu, 2017, har vi en fransk medborgare som ordf\u00f6rande. H\u00e4r f\u00f6ljer en f\u00f6rteckning \u00a0\u00f6ver vilka som varit ordf\u00f6rande sedan 1966 : Torsten S\u00e4vborg (1948 \u2013 rektor) Ingeng\u00e4rd Suwe-Ericsson(1956 \u2013 lektor) Berndt Rockberg\u00a0 (1966 \u2013 lektor) Marie-Louise Askaner\u00a0 (1981 \u2013 lektor) Bengt Andreasson\u00a0 (1987 \u2013 lektor) Karin Nordqvist (1988 \u2013lektor) Christina Fransson\u00a0 (1996 \u2013 lektor) Carsten Dencker\u00a0 (1998 \u2013 l\u00e4kare) St\u00e9phan Wininger ( 2017 \u2013 lektor) \u00a0 Styrelsen St\u00e9phan WiningerOrdf\u00f6randemail Sylvain GumulaVice Ordf\u00f6rande Yasmine Vijghen PerssonSekreterare Ariane Briant KjellsonKass\u00f6r Fanny JonssonIT-ansvarig Simon DecayeAnsvarig f\u00f6r m\u00e5ltider Ola B\u00e4ckstr\u00f6mLedamot M\u00e9lanie Chardonneau\u00a0Ledamot<\/p>\n","protected":false},"author":4,"featured_media":0,"parent":0,"menu_order":0,"comment_status":"closed","ping_status":"closed","template":"","meta":{"om_disable_all_campaigns":false,"_monsterinsights_skip_tracking":false,"_monsterinsights_sitenote_active":false,"_monsterinsights_sitenote_note":"","_monsterinsights_sitenote_category":0,"_uf_show_specific_survey":0,"_uf_disable_surveys":false,"footnotes":""},"class_list":["post-29","page","type-page","status-publish","hentry"],"aioseo_notices":[],"rttpg_featured_image_url":null,"rttpg_author":{"display_name":"admin","author_link":"https:\/\/alliancefr.se\/ostersund\/author\/admin\/"},"rttpg_comment":0,"rttpg_category":" <a href=\"https:\/\/alliancefr.se\/ostersund\/sv\/\" rel=\"tag\">Svenska<\/a>","rttpg_excerpt":"Staden \u00d6stersund Mitt emellan norr och s\u00f6der och ocks\u00e5 mitt emellan \u00f6st och v\u00e4st, n\u00e4stan mitt i Sverige, ligger \u00d6stersund, den nordligast bel\u00e4gna staden i inlandet. \u00d6stersund grundades i oktober 1786 av Sveriges mest franskv\u00e4nliga kung, Gustav III, och var den enda staden som utn\u00e4mndes av honom under hans regeringstid. \u00d6stersund betyder sundet i \u00f6ster\u2026","_links":{"self":[{"href":"https:\/\/alliancefr.se\/ostersund\/wp-json\/wp\/v2\/pages\/29","targetHints":{"allow":["GET"]}}],"collection":[{"href":"https:\/\/alliancefr.se\/ostersund\/wp-json\/wp\/v2\/pages"}],"about":[{"href":"https:\/\/alliancefr.se\/ostersund\/wp-json\/wp\/v2\/types\/page"}],"author":[{"embeddable":true,"href":"https:\/\/alliancefr.se\/ostersund\/wp-json\/wp\/v2\/users\/4"}],"replies":[{"embeddable":true,"href":"https:\/\/alliancefr.se\/ostersund\/wp-json\/wp\/v2\/comments?post=29"}],"version-history":[{"count":10,"href":"https:\/\/alliancefr.se\/ostersund\/wp-json\/wp\/v2\/pages\/29\/revisions"}],"predecessor-version":[{"id":888,"href":"https:\/\/alliancefr.se\/ostersund\/wp-json\/wp\/v2\/pages\/29\/revisions\/888"}],"wp:attachment":[{"href":"https:\/\/alliancefr.se\/ostersund\/wp-json\/wp\/v2\/media?parent=29"}],"curies":[{"name":"wp","href":"https:\/\/api.w.org\/{rel}","templated":true}]}}