{"id":27,"date":"2017-06-29T09:54:20","date_gmt":"2017-06-29T07:54:20","guid":{"rendered":"http:\/\/alliancefr.se\/ostersund\/qui-sommes-nous\/"},"modified":"2026-01-04T10:53:52","modified_gmt":"2026-01-04T09:53:52","slug":"qui-sommes-nous","status":"publish","type":"page","link":"https:\/\/alliancefr.se\/ostersund\/qui-sommes-nous\/","title":{"rendered":"Qui sommes-nous ?"},"content":{"rendered":"\t\t<div data-elementor-type=\"wp-post\" data-elementor-id=\"27\" class=\"elementor elementor-27\">\n\t\t\t\t\t\t<section class=\"elementor-section elementor-top-section elementor-element elementor-element-508363df elementor-section-boxed elementor-section-height-default elementor-section-height-default\" data-id=\"508363df\" data-element_type=\"section\">\n\t\t\t\t\t\t<div class=\"elementor-container elementor-column-gap-default\">\n\t\t\t\t\t<div class=\"elementor-column elementor-col-100 elementor-top-column elementor-element elementor-element-3f685fa5\" data-id=\"3f685fa5\" data-element_type=\"column\">\n\t\t\t<div class=\"elementor-widget-wrap elementor-element-populated\">\n\t\t\t\t\t\t<div class=\"elementor-element elementor-element-3be033a8 elementor-widget elementor-widget-text-editor\" data-id=\"3be033a8\" data-element_type=\"widget\" data-widget_type=\"text-editor.default\">\n\t\t\t\t<div class=\"elementor-widget-container\">\n\t\t\t\t\t\t\t\t\t<h1 style=\"text-align: center\"><strong>La ville d\u00b4\u00d6stersund<\/strong><\/h1><p>A mi-chemin du nord et du sud et aussi \u00e0 mi-chemin de l&rsquo;est de l&rsquo;ouest, presque au milieu de la Su\u00e8de, telle est la place de \u00d6stersund, la ville la plus septentrionale de l&rsquo;int\u00e9rieur du pays. Fond\u00e9e par le roi le plus francophile de Su\u00e8de, Gustave III, en octobre 1786, elle a \u00e9t\u00e9 la seule ville cr\u00e9\u00e9e de son vivant. Signifiant le\u201d passage de l&rsquo;est \u201d, elle est situ\u00e9e sur l\u00b4art\u00e8re qui relie la Baltique \u00e0 l&rsquo;Oc\u00e9an Atlantique, au bord du lac Storsj\u00f6, le 4 \u00e8me grand lac du pays.<\/p><p>Elle est aussi la capitale de la province du J\u00e4mtland, l&rsquo;une des 24 que compte le pays et est le chef-lieu du d\u00e9partement\/comt\u00e9 du m\u00eame nom, le 3 \u00e8me par sa superficie de la Su\u00e8de. En 1986, lors des 200 ans de \u00d6stersund, une grande f\u00eate est organis\u00e9e en juin o\u00fa un jeune Fran\u00e7ais, Jean-Fran\u00e7ois Picard, qui fait du th\u00e9\u00e2tre \u00e0 ses heures perdues, traverse la ville en cal\u00e8che, dans le r\u00f4le de Gustave III, en ayant \u00e0 ses c\u00f4t\u00e9s, monsieur Ingmar Bengtsson, le pr\u00e9sident de la chambre des d\u00e9put\u00e9s de Su\u00e8de. Il est \u00e0 noter que ce roi, Gustave III, n&rsquo;a jamais mis les pieds dans cette ville qu&rsquo;il a cr\u00e9\u00e9e.<\/p><h1 style=\"text-align: center\"><strong>L\u00b4Alliance fran\u00e7aise de \u00d6stersund<\/strong><\/h1><p>L\u00b4Alliance fran\u00e7aise d&rsquo;\u00d6stersund est une des plus septentrionale de Su\u00e8de et l&rsquo;une des 14 restantes du pays qui ont \u00e9t\u00e9 en un temps 24. C&rsquo;est dans les ann\u00e9es 1940 qu&rsquo;un petit groupe de personnes de \u00d6stersund se r\u00e9unissent pour d\u00e9velopper la langue fran\u00e7aise et le 10 novembre 1948, il est d\u00e9cid\u00e9 de cr\u00e9er l&rsquo;Alliance fran\u00e7aise d&rsquo;\u00d6stersund. En 1984, on f\u00eate au mess des officiers de la caserne I5, les 35 ans de l&rsquo;Alliance avec une ann\u00e9e de retard. On attendait la venue de l&rsquo;ambassadeur de France, monsieur Louis Blanc, qui s&rsquo;\u00e9tait fait remplacer au dernier moment par la directrice de l&rsquo;institut fran\u00e7ais, madame Anne-Marie Pauleau.<\/p><p>En 1998,on f\u00eata le 50 \u00e8me de l\u00b4Alliance qui se d\u00e9roula au restaurant Hov dans le parc de Jamtli avec la pr\u00e9sence d&rsquo;un repr\u00e9sentant\u00a0 de l\u00b4institut fran\u00e7ais pr\u00e9s de l&rsquo;ambassade. Durant les ann\u00e9es suivantes, plusieurs pr\u00e9sidents se relient et selon le statut d&rsquo;antan, le pr\u00e9sident devait \u00eatre Su\u00e9dois. Ce ne sera qu&rsquo;en 1990 que se d\u00e9roulera un changement en nommant cette fois un pr\u00e9sident d&rsquo;origine \u00e9trang\u00e8re. Ce sera un Danois qui sera par la suite relay\u00e9 par un Fran\u00e7ais. Voici donc la liste de ces 7 derniers pr\u00e9sidents et pr\u00e9sidentes connus de ces derni\u00e8res d\u00e9cennies :<\/p><ul><li>Torsten S\u00e4vborg (1948 \u2013 proviseur)<\/li><li>Ingeg\u00e4rd Suwe-Ericsson (1956 \u2013 professeur )<\/li><li>Berndt Rockberg\u00a0 ( 1966 \u2013 professeur )<\/li><li>Marie-Louise Askaner (1981 \u2013 professeur )<\/li><li>Bengt Andreasson (1987 \u2013 professeur )<\/li><li>Karin Nordqvist ( 1988 \u2013 professeur )<\/li><li>Christina Fransson ( 1996 \u2013 professeur )<\/li><li>Carsten Dencker (1998 \u2013 m\u00e9decin )<\/li><li>St\u00e9phan Wininger ( 2017 \u2013 professeur )<\/li><\/ul>\t\t\t\t\t\t\t\t<\/div>\n\t\t\t\t<\/div>\n\t\t\t\t\t<\/div>\n\t\t<\/div>\n\t\t\t\t\t<\/div>\n\t\t<\/section>\n\t\t\t\t<section class=\"elementor-section elementor-top-section elementor-element elementor-element-7826cfe elementor-section-boxed elementor-section-height-default elementor-section-height-default\" data-id=\"7826cfe\" data-element_type=\"section\">\n\t\t\t\t\t\t<div class=\"elementor-container elementor-column-gap-default\">\n\t\t\t\t\t<div class=\"elementor-column elementor-col-100 elementor-top-column elementor-element elementor-element-8403c91\" data-id=\"8403c91\" data-element_type=\"column\">\n\t\t\t<div class=\"elementor-widget-wrap elementor-element-populated\">\n\t\t\t\t\t\t<div class=\"elementor-element elementor-element-9c99c76 elementor-widget elementor-widget-text-editor\" data-id=\"9c99c76\" data-element_type=\"widget\" data-widget_type=\"text-editor.default\">\n\t\t\t\t<div class=\"elementor-widget-container\">\n\t\t\t\t\t\t\t\t\t<h1>Notre Comit\u00e9 actuel<\/h1><p><strong>St\u00e9phan Wininger<br \/><\/strong>Pr\u00e9sident<br \/><a href=\"mailto:%20ostersund@alliancefr.se\">mail<\/a><\/p><p><b>Sylvain Gumula<br \/><\/b>Vice-pr\u00e9sident<b><br \/><\/b><\/p><p><strong>Yasmine Vijghen Persson<\/strong><br \/>Secr\u00e9taire<\/p><p><strong>Ariane Briant Kjellson<\/strong><br \/>Tr\u00e9sori\u00e8re<\/p><p><b>Jean-Pierre L\u00e9vy<\/b><br \/>Historien de l&rsquo;Alliance<\/p><p><b>Fanny Jonsson<\/b><br \/>Responsable repas et informatique<\/p><p><strong>Simon Decaye<\/strong><b><br \/><\/b>Responsable repas\u00a0<\/p><p><b><strong>Ola B\u00e4ckstr\u00f6m<\/strong><br \/><\/b>Membre de comit\u00e9\u00a0\u00a0<\/p><p><b>M\u00e9lanie Chardonneau\u00a0<\/b><strong><br \/><\/strong>Membre de comit\u00e9\u00a0<\/p>\t\t\t\t\t\t\t\t<\/div>\n\t\t\t\t<\/div>\n\t\t\t\t\t<\/div>\n\t\t<\/div>\n\t\t\t\t\t<\/div>\n\t\t<\/section>\n\t\t\t\t<\/div>\n\t\t","protected":false},"excerpt":{"rendered":"<p>La ville d\u00b4\u00d6stersund A mi-chemin du nord et du sud et aussi \u00e0 mi-chemin de l&rsquo;est de l&rsquo;ouest, presque au milieu de la Su\u00e8de, telle est la place de \u00d6stersund, la ville la plus septentrionale de l&rsquo;int\u00e9rieur du pays. Fond\u00e9e par le roi le plus francophile de Su\u00e8de, Gustave III, en octobre 1786, elle a \u00e9t\u00e9 la seule ville cr\u00e9\u00e9e de son vivant. Signifiant le\u201d passage de l&rsquo;est \u201d, elle est situ\u00e9e sur l\u00b4art\u00e8re qui relie la Baltique \u00e0 l&rsquo;Oc\u00e9an Atlantique, au bord du lac Storsj\u00f6, le 4 \u00e8me grand lac du pays. Elle est aussi la capitale de la province du J\u00e4mtland, l&rsquo;une des 24 que compte le pays et est le chef-lieu du d\u00e9partement\/comt\u00e9 du m\u00eame nom, le 3 \u00e8me par sa superficie de la Su\u00e8de. En 1986, lors des 200 ans de \u00d6stersund, une grande f\u00eate est organis\u00e9e en juin o\u00fa un jeune Fran\u00e7ais, Jean-Fran\u00e7ois Picard, qui fait du th\u00e9\u00e2tre \u00e0 ses heures perdues, traverse la ville en cal\u00e8che, dans le r\u00f4le de Gustave III, en ayant \u00e0 ses c\u00f4t\u00e9s, monsieur Ingmar Bengtsson, le pr\u00e9sident de la chambre des d\u00e9put\u00e9s de Su\u00e8de. Il est \u00e0 noter que ce roi, Gustave III, n&rsquo;a jamais mis les pieds dans cette ville qu&rsquo;il a cr\u00e9\u00e9e. L\u00b4Alliance fran\u00e7aise de \u00d6stersund L\u00b4Alliance fran\u00e7aise d&rsquo;\u00d6stersund est une des plus septentrionale de Su\u00e8de et l&rsquo;une des 14 restantes du pays qui ont \u00e9t\u00e9 en un temps 24. C&rsquo;est dans les ann\u00e9es 1940 qu&rsquo;un petit groupe de personnes de \u00d6stersund se r\u00e9unissent pour d\u00e9velopper la langue fran\u00e7aise et le 10 novembre 1948, il est d\u00e9cid\u00e9 de cr\u00e9er l&rsquo;Alliance fran\u00e7aise d&rsquo;\u00d6stersund. En 1984, on f\u00eate au mess des officiers de la caserne I5, les 35 ans de l&rsquo;Alliance avec une ann\u00e9e de retard. On attendait la venue de l&rsquo;ambassadeur de France, monsieur Louis Blanc, qui s&rsquo;\u00e9tait fait remplacer au dernier moment par la directrice de l&rsquo;institut fran\u00e7ais, madame Anne-Marie Pauleau. En 1998,on f\u00eata le 50 \u00e8me de l\u00b4Alliance qui se d\u00e9roula au restaurant Hov dans le parc de Jamtli avec la pr\u00e9sence d&rsquo;un repr\u00e9sentant\u00a0 de l\u00b4institut fran\u00e7ais pr\u00e9s de l&rsquo;ambassade. Durant les ann\u00e9es suivantes, plusieurs pr\u00e9sidents se relient et selon le statut d&rsquo;antan, le pr\u00e9sident devait \u00eatre Su\u00e9dois. Ce ne sera qu&rsquo;en 1990 que se d\u00e9roulera un changement en nommant cette fois un pr\u00e9sident d&rsquo;origine \u00e9trang\u00e8re. Ce sera un Danois qui sera par la suite relay\u00e9 par un Fran\u00e7ais. Voici donc la liste de ces 7 derniers pr\u00e9sidents et pr\u00e9sidentes connus de ces derni\u00e8res d\u00e9cennies : Torsten S\u00e4vborg (1948 \u2013 proviseur) Ingeg\u00e4rd Suwe-Ericsson (1956 \u2013 professeur ) Berndt Rockberg\u00a0 ( 1966 \u2013 professeur ) Marie-Louise Askaner (1981 \u2013 professeur ) Bengt Andreasson (1987 \u2013 professeur ) Karin Nordqvist ( 1988 \u2013 professeur ) Christina Fransson ( 1996 \u2013 professeur ) Carsten Dencker (1998 \u2013 m\u00e9decin ) St\u00e9phan Wininger ( 2017 \u2013 professeur ) Notre Comit\u00e9 actuel St\u00e9phan WiningerPr\u00e9sidentmail Sylvain GumulaVice-pr\u00e9sident Yasmine Vijghen PerssonSecr\u00e9taire Ariane Briant KjellsonTr\u00e9sori\u00e8re Jean-Pierre L\u00e9vyHistorien de l&rsquo;Alliance Fanny JonssonResponsable repas et informatique Simon DecayeResponsable repas\u00a0 Ola B\u00e4ckstr\u00f6mMembre de comit\u00e9\u00a0\u00a0 M\u00e9lanie Chardonneau\u00a0Membre de comit\u00e9\u00a0<\/p>\n","protected":false},"author":4,"featured_media":0,"parent":0,"menu_order":0,"comment_status":"closed","ping_status":"closed","template":"","meta":{"om_disable_all_campaigns":false,"_monsterinsights_skip_tracking":false,"_monsterinsights_sitenote_active":false,"_monsterinsights_sitenote_note":"","_monsterinsights_sitenote_category":0,"_uf_show_specific_survey":0,"_uf_disable_surveys":false,"footnotes":""},"class_list":["post-27","page","type-page","status-publish","hentry"],"aioseo_notices":[],"rttpg_featured_image_url":null,"rttpg_author":{"display_name":"admin","author_link":"https:\/\/alliancefr.se\/ostersund\/author\/admin\/"},"rttpg_comment":0,"rttpg_category":" <a href=\"https:\/\/alliancefr.se\/ostersund\/\" rel=\"tag\">Fran\u00e7ais<\/a>","rttpg_excerpt":"La ville d\u00b4\u00d6stersund A mi-chemin du nord et du sud et aussi \u00e0 mi-chemin de l&rsquo;est de l&rsquo;ouest, presque au milieu de la Su\u00e8de, telle est la place de \u00d6stersund, la ville la plus septentrionale de l&rsquo;int\u00e9rieur du pays. Fond\u00e9e par le roi le plus francophile de Su\u00e8de, Gustave III, en octobre 1786, elle a\u2026","_links":{"self":[{"href":"https:\/\/alliancefr.se\/ostersund\/wp-json\/wp\/v2\/pages\/27","targetHints":{"allow":["GET"]}}],"collection":[{"href":"https:\/\/alliancefr.se\/ostersund\/wp-json\/wp\/v2\/pages"}],"about":[{"href":"https:\/\/alliancefr.se\/ostersund\/wp-json\/wp\/v2\/types\/page"}],"author":[{"embeddable":true,"href":"https:\/\/alliancefr.se\/ostersund\/wp-json\/wp\/v2\/users\/4"}],"replies":[{"embeddable":true,"href":"https:\/\/alliancefr.se\/ostersund\/wp-json\/wp\/v2\/comments?post=27"}],"version-history":[{"count":23,"href":"https:\/\/alliancefr.se\/ostersund\/wp-json\/wp\/v2\/pages\/27\/revisions"}],"predecessor-version":[{"id":883,"href":"https:\/\/alliancefr.se\/ostersund\/wp-json\/wp\/v2\/pages\/27\/revisions\/883"}],"wp:attachment":[{"href":"https:\/\/alliancefr.se\/ostersund\/wp-json\/wp\/v2\/media?parent=27"}],"curies":[{"name":"wp","href":"https:\/\/api.w.org\/{rel}","templated":true}]}}