{"id":25,"date":"2017-06-29T09:51:12","date_gmt":"2017-06-29T07:51:12","guid":{"rendered":"http:\/\/alliancefr.se\/ostersund\/natverket\/"},"modified":"2023-10-03T17:32:23","modified_gmt":"2023-10-03T15:32:23","slug":"natverket","status":"publish","type":"page","link":"https:\/\/alliancefr.se\/ostersund\/sv\/natverket\/","title":{"rendered":"N\u00e4tverket"},"content":{"rendered":"\t\t<div data-elementor-type=\"wp-post\" data-elementor-id=\"25\" class=\"elementor elementor-25\">\n\t\t\t\t\t\t<section class=\"elementor-section elementor-top-section elementor-element elementor-element-604820d7 elementor-section-boxed elementor-section-height-default elementor-section-height-default\" data-id=\"604820d7\" data-element_type=\"section\">\n\t\t\t\t\t\t<div class=\"elementor-container elementor-column-gap-default\">\n\t\t\t\t\t<div class=\"elementor-column elementor-col-100 elementor-top-column elementor-element elementor-element-46bc2c63\" data-id=\"46bc2c63\" data-element_type=\"column\">\n\t\t\t<div class=\"elementor-widget-wrap elementor-element-populated\">\n\t\t\t\t\t\t<div class=\"elementor-element elementor-element-110f723c elementor-widget elementor-widget-text-editor\" data-id=\"110f723c\" data-element_type=\"widget\" data-widget_type=\"text-editor.default\">\n\t\t\t\t<div class=\"elementor-widget-container\">\n\t\t\t\t\t\t\t\t\t<h3><a href=\"http:\/\/www.alliancefrancaise-orebro.eu\/wp-content\/uploads\/2015\/04\/FAF1.jpg\"><img fetchpriority=\"high\" decoding=\"async\" src=\"http:\/\/www.alliancefrancaise-orebro.eu\/wp-content\/uploads\/2015\/04\/FAF1-200x300.jpg\" alt=\"FAF\" width=\"200\" height=\"300\" \/><\/a>N\u00e4tverkets historia<\/h3><p>Alliance Fran\u00e7aise grundades 1883 i Paris f\u00f6r att fr\u00e4mja det franska spr\u00e5ket och den franska kulturen runt hela v\u00e4rlden efter det franska nederlaget mot Preussen 1870. Det h\u00e4r fransktalande globala n\u00e4tverket fungerar p\u00e5 ett franchisesystem, som inneb\u00e4r att skapandet av en ny Alliance Fran\u00e7aise kommer fr\u00e5n ett lokalt initiativ och det inneb\u00e4r ocks\u00e5 att f\u00f6reningarna regleras av lokala lagar, \u00e4r sj\u00e4lvst\u00e4ndiga och finansierar sig sj\u00e4lv.<\/p><p>Idag omfattar\u00a0n\u00e4tverket mer \u00e4n 800 Alliance fran\u00e7aise i 136 l\u00e4nder. Det har som fr\u00e4mstam\u00e5l att ge kurser i franska och att erbjuda ett fransktalande kulturprogram. Sedan 2007 \u00e4r alla Alliance Fran\u00e7aise under beskydd av Fondation Alliance Fran\u00e7aise i Paris, som \u00e4r ett st\u00f6d och en referens f\u00f6r alla f\u00f6reningar.<\/p><h3><a href=\"http:\/\/alliancefr.se\/\">N\u00e4tverket i Sverige<\/a><\/h3><p>I Stockholm grundades 1889 den f\u00f6rsta svenska Alliance Fran\u00e7aise. Den f\u00f6ljdes snabbt av Alliance Fran\u00e7aise i Uppsala och i G\u00f6teborg. Alliance Fran\u00e7aise i \u00d6stersund skapades 1946. Idag omfattar det svenska Alliance fran\u00e7aises n\u00e4tverket 15 f\u00f6reningar, som har en s\u00e4rskild st\u00e4llning i fr\u00e4mjandet av den fransktalande v\u00e4rlden. P\u00e5 grund av den st\u00f6rra svenska traditionen av studief\u00f6rbund som Medborgarskolan och Folkh\u00f6gskolan, erbjuder de svenska Alliance fran\u00e7aise inga kurser i franska. Dock f\u00f6resl\u00e5r de m\u00e5nga aktiviteter och konferenser i franska och svenska om fransktalande kulturer. Som en del av samarbetet mellan de olika Alliance fran\u00e7aise i Sverige, h\u00e5lls ett nationellt m\u00f6te varje \u00e5r i en n\u00e4tverksmedlems stad. \u00c5r 2017 \u00e4gde detta m\u00f6te rum i Stockholm. H\u00e4r diskuteras tidigare och framtida projekt, s\u00e5som utveckling av partnerskap eller utbyte av f\u00f6rel\u00e4sare mellan de olika Alliance Fran\u00e7aise och st\u00e4der i Sverige.<\/p>\t\t\t\t\t\t\t\t<\/div>\n\t\t\t\t<\/div>\n\t\t\t\t\t<\/div>\n\t\t<\/div>\n\t\t\t\t\t<\/div>\n\t\t<\/section>\n\t\t\t\t<\/div>\n\t\t","protected":false},"excerpt":{"rendered":"<p>N\u00e4tverkets historia Alliance Fran\u00e7aise grundades 1883 i Paris f\u00f6r att fr\u00e4mja det franska spr\u00e5ket och den franska kulturen runt hela v\u00e4rlden efter det franska nederlaget mot Preussen 1870. Det h\u00e4r fransktalande globala n\u00e4tverket fungerar p\u00e5 ett franchisesystem, som inneb\u00e4r att skapandet av en ny Alliance Fran\u00e7aise kommer fr\u00e5n ett lokalt initiativ och det inneb\u00e4r ocks\u00e5 att f\u00f6reningarna regleras av lokala lagar, \u00e4r sj\u00e4lvst\u00e4ndiga och finansierar sig sj\u00e4lv. Idag omfattar\u00a0n\u00e4tverket mer \u00e4n 800 Alliance fran\u00e7aise i 136 l\u00e4nder. Det har som fr\u00e4mstam\u00e5l att ge kurser i franska och att erbjuda ett fransktalande kulturprogram. Sedan 2007 \u00e4r alla Alliance Fran\u00e7aise under beskydd av Fondation Alliance Fran\u00e7aise i Paris, som \u00e4r ett st\u00f6d och en referens f\u00f6r alla f\u00f6reningar. N\u00e4tverket i Sverige I Stockholm grundades 1889 den f\u00f6rsta svenska Alliance Fran\u00e7aise. Den f\u00f6ljdes snabbt av Alliance Fran\u00e7aise i Uppsala och i G\u00f6teborg. Alliance Fran\u00e7aise i \u00d6stersund skapades 1946. Idag omfattar det svenska Alliance fran\u00e7aises n\u00e4tverket 15 f\u00f6reningar, som har en s\u00e4rskild st\u00e4llning i fr\u00e4mjandet av den fransktalande v\u00e4rlden. P\u00e5 grund av den st\u00f6rra svenska traditionen av studief\u00f6rbund som Medborgarskolan och Folkh\u00f6gskolan, erbjuder de svenska Alliance fran\u00e7aise inga kurser i franska. Dock f\u00f6resl\u00e5r de m\u00e5nga aktiviteter och konferenser i franska och svenska om fransktalande kulturer. Som en del av samarbetet mellan de olika Alliance fran\u00e7aise i Sverige, h\u00e5lls ett nationellt m\u00f6te varje \u00e5r i en n\u00e4tverksmedlems stad. \u00c5r 2017 \u00e4gde detta m\u00f6te rum i Stockholm. H\u00e4r diskuteras tidigare och framtida projekt, s\u00e5som utveckling av partnerskap eller utbyte av f\u00f6rel\u00e4sare mellan de olika Alliance Fran\u00e7aise och st\u00e4der i Sverige.<\/p>\n","protected":false},"author":4,"featured_media":0,"parent":0,"menu_order":0,"comment_status":"closed","ping_status":"closed","template":"","meta":{"om_disable_all_campaigns":false,"_monsterinsights_skip_tracking":false,"_monsterinsights_sitenote_active":false,"_monsterinsights_sitenote_note":"","_monsterinsights_sitenote_category":0,"_uf_show_specific_survey":0,"_uf_disable_surveys":false,"footnotes":""},"class_list":["post-25","page","type-page","status-publish","hentry"],"aioseo_notices":[],"rttpg_featured_image_url":null,"rttpg_author":{"display_name":"admin","author_link":"https:\/\/alliancefr.se\/ostersund\/author\/admin\/"},"rttpg_comment":0,"rttpg_category":" <a href=\"https:\/\/alliancefr.se\/ostersund\/sv\/\" rel=\"tag\">Svenska<\/a>","rttpg_excerpt":"N\u00e4tverkets historia Alliance Fran\u00e7aise grundades 1883 i Paris f\u00f6r att fr\u00e4mja det franska spr\u00e5ket och den franska kulturen runt hela v\u00e4rlden efter det franska nederlaget mot Preussen 1870. Det h\u00e4r fransktalande globala n\u00e4tverket fungerar p\u00e5 ett franchisesystem, som inneb\u00e4r att skapandet av en ny Alliance Fran\u00e7aise kommer fr\u00e5n ett lokalt initiativ och det inneb\u00e4r ocks\u00e5\u2026","_links":{"self":[{"href":"https:\/\/alliancefr.se\/ostersund\/wp-json\/wp\/v2\/pages\/25","targetHints":{"allow":["GET"]}}],"collection":[{"href":"https:\/\/alliancefr.se\/ostersund\/wp-json\/wp\/v2\/pages"}],"about":[{"href":"https:\/\/alliancefr.se\/ostersund\/wp-json\/wp\/v2\/types\/page"}],"author":[{"embeddable":true,"href":"https:\/\/alliancefr.se\/ostersund\/wp-json\/wp\/v2\/users\/4"}],"replies":[{"embeddable":true,"href":"https:\/\/alliancefr.se\/ostersund\/wp-json\/wp\/v2\/comments?post=25"}],"version-history":[{"count":4,"href":"https:\/\/alliancefr.se\/ostersund\/wp-json\/wp\/v2\/pages\/25\/revisions"}],"predecessor-version":[{"id":659,"href":"https:\/\/alliancefr.se\/ostersund\/wp-json\/wp\/v2\/pages\/25\/revisions\/659"}],"wp:attachment":[{"href":"https:\/\/alliancefr.se\/ostersund\/wp-json\/wp\/v2\/media?parent=25"}],"curies":[{"name":"wp","href":"https:\/\/api.w.org\/{rel}","templated":true}]}}