{"id":9965,"date":"2023-10-10T16:44:43","date_gmt":"2023-10-10T14:44:43","guid":{"rendered":"http:\/\/alliancefr.se\/orebro\/?page_id=9965"},"modified":"2023-10-26T12:31:59","modified_gmt":"2023-10-26T10:31:59","slug":"defi-inter-alliances-2","status":"publish","type":"page","link":"https:\/\/alliancefr.se\/orebro\/sv\/defi-inter-alliances-2\/","title":{"rendered":"D\u00e9fi Inter-Alliances"},"content":{"rendered":"\t\t<div data-elementor-type=\"wp-page\" data-elementor-id=\"9965\" class=\"elementor elementor-9965\">\n\t\t\t\t\t\t<section class=\"elementor-section elementor-top-section elementor-element elementor-element-6fd27f1f elementor-section-boxed elementor-section-height-default elementor-section-height-default\" data-id=\"6fd27f1f\" data-element_type=\"section\">\n\t\t\t\t\t\t<div class=\"elementor-container elementor-column-gap-default\">\n\t\t\t\t\t<div class=\"elementor-column elementor-col-100 elementor-top-column elementor-element elementor-element-31899fe2\" data-id=\"31899fe2\" data-element_type=\"column\">\n\t\t\t<div class=\"elementor-widget-wrap elementor-element-populated\">\n\t\t\t\t\t\t<div class=\"elementor-element elementor-element-18ead9d5 elementor-widget elementor-widget-image\" data-id=\"18ead9d5\" data-element_type=\"widget\" data-widget_type=\"image.default\">\n\t\t\t\t<div class=\"elementor-widget-container\">\n\t\t\t\t\t\t\t\t\t\t\t\t\t\t\t<img fetchpriority=\"high\" decoding=\"async\" width=\"960\" height=\"540\" src=\"https:\/\/alliancefr.se\/orebro\/wp-content\/uploads\/sites\/5\/2023\/10\/Defi-Inter-Alliances-Orebro-2-1024x576.png\" class=\"attachment-large size-large wp-image-9958\" alt=\"\" \/>\t\t\t\t\t\t\t\t\t\t\t\t\t\t\t<\/div>\n\t\t\t\t<\/div>\n\t\t\t\t<div class=\"elementor-element elementor-element-1b5ffbd6 elementor-widget elementor-widget-text-editor\" data-id=\"1b5ffbd6\" data-element_type=\"widget\" data-widget_type=\"text-editor.default\">\n\t\t\t\t<div class=\"elementor-widget-container\">\n\t\t\t\t\t\t\t\t\t<p><strong>Datum :<\/strong> <span style=\"font-weight: 400;\">9 november fr\u00e5n 18:30 till 19:00<\/span><\/p><p><strong>Plats:<\/strong> <a href=\"https:\/\/www.google.com\/maps\/place\/Medborgarskolan\/@59.2699553,15.2040385,17z\/data=!3m2!4b1!5s0x465c14e135111529:0x1ef871e5e5a5907c!4m6!3m5!1s0x465c151db9ef28d9:0x205ad7b875350eb8!8m2!3d59.2699553!4d15.2066134!16s%2Fg%2F1hc3pv_w1?entry=ttu\">Medborgarskolan<\/a><\/p><p><strong>\ud83c\uddf8\ud83c\uddea Nu \u00e4r det dags f\u00f6r en utmaning mellan Alliancerna! \ud83e\udd73<\/strong><\/p><p><span style=\"font-weight: 400;\">Kom och delta i en quiz p\u00e5 n\u00e4tet och Medborgarskolan om fransk kultur, och utmana medlemmarna i den lokala Alliancen! \ud83c\udfa8\ud83c\udfac\ud83c\uddeb\ud83c\uddf7<\/span><\/p><p><span style=\"font-weight: 400;\">Om ni vinner p\u00e5 lokal niv\u00e5, kommer ni ocks\u00e5 att utmana medlemmarna i de andra Alliancerna i Sverige och sedan de andra i hela v\u00e4rlden! \ud83c\udf0d<\/span><\/p><p><span style=\"font-weight: 400;\">Ett evenemang p\u00e5 n\u00e4tet (via Zoom) och Medborgarskolan lekfullt och trevligt p\u00e5 ungef\u00e4r 30 minuter. \u23f1<\/span><\/p><p><span style=\"font-weight: 400;\">\ud83e\udd47 Om ni vinner den nationella utmaningen: ett diplom och en kulturell \u00f6verraskning. \ud83d\udcda\ud83c\udf9f\ud83d\udc69\ud83c\udffc\u200d\ud83c\udf93<\/span><\/p><p><span style=\"font-weight: 400;\">\ud83c\udfc6 Om ni vinner alla tre utmaningarna: tv\u00e5 veckors vistelse i Frankrike i en Alliance d\u00e4r boende och halvpension ing\u00e5r! \ud83c\uddeb\ud83c\uddf7\ud83d\ude0d\ud83e\udd50<\/span><\/p><p><strong>\u261d\ud83c\udffb F\u00f6r att delta m\u00e5ste man vara medlem i l\u2019Alliance Fran\u00e7aise i \u00d6rebro.<\/strong><\/p><p><strong>Man beh\u00f6ver ocks\u00e5 vara p\u00e5 niv\u00e5 A2 (om ni har f\u00f6rst\u00e5tt det h\u00e4r meddelandet kan ni delta!) \ud83d\ude0a<\/strong><\/p><p><span style=\"font-weight: 400;\">Vi hoppas att m\u00e5nga anm\u00e4ler sig! \ud83d\ude09<\/span><\/p><p><strong>Reglerna: <\/strong><a href=\"https:\/\/alliancefr.se\/orebro\/wp-content\/uploads\/sites\/5\/2023\/10\/Defi-Inter-Alliances-Reglement-Francais.pdf\">PDF p\u00e5 franska<\/a> och <a href=\"https:\/\/alliancefr.se\/orebro\/wp-content\/uploads\/sites\/5\/2023\/10\/Defi-Inter-Alliances-Terms-and-Conditions-Anglais-.pdf\">h\u00e4r p\u00e5 engelska<\/a><\/p><p><strong><span style=\"font-weight: 400;\">\ud83d\udce9 Anm\u00e4l er (namn och efternamn) till f\u00f6ljande adress: <a href=\"mailto:orebro@alliancefr.se\">orebro@alliancefr.se<\/a><\/span><\/strong><\/p>\t\t\t\t\t\t\t\t<\/div>\n\t\t\t\t<\/div>\n\t\t\t\t\t<\/div>\n\t\t<\/div>\n\t\t\t\t\t<\/div>\n\t\t<\/section>\n\t\t\t\t<section class=\"elementor-section elementor-top-section elementor-element elementor-element-22cd0c12 elementor-section-boxed elementor-section-height-default elementor-section-height-default\" data-id=\"22cd0c12\" data-element_type=\"section\">\n\t\t\t\t\t\t<div class=\"elementor-container elementor-column-gap-default\">\n\t\t\t\t\t<div class=\"elementor-column elementor-col-100 elementor-top-column elementor-element elementor-element-749c1e85\" data-id=\"749c1e85\" data-element_type=\"column\">\n\t\t\t<div class=\"elementor-widget-wrap\">\n\t\t\t\t\t\t\t<\/div>\n\t\t<\/div>\n\t\t\t\t\t<\/div>\n\t\t<\/section>\n\t\t\t\t<\/div>\n\t\t","protected":false},"excerpt":{"rendered":"<p>Datum : 9 november fr\u00e5n 18:30 till 19:00 Plats: Medborgarskolan \ud83c\uddf8\ud83c\uddea Nu \u00e4r det dags f\u00f6r en utmaning mellan Alliancerna! \ud83e\udd73 Kom och delta i en quiz p\u00e5 n\u00e4tet och Medborgarskolan om fransk kultur, och utmana medlemmarna i den lokala Alliancen! \ud83c\udfa8\ud83c\udfac\ud83c\uddeb\ud83c\uddf7 Om ni vinner p\u00e5 lokal niv\u00e5, kommer ni ocks\u00e5 att utmana medlemmarna i de andra Alliancerna i Sverige och sedan de andra i hela v\u00e4rlden! \ud83c\udf0d Ett evenemang p\u00e5 n\u00e4tet (via Zoom) och Medborgarskolan lekfullt och trevligt p\u00e5 ungef\u00e4r 30 minuter. \u23f1 \ud83e\udd47 Om ni vinner den nationella utmaningen: ett diplom och en kulturell \u00f6verraskning. \ud83d\udcda\ud83c\udf9f\ud83d\udc69\ud83c\udffc\u200d\ud83c\udf93 \ud83c\udfc6 Om ni vinner alla tre utmaningarna: tv\u00e5 veckors vistelse i Frankrike i en Alliance d\u00e4r boende och halvpension ing\u00e5r! \ud83c\uddeb\ud83c\uddf7\ud83d\ude0d\ud83e\udd50 \u261d\ud83c\udffb F\u00f6r att delta m\u00e5ste man vara medlem i l\u2019Alliance Fran\u00e7aise i \u00d6rebro. Man beh\u00f6ver ocks\u00e5 vara p\u00e5 niv\u00e5 A2 (om ni har f\u00f6rst\u00e5tt det h\u00e4r meddelandet kan ni delta!) \ud83d\ude0a Vi hoppas att m\u00e5nga anm\u00e4ler sig! \ud83d\ude09 Reglerna: PDF p\u00e5 franska och h\u00e4r p\u00e5 engelska \ud83d\udce9 Anm\u00e4l er (namn och efternamn) till f\u00f6ljande adress: orebro@alliancefr.se<\/p>\n","protected":false},"author":1,"featured_media":0,"parent":0,"menu_order":0,"comment_status":"closed","ping_status":"closed","template":"","meta":{"om_disable_all_campaigns":false,"_monsterinsights_skip_tracking":false,"_monsterinsights_sitenote_active":false,"_monsterinsights_sitenote_note":"","_monsterinsights_sitenote_category":0,"_uf_show_specific_survey":0,"_uf_disable_surveys":false,"footnotes":""},"class_list":["post-9965","page","type-page","status-publish","hentry"],"aioseo_notices":[],"rttpg_featured_image_url":null,"rttpg_author":{"display_name":"Super.admin","author_link":"https:\/\/alliancefr.se\/orebro\/author\/admin2174\/"},"rttpg_comment":0,"rttpg_category":" <a href=\"https:\/\/alliancefr.se\/orebro\/sv\/\" rel=\"tag\">Svenska<\/a>","rttpg_excerpt":"Datum : 9 november fr\u00e5n 18:30 till 19:00 Plats: Medborgarskolan \ud83c\uddf8\ud83c\uddea Nu \u00e4r det dags f\u00f6r en utmaning mellan Alliancerna! \ud83e\udd73 Kom och delta i en quiz p\u00e5 n\u00e4tet och Medborgarskolan om fransk kultur, och utmana medlemmarna i den lokala Alliancen! \ud83c\udfa8\ud83c\udfac\ud83c\uddeb\ud83c\uddf7 Om ni vinner p\u00e5 lokal niv\u00e5, kommer ni ocks\u00e5 att utmana medlemmarna i\u2026","_links":{"self":[{"href":"https:\/\/alliancefr.se\/orebro\/wp-json\/wp\/v2\/pages\/9965","targetHints":{"allow":["GET"]}}],"collection":[{"href":"https:\/\/alliancefr.se\/orebro\/wp-json\/wp\/v2\/pages"}],"about":[{"href":"https:\/\/alliancefr.se\/orebro\/wp-json\/wp\/v2\/types\/page"}],"author":[{"embeddable":true,"href":"https:\/\/alliancefr.se\/orebro\/wp-json\/wp\/v2\/users\/1"}],"replies":[{"embeddable":true,"href":"https:\/\/alliancefr.se\/orebro\/wp-json\/wp\/v2\/comments?post=9965"}],"version-history":[{"count":10,"href":"https:\/\/alliancefr.se\/orebro\/wp-json\/wp\/v2\/pages\/9965\/revisions"}],"predecessor-version":[{"id":10401,"href":"https:\/\/alliancefr.se\/orebro\/wp-json\/wp\/v2\/pages\/9965\/revisions\/10401"}],"wp:attachment":[{"href":"https:\/\/alliancefr.se\/orebro\/wp-json\/wp\/v2\/media?parent=9965"}],"curies":[{"name":"wp","href":"https:\/\/api.w.org\/{rel}","templated":true}]}}