{"id":897,"date":"2015-05-08T14:28:32","date_gmt":"2015-05-08T13:28:32","guid":{"rendered":"http:\/\/alliancefr.se\/orebro4\/bli-medlem\/"},"modified":"2025-01-07T21:46:42","modified_gmt":"2025-01-07T20:46:42","slug":"bli-medlem","status":"publish","type":"page","link":"https:\/\/alliancefr.se\/orebro\/sv\/bli-medlem\/","title":{"rendered":"Bli medlem"},"content":{"rendered":"\t\t<div data-elementor-type=\"wp-post\" data-elementor-id=\"897\" class=\"elementor elementor-897\">\n\t\t\t\t\t\t<section class=\"elementor-section elementor-top-section elementor-element elementor-element-2928eac5 elementor-section-boxed elementor-section-height-default elementor-section-height-default\" data-id=\"2928eac5\" data-element_type=\"section\">\n\t\t\t\t\t\t<div class=\"elementor-container elementor-column-gap-default\">\n\t\t\t\t\t<div class=\"elementor-column elementor-col-100 elementor-top-column elementor-element elementor-element-17ec23d0\" data-id=\"17ec23d0\" data-element_type=\"column\">\n\t\t\t<div class=\"elementor-widget-wrap elementor-element-populated\">\n\t\t\t\t\t\t<div class=\"elementor-element elementor-element-fa827a1 elementor-widget elementor-widget-text-editor\" data-id=\"fa827a1\" data-element_type=\"widget\" data-widget_type=\"text-editor.default\">\n\t\t\t\t<div class=\"elementor-widget-container\">\n\t\t\t\t\t\t\t\t\t<h3 style=\"text-align: center;\">Varf\u00f6r bli medlem?<\/h3><p>Att vara medlem i Alliance fran\u00e7aise i \u00d6rebro betyder mer \u00e4n att bara vara medlem i en kulturell f\u00f6rening, det \u00e4r att g\u00e5 med i en trivsam grupp i \u00d6rebro och \u00f6ppna sig mot v\u00e4rlden genom att vara en del av ett brett n\u00e4tverk. Att vara medlem i Alliance fran\u00e7aise i \u00d6rebro menas att investera sig lokalt men ocks\u00e5 uppt\u00e4cka den fransktalande v\u00e4rlden med alla dess rikedomar.<\/p><p>Om du tycker om: Att uppt\u00e4cka \u2022 Att l\u00e4ra dig nya saker \u2022 Att tr\u00e4ffa nya m\u00e4nniskor \u2022 Det franska spr\u00e5ket \u00e4ven om du inte pratar franska \u2022 Att ha en gemytlig tid : d\u00e5 m\u00e5ste du absolut bli medlem i Alliance fran\u00e7aise i \u00d6rebro<\/p><p><!--\/pixgridder:column[col=1]--><!--\/pixgridder:row[cols=1]--><!--pixgridder:row[cols=1]--><!--pixgridder:column[col=1]--><\/p><h3 style=\"text-align: center;\">Hur blir du medlem i Alliance Fran\u00e7aise?<\/h3><p style=\"text-align: left;\">Det \u00e4r enkelt! Medlemskapet g\u00e4ller f\u00f6r ett kalender\u00e5r och ger dig r\u00e4tt att delta i f\u00f6reningens samtliga aktiviteter.\u00a0Om du blir medlem under \u00e5ret r\u00e4knas avgiften i proportion till m\u00e5naderna som \u00e4r kvar.<\/p><p><!--\/pixgridder:column[col=1]--><!--\/pixgridder:row[cols=1]--><!--pixgridder:row[cols=2]--><!--pixgridder:column[col=1]--><strong>I praktiken :\u00a0<\/strong><\/p><p>P\u00e5 plusgiro 16 14 83-3 Alliance Fran\u00e7aise d\u2019\u00d6rebro betalar du in \u00e5rsavgiften. Gl\u00f6m inte att skriva ditt namn.<\/p><p style=\"text-align: center;\"><strong>Avgiften f\u00f6re 2025<\/strong><\/p><p style=\"text-align: center;\">\u2022 300 SEK per person<\/p><p style=\"text-align: center;\">\u2022 400 SEK per par och per familj<\/p><p style=\"text-align: center;\">\u2022 150 SEK per studerande<\/p><p style=\"text-align: center;\">\u2022 100 SEK per en gymnasieelev<\/p><p style=\"text-align: center;\"><!--\/pixgridder:column[col=1]--><!--pixgridder:column[col=1]--><\/p><p style=\"text-align: center;\"><!--\/pixgridder:column[col=1]--><!--\/pixgridder:row[cols=2]--><!--pixgridder:row[cols=1]--><!--pixgridder:column[col=1]--><\/p><h3 style=\"text-align: center;\">Hj\u00e4lp oss att k\u00e4nna dig b\u00e4ttre!<\/h3><p style=\"text-align: center;\">Om du vill betala \u00e5rsavgiften f\u00f6r f\u00f6rsta g\u00e5ngen ta g\u00e4rna n\u00e5gra minuter f\u00f6r att fylla formul\u00e4ret nere och presentera dig, ge oss dina hobbyer och dina f\u00f6rv\u00e4ntningar g\u00e4llande v\u00e5r f\u00f6rening.<\/p><p><!--\/pixgridder:column[col=1]--><!--\/pixgridder:row[cols=1]--><\/p>\t\t\t\t\t\t\t\t<\/div>\n\t\t\t\t<\/div>\n\t\t\t\t\t<\/div>\n\t\t<\/div>\n\t\t\t\t\t<\/div>\n\t\t<\/section>\n\t\t\t\t<section class=\"elementor-section elementor-top-section elementor-element elementor-element-48d31b26 elementor-section-boxed elementor-section-height-default elementor-section-height-default\" data-id=\"48d31b26\" data-element_type=\"section\">\n\t\t\t\t\t\t<div class=\"elementor-container elementor-column-gap-default\">\n\t\t\t\t\t<div class=\"elementor-column elementor-col-100 elementor-top-column elementor-element elementor-element-5836c057\" data-id=\"5836c057\" data-element_type=\"column\">\n\t\t\t<div class=\"elementor-widget-wrap elementor-element-populated\">\n\t\t\t\t\t\t<div class=\"elementor-element elementor-element-1eb8bc0 elementor-widget elementor-widget-fm-elementor\" data-id=\"1eb8bc0\" data-element_type=\"widget\" data-widget_type=\"fm-elementor.default\">\n\t\t\t\t<div class=\"elementor-widget-container\">\n\t\t\t\t\t<div style=\"display:none\" class=\"fm-form-container fm-theme1\"><div id=\"fm-pages10\" class=\"fm-pages wdform_page_navigation \" show_title=\"\" show_numbers=\"1\" type=\"none\"><\/div><form name=\"form10\" action=\"\/orebro\/wp-json\/wp\/v2\/pages\/897\" method=\"post\" id=\"form10\" class=\"fm-form form10  \" enctype=\"multipart\/form-data\"><input type=\"hidden\" id=\"fm_page_id10\" value=\"897\" name=\"fm_page_id10\" \/><input type=\"hidden\" id=\"fm_current_post_type10\" value=\"page\" name=\"fm_current_post_type10\" \/><input type=\"hidden\" id=\"counter10\" value=\"25\" name=\"counter10\" \/><input type=\"hidden\" id=\"Itemid10\" value=\"\" name=\"Itemid10\" \/><input type=\"hidden\" id=\"fm_shake10\" value=\"1\" name=\"fm_shake10\" \/><input type=\"text\" class=\"fm-hide\" id=\"fm_empty_field_validation10\" value=\"\" name=\"fm_empty_field_validation10\" data-value=\"bd736efb144d599cf463541431fbf5c4\" \/><div class=\"wdform-page-and-images fm-form-builder\"><div id=\"10form_view1\" class=\"wdform_page\" page_title=\"Untitled page\" next_title=\"Next\" next_type=\"text\" next_class=\"wdform-page-button\" next_checkable=\"true\" previous_title=\"Previous\" previous_type=\"text\" previous_class=\"wdform-page-button\" previous_checkable=\"false\"><div class=\"wdform_section\"><div class=\"wdform_column\"><div wdid=\"2\" class=\"wdform_row\"><div type=\"type_text\" class=\"wdform-field wd-width-100 wd-flex wd-flex-column fm-type_text\" ><div class=\"wdform-label-section wd-width-100  wd-flex-row wd-align-items-center\">    <label  for=\"wdform_2_element10\" class=\"wdform-label\">Namn<\/label><span class=\"wdform-required\">*<\/span><\/div><div class=\"wdform-element-section wd-flex  wd-flex-row wd-align-items-center wd-width-100\" ><input type=\"text\"                           class=\"wd-width-100\"                           id=\"wdform_2_element10\"                           name=\"wdform_2_element10\"                           value=\"\"                           data-value=\"\"                           title=\"\"                           placeholder=\"\"                                                       \/><\/div><\/div><\/div><\/div><div class=\"wdform_column\"><div wdid=\"4\" class=\"wdform_row\" style=\"position: relative; left: 0px; top: 0px;\"><div type=\"type_submitter_mail\" class=\"wdform-field wd-width-100 wd-flex wd-flex-column fm-type_submitter_mail\" ><div class=\"wdform-label-section wd-width-100  wd-flex-row\">    <label  for=\"wdform_4_element10\" class=\"wdform-label\">Email<\/label><span class=\"wdform-required\">*<\/span><\/div><div class=\"wdform-element-section wd-flex  wd-flex-row wd-width-100\" ><input type=\"text\" class=\"wd-width-100\" id=\"wdform_4_element10\" name=\"wdform_4_element10\" data-value=\"\" value=\"\" title=\"\" placeholder=\"\"   onchange=\"wd_check_email('4', '10', 'Ceci n\\'est pas une adresse e-mail valide')\" \/><\/div><\/div><\/div><\/div><div class=\"wdform_column\"><div wdid=\"13\" class=\"wdform_row\" style=\"position: relative; left: 0px; top: 0px;\"><div type=\"type_date_fields\" class=\"wdform-field wd-width-100 wd-flex wd-flex-column fm-type_date_fields\" ><div class=\"wdform-label-section wd-width-100 wdform_date_fields wd-flex-row\">    <label  for=\"wdform_13_day10\" class=\"wdform-label\">F\u00f6delsedatum <\/label><span class=\"wdform-required\">*<\/span><\/div><div class=\"wdform-element-section wd-flex wdform_date_fields wd-flex-row wd-width-100\" ><div class=\"wd-flex wd-flex-row wd-width-100 wd-align-items\"><div class=\"wd-flex wd-flex-column\"><select id=\"wdform_13_day10\" name=\"wdform_13_day10\" class=\"wdform_select_day\" style=\"width: 60px;\" ><option value=\"\"><\/option><option value=\"01\" >01<\/option><option value=\"02\" >02<\/option><option value=\"03\" >03<\/option><option value=\"04\" >04<\/option><option value=\"05\" >05<\/option><option value=\"06\" >06<\/option><option value=\"07\" >07<\/option><option value=\"08\" >08<\/option><option value=\"09\" >09<\/option><option value=\"10\" >10<\/option><option value=\"11\" >11<\/option><option value=\"12\" >12<\/option><option value=\"13\" >13<\/option><option value=\"14\" >14<\/option><option value=\"15\" >15<\/option><option value=\"16\" >16<\/option><option value=\"17\" >17<\/option><option value=\"18\" >18<\/option><option value=\"19\" >19<\/option><option value=\"20\" >20<\/option><option value=\"21\" >21<\/option><option value=\"22\" >22<\/option><option value=\"23\" >23<\/option><option value=\"24\" >24<\/option><option value=\"25\" >25<\/option><option value=\"26\" >26<\/option><option value=\"27\" >27<\/option><option value=\"28\" >28<\/option><option value=\"29\" >29<\/option><option value=\"30\" >30<\/option><option value=\"31\" >31<\/option><\/select><label for=\"wdform_13_day10\" class=\"mini_label\">dag<\/label><\/div><span class=\"wdform_separator\">&nbsp;\/&nbsp;<\/span><div class=\"wd-flex wd-flex-column\"><select id=\"wdform_13_month10\" name=\"wdform_13_month10\" class=\"wdform_select_month\" style=\"width: 100px;\" ><option value=\"\"><\/option><option value=\"01\"   >Janvier<\/option><option value=\"02\" >f\u00e9vrier<\/option><option value=\"03\" >mars<\/option><option value=\"04\"  >Avril<\/option><option value=\"05\"  >Mai<\/option><option value=\"06\"  >juin<\/option><option value=\"07\"  >Juillet<\/option><option value=\"08\"  >ao\u00fbt<\/option><option value=\"09\"  >Septembre<\/option><option value=\"10\"  >octobre<\/option><option value=\"11\" >novembre<\/option><option value=\"12\"  >D\u00e9cembre<\/option><\/select><label for=\"wdform_13_month10\" class=\"mini_label\">m\u00e5nad<\/label><\/div><span class=\"wdform_separator\">&nbsp;\/&nbsp;<\/span><div class=\"wd-flex wd-flex-column\"><select id=\"wdform_13_year10\" name=\"wdform_13_year10\"  from=\"1901\" to=\"2023\" class=\"wdform_select_year\" style=\"width: 80px;\" ><option value=\"\"><\/option><option value=\"2023\" >2023<\/option><option value=\"2022\" >2022<\/option><option value=\"2021\" >2021<\/option><option value=\"2020\" >2020<\/option><option value=\"2019\" >2019<\/option><option value=\"2018\" >2018<\/option><option value=\"2017\" >2017<\/option><option value=\"2016\" >2016<\/option><option value=\"2015\" >2015<\/option><option value=\"2014\" >2014<\/option><option value=\"2013\" >2013<\/option><option value=\"2012\" >2012<\/option><option value=\"2011\" >2011<\/option><option value=\"2010\" >2010<\/option><option value=\"2009\" >2009<\/option><option value=\"2008\" >2008<\/option><option value=\"2007\" >2007<\/option><option value=\"2006\" >2006<\/option><option value=\"2005\" >2005<\/option><option value=\"2004\" >2004<\/option><option value=\"2003\" >2003<\/option><option value=\"2002\" >2002<\/option><option value=\"2001\" >2001<\/option><option value=\"2000\" >2000<\/option><option value=\"1999\" >1999<\/option><option value=\"1998\" >1998<\/option><option value=\"1997\" >1997<\/option><option value=\"1996\" >1996<\/option><option value=\"1995\" >1995<\/option><option value=\"1994\" >1994<\/option><option value=\"1993\" >1993<\/option><option value=\"1992\" >1992<\/option><option value=\"1991\" >1991<\/option><option value=\"1990\" >1990<\/option><option value=\"1989\" >1989<\/option><option value=\"1988\" >1988<\/option><option value=\"1987\" >1987<\/option><option value=\"1986\" >1986<\/option><option value=\"1985\" >1985<\/option><option value=\"1984\" >1984<\/option><option value=\"1983\" >1983<\/option><option value=\"1982\" >1982<\/option><option value=\"1981\" >1981<\/option><option value=\"1980\" >1980<\/option><option value=\"1979\" >1979<\/option><option value=\"1978\" >1978<\/option><option value=\"1977\" >1977<\/option><option value=\"1976\" >1976<\/option><option value=\"1975\" >1975<\/option><option value=\"1974\" >1974<\/option><option value=\"1973\" >1973<\/option><option value=\"1972\" >1972<\/option><option value=\"1971\" >1971<\/option><option value=\"1970\" >1970<\/option><option value=\"1969\" >1969<\/option><option value=\"1968\" >1968<\/option><option value=\"1967\" >1967<\/option><option value=\"1966\" >1966<\/option><option value=\"1965\" >1965<\/option><option value=\"1964\" >1964<\/option><option value=\"1963\" >1963<\/option><option value=\"1962\" >1962<\/option><option value=\"1961\" >1961<\/option><option value=\"1960\" >1960<\/option><option value=\"1959\" >1959<\/option><option value=\"1958\" >1958<\/option><option value=\"1957\" >1957<\/option><option value=\"1956\" >1956<\/option><option value=\"1955\" >1955<\/option><option value=\"1954\" >1954<\/option><option value=\"1953\" >1953<\/option><option value=\"1952\" >1952<\/option><option value=\"1951\" >1951<\/option><option value=\"1950\" >1950<\/option><option value=\"1949\" >1949<\/option><option value=\"1948\" >1948<\/option><option value=\"1947\" >1947<\/option><option value=\"1946\" >1946<\/option><option value=\"1945\" >1945<\/option><option value=\"1944\" >1944<\/option><option value=\"1943\" >1943<\/option><option value=\"1942\" >1942<\/option><option value=\"1941\" >1941<\/option><option value=\"1940\" >1940<\/option><option value=\"1939\" >1939<\/option><option value=\"1938\" >1938<\/option><option value=\"1937\" >1937<\/option><option value=\"1936\" >1936<\/option><option value=\"1935\" >1935<\/option><option value=\"1934\" >1934<\/option><option value=\"1933\" >1933<\/option><option value=\"1932\" >1932<\/option><option value=\"1931\" >1931<\/option><option value=\"1930\" >1930<\/option><option value=\"1929\" >1929<\/option><option value=\"1928\" >1928<\/option><option value=\"1927\" >1927<\/option><option value=\"1926\" >1926<\/option><option value=\"1925\" >1925<\/option><option value=\"1924\" >1924<\/option><option value=\"1923\" >1923<\/option><option value=\"1922\" >1922<\/option><option value=\"1921\" >1921<\/option><option value=\"1920\" >1920<\/option><option value=\"1919\" >1919<\/option><option value=\"1918\" >1918<\/option><option value=\"1917\" >1917<\/option><option value=\"1916\" >1916<\/option><option value=\"1915\" >1915<\/option><option value=\"1914\" >1914<\/option><option value=\"1913\" >1913<\/option><option value=\"1912\" >1912<\/option><option value=\"1911\" >1911<\/option><option value=\"1910\" >1910<\/option><option value=\"1909\" >1909<\/option><option value=\"1908\" >1908<\/option><option value=\"1907\" >1907<\/option><option value=\"1906\" >1906<\/option><option value=\"1905\" >1905<\/option><option value=\"1904\" >1904<\/option><option value=\"1903\" >1903<\/option><option value=\"1902\" >1902<\/option><option value=\"1901\" >1901<\/option><\/select><label for=\"wdform_13_year10\" class=\"mini_label\">\u00e5r<\/label><\/div><\/div><\/div><\/div><\/div><div wdid=\"17\" class=\"wdform_row\" style=\"position: relative; left: 0px; top: 0px;\"><div type=\"type_phone_new\" class=\"wdform-field wd-width-100 wd-flex wd-flex-column fm-type_phone_new\" ><div class=\"wdform-label-section wd-width-100 \">    <label  for=\"wdform_17_element10\" class=\"wdform-label\">Telefon<\/label><\/div><div class=\"wdform-element-section wd-flex  wd-width-100\" ><input type=\"text\"                       class=\"wd-width-100\"                       id=\"wdform_17_element10\"                       name=\"wdform_17_element10\"                       value=\"\"                       data-value=\"\"                       placeholder=\"\"  \/><\/div><\/div><\/div><\/div><div class=\"wdform_column\"><div wdid=\"18\" class=\"wdform_row\" style=\"position: relative; left: 0px; top: 0px;\"><div type=\"type_address\" class=\"wdform-field wd-width-100 wd-flex wd-flex-column fm-type_address\" ><div class=\"wdform-label-section wd-width-100 wdform_address wd-flex-column\">    <label  for=\"wdform_18_street110\" class=\"wdform-label\">Adress<\/label><\/div><div class=\"wdform-element-section wd-flex wdform_address wd-flex-column wd-width-100\" ><span class=\"wd-width-100 wd-address\" id=\"wdform_18_address_0\">                <input class=\"wd-width-100 wdform_18_address_0\" type=\"text\" id=\"wdform_18_street110\" name=\"wdform_18_street110\" value=\"\"  \/>                <label for=\"wdform_18_street110\" class=\"mini_label\"><\/label><\/span><span class=\"wd-width-100 wd-flex wd-flex-row wd-flex-wrap wd-justify-content\"><span class=\"wd-width-49 wd-address\" id=\"wdform_18_address_2\">                <input class=\"wd-width-100 wdform_18_address_2\" type=\"text\" id=\"wdform_18_city10\" name=\"wdform_20_city10\" value=\"\"  \/>                <label for=\"wdform_18_city10\" class=\"mini_label\">Stad<\/label><\/span><span class=\"wd-width-49 wd-address\" id=\"wdform_18_address_4\">              <input class=\"wd-width-100 wdform_18_address_4\" type=\"text\" id=\"wdform_18_postal10\" name=\"wdform_22_postal10\" value=\"\"  \/>              <label for=\"wdform_18_postal10\" class=\"mini_label\">Postnummer<\/label><\/span><\/span><\/div><\/div><\/div><\/div><div class=\"wdform_column\"><div wdid=\"15\" class=\"wdform_row\"><div type=\"type_textarea\" class=\"wdform-field wd-width-100 wd-flex wd-flex-column fm-type_textarea\" ><div class=\"wdform-label-section wd-width-100 \">    <label  for=\"wdform_15_element10\" class=\"wdform-label\">Varf\u00f6r vill du g\u00e5 med i Alliance Fran\u00e7aise d\u2019\u00d6rebro?<\/label><span class=\"wdform-required\">*<\/span><\/div><div class=\"wdform-element-section wd-flex  wd-width-100\" ><textarea class=\"wd-width-100\"                      id=\"wdform_15_element10\"                      name=\"wdform_15_element10\"                      placeholder=\"\"                      data-value=\"\"                      maxlength=\"\"                      style=\"height: 100px;\"                      ><\/textarea><\/div><\/div><\/div><\/div><div class=\"wdform_column\"><div wdid=\"24\" class=\"wdform_row\"><div type=\"type_radio\" class=\"wdform-field wd-width-100 wd-flex wd-flex-column fm-type_radio\" ><div class=\"wdform-label-section wd-width-100  wd-flex-wrap wd-flex-column\">    <label  class=\"wdform-label\">Accepterar du att registrera dig f\u00f6r v\u00e5rt nyhetsbrev f\u00f6r att f\u00e5 information om kommande evenemang hos Alliance Fran\u00e7aise i \u00d6rebro?<\/label><span class=\"wdform-required\">*<\/span><\/div><div class=\"wdform-element-section wd-flex  wd-flex-wrap wd-flex-column wd-width-100\" ><div class=\"wd-flex wd-flex-column\"><input type=\"hidden\" name=\"wdform_24_element10\" value=\"\" \/><div class=\"radio-div wd-choice wd-flex wd-flex-row\"><input type=\"radio\"  id=\"wdform_24_element100\" name=\"wdform_24_element10\" value=\"Ja\" onclick=\"set_default(&quot;wdform_24&quot;,&quot;0&quot;,&quot;10&quot;); \"   \/><label class=\"wd-align-items-center wd-flex wd-flex-row\" for=\"wdform_24_element100\"><span><\/span>Ja<\/label><\/div><div class=\"radio-div wd-choice wd-flex wd-flex-row\"><input type=\"radio\"  id=\"wdform_24_element101\" name=\"wdform_24_element10\" value=\"Nej\" onclick=\"set_default(&quot;wdform_24&quot;,&quot;1&quot;,&quot;10&quot;); \"   \/><label class=\"wd-align-items-center wd-flex wd-flex-row\" for=\"wdform_24_element101\"><span><\/span>Nej<\/label><\/div><\/div><\/div><\/div><\/div><\/div><div class=\"wdform_column\"><div wdid=\"1\" class=\"wdform_row\"><div type=\"type_submit_reset\" class=\"wdform-field wd-width-100 wd-flex wd-flex-column fm-type_submit_reset\" ><div class=\"wdform-element-section wd-flex  wd-flex-row wd-justify-content-left wd-width-100\" ><button  type=\"button\" class=\"button-submit\" onclick=\"fm_submit_form('10');\"  data-ajax=\"0\"><span class=\"fm-submit-loading spinner fm-ico-spinner\"><\/span>Skicka !<\/button><button  type=\"button\" class=\"button-reset wd-hidden\" onclick=\"fm_reset_form(10);\" >Reset<\/button><\/div><\/div><\/div><\/div><\/div><div valign=\"top\" class=\"wdform_footer wd-width-100\"><div class=\"wd-width-100\"><div class=\"wd-width-100 wd-table\" style=\"padding-top:10px;\"><div class=\"wd-table-group\"><div id=\"10page_nav1\" class=\"wd-table-row\"><\/div><\/div><\/div><\/div><\/div><\/div><\/div><div class=\"wdform_preload\"><\/div><input type=\"hidden\" name=\"fm-current-page\" value=\"https:\/\/alliancefr.se\/orebro\/wp-json\/wp\/v2\/pages\/897\" \/><\/form><\/div>\t\t\t\t<\/div>\n\t\t\t\t<\/div>\n\t\t\t\t\t<\/div>\n\t\t<\/div>\n\t\t\t\t\t<\/div>\n\t\t<\/section>\n\t\t\t\t<\/div>\n\t\t","protected":false},"excerpt":{"rendered":"<p>Varf\u00f6r bli medlem? Att vara medlem i Alliance fran\u00e7aise i \u00d6rebro betyder mer \u00e4n att bara vara medlem i en kulturell f\u00f6rening, det \u00e4r att g\u00e5 med i en trivsam grupp i \u00d6rebro och \u00f6ppna sig mot v\u00e4rlden genom att vara en del av ett brett n\u00e4tverk. Att vara medlem i Alliance fran\u00e7aise i \u00d6rebro menas att investera sig lokalt men ocks\u00e5 uppt\u00e4cka den fransktalande v\u00e4rlden med alla dess rikedomar. Om du tycker om: Att uppt\u00e4cka \u2022 Att l\u00e4ra dig nya saker \u2022 Att tr\u00e4ffa nya m\u00e4nniskor \u2022 Det franska spr\u00e5ket \u00e4ven om du inte pratar franska \u2022 Att ha en gemytlig tid : d\u00e5 m\u00e5ste du absolut bli medlem i Alliance fran\u00e7aise i \u00d6rebro Hur blir du medlem i Alliance Fran\u00e7aise? Det \u00e4r enkelt! Medlemskapet g\u00e4ller f\u00f6r ett kalender\u00e5r och ger dig r\u00e4tt att delta i f\u00f6reningens samtliga aktiviteter.\u00a0Om du blir medlem under \u00e5ret r\u00e4knas avgiften i proportion till m\u00e5naderna som \u00e4r kvar. I praktiken :\u00a0 P\u00e5 plusgiro 16 14 83-3 Alliance Fran\u00e7aise d\u2019\u00d6rebro betalar du in \u00e5rsavgiften. Gl\u00f6m inte att skriva ditt namn. Avgiften f\u00f6re 2025 \u2022 300 SEK per person \u2022 400 SEK per par och per familj \u2022 150 SEK per studerande \u2022 100 SEK per en gymnasieelev Hj\u00e4lp oss att k\u00e4nna dig b\u00e4ttre! Om du vill betala \u00e5rsavgiften f\u00f6r f\u00f6rsta g\u00e5ngen ta g\u00e4rna n\u00e5gra minuter f\u00f6r att fylla formul\u00e4ret nere och presentera dig, ge oss dina hobbyer och dina f\u00f6rv\u00e4ntningar g\u00e4llande v\u00e5r f\u00f6rening. Namn* Email* F\u00f6delsedatum *01020304050607080910111213141516171819202122232425262728293031dag&nbsp;\/&nbsp;Janvierf\u00e9vriermarsAvrilMaijuinJuilletao\u00fbtSeptembreoctobrenovembreD\u00e9cembrem\u00e5nad&nbsp;\/&nbsp;202320222021202020192018201720162015201420132012201120102009200820072006200520042003200220012000199919981997199619951994199319921991199019891988198719861985198419831982198119801979197819771976197519741973197219711970196919681967196619651964196319621961196019591958195719561955195419531952195119501949194819471946194519441943194219411940193919381937193619351934193319321931193019291928192719261925192419231922192119201919191819171916191519141913191219111910190919081907190619051904190319021901\u00e5r Telefon Adress Stad Postnummer Varf\u00f6r vill du g\u00e5 med i Alliance Fran\u00e7aise d\u2019\u00d6rebro?* Accepterar du att registrera dig f\u00f6r v\u00e5rt nyhetsbrev f\u00f6r att f\u00e5 information om kommande evenemang hos Alliance Fran\u00e7aise i \u00d6rebro?*JaNejSkicka !Reset<\/p>\n","protected":false},"author":1,"featured_media":0,"parent":0,"menu_order":0,"comment_status":"closed","ping_status":"open","template":"","meta":{"om_disable_all_campaigns":false,"_monsterinsights_skip_tracking":false,"_monsterinsights_sitenote_active":false,"_monsterinsights_sitenote_note":"","_monsterinsights_sitenote_category":0,"_uf_show_specific_survey":0,"_uf_disable_surveys":false,"footnotes":""},"class_list":["post-897","page","type-page","status-publish","hentry"],"aioseo_notices":[],"rttpg_featured_image_url":null,"rttpg_author":{"display_name":"Super.admin","author_link":"https:\/\/alliancefr.se\/orebro\/author\/admin2174\/"},"rttpg_comment":0,"rttpg_category":" <a href=\"https:\/\/alliancefr.se\/orebro\/sv\/\" rel=\"tag\">Svenska<\/a>","rttpg_excerpt":"Varf\u00f6r bli medlem? Att vara medlem i Alliance fran\u00e7aise i \u00d6rebro betyder mer \u00e4n att bara vara medlem i en kulturell f\u00f6rening, det \u00e4r att g\u00e5 med i en trivsam grupp i \u00d6rebro och \u00f6ppna sig mot v\u00e4rlden genom att vara en del av ett brett n\u00e4tverk. Att vara medlem i Alliance fran\u00e7aise i \u00d6rebro\u2026","_links":{"self":[{"href":"https:\/\/alliancefr.se\/orebro\/wp-json\/wp\/v2\/pages\/897","targetHints":{"allow":["GET"]}}],"collection":[{"href":"https:\/\/alliancefr.se\/orebro\/wp-json\/wp\/v2\/pages"}],"about":[{"href":"https:\/\/alliancefr.se\/orebro\/wp-json\/wp\/v2\/types\/page"}],"author":[{"embeddable":true,"href":"https:\/\/alliancefr.se\/orebro\/wp-json\/wp\/v2\/users\/1"}],"replies":[{"embeddable":true,"href":"https:\/\/alliancefr.se\/orebro\/wp-json\/wp\/v2\/comments?post=897"}],"version-history":[{"count":13,"href":"https:\/\/alliancefr.se\/orebro\/wp-json\/wp\/v2\/pages\/897\/revisions"}],"predecessor-version":[{"id":15072,"href":"https:\/\/alliancefr.se\/orebro\/wp-json\/wp\/v2\/pages\/897\/revisions\/15072"}],"wp:attachment":[{"href":"https:\/\/alliancefr.se\/orebro\/wp-json\/wp\/v2\/media?parent=897"}],"curies":[{"name":"wp","href":"https:\/\/api.w.org\/{rel}","templated":true}]}}