{"id":894,"date":"2015-05-08T14:28:13","date_gmt":"2015-05-08T13:28:13","guid":{"rendered":"http:\/\/alliancefr.se\/orebro4\/devenir-membre\/"},"modified":"2025-01-07T21:44:14","modified_gmt":"2025-01-07T20:44:14","slug":"devenir-membre","status":"publish","type":"page","link":"https:\/\/alliancefr.se\/orebro\/devenir-membre\/","title":{"rendered":"Devenir membre de l&rsquo;Alliance Fran\u00e7aise d&rsquo;\u00d6rebro"},"content":{"rendered":"\t\t<div data-elementor-type=\"wp-page\" data-elementor-id=\"894\" class=\"elementor elementor-894\">\n\t\t\t\t\t\t<section class=\"elementor-section elementor-top-section elementor-element elementor-element-175255bd elementor-section-boxed elementor-section-height-default elementor-section-height-default\" data-id=\"175255bd\" data-element_type=\"section\">\n\t\t\t\t\t\t<div class=\"elementor-container elementor-column-gap-default\">\n\t\t\t\t\t<div class=\"elementor-column elementor-col-100 elementor-top-column elementor-element elementor-element-577fbebf\" data-id=\"577fbebf\" data-element_type=\"column\">\n\t\t\t<div class=\"elementor-widget-wrap elementor-element-populated\">\n\t\t\t\t\t\t<div class=\"elementor-element elementor-element-53399fe1 elementor-widget elementor-widget-text-editor\" data-id=\"53399fe1\" data-element_type=\"widget\" data-widget_type=\"text-editor.default\">\n\t\t\t\t<div class=\"elementor-widget-container\">\n\t\t\t\t\t\t\t\t\t<h3 style=\"text-align: center;\">Pourquoi devenir membre\u00a0?<\/h3><p>Faire partie de l\u2019Alliance Fran\u00e7aise, c\u2019est bien plus qu\u2019\u00eatre membre d\u2019une simple association culturelle, c\u2019est rejoindre un groupe chaleureux \u00e0 \u00d6rebro mais aussi s\u2019ouvrir sur le reste du monde en faisant partie d\u2019un vaste r\u00e9seau. \u00catre membre de l\u2019Alliance Fran\u00e7aise d\u2019\u00d6rebro, c\u2019est s\u2019investir localement et d\u00e9couvrir le monde francophone dans toute sa diversit\u00e9.<\/p><p>Si vous aimez : D\u00e9couvrir \u2022 Apprendre \u2022 Rencontrer de nouvelles personnes \u2022 La langue fran\u00e7aise, que vous la parliez ou non \u2022 Partager des moments conviviaux : alors l\u2019Alliance Fran\u00e7aise d\u2019\u00d6rebro est faite pour vous !<\/p><p><!--\/pixgridder:column[col=1]--><!--\/pixgridder:row[cols=1]--><!--pixgridder:row[cols=1]--><!--pixgridder:column[col=1]--><\/p><h3 style=\"text-align: center;\">Comment devenir membre\u00a0?<\/h3><p style=\"text-align: left;\">Il est tr\u00e8s facile de devenir membre de l\u2019Alliance Fran\u00e7aise d\u2019\u00d6rebro ! L\u2019adh\u00e9sion est valable pour une ann\u00e9e civile et vous donne le droit de participer \u00e0 toutes les activit\u00e9s et conf\u00e9rences culturelles de l\u2019association. Pour une premi\u00e8re adh\u00e9sion en cours d&rsquo;ann\u00e9e, le tarif sera calcul\u00e9 au prorata des mois restants.<\/p><p><!--\/pixgridder:column[col=1]--><!--\/pixgridder:row[cols=1]--><!--pixgridder:row[cols=2]--><!--pixgridder:column[col=1]--><strong>En pratique :<br \/><\/strong>Il suffit de verser la cotisation annuelle sur le compte: \u00ab Alliance Fran\u00e7aise d\u2019\u00d6rebro \u00bb, PlusGirot 16 14 83-3<br \/>N\u2019oubliez pas de mettre votre nom et votre adresse sur le talon, et n\u2019h\u00e9sitez pas \u00e0 nous contacter \u00e0 l&rsquo;adresse mail <a href=\"mailto:orebro@alliancefr.se\" target=\"_blank\" rel=\"noopener\">orebro@alliancefr.se<\/a> pour nous exposer vos attentes vis-\u00e0-vis de notre association.<\/p><p style=\"text-align: left;\"><!--\/pixgridder:column[col=1]--><!--pixgridder:column[col=1]--><strong>Combien \u00e7a co\u00fbte ?<\/strong><\/p><p style=\"text-align: center;\"><strong>Les cotisations 2025 ont \u00e9t\u00e9 fix\u00e9es \u00e0 :<\/strong><\/p><p style=\"text-align: center;\">\u2022 300 SEK par personne (membre classique)<\/p><p style=\"text-align: center;\">\u2022 400 SEK pour un couple et pour les familles<\/p><p style=\"text-align: center;\">\u2022 150 SEK pour un \u00e9tudiant<\/p><p style=\"text-align: center;\">\u2022 100 SEK pour un lyc\u00e9en<\/p><p><!--\/pixgridder:column[col=1]--><!--\/pixgridder:row[cols=2]--><!--pixgridder:row[cols=1]--><!--pixgridder:column[col=1]--><\/p><h3 style=\"text-align: center;\">Aidez-nous \u00e0 mieux vous conna\u00eetre\u00a0!<\/h3><p style=\"text-align: center;\">Si vous souhaitez, pour la premi\u00e8re fois, payer votre cotisation pour l\u2019ann\u00e9e en cours, nous vous invitons \u00e0 prendre quelques instants afin de remplir le formulaire de contact ci-dessous qui vous permettra de vous pr\u00e9senter, d\u2019expliquer vos centres d\u2019int\u00e9r\u00eats et vos attentes par rapport \u00e0 notre association.<\/p><p>Vos donn\u00e9es personnelles sont strictement confidentielles et sont s\u00e9curis\u00e9es.<\/p><p><!--\/pixgridder:column[col=1]--><!--\/pixgridder:row[cols=1]--><\/p>\t\t\t\t\t\t\t\t<\/div>\n\t\t\t\t<\/div>\n\t\t\t\t\t<\/div>\n\t\t<\/div>\n\t\t\t\t\t<\/div>\n\t\t<\/section>\n\t\t\t\t<section class=\"elementor-section elementor-top-section elementor-element elementor-element-2131526a elementor-section-boxed elementor-section-height-default elementor-section-height-default\" data-id=\"2131526a\" data-element_type=\"section\">\n\t\t\t\t\t\t<div class=\"elementor-container elementor-column-gap-default\">\n\t\t\t\t\t<div class=\"elementor-column elementor-col-100 elementor-top-column elementor-element elementor-element-7f532ac1\" data-id=\"7f532ac1\" data-element_type=\"column\">\n\t\t\t<div class=\"elementor-widget-wrap elementor-element-populated\">\n\t\t\t\t\t\t<div class=\"elementor-element elementor-element-8a8a82a elementor-widget elementor-widget-fm-elementor\" data-id=\"8a8a82a\" data-element_type=\"widget\" data-widget_type=\"fm-elementor.default\">\n\t\t\t\t<div class=\"elementor-widget-container\">\n\t\t\t\t\t<div style=\"display:none\" class=\"fm-form-container fm-theme1\"><div id=\"fm-pages9\" class=\"fm-pages wdform_page_navigation \" show_title=\"\" show_numbers=\"1\" type=\"none\"><\/div><form name=\"form9\" action=\"\/orebro\/wp-json\/wp\/v2\/pages\/894\" method=\"post\" id=\"form9\" class=\"fm-form form9  \" enctype=\"multipart\/form-data\"><input type=\"hidden\" id=\"fm_page_id9\" value=\"894\" name=\"fm_page_id9\" \/><input type=\"hidden\" id=\"fm_current_post_type9\" value=\"page\" name=\"fm_current_post_type9\" \/><input type=\"hidden\" id=\"counter9\" value=\"24\" name=\"counter9\" \/><input type=\"hidden\" id=\"Itemid9\" value=\"\" name=\"Itemid9\" \/><input type=\"hidden\" id=\"fm_shake9\" value=\"1\" name=\"fm_shake9\" \/><input type=\"text\" class=\"fm-hide\" id=\"fm_empty_field_validation9\" value=\"\" name=\"fm_empty_field_validation9\" data-value=\"bd736efb144d599cf463541431fbf5c4\" \/><div class=\"wdform-page-and-images fm-form-builder\"><div id=\"9form_view1\" class=\"wdform_page\" page_title=\"Untitled page\" next_title=\"Next\" next_type=\"text\" next_class=\"wdform-page-button\" next_checkable=\"true\" previous_title=\"Previous\" previous_type=\"text\" previous_class=\"wdform-page-button\" previous_checkable=\"false\"><div class=\"wdform_section\"><div class=\"wdform_column\"><div wdid=\"2\" class=\"wdform_row\"><div type=\"type_text\" class=\"wdform-field wd-width-100 wd-flex wd-flex-column fm-type_text\" ><div class=\"wdform-label-section wd-width-100  wd-flex-row wd-align-items-center\">    <label  for=\"wdform_2_element9\" class=\"wdform-label\">Nom et pr\u00e9nom<\/label><span class=\"wdform-required\">*<\/span><\/div><div class=\"wdform-element-section wd-flex  wd-flex-row wd-align-items-center wd-width-100\" ><input type=\"text\"                           class=\"wd-width-100\"                           id=\"wdform_2_element9\"                           name=\"wdform_2_element9\"                           value=\"\"                           data-value=\"\"                           title=\"\"                           placeholder=\"\"                                                       \/><\/div><\/div><\/div><\/div><div class=\"wdform_column\"><div wdid=\"4\" class=\"wdform_row\" style=\"position: relative; left: 0px; top: 0px;\"><div type=\"type_submitter_mail\" class=\"wdform-field wd-width-100 wd-flex wd-flex-column fm-type_submitter_mail\" ><div class=\"wdform-label-section wd-width-100  wd-flex-row\">    <label  for=\"wdform_4_element9\" class=\"wdform-label\">Email<\/label><span class=\"wdform-required\">*<\/span><\/div><div class=\"wdform-element-section wd-flex  wd-flex-row wd-width-100\" ><input type=\"text\" class=\"wd-width-100\" id=\"wdform_4_element9\" name=\"wdform_4_element9\" data-value=\"\" value=\"\" title=\"\" placeholder=\"\"   onchange=\"wd_check_email('4', '9', 'Ceci n\\'est pas une adresse e-mail valide')\" \/><\/div><\/div><\/div><\/div><div class=\"wdform_column\"><div wdid=\"13\" class=\"wdform_row\" style=\"position: relative; left: 0px; top: 0px;\"><div type=\"type_date_fields\" class=\"wdform-field wd-width-100 wd-flex wd-flex-column fm-type_date_fields\" ><div class=\"wdform-label-section wd-width-100 wdform_date_fields wd-flex-row\">    <label  for=\"wdform_13_day9\" class=\"wdform-label\">Date de naissance<\/label><span class=\"wdform-required\">*<\/span><\/div><div class=\"wdform-element-section wd-flex wdform_date_fields wd-flex-row wd-width-100\" ><div class=\"wd-flex wd-flex-row wd-width-100 wd-align-items\"><div class=\"wd-flex wd-flex-column\"><select id=\"wdform_13_day9\" name=\"wdform_13_day9\" class=\"wdform_select_day\" style=\"width: 60px;\" ><option value=\"\"><\/option><option value=\"01\" >01<\/option><option value=\"02\" >02<\/option><option value=\"03\" >03<\/option><option value=\"04\" >04<\/option><option value=\"05\" >05<\/option><option value=\"06\" >06<\/option><option value=\"07\" >07<\/option><option value=\"08\" >08<\/option><option value=\"09\" >09<\/option><option value=\"10\" >10<\/option><option value=\"11\" >11<\/option><option value=\"12\" >12<\/option><option value=\"13\" >13<\/option><option value=\"14\" >14<\/option><option value=\"15\" >15<\/option><option value=\"16\" >16<\/option><option value=\"17\" >17<\/option><option value=\"18\" >18<\/option><option value=\"19\" >19<\/option><option value=\"20\" >20<\/option><option value=\"21\" >21<\/option><option value=\"22\" >22<\/option><option value=\"23\" >23<\/option><option value=\"24\" >24<\/option><option value=\"25\" >25<\/option><option value=\"26\" >26<\/option><option value=\"27\" >27<\/option><option value=\"28\" >28<\/option><option value=\"29\" >29<\/option><option value=\"30\" >30<\/option><option value=\"31\" >31<\/option><\/select><label for=\"wdform_13_day9\" class=\"mini_label\">jour<\/label><\/div><span class=\"wdform_separator\">&nbsp;\/&nbsp;<\/span><div class=\"wd-flex wd-flex-column\"><select id=\"wdform_13_month9\" name=\"wdform_13_month9\" class=\"wdform_select_month\" style=\"width: 100px;\" ><option value=\"\"><\/option><option value=\"01\"   >Janvier<\/option><option value=\"02\" >f\u00e9vrier<\/option><option value=\"03\" >mars<\/option><option value=\"04\"  >Avril<\/option><option value=\"05\"  >Mai<\/option><option value=\"06\"  >juin<\/option><option value=\"07\"  >Juillet<\/option><option value=\"08\"  >ao\u00fbt<\/option><option value=\"09\"  >Septembre<\/option><option value=\"10\"  >octobre<\/option><option value=\"11\" >novembre<\/option><option value=\"12\"  >D\u00e9cembre<\/option><\/select><label for=\"wdform_13_month9\" class=\"mini_label\">mois<\/label><\/div><span class=\"wdform_separator\">&nbsp;\/&nbsp;<\/span><div class=\"wd-flex wd-flex-column\"><select id=\"wdform_13_year9\" name=\"wdform_13_year9\"  from=\"1901\" to=\"2023\" class=\"wdform_select_year\" style=\"width: 80px;\" ><option value=\"\"><\/option><option value=\"2023\" >2023<\/option><option value=\"2022\" >2022<\/option><option value=\"2021\" >2021<\/option><option value=\"2020\" >2020<\/option><option value=\"2019\" >2019<\/option><option value=\"2018\" >2018<\/option><option value=\"2017\" >2017<\/option><option value=\"2016\" >2016<\/option><option value=\"2015\" >2015<\/option><option value=\"2014\" >2014<\/option><option value=\"2013\" >2013<\/option><option value=\"2012\" >2012<\/option><option value=\"2011\" >2011<\/option><option value=\"2010\" >2010<\/option><option value=\"2009\" >2009<\/option><option value=\"2008\" >2008<\/option><option value=\"2007\" >2007<\/option><option value=\"2006\" >2006<\/option><option value=\"2005\" >2005<\/option><option value=\"2004\" >2004<\/option><option value=\"2003\" >2003<\/option><option value=\"2002\" >2002<\/option><option value=\"2001\" >2001<\/option><option value=\"2000\" >2000<\/option><option value=\"1999\" >1999<\/option><option value=\"1998\" >1998<\/option><option value=\"1997\" >1997<\/option><option value=\"1996\" >1996<\/option><option value=\"1995\" >1995<\/option><option value=\"1994\" >1994<\/option><option value=\"1993\" >1993<\/option><option value=\"1992\" >1992<\/option><option value=\"1991\" >1991<\/option><option value=\"1990\" >1990<\/option><option value=\"1989\" >1989<\/option><option value=\"1988\" >1988<\/option><option value=\"1987\" >1987<\/option><option value=\"1986\" >1986<\/option><option value=\"1985\" >1985<\/option><option value=\"1984\" >1984<\/option><option value=\"1983\" >1983<\/option><option value=\"1982\" >1982<\/option><option value=\"1981\" >1981<\/option><option value=\"1980\" >1980<\/option><option value=\"1979\" >1979<\/option><option value=\"1978\" >1978<\/option><option value=\"1977\" >1977<\/option><option value=\"1976\" >1976<\/option><option value=\"1975\" >1975<\/option><option value=\"1974\" >1974<\/option><option value=\"1973\" >1973<\/option><option value=\"1972\" >1972<\/option><option value=\"1971\" >1971<\/option><option value=\"1970\" >1970<\/option><option value=\"1969\" >1969<\/option><option value=\"1968\" >1968<\/option><option value=\"1967\" >1967<\/option><option value=\"1966\" >1966<\/option><option value=\"1965\" >1965<\/option><option value=\"1964\" >1964<\/option><option value=\"1963\" >1963<\/option><option value=\"1962\" >1962<\/option><option value=\"1961\" >1961<\/option><option value=\"1960\" >1960<\/option><option value=\"1959\" >1959<\/option><option value=\"1958\" >1958<\/option><option value=\"1957\" >1957<\/option><option value=\"1956\" >1956<\/option><option value=\"1955\" >1955<\/option><option value=\"1954\" >1954<\/option><option value=\"1953\" >1953<\/option><option value=\"1952\" >1952<\/option><option value=\"1951\" >1951<\/option><option value=\"1950\" >1950<\/option><option value=\"1949\" >1949<\/option><option value=\"1948\" >1948<\/option><option value=\"1947\" >1947<\/option><option value=\"1946\" >1946<\/option><option value=\"1945\" >1945<\/option><option value=\"1944\" >1944<\/option><option value=\"1943\" >1943<\/option><option value=\"1942\" >1942<\/option><option value=\"1941\" >1941<\/option><option value=\"1940\" >1940<\/option><option value=\"1939\" >1939<\/option><option value=\"1938\" >1938<\/option><option value=\"1937\" >1937<\/option><option value=\"1936\" >1936<\/option><option value=\"1935\" >1935<\/option><option value=\"1934\" >1934<\/option><option value=\"1933\" >1933<\/option><option value=\"1932\" >1932<\/option><option value=\"1931\" >1931<\/option><option value=\"1930\" >1930<\/option><option value=\"1929\" >1929<\/option><option value=\"1928\" >1928<\/option><option value=\"1927\" >1927<\/option><option value=\"1926\" >1926<\/option><option value=\"1925\" >1925<\/option><option value=\"1924\" >1924<\/option><option value=\"1923\" >1923<\/option><option value=\"1922\" >1922<\/option><option value=\"1921\" >1921<\/option><option value=\"1920\" >1920<\/option><option value=\"1919\" >1919<\/option><option value=\"1918\" >1918<\/option><option value=\"1917\" >1917<\/option><option value=\"1916\" >1916<\/option><option value=\"1915\" >1915<\/option><option value=\"1914\" >1914<\/option><option value=\"1913\" >1913<\/option><option value=\"1912\" >1912<\/option><option value=\"1911\" >1911<\/option><option value=\"1910\" >1910<\/option><option value=\"1909\" >1909<\/option><option value=\"1908\" >1908<\/option><option value=\"1907\" >1907<\/option><option value=\"1906\" >1906<\/option><option value=\"1905\" >1905<\/option><option value=\"1904\" >1904<\/option><option value=\"1903\" >1903<\/option><option value=\"1902\" >1902<\/option><option value=\"1901\" >1901<\/option><\/select><label for=\"wdform_13_year9\" class=\"mini_label\">ann\u00e9e<\/label><\/div><\/div><\/div><\/div><\/div><div wdid=\"16\" class=\"wdform_row\"><div type=\"type_phone_new\" class=\"wdform-field wd-width-100 wd-flex wd-flex-column fm-type_phone_new\" ><div class=\"wdform-label-section wd-width-100 \">    <label  for=\"wdform_16_element9\" class=\"wdform-label\">T\u00e9l\u00e9phone<\/label><\/div><div class=\"wdform-element-section wd-flex  wd-width-100\" ><input type=\"text\"                       class=\"wd-width-100\"                       id=\"wdform_16_element9\"                       name=\"wdform_16_element9\"                       value=\"\"                       data-value=\"\"                       placeholder=\"\"  \/><\/div><\/div><\/div><\/div><div class=\"wdform_column\"><div wdid=\"17\" class=\"wdform_row\"><div type=\"type_address\" class=\"wdform-field wd-width-100 wd-flex wd-flex-column fm-type_address\" ><div class=\"wdform-label-section wd-width-100 wdform_address wd-flex-column\">    <label  for=\"wdform_17_street19\" class=\"wdform-label\">Adresse<\/label><\/div><div class=\"wdform-element-section wd-flex wdform_address wd-flex-column wd-width-100\" ><span class=\"wd-width-100 wd-address\" id=\"wdform_17_address_0\">                <input class=\"wd-width-100 wdform_17_address_0\" type=\"text\" id=\"wdform_17_street19\" name=\"wdform_17_street19\" value=\"\"  \/>                <label for=\"wdform_17_street19\" class=\"mini_label\"><\/label><\/span><span class=\"wd-width-100 wd-flex wd-flex-row wd-flex-wrap wd-justify-content\"><span class=\"wd-width-49 wd-address\" id=\"wdform_17_address_2\">                <input class=\"wd-width-100 wdform_17_address_2\" type=\"text\" id=\"wdform_17_city9\" name=\"wdform_19_city9\" value=\"\"  \/>                <label for=\"wdform_17_city9\" class=\"mini_label\">Ville<\/label><\/span><span class=\"wd-width-49 wd-address\" id=\"wdform_17_address_4\">              <input class=\"wd-width-100 wdform_17_address_4\" type=\"text\" id=\"wdform_17_postal9\" name=\"wdform_21_postal9\" value=\"\"  \/>              <label for=\"wdform_17_postal9\" class=\"mini_label\">Code postal<\/label><\/span><\/span><\/div><\/div><\/div><\/div><div class=\"wdform_column\"><div wdid=\"15\" class=\"wdform_row\"><div type=\"type_textarea\" class=\"wdform-field wd-width-100 wd-flex wd-flex-column fm-type_textarea\" ><div class=\"wdform-label-section wd-width-100 \">    <label  for=\"wdform_15_element9\" class=\"wdform-label\">Pourquoi souhaitez-vous rejoindre l'Alliance Fran\u00e7aise d'\u00d6rebro ?<\/label><span class=\"wdform-required\">*<\/span><\/div><div class=\"wdform-element-section wd-flex  wd-width-100\" ><textarea class=\"wd-width-100\"                      id=\"wdform_15_element9\"                      name=\"wdform_15_element9\"                      placeholder=\"\"                      data-value=\"\"                      maxlength=\"\"                      style=\"height: 100px;\"                      ><\/textarea><\/div><\/div><\/div><\/div><div class=\"wdform_column\"><div wdid=\"23\" class=\"wdform_row\"><div type=\"type_radio\" class=\"wdform-field wd-width-100 wd-flex wd-flex-column fm-type_radio\" ><div class=\"wdform-label-section wd-width-100  wd-flex-wrap wd-flex-column\">    <label  class=\"wdform-label\">Acceptez-vous de vous inscrire \u00e0 notre newsletter pour recevoir les informations des prochains \u00e9v\u00e9nements de l'Alliance Fran\u00e7aise d'\u00d6rebro ?<\/label><span class=\"wdform-required\">*<\/span><\/div><div class=\"wdform-element-section wd-flex  wd-flex-wrap wd-flex-column wd-width-100\" ><div class=\"wd-flex wd-flex-column\"><input type=\"hidden\" name=\"wdform_23_element9\" value=\"\" \/><div class=\"radio-div wd-choice wd-flex wd-flex-row\"><input type=\"radio\"  id=\"wdform_23_element90\" name=\"wdform_23_element9\" value=\"Oui\" onclick=\"set_default(&quot;wdform_23&quot;,&quot;0&quot;,&quot;9&quot;); \"   \/><label class=\"wd-align-items-center wd-flex wd-flex-row\" for=\"wdform_23_element90\"><span><\/span>Oui<\/label><\/div><div class=\"radio-div wd-choice wd-flex wd-flex-row\"><input type=\"radio\"  id=\"wdform_23_element91\" name=\"wdform_23_element9\" value=\"Non\" onclick=\"set_default(&quot;wdform_23&quot;,&quot;1&quot;,&quot;9&quot;); \"   \/><label class=\"wd-align-items-center wd-flex wd-flex-row\" for=\"wdform_23_element91\"><span><\/span>Non<\/label><\/div><\/div><\/div><\/div><\/div><\/div><div class=\"wdform_column\"><div wdid=\"1\" class=\"wdform_row\"><div type=\"type_submit_reset\" class=\"wdform-field wd-width-100 wd-flex wd-flex-column fm-type_submit_reset\" ><div class=\"wdform-element-section wd-flex  wd-flex-row wd-justify-content-left wd-width-100\" ><button  type=\"button\" class=\"button-submit\" onclick=\"fm_submit_form('9');\"  data-ajax=\"0\"><span class=\"fm-submit-loading spinner fm-ico-spinner\"><\/span>Envoyer !<\/button><button  type=\"button\" class=\"button-reset wd-hidden\" onclick=\"fm_reset_form(9);\" >Reset<\/button><\/div><\/div><\/div><\/div><\/div><div valign=\"top\" class=\"wdform_footer wd-width-100\"><div class=\"wd-width-100\"><div class=\"wd-width-100 wd-table\" style=\"padding-top:10px;\"><div class=\"wd-table-group\"><div id=\"9page_nav1\" class=\"wd-table-row\"><\/div><\/div><\/div><\/div><\/div><\/div><\/div><div class=\"wdform_preload\"><\/div><input type=\"hidden\" name=\"fm-current-page\" value=\"https:\/\/alliancefr.se\/orebro\/wp-json\/wp\/v2\/pages\/894\" \/><\/form><\/div>\t\t\t\t<\/div>\n\t\t\t\t<\/div>\n\t\t\t\t\t<\/div>\n\t\t<\/div>\n\t\t\t\t\t<\/div>\n\t\t<\/section>\n\t\t\t\t<\/div>\n\t\t","protected":false},"excerpt":{"rendered":"<p>Pourquoi devenir membre\u00a0? Faire partie de l\u2019Alliance Fran\u00e7aise, c\u2019est bien plus qu\u2019\u00eatre membre d\u2019une simple association culturelle, c\u2019est rejoindre un groupe chaleureux \u00e0 \u00d6rebro mais aussi s\u2019ouvrir sur le reste du monde en faisant partie d\u2019un vaste r\u00e9seau. \u00catre membre de l\u2019Alliance Fran\u00e7aise d\u2019\u00d6rebro, c\u2019est s\u2019investir localement et d\u00e9couvrir le monde francophone dans toute sa diversit\u00e9. Si vous aimez : D\u00e9couvrir \u2022 Apprendre \u2022 Rencontrer de nouvelles personnes \u2022 La langue fran\u00e7aise, que vous la parliez ou non \u2022 Partager des moments conviviaux : alors l\u2019Alliance Fran\u00e7aise d\u2019\u00d6rebro est faite pour vous ! Comment devenir membre\u00a0? Il est tr\u00e8s facile de devenir membre de l\u2019Alliance Fran\u00e7aise d\u2019\u00d6rebro ! L\u2019adh\u00e9sion est valable pour une ann\u00e9e civile et vous donne le droit de participer \u00e0 toutes les activit\u00e9s et conf\u00e9rences culturelles de l\u2019association. Pour une premi\u00e8re adh\u00e9sion en cours d&rsquo;ann\u00e9e, le tarif sera calcul\u00e9 au prorata des mois restants. En pratique :Il suffit de verser la cotisation annuelle sur le compte: \u00ab Alliance Fran\u00e7aise d\u2019\u00d6rebro \u00bb, PlusGirot 16 14 83-3N\u2019oubliez pas de mettre votre nom et votre adresse sur le talon, et n\u2019h\u00e9sitez pas \u00e0 nous contacter \u00e0 l&rsquo;adresse mail orebro@alliancefr.se pour nous exposer vos attentes vis-\u00e0-vis de notre association. Combien \u00e7a co\u00fbte ? Les cotisations 2025 ont \u00e9t\u00e9 fix\u00e9es \u00e0 : \u2022 300 SEK par personne (membre classique) \u2022 400 SEK pour un couple et pour les familles \u2022 150 SEK pour un \u00e9tudiant \u2022 100 SEK pour un lyc\u00e9en Aidez-nous \u00e0 mieux vous conna\u00eetre\u00a0! Si vous souhaitez, pour la premi\u00e8re fois, payer votre cotisation pour l\u2019ann\u00e9e en cours, nous vous invitons \u00e0 prendre quelques instants afin de remplir le formulaire de contact ci-dessous qui vous permettra de vous pr\u00e9senter, d\u2019expliquer vos centres d\u2019int\u00e9r\u00eats et vos attentes par rapport \u00e0 notre association. Vos donn\u00e9es personnelles sont strictement confidentielles et sont s\u00e9curis\u00e9es. Nom et pr\u00e9nom* Email* Date de naissance*01020304050607080910111213141516171819202122232425262728293031jour&nbsp;\/&nbsp;Janvierf\u00e9vriermarsAvrilMaijuinJuilletao\u00fbtSeptembreoctobrenovembreD\u00e9cembremois&nbsp;\/&nbsp;202320222021202020192018201720162015201420132012201120102009200820072006200520042003200220012000199919981997199619951994199319921991199019891988198719861985198419831982198119801979197819771976197519741973197219711970196919681967196619651964196319621961196019591958195719561955195419531952195119501949194819471946194519441943194219411940193919381937193619351934193319321931193019291928192719261925192419231922192119201919191819171916191519141913191219111910190919081907190619051904190319021901ann\u00e9e T\u00e9l\u00e9phone Adresse Ville Code postal Pourquoi souhaitez-vous rejoindre l&rsquo;Alliance Fran\u00e7aise d&rsquo;\u00d6rebro ?* Acceptez-vous de vous inscrire \u00e0 notre newsletter pour recevoir les informations des prochains \u00e9v\u00e9nements de l&rsquo;Alliance Fran\u00e7aise d&rsquo;\u00d6rebro ?*OuiNonEnvoyer !Reset<\/p>\n","protected":false},"author":1,"featured_media":0,"parent":0,"menu_order":0,"comment_status":"closed","ping_status":"open","template":"","meta":{"om_disable_all_campaigns":false,"_monsterinsights_skip_tracking":false,"_monsterinsights_sitenote_active":false,"_monsterinsights_sitenote_note":"","_monsterinsights_sitenote_category":0,"_uf_show_specific_survey":0,"_uf_disable_surveys":false,"footnotes":""},"class_list":["post-894","page","type-page","status-publish","hentry"],"aioseo_notices":[],"rttpg_featured_image_url":null,"rttpg_author":{"display_name":"Super.admin","author_link":"https:\/\/alliancefr.se\/orebro\/author\/admin2174\/"},"rttpg_comment":0,"rttpg_category":" <a href=\"https:\/\/alliancefr.se\/orebro\/\" rel=\"tag\">Fran\u00e7ais<\/a>","rttpg_excerpt":"Pourquoi devenir membre\u00a0? Faire partie de l\u2019Alliance Fran\u00e7aise, c\u2019est bien plus qu\u2019\u00eatre membre d\u2019une simple association culturelle, c\u2019est rejoindre un groupe chaleureux \u00e0 \u00d6rebro mais aussi s\u2019ouvrir sur le reste du monde en faisant partie d\u2019un vaste r\u00e9seau. \u00catre membre de l\u2019Alliance Fran\u00e7aise d\u2019\u00d6rebro, c\u2019est s\u2019investir localement et d\u00e9couvrir le monde francophone dans toute sa\u2026","_links":{"self":[{"href":"https:\/\/alliancefr.se\/orebro\/wp-json\/wp\/v2\/pages\/894","targetHints":{"allow":["GET"]}}],"collection":[{"href":"https:\/\/alliancefr.se\/orebro\/wp-json\/wp\/v2\/pages"}],"about":[{"href":"https:\/\/alliancefr.se\/orebro\/wp-json\/wp\/v2\/types\/page"}],"author":[{"embeddable":true,"href":"https:\/\/alliancefr.se\/orebro\/wp-json\/wp\/v2\/users\/1"}],"replies":[{"embeddable":true,"href":"https:\/\/alliancefr.se\/orebro\/wp-json\/wp\/v2\/comments?post=894"}],"version-history":[{"count":32,"href":"https:\/\/alliancefr.se\/orebro\/wp-json\/wp\/v2\/pages\/894\/revisions"}],"predecessor-version":[{"id":16281,"href":"https:\/\/alliancefr.se\/orebro\/wp-json\/wp\/v2\/pages\/894\/revisions\/16281"}],"wp:attachment":[{"href":"https:\/\/alliancefr.se\/orebro\/wp-json\/wp\/v2\/media?parent=894"}],"curies":[{"name":"wp","href":"https:\/\/api.w.org\/{rel}","templated":true}]}}