{"id":8778,"date":"2023-04-25T15:13:49","date_gmt":"2023-04-25T13:13:49","guid":{"rendered":"http:\/\/alliancefr.se\/orebro4\/fransk-filmfestival\/"},"modified":"2023-12-27T19:34:29","modified_gmt":"2023-12-27T18:34:29","slug":"fransk-filmfestival","status":"publish","type":"page","link":"https:\/\/alliancefr.se\/orebro\/sv\/fransk-filmfestival\/","title":{"rendered":"Fransk filmfestival 12-16 maj"},"content":{"rendered":"\t\t<div data-elementor-type=\"wp-page\" data-elementor-id=\"8778\" class=\"elementor elementor-8778\">\n\t\t\t\t\t\t<section class=\"elementor-section elementor-top-section elementor-element elementor-element-2b539c05 elementor-section-boxed elementor-section-height-default elementor-section-height-default\" data-id=\"2b539c05\" data-element_type=\"section\">\n\t\t\t\t\t\t<div class=\"elementor-container elementor-column-gap-default\">\n\t\t\t\t\t<div class=\"elementor-column elementor-col-100 elementor-top-column elementor-element elementor-element-5f098c7e\" data-id=\"5f098c7e\" data-element_type=\"column\">\n\t\t\t<div class=\"elementor-widget-wrap elementor-element-populated\">\n\t\t\t\t\t\t<div class=\"elementor-element elementor-element-3e9eb9dc elementor-widget elementor-widget-text-editor\" data-id=\"3e9eb9dc\" data-element_type=\"widget\" data-widget_type=\"text-editor.default\">\n\t\t\t\t<div class=\"elementor-widget-container\">\n\t\t\t\t\t\t\t\t\t<p><img fetchpriority=\"high\" decoding=\"async\" class=\"alignnone size-full wp-image-10702\" src=\"https:\/\/alliancefr.se\/orebro\/wp-content\/uploads\/sites\/5\/2023\/12\/Banniere-evenements-Facebook.png\" alt=\"\" width=\"1920\" height=\"1080\" \/><\/p><p style=\"text-align: center\">I samarbete med AF\u00d6 arrangerar <strong>Roxy<\/strong> under 5 dagar, ett <a href=\"https:\/\/extra.orebro.se\/bioroxy\/program\/franskfilmfestival.4.2a7c2a4917ffd5aafa7e6a.html#Programmetdagfordag\">program som \u00e4r 100 % franskt<\/a>.<br \/>Filmer fr\u00e5n 50-talet, till de senaste filmerna bel\u00f6nade med C\u00e9sar-priset: drama, komedier<br \/>och tecknat\/animerat, d.v.s. n\u00e5got f\u00f6r alla smaker!<\/p><p style=\"text-align: center\"><strong>Ett verkligt \u201dfilm-bad\u201d med andra ord!<\/strong><\/p><p style=\"text-align: center\">Filmerna visas p\u00e5 franska med svensk undertext. Biljetterna k\u00f6ps p\u00e5 <a href=\"https:\/\/www.bio.se\/biografer\/bio-roxy\">Roxys hemsida<\/a> eller i biljettkassan.<\/p><h2>Fransk middag p\u00e5 Boulebar 12 maj<\/h2><p><img decoding=\"async\" class=\"alignnone size-full wp-image-10703\" src=\"https:\/\/alliancefr.se\/orebro\/wp-content\/uploads\/sites\/5\/2023\/12\/Banniere-evenements-Facebook-1.png\" alt=\"\" width=\"1920\" height=\"1080\" \/><\/p><p dir=\"ltr\" style=\"line-height: 1.38;text-indent: -18pt;margin-top: 12pt;margin-bottom: 12pt;padding: 0pt 0pt 0pt 18pt;text-align: center\">Fredag 12 maj kl 20.00 p\u00e5 Boulebaren (begr\u00e4nsat antal platser)<\/p><p dir=\"ltr\" style=\"line-height: 1.38;margin-top: 12pt;margin-bottom: 12pt;text-align: center\">\u00c4r du sugen p\u00e5 en fransk m\u00e5ltid (entr\u00e9 + mat + kaffe\/te) p\u00e5 Boulebaren efter f\u00f6rest\u00e4llningen den 12 maj, f\u00f6r 395 kronor per person?<\/p><p dir=\"ltr\" style=\"line-height: 1.38;margin-top: 12pt;margin-bottom: 12pt;text-align: center\">Boka p\u00e5 f\u00f6ljande adress f\u00f6re 5 maj genom att s\u00e4ga vilken r\u00e4tt du \u00f6nskar och ocks\u00e5 uppge eventuella allergier:<a href=\"mailto:contact@alliancefrancaise-orebro.eu\">contact@alliancefrancaise-orebro.eu<\/a><\/p><p dir=\"ltr\" style=\"line-height: 1.38;margin-top: 12pt;margin-bottom: 12pt;text-align: center\"><strong>V\u00e4nligen bifoga ett bevis p\u00e5 att du har k\u00f6pt en biljett<br \/>(sessionen kl. 18.00 eller kl. 18.15 den 12 maj).<\/strong><\/p>\t\t\t\t\t\t\t\t<\/div>\n\t\t\t\t<\/div>\n\t\t\t\t\t<\/div>\n\t\t<\/div>\n\t\t\t\t\t<\/div>\n\t\t<\/section>\n\t\t\t\t<\/div>\n\t\t","protected":false},"excerpt":{"rendered":"<p>I samarbete med AF\u00d6 arrangerar Roxy under 5 dagar, ett program som \u00e4r 100 % franskt.Filmer fr\u00e5n 50-talet, till de senaste filmerna bel\u00f6nade med C\u00e9sar-priset: drama, komedieroch tecknat\/animerat, d.v.s. n\u00e5got f\u00f6r alla smaker! Ett verkligt \u201dfilm-bad\u201d med andra ord! Filmerna visas p\u00e5 franska med svensk undertext. Biljetterna k\u00f6ps p\u00e5 Roxys hemsida eller i biljettkassan. Fransk middag p\u00e5 Boulebar 12 maj Fredag 12 maj kl 20.00 p\u00e5 Boulebaren (begr\u00e4nsat antal platser) \u00c4r du sugen p\u00e5 en fransk m\u00e5ltid (entr\u00e9 + mat + kaffe\/te) p\u00e5 Boulebaren efter f\u00f6rest\u00e4llningen den 12 maj, f\u00f6r 395 kronor per person? Boka p\u00e5 f\u00f6ljande adress f\u00f6re 5 maj genom att s\u00e4ga vilken r\u00e4tt du \u00f6nskar och ocks\u00e5 uppge eventuella allergier:contact@alliancefrancaise-orebro.eu V\u00e4nligen bifoga ett bevis p\u00e5 att du har k\u00f6pt en biljett(sessionen kl. 18.00 eller kl. 18.15 den 12 maj).<\/p>\n","protected":false},"author":1,"featured_media":0,"parent":0,"menu_order":0,"comment_status":"closed","ping_status":"closed","template":"","meta":{"om_disable_all_campaigns":false,"_monsterinsights_skip_tracking":false,"_monsterinsights_sitenote_active":false,"_monsterinsights_sitenote_note":"","_monsterinsights_sitenote_category":0,"_uf_show_specific_survey":0,"_uf_disable_surveys":false,"footnotes":""},"class_list":["post-8778","page","type-page","status-publish","hentry"],"aioseo_notices":[],"rttpg_featured_image_url":null,"rttpg_author":{"display_name":"Super.admin","author_link":"https:\/\/alliancefr.se\/orebro\/author\/admin2174\/"},"rttpg_comment":0,"rttpg_category":" <a href=\"https:\/\/alliancefr.se\/orebro\/sv\/\" rel=\"tag\">Svenska<\/a>","rttpg_excerpt":"I samarbete med AF\u00d6 arrangerar Roxy under 5 dagar, ett program som \u00e4r 100 % franskt.Filmer fr\u00e5n 50-talet, till de senaste filmerna bel\u00f6nade med C\u00e9sar-priset: drama, komedieroch tecknat\/animerat, d.v.s. n\u00e5got f\u00f6r alla smaker! Ett verkligt \u201dfilm-bad\u201d med andra ord! Filmerna visas p\u00e5 franska med svensk undertext. Biljetterna k\u00f6ps p\u00e5 Roxys hemsida eller i biljettkassan. Fransk\u2026","_links":{"self":[{"href":"https:\/\/alliancefr.se\/orebro\/wp-json\/wp\/v2\/pages\/8778","targetHints":{"allow":["GET"]}}],"collection":[{"href":"https:\/\/alliancefr.se\/orebro\/wp-json\/wp\/v2\/pages"}],"about":[{"href":"https:\/\/alliancefr.se\/orebro\/wp-json\/wp\/v2\/types\/page"}],"author":[{"embeddable":true,"href":"https:\/\/alliancefr.se\/orebro\/wp-json\/wp\/v2\/users\/1"}],"replies":[{"embeddable":true,"href":"https:\/\/alliancefr.se\/orebro\/wp-json\/wp\/v2\/comments?post=8778"}],"version-history":[{"count":5,"href":"https:\/\/alliancefr.se\/orebro\/wp-json\/wp\/v2\/pages\/8778\/revisions"}],"predecessor-version":[{"id":10715,"href":"https:\/\/alliancefr.se\/orebro\/wp-json\/wp\/v2\/pages\/8778\/revisions\/10715"}],"wp:attachment":[{"href":"https:\/\/alliancefr.se\/orebro\/wp-json\/wp\/v2\/media?parent=8778"}],"curies":[{"name":"wp","href":"https:\/\/api.w.org\/{rel}","templated":true}]}}