{"id":8633,"date":"2023-04-02T16:25:59","date_gmt":"2023-04-02T15:25:59","guid":{"rendered":"http:\/\/alliancefr.se\/orebro4\/soiree-pub\/"},"modified":"2026-01-29T16:57:59","modified_gmt":"2026-01-29T15:57:59","slug":"soiree-pub","status":"publish","type":"page","link":"https:\/\/alliancefr.se\/orebro\/soiree-pub\/","title":{"rendered":"Les soir\u00e9es PUB"},"content":{"rendered":"\t\t<div data-elementor-type=\"wp-post\" data-elementor-id=\"8633\" class=\"elementor elementor-8633\">\n\t\t\t\t\t\t<section class=\"elementor-section elementor-top-section elementor-element elementor-element-3a0aa245 elementor-section-boxed elementor-section-height-default elementor-section-height-default\" data-id=\"3a0aa245\" data-element_type=\"section\">\n\t\t\t\t\t\t<div class=\"elementor-container elementor-column-gap-default\">\n\t\t\t\t\t<div class=\"elementor-column elementor-col-100 elementor-top-column elementor-element elementor-element-1a1d8c33\" data-id=\"1a1d8c33\" data-element_type=\"column\">\n\t\t\t<div class=\"elementor-widget-wrap elementor-element-populated\">\n\t\t\t\t\t\t<div class=\"elementor-element elementor-element-2422dd4 elementor-widget elementor-widget-text-editor\" data-id=\"2422dd4\" data-element_type=\"widget\" data-widget_type=\"text-editor.default\">\n\t\t\t\t<div class=\"elementor-widget-container\">\n\t\t\t\t\t\t\t\t\t<p><strong>Venez \u00e9changer autour d\u2019un repas ou d\u2019un verre*, en fran\u00e7ais, en anglais ou en su\u00e9dois<\/strong>, dans un moment de convivialit\u00e9 cher aux Fran\u00e7ais ! \u00c7a se passe tous les mois au <a href=\"https:\/\/goo.gl\/maps\/HkkzBFPmdU5CZyjAA\">The Bishops Arms.<\/a><\/p>\t\t\t\t\t\t\t\t<\/div>\n\t\t\t\t<\/div>\n\t\t\t\t\t<\/div>\n\t\t<\/div>\n\t\t\t\t\t<\/div>\n\t\t<\/section>\n\t\t\t\t<section class=\"elementor-section elementor-top-section elementor-element elementor-element-2f2baa4 elementor-section-boxed elementor-section-height-default elementor-section-height-default\" data-id=\"2f2baa4\" data-element_type=\"section\">\n\t\t\t\t\t\t<div class=\"elementor-container elementor-column-gap-default\">\n\t\t\t\t\t<div class=\"elementor-column elementor-col-100 elementor-top-column elementor-element elementor-element-04cefc5\" data-id=\"04cefc5\" data-element_type=\"column\">\n\t\t\t<div class=\"elementor-widget-wrap elementor-element-populated\">\n\t\t\t\t\t\t<div class=\"elementor-element elementor-element-80e3c89 elementor-widget elementor-widget-heading\" data-id=\"80e3c89\" data-element_type=\"widget\" data-widget_type=\"heading.default\">\n\t\t\t\t<div class=\"elementor-widget-container\">\n\t\t\t\t\t<h2 class=\"elementor-heading-title elementor-size-default\">2026<\/h2>\t\t\t\t<\/div>\n\t\t\t\t<\/div>\n\t\t\t\t\t<\/div>\n\t\t<\/div>\n\t\t\t\t\t<\/div>\n\t\t<\/section>\n\t\t\t\t<section class=\"elementor-section elementor-top-section elementor-element elementor-element-4a0dad7 elementor-section-boxed elementor-section-height-default elementor-section-height-default\" data-id=\"4a0dad7\" data-element_type=\"section\">\n\t\t\t\t\t\t<div class=\"elementor-container elementor-column-gap-default\">\n\t\t\t\t\t<div class=\"elementor-column elementor-col-100 elementor-top-column elementor-element elementor-element-42c24d2\" data-id=\"42c24d2\" data-element_type=\"column\">\n\t\t\t<div class=\"elementor-widget-wrap elementor-element-populated\">\n\t\t\t\t\t\t<div class=\"elementor-element elementor-element-8805d15 elementor-tabs-alignment-stretch elementor-tabs-view-horizontal elementor-widget elementor-widget-tabs\" data-id=\"8805d15\" data-element_type=\"widget\" data-widget_type=\"tabs.default\">\n\t\t\t\t<div class=\"elementor-widget-container\">\n\t\t\t\t\t\t\t<div class=\"elementor-tabs\">\n\t\t\t<div class=\"elementor-tabs-wrapper\" role=\"tablist\" >\n\t\t\t\t\t\t\t\t\t<div id=\"elementor-tab-title-1421\" class=\"elementor-tab-title elementor-tab-desktop-title\" aria-selected=\"true\" data-tab=\"1\" role=\"tab\" tabindex=\"0\" aria-controls=\"elementor-tab-content-1421\" aria-expanded=\"false\">Janvier<\/div>\n\t\t\t\t\t\t\t\t\t<div id=\"elementor-tab-title-1422\" class=\"elementor-tab-title elementor-tab-desktop-title\" aria-selected=\"false\" data-tab=\"2\" role=\"tab\" tabindex=\"-1\" aria-controls=\"elementor-tab-content-1422\" aria-expanded=\"false\">F\u00e9vrier<\/div>\n\t\t\t\t\t\t\t\t\t<div id=\"elementor-tab-title-1423\" class=\"elementor-tab-title elementor-tab-desktop-title\" aria-selected=\"false\" data-tab=\"3\" role=\"tab\" tabindex=\"-1\" aria-controls=\"elementor-tab-content-1423\" aria-expanded=\"false\">Mars<\/div>\n\t\t\t\t\t\t\t\t\t<div id=\"elementor-tab-title-1424\" class=\"elementor-tab-title elementor-tab-desktop-title\" aria-selected=\"false\" data-tab=\"4\" role=\"tab\" tabindex=\"-1\" aria-controls=\"elementor-tab-content-1424\" aria-expanded=\"false\">Avril<\/div>\n\t\t\t\t\t\t\t\t\t<div id=\"elementor-tab-title-1425\" class=\"elementor-tab-title elementor-tab-desktop-title\" aria-selected=\"false\" data-tab=\"5\" role=\"tab\" tabindex=\"-1\" aria-controls=\"elementor-tab-content-1425\" aria-expanded=\"false\">Mai<\/div>\n\t\t\t\t\t\t\t\t\t<div id=\"elementor-tab-title-1426\" class=\"elementor-tab-title elementor-tab-desktop-title\" aria-selected=\"false\" data-tab=\"6\" role=\"tab\" tabindex=\"-1\" aria-controls=\"elementor-tab-content-1426\" aria-expanded=\"false\">Juin<\/div>\n\t\t\t\t\t\t\t<\/div>\n\t\t\t<div class=\"elementor-tabs-content-wrapper\" role=\"tablist\" aria-orientation=\"vertical\">\n\t\t\t\t\t\t\t\t\t<div class=\"elementor-tab-title elementor-tab-mobile-title\" aria-selected=\"true\" data-tab=\"1\" role=\"tab\" tabindex=\"0\" aria-controls=\"elementor-tab-content-1421\" aria-expanded=\"false\">Janvier<\/div>\n\t\t\t\t\t<div id=\"elementor-tab-content-1421\" class=\"elementor-tab-content elementor-clearfix\" data-tab=\"1\" role=\"tabpanel\" aria-labelledby=\"elementor-tab-title-1421\" tabindex=\"0\" hidden=\"false\"><p><img fetchpriority=\"high\" decoding=\"async\" class=\"alignnone size-full wp-image-17456\" src=\"https:\/\/alliancefr.se\/orebro\/wp-content\/uploads\/sites\/5\/2026\/01\/Soiree-Pub-JANVIER.png\" alt=\"\" width=\"851\" height=\"315\" \/><\/p><p><strong>Date :<\/strong> Jeudi 8 janvier 2026 \u00e0 partir de 18h00.<\/p><p><strong>Lieu :<\/strong>\u00a0<a href=\"https:\/\/goo.gl\/maps\/HkkzBFPmdU5CZyjAA\"><b>The Bishops Arms<\/b><\/a><\/p><p><span style=\"letter-spacing: 0px\">Rejoignez nous pour notre soir\u00e9e mensuelle autour d\u2019un verre* au The Bishops Arms ! \ud83c\udf7b<\/span><\/p><p>Que vous soyez d\u00e9butant ou francophone confirm\u00e9, c\u2019est l\u2019occasion id\u00e9ale de pratiquer votre fran\u00e7ais dans une ambiance conviviale.<\/p><p>L&rsquo;inscription n&rsquo;est pas n\u00e9cessaire pour participer.<\/p><p>*L\u2019abus d\u2019alcool est dangereux pour la sant\u00e9, \u00e0 consommer avec mod\u00e9ration.<\/p><\/div>\n\t\t\t\t\t\t\t\t\t<div class=\"elementor-tab-title elementor-tab-mobile-title\" aria-selected=\"false\" data-tab=\"2\" role=\"tab\" tabindex=\"-1\" aria-controls=\"elementor-tab-content-1422\" aria-expanded=\"false\">F\u00e9vrier<\/div>\n\t\t\t\t\t<div id=\"elementor-tab-content-1422\" class=\"elementor-tab-content elementor-clearfix\" data-tab=\"2\" role=\"tabpanel\" aria-labelledby=\"elementor-tab-title-1422\" tabindex=\"0\" hidden=\"hidden\"><p><img decoding=\"async\" class=\"aligncenter wp-image-17317 size-full\" src=\"https:\/\/alliancefr.se\/orebro\/wp-content\/uploads\/sites\/5\/2025\/12\/ENCARTS-NEWSLETTER-Fevrier-2026-3.png\" alt=\"\" width=\"851\" height=\"315\" \/><\/p><p><strong style=\"letter-spacing: 0px\">Date :<\/strong><span style=\"letter-spacing: 0px\"> Jeudi 5 f\u00e9vrier 2026 \u00e0 partir de 18h00.<\/span><\/p><p><strong>Lieu :<\/strong>\u00a0<a href=\"https:\/\/goo.gl\/maps\/HkkzBFPmdU5CZyjAA\"><b>The Bishops Arms<\/b><\/a><\/p><p>Rejoignez nous pour notre soir\u00e9e mensuelle autour d\u2019un verre* au The Bishops Arms ! \ud83c\udf7b<br \/>Que vous soyez d\u00e9butant ou francophone confirm\u00e9, c\u2019est l\u2019occasion id\u00e9ale de pratiquer votre fran\u00e7ais dans une ambiance conviviale.<\/p><p>L&rsquo;inscription n&rsquo;est pas n\u00e9cessaire pour participer !\u00a0<\/p><p>*L\u2019abus d\u2019alcool est dangereux pour la sant\u00e9, \u00e0 consommer avec mod\u00e9ration.<\/p><\/div>\n\t\t\t\t\t\t\t\t\t<div class=\"elementor-tab-title elementor-tab-mobile-title\" aria-selected=\"false\" data-tab=\"3\" role=\"tab\" tabindex=\"-1\" aria-controls=\"elementor-tab-content-1423\" aria-expanded=\"false\">Mars<\/div>\n\t\t\t\t\t<div id=\"elementor-tab-content-1423\" class=\"elementor-tab-content elementor-clearfix\" data-tab=\"3\" role=\"tabpanel\" aria-labelledby=\"elementor-tab-title-1423\" tabindex=\"0\" hidden=\"hidden\"><p><img decoding=\"async\" class=\"aligncenter wp-image-17322 size-full\" src=\"https:\/\/alliancefr.se\/orebro\/wp-content\/uploads\/sites\/5\/2025\/12\/ENCARTS-NEWSLETTER-Mars-2026-1.png\" alt=\"\" width=\"851\" height=\"315\" \/><\/p><p><strong>Date :<\/strong> Jeudi 5 mars 2026 \u00e0 partir de 18h00.<\/p><p><strong>Lieu :<\/strong>\u00a0<a href=\"https:\/\/goo.gl\/maps\/HkkzBFPmdU5CZyjAA\"><b>The Bishops Arms<\/b><\/a><\/p><p>Rejoignez nous pour notre soir\u00e9e mensuelle autour d\u2019un verre* au The Bishops Arms ! \ud83c\udf7b Que vous soyez d\u00e9butant ou francophone confirm\u00e9, c\u2019est l\u2019occasion id\u00e9ale de pratiquer votre fran\u00e7ais dans une ambiance conviviale.\u00a0<\/p><p>L&rsquo;inscription n&rsquo;est pas n\u00e9cessaire pour participer !\u00a0<\/p><p>*L\u2019abus d\u2019alcool est dangereux pour la sant\u00e9, \u00e0 consommer avec mod\u00e9ration.<\/p><\/div>\n\t\t\t\t\t\t\t\t\t<div class=\"elementor-tab-title elementor-tab-mobile-title\" aria-selected=\"false\" data-tab=\"4\" role=\"tab\" tabindex=\"-1\" aria-controls=\"elementor-tab-content-1424\" aria-expanded=\"false\">Avril<\/div>\n\t\t\t\t\t<div id=\"elementor-tab-content-1424\" class=\"elementor-tab-content elementor-clearfix\" data-tab=\"4\" role=\"tabpanel\" aria-labelledby=\"elementor-tab-title-1424\" tabindex=\"0\" hidden=\"hidden\"><p><img loading=\"lazy\" decoding=\"async\" class=\"aligncenter wp-image-17323 size-full\" src=\"https:\/\/alliancefr.se\/orebro\/wp-content\/uploads\/sites\/5\/2025\/12\/ENCARTS-NEWSLETTER-Avril-2026.png\" alt=\"\" width=\"851\" height=\"315\" \/><\/p><p><b>Date<\/b> : Jeudi 2 avril 2026 \u00e0 partir de 18h\u00a0<\/p><p><b>Lieu<\/b> :\u00a0<a style=\"letter-spacing: 0px;background-color: #ffffff\" href=\"https:\/\/goo.gl\/maps\/HkkzBFPmdU5CZyjAA\"><span style=\"font-weight: bold\">The Bishops Arms<\/span><\/a><\/p><p>Rejoignez nous pour notre soir\u00e9e mensuelle autour d\u2019un verre* au The Bishops Arms ! \ud83c\udf7b Que vous soyez d\u00e9butant ou francophone confirm\u00e9, c\u2019est l\u2019occasion id\u00e9ale de pratiquer votre fran\u00e7ais dans une ambiance conviviale.<\/p><p>L&rsquo;inscription n&rsquo;est pas n\u00e9cessaire pour participer.<\/p><p>*L\u2019abus d\u2019alcool est dangereux pour la sant\u00e9, \u00e0 consommer avec mod\u00e9ration.<\/p><\/div>\n\t\t\t\t\t\t\t\t\t<div class=\"elementor-tab-title elementor-tab-mobile-title\" aria-selected=\"false\" data-tab=\"5\" role=\"tab\" tabindex=\"-1\" aria-controls=\"elementor-tab-content-1425\" aria-expanded=\"false\">Mai<\/div>\n\t\t\t\t\t<div id=\"elementor-tab-content-1425\" class=\"elementor-tab-content elementor-clearfix\" data-tab=\"5\" role=\"tabpanel\" aria-labelledby=\"elementor-tab-title-1425\" tabindex=\"0\" hidden=\"hidden\"><p><img loading=\"lazy\" decoding=\"async\" class=\"aligncenter wp-image-17324 size-full\" src=\"https:\/\/alliancefr.se\/orebro\/wp-content\/uploads\/sites\/5\/2025\/12\/ENCARTS-NEWSLETTER-Mai-2026.png\" alt=\"\" width=\"851\" height=\"315\" \/><\/p><p><b>Date<\/b> : Jeudi 7 mai 2026 \u00e0 partir de 18h\u00a0<\/p><p><b>Lieu<\/b> :\u00a0<a style=\"letter-spacing: 0px;background-color: #ffffff\" href=\"https:\/\/goo.gl\/maps\/HkkzBFPmdU5CZyjAA\"><span style=\"font-weight: bold\">The Bishops Arms<\/span><\/a><\/p><p>Rejoignez nous pour notre soir\u00e9e mensuelle autour d\u2019un verre* au The Bishops Arms ! \ud83c\udf7b Que vous soyez d\u00e9butant ou francophone confirm\u00e9, c\u2019est l\u2019occasion id\u00e9ale de pratiquer votre fran\u00e7ais dans une ambiance conviviale.<\/p><p>L&rsquo;inscription n&rsquo;est pas n\u00e9cessaire pour participer.<\/p><p>*L\u2019abus d\u2019alcool est dangereux pour la sant\u00e9, \u00e0 consommer avec mod\u00e9ration.<\/p><\/div>\n\t\t\t\t\t\t\t\t\t<div class=\"elementor-tab-title elementor-tab-mobile-title\" aria-selected=\"false\" data-tab=\"6\" role=\"tab\" tabindex=\"-1\" aria-controls=\"elementor-tab-content-1426\" aria-expanded=\"false\">Juin<\/div>\n\t\t\t\t\t<div id=\"elementor-tab-content-1426\" class=\"elementor-tab-content elementor-clearfix\" data-tab=\"6\" role=\"tabpanel\" aria-labelledby=\"elementor-tab-title-1426\" tabindex=\"0\" hidden=\"hidden\"><p><img loading=\"lazy\" decoding=\"async\" class=\"aligncenter wp-image-17325 size-full\" src=\"https:\/\/alliancefr.se\/orebro\/wp-content\/uploads\/sites\/5\/2025\/12\/ENCARTS-NEWSLETTER-Juin-2026.png\" alt=\"\" width=\"851\" height=\"315\" \/><\/p><p><b>Date<\/b> : Jeudi 4 juin 2026 \u00e0 partir de 18h\u00a0<\/p><p><b>Lieu<\/b> :\u00a0<a style=\"letter-spacing: 0px;background-color: #ffffff\" href=\"https:\/\/goo.gl\/maps\/HkkzBFPmdU5CZyjAA\"><span style=\"font-weight: bold\">The Bishops Arms<\/span><\/a><\/p><p>Rejoignez nous pour notre soir\u00e9e mensuelle autour d\u2019un verre* au The Bishops Arms ! \ud83c\udf7b Que vous soyez d\u00e9butant ou francophone confirm\u00e9, c\u2019est l\u2019occasion id\u00e9ale de pratiquer votre fran\u00e7ais dans une ambiance conviviale.<\/p><p>L&rsquo;inscription n&rsquo;est pas n\u00e9cessaire pour participer.<\/p><p>*L\u2019abus d\u2019alcool est dangereux pour la sant\u00e9, \u00e0 consommer avec mod\u00e9ration.<\/p><\/div>\n\t\t\t\t\t\t\t<\/div>\n\t\t<\/div>\n\t\t\t\t\t\t<\/div>\n\t\t\t\t<\/div>\n\t\t\t\t\t<\/div>\n\t\t<\/div>\n\t\t\t\t\t<\/div>\n\t\t<\/section>\n\t\t\t\t<\/div>\n\t\t","protected":false},"excerpt":{"rendered":"<p>Venez \u00e9changer autour d\u2019un repas ou d\u2019un verre*, en fran\u00e7ais, en anglais ou en su\u00e9dois, dans un moment de convivialit\u00e9 cher aux Fran\u00e7ais ! \u00c7a se passe tous les mois au The Bishops Arms. 2026 Janvier F\u00e9vrier Mars Avril Mai Juin Janvier Date : Jeudi 8 janvier 2026 \u00e0 partir de 18h00. Lieu :\u00a0The Bishops Arms Rejoignez nous pour notre soir\u00e9e mensuelle autour d\u2019un verre* au The Bishops Arms ! \ud83c\udf7b Que vous soyez d\u00e9butant ou francophone confirm\u00e9, c\u2019est l\u2019occasion id\u00e9ale de pratiquer votre fran\u00e7ais dans une ambiance conviviale. L&rsquo;inscription n&rsquo;est pas n\u00e9cessaire pour participer. *L\u2019abus d\u2019alcool est dangereux pour la sant\u00e9, \u00e0 consommer avec mod\u00e9ration. F\u00e9vrier Date : Jeudi 5 f\u00e9vrier 2026 \u00e0 partir de 18h00. Lieu :\u00a0The Bishops Arms Rejoignez nous pour notre soir\u00e9e mensuelle autour d\u2019un verre* au The Bishops Arms ! \ud83c\udf7bQue vous soyez d\u00e9butant ou francophone confirm\u00e9, c\u2019est l\u2019occasion id\u00e9ale de pratiquer votre fran\u00e7ais dans une ambiance conviviale. L&rsquo;inscription n&rsquo;est pas n\u00e9cessaire pour participer !\u00a0 *L\u2019abus d\u2019alcool est dangereux pour la sant\u00e9, \u00e0 consommer avec mod\u00e9ration. Mars Date : Jeudi 5 mars 2026 \u00e0 partir de 18h00. Lieu :\u00a0The Bishops Arms Rejoignez nous pour notre soir\u00e9e mensuelle autour d\u2019un verre* au The Bishops Arms ! \ud83c\udf7b Que vous soyez d\u00e9butant ou francophone confirm\u00e9, c\u2019est l\u2019occasion id\u00e9ale de pratiquer votre fran\u00e7ais dans une ambiance conviviale.\u00a0 L&rsquo;inscription n&rsquo;est pas n\u00e9cessaire pour participer !\u00a0 *L\u2019abus d\u2019alcool est dangereux pour la sant\u00e9, \u00e0 consommer avec mod\u00e9ration. Avril Date : Jeudi 2 avril 2026 \u00e0 partir de 18h\u00a0 Lieu :\u00a0The Bishops Arms Rejoignez nous pour notre soir\u00e9e mensuelle autour d\u2019un verre* au The Bishops Arms ! \ud83c\udf7b Que vous soyez d\u00e9butant ou francophone confirm\u00e9, c\u2019est l\u2019occasion id\u00e9ale de pratiquer votre fran\u00e7ais dans une ambiance conviviale. L&rsquo;inscription n&rsquo;est pas n\u00e9cessaire pour participer. *L\u2019abus d\u2019alcool est dangereux pour la sant\u00e9, \u00e0 consommer avec mod\u00e9ration. Mai Date : Jeudi 7 mai 2026 \u00e0 partir de 18h\u00a0 Lieu :\u00a0The Bishops Arms Rejoignez nous pour notre soir\u00e9e mensuelle autour d\u2019un verre* au The Bishops Arms ! \ud83c\udf7b Que vous soyez d\u00e9butant ou francophone confirm\u00e9, c\u2019est l\u2019occasion id\u00e9ale de pratiquer votre fran\u00e7ais dans une ambiance conviviale. L&rsquo;inscription n&rsquo;est pas n\u00e9cessaire pour participer. *L\u2019abus d\u2019alcool est dangereux pour la sant\u00e9, \u00e0 consommer avec mod\u00e9ration. Juin Date : Jeudi 4 juin 2026 \u00e0 partir de 18h\u00a0 Lieu :\u00a0The Bishops Arms Rejoignez nous pour notre soir\u00e9e mensuelle autour d\u2019un verre* au The Bishops Arms ! \ud83c\udf7b Que vous soyez d\u00e9butant ou francophone confirm\u00e9, c\u2019est l\u2019occasion id\u00e9ale de pratiquer votre fran\u00e7ais dans une ambiance conviviale. L&rsquo;inscription n&rsquo;est pas n\u00e9cessaire pour participer. *L\u2019abus d\u2019alcool est dangereux pour la sant\u00e9, \u00e0 consommer avec mod\u00e9ration.<\/p>\n","protected":false},"author":1,"featured_media":0,"parent":0,"menu_order":0,"comment_status":"closed","ping_status":"open","template":"","meta":{"om_disable_all_campaigns":false,"_monsterinsights_skip_tracking":false,"_monsterinsights_sitenote_active":false,"_monsterinsights_sitenote_note":"","_monsterinsights_sitenote_category":0,"_uf_show_specific_survey":0,"_uf_disable_surveys":false,"footnotes":""},"class_list":["post-8633","page","type-page","status-publish","hentry"],"aioseo_notices":[],"rttpg_featured_image_url":null,"rttpg_author":{"display_name":"Super.admin","author_link":"https:\/\/alliancefr.se\/orebro\/author\/admin2174\/"},"rttpg_comment":0,"rttpg_category":" <a href=\"https:\/\/alliancefr.se\/orebro\/\" rel=\"tag\">Fran\u00e7ais<\/a>","rttpg_excerpt":"Venez \u00e9changer autour d\u2019un repas ou d\u2019un verre*, en fran\u00e7ais, en anglais ou en su\u00e9dois, dans un moment de convivialit\u00e9 cher aux Fran\u00e7ais ! \u00c7a se passe tous les mois au The Bishops Arms. 2026 Janvier F\u00e9vrier Mars Avril Mai Juin Janvier Date : Jeudi 8 janvier 2026 \u00e0 partir de 18h00. Lieu :\u00a0The Bishops\u2026","_links":{"self":[{"href":"https:\/\/alliancefr.se\/orebro\/wp-json\/wp\/v2\/pages\/8633","targetHints":{"allow":["GET"]}}],"collection":[{"href":"https:\/\/alliancefr.se\/orebro\/wp-json\/wp\/v2\/pages"}],"about":[{"href":"https:\/\/alliancefr.se\/orebro\/wp-json\/wp\/v2\/types\/page"}],"author":[{"embeddable":true,"href":"https:\/\/alliancefr.se\/orebro\/wp-json\/wp\/v2\/users\/1"}],"replies":[{"embeddable":true,"href":"https:\/\/alliancefr.se\/orebro\/wp-json\/wp\/v2\/comments?post=8633"}],"version-history":[{"count":167,"href":"https:\/\/alliancefr.se\/orebro\/wp-json\/wp\/v2\/pages\/8633\/revisions"}],"predecessor-version":[{"id":17585,"href":"https:\/\/alliancefr.se\/orebro\/wp-json\/wp\/v2\/pages\/8633\/revisions\/17585"}],"wp:attachment":[{"href":"https:\/\/alliancefr.se\/orebro\/wp-json\/wp\/v2\/media?parent=8633"}],"curies":[{"name":"wp","href":"https:\/\/api.w.org\/{rel}","templated":true}]}}