{"id":7031,"date":"2021-06-10T11:13:30","date_gmt":"2021-06-10T09:13:30","guid":{"rendered":"http:\/\/alliancefr.se\/orebro4\/yoga\/"},"modified":"2024-01-29T13:33:49","modified_gmt":"2024-01-29T12:33:49","slug":"yoga","status":"publish","type":"page","link":"https:\/\/alliancefr.se\/orebro\/yoga\/","title":{"rendered":"Archives Yoga fran\u00e7ais"},"content":{"rendered":"\t\t<div data-elementor-type=\"wp-page\" data-elementor-id=\"7031\" class=\"elementor elementor-7031\">\n\t\t\t\t\t\t<section class=\"elementor-section elementor-top-section elementor-element elementor-element-75e04ec2 elementor-section-boxed elementor-section-height-default elementor-section-height-default\" data-id=\"75e04ec2\" data-element_type=\"section\">\n\t\t\t\t\t\t<div class=\"elementor-container elementor-column-gap-default\">\n\t\t\t\t\t<div class=\"elementor-column elementor-col-100 elementor-top-column elementor-element elementor-element-8287d3f\" data-id=\"8287d3f\" data-element_type=\"column\">\n\t\t\t<div class=\"elementor-widget-wrap elementor-element-populated\">\n\t\t\t\t\t\t<div class=\"elementor-element elementor-element-6de8e137 elementor-widget elementor-widget-text-editor\" data-id=\"6de8e137\" data-element_type=\"widget\" data-widget_type=\"text-editor.default\">\n\t\t\t\t<div class=\"elementor-widget-container\">\n\t\t\t\t\t\t\t\t\t<h4 style=\"text-align: center;\"><strong>Yoga Ashtanga<br \/><\/strong><\/h4><h4 style=\"text-align: center;\"><strong>Samedi 8 o<\/strong><strong>ctobre 2022 \u00e0 10h30<br \/><\/strong><\/h4><h4 style=\"text-align: center;\">\u00a0<\/h4><h4 style=\"text-align: center;\"><strong><img fetchpriority=\"high\" decoding=\"async\" class=\"size-medium wp-image-10094 aligncenter\" src=\"https:\/\/alliancefr.se\/orebro\/wp-content\/uploads\/sites\/5\/2023\/10\/Logo-Yoga-300x201.png\" alt=\"\" width=\"300\" height=\"201\" \/><\/strong><\/h4><p style=\"text-align: left;\"><strong>D<\/strong><strong>ate <\/strong><strong style=\"letter-spacing: 0px; color: #7a7a7a; font-size: 15px;\">: 8 octobre <\/strong><strong style=\"letter-spacing: 0px; color: #7a7a7a; font-size: 15px;\">\u00e0 10h30<\/strong><\/p><p><strong>O\u00f9 ?<\/strong> <a style=\"color: #0000ff; text-decoration: underline;\" href=\"https:\/\/goo.gl\/maps\/mdcdTmXvGGc5fk4v5\" target=\"_blank\" rel=\"noopener noreferrer\">Startcentru<\/a><a style=\"color: #0000ff; text-decoration: underline;\" href=\"https:\/\/goo.gl\/maps\/mdcdTmXvGGc5fk4v5\" target=\"_blank\" rel=\"noopener noreferrer\">m<\/a><\/p><p><strong>Prix :<\/strong> 75 kr pour les membres de l&rsquo;AF \/ 150 kr pour les non-membres<\/p><p style=\"text-align: center;\">Carinne Lancereau animera une s\u00e9ance de Yoga Ashtanga en fran\u00e7ais pour ceux d\u2019entre vous qui souhaitent pratiquer ou d\u00e9couvrir cette discipline. Venez en tenue, avec une bouteille d&rsquo;eau et un tapis, et relevez le d\u00e9fi !<\/p><p style=\"text-align: center;\">Pour les familles, nous proposons un Coin des Enfants dans le m\u00eame b\u00e2timent et \u00e0 la m\u00eame heure : vous pouvez donc nous laisser vos enfants (\u00e0 partir de 3 ans) pendant cette s\u00e9ance de sport !<\/p><p style=\"text-align: center;\">Merci de vous inscrire pour cette activit\u00e9 :\u00a0<a style=\"color: #0000ff;\" href=\"mailto:contact@alliancefrancaise-orebro.eu\" target=\"_blank\" rel=\"noopener noreferrer\">contact@alliancefrancaise-orebro.eu<\/a><\/p><p style=\"text-align: center;\">Plus d&rsquo;informations :<br \/><a style=\"color: #0000ff; text-decoration: underline;\" href=\"https:\/\/www.facebook.com\/yogajag.se\">https:\/\/www.facebook.com\/yogajag.se<\/a><\/p>\t\t\t\t\t\t\t\t<\/div>\n\t\t\t\t<\/div>\n\t\t\t\t\t<\/div>\n\t\t<\/div>\n\t\t\t\t\t<\/div>\n\t\t<\/section>\n\t\t\t\t<\/div>\n\t\t","protected":false},"excerpt":{"rendered":"<p>Yoga Ashtanga Samedi 8 octobre 2022 \u00e0 10h30 \u00a0 Date : 8 octobre \u00e0 10h30 O\u00f9 ? Startcentrum Prix : 75 kr pour les membres de l&rsquo;AF \/ 150 kr pour les non-membres Carinne Lancereau animera une s\u00e9ance de Yoga Ashtanga en fran\u00e7ais pour ceux d\u2019entre vous qui souhaitent pratiquer ou d\u00e9couvrir cette discipline. Venez en tenue, avec une bouteille d&rsquo;eau et un tapis, et relevez le d\u00e9fi ! Pour les familles, nous proposons un Coin des Enfants dans le m\u00eame b\u00e2timent et \u00e0 la m\u00eame heure : vous pouvez donc nous laisser vos enfants (\u00e0 partir de 3 ans) pendant cette s\u00e9ance de sport ! Merci de vous inscrire pour cette activit\u00e9 :\u00a0contact@alliancefrancaise-orebro.eu Plus d&rsquo;informations :https:\/\/www.facebook.com\/yogajag.se<\/p>\n","protected":false},"author":1,"featured_media":0,"parent":0,"menu_order":0,"comment_status":"closed","ping_status":"closed","template":"","meta":{"om_disable_all_campaigns":false,"_monsterinsights_skip_tracking":false,"_monsterinsights_sitenote_active":false,"_monsterinsights_sitenote_note":"","_monsterinsights_sitenote_category":0,"_uf_show_specific_survey":0,"_uf_disable_surveys":false,"footnotes":""},"class_list":["post-7031","page","type-page","status-publish","hentry"],"aioseo_notices":[],"rttpg_featured_image_url":null,"rttpg_author":{"display_name":"Super.admin","author_link":"https:\/\/alliancefr.se\/orebro\/author\/admin2174\/"},"rttpg_comment":0,"rttpg_category":" <a href=\"https:\/\/alliancefr.se\/orebro\/\" rel=\"tag\">Fran\u00e7ais<\/a>","rttpg_excerpt":"Yoga Ashtanga Samedi 8 octobre 2022 \u00e0 10h30 \u00a0 Date : 8 octobre \u00e0 10h30 O\u00f9 ? Startcentrum Prix : 75 kr pour les membres de l&rsquo;AF \/ 150 kr pour les non-membres Carinne Lancereau animera une s\u00e9ance de Yoga Ashtanga en fran\u00e7ais pour ceux d\u2019entre vous qui souhaitent pratiquer ou d\u00e9couvrir cette discipline. Venez\u2026","_links":{"self":[{"href":"https:\/\/alliancefr.se\/orebro\/wp-json\/wp\/v2\/pages\/7031","targetHints":{"allow":["GET"]}}],"collection":[{"href":"https:\/\/alliancefr.se\/orebro\/wp-json\/wp\/v2\/pages"}],"about":[{"href":"https:\/\/alliancefr.se\/orebro\/wp-json\/wp\/v2\/types\/page"}],"author":[{"embeddable":true,"href":"https:\/\/alliancefr.se\/orebro\/wp-json\/wp\/v2\/users\/1"}],"replies":[{"embeddable":true,"href":"https:\/\/alliancefr.se\/orebro\/wp-json\/wp\/v2\/comments?post=7031"}],"version-history":[{"count":4,"href":"https:\/\/alliancefr.se\/orebro\/wp-json\/wp\/v2\/pages\/7031\/revisions"}],"predecessor-version":[{"id":11107,"href":"https:\/\/alliancefr.se\/orebro\/wp-json\/wp\/v2\/pages\/7031\/revisions\/11107"}],"wp:attachment":[{"href":"https:\/\/alliancefr.se\/orebro\/wp-json\/wp\/v2\/media?parent=7031"}],"curies":[{"name":"wp","href":"https:\/\/api.w.org\/{rel}","templated":true}]}}