{"id":6131,"date":"2019-08-15T15:14:41","date_gmt":"2019-08-15T13:14:41","guid":{"rendered":"http:\/\/alliancefr.se\/orebro4\/franska-filmfestivalen\/"},"modified":"2023-10-12T17:07:44","modified_gmt":"2023-10-12T15:07:44","slug":"franska-filmfestivalen","status":"publish","type":"page","link":"https:\/\/alliancefr.se\/orebro\/sv\/franska-filmfestivalen\/","title":{"rendered":"Franska Filmfestivalen"},"content":{"rendered":"<p><img fetchpriority=\"high\" decoding=\"async\" src=\"http:\/\/www.alliancefrancaise-orebro.eu\/wp-content\/uploads\/2022\/04\/FRANSKFESTIVAL-2022-220407-707x1024.jpg\" alt=\"\" width=\"707\" height=\"1024\" \/><\/p>\n<p>Le festival du cin\u00e9ma fran\u00e7ais d&rsquo;\u00d6rebro revient du 6 au 9 mai 2022. Rendez-vous au BioRoxy cinema pour (re)d\u00e9couvrir le cin\u00e9ma fran\u00e7ais !<\/p>\n<p>Retrouvez toute la programmation du Fransk Filmfestival sur le site du <strong><a style=\"color: #0000ff;text-decoration: underline\" href=\"https:\/\/extra.orebro.se\/bioroxy\/program\/franskfilmfestival.4.2a7c2a4917ffd5aafa7e6a.html\">Bio Roxy.<\/a><\/strong><\/p>\n<p>L&rsquo;\u00e9dition 2020 se d\u00e9roulera du 27 au 29 Mars 2020, au cin\u00e9ma Roxy ! Le programme arrive tr\u00e8s bient\u00f4t !<\/p>\n<p><img decoding=\"async\" src=\"http:\/\/www.alliancefrancaise-orebro.eu\/wp-content\/uploads\/2020\/03\/Affiche-film2.31-724x1024.jpg\" alt=\"\" width=\"724\" height=\"1024\" \/><\/p>\n<h2 style=\"text-align: center\">ARCHIVES<\/h2>\n<h3 style=\"text-align: center\"><a href=\"http:\/\/www.alliancefrancaise-orebro.eu\/fr\/franska-filmfestivalen-2019\">3\u00e8me \u00e9dition<\/a>\u00a0<a href=\"http:\/\/www.alliancefrancaise-orebro.eu\/fr\/franska-filmfestivalen-2019\"><img decoding=\"async\" src=\"http:\/\/www.alliancefrancaise-orebro.eu\/wp-content\/uploads\/2019\/08\/lVubbJM5-731x1024.png\" alt=\"\" width=\"731\" height=\"1024\" \/><\/a><\/h3>\n<h3 style=\"text-align: center\">2\u00e8me \u00e9dition<\/h3>\n<p><img loading=\"lazy\" decoding=\"async\" src=\"http:\/\/www.alliancefrancaise-orebro.eu\/wp-content\/uploads\/2018\/01\/Affiche-finale-724x1024.png\" alt=\"\" width=\"724\" height=\"1024\" \/><\/p>\n<h3 style=\"text-align: center\">1\u00e8re \u00e9dition<\/h3>\n<p><img loading=\"lazy\" decoding=\"async\" src=\"http:\/\/www.alliancefrancaise-orebro.eu\/wp-content\/uploads\/2017\/04\/\u00d6rebro-affiche-AI-561x1024.gif\" alt=\"\" width=\"561\" height=\"1024\" \/><\/p>\n","protected":false},"excerpt":{"rendered":"<p>Le festival du cin\u00e9ma fran\u00e7ais d&rsquo;\u00d6rebro revient du 6 au 9 mai 2022. Rendez-vous au BioRoxy cinema pour (re)d\u00e9couvrir le cin\u00e9ma fran\u00e7ais ! Retrouvez toute la programmation du Fransk Filmfestival sur le site du Bio Roxy. L&rsquo;\u00e9dition 2020 se d\u00e9roulera du 27 au 29 Mars 2020, au cin\u00e9ma Roxy ! Le programme arrive tr\u00e8s bient\u00f4t ! ARCHIVES 3\u00e8me \u00e9dition\u00a0 2\u00e8me \u00e9dition 1\u00e8re \u00e9dition<\/p>\n","protected":false},"author":1,"featured_media":0,"parent":0,"menu_order":0,"comment_status":"closed","ping_status":"closed","template":"","meta":{"om_disable_all_campaigns":false,"_monsterinsights_skip_tracking":false,"_monsterinsights_sitenote_active":false,"_monsterinsights_sitenote_note":"","_monsterinsights_sitenote_category":0,"_uf_show_specific_survey":0,"_uf_disable_surveys":false,"footnotes":""},"class_list":["post-6131","page","type-page","status-publish","hentry"],"aioseo_notices":[],"rttpg_featured_image_url":null,"rttpg_author":{"display_name":"Super.admin","author_link":"https:\/\/alliancefr.se\/orebro\/author\/admin2174\/"},"rttpg_comment":0,"rttpg_category":" <a href=\"https:\/\/alliancefr.se\/orebro\/sv\/\" rel=\"tag\">Svenska<\/a>","rttpg_excerpt":"Le festival du cin\u00e9ma fran\u00e7ais d&rsquo;\u00d6rebro revient du 6 au 9 mai 2022. Rendez-vous au BioRoxy cinema pour (re)d\u00e9couvrir le cin\u00e9ma fran\u00e7ais ! Retrouvez toute la programmation du Fransk Filmfestival sur le site du Bio Roxy. L&rsquo;\u00e9dition 2020 se d\u00e9roulera du 27 au 29 Mars 2020, au cin\u00e9ma Roxy ! Le programme arrive tr\u00e8s bient\u00f4t\u2026","_links":{"self":[{"href":"https:\/\/alliancefr.se\/orebro\/wp-json\/wp\/v2\/pages\/6131","targetHints":{"allow":["GET"]}}],"collection":[{"href":"https:\/\/alliancefr.se\/orebro\/wp-json\/wp\/v2\/pages"}],"about":[{"href":"https:\/\/alliancefr.se\/orebro\/wp-json\/wp\/v2\/types\/page"}],"author":[{"embeddable":true,"href":"https:\/\/alliancefr.se\/orebro\/wp-json\/wp\/v2\/users\/1"}],"replies":[{"embeddable":true,"href":"https:\/\/alliancefr.se\/orebro\/wp-json\/wp\/v2\/comments?post=6131"}],"version-history":[{"count":2,"href":"https:\/\/alliancefr.se\/orebro\/wp-json\/wp\/v2\/pages\/6131\/revisions"}],"predecessor-version":[{"id":10039,"href":"https:\/\/alliancefr.se\/orebro\/wp-json\/wp\/v2\/pages\/6131\/revisions\/10039"}],"wp:attachment":[{"href":"https:\/\/alliancefr.se\/orebro\/wp-json\/wp\/v2\/media?parent=6131"}],"curies":[{"name":"wp","href":"https:\/\/api.w.org\/{rel}","templated":true}]}}