{"id":6093,"date":"2019-07-05T14:08:42","date_gmt":"2019-07-05T12:08:42","guid":{"rendered":"http:\/\/alliancefr.se\/orebro4\/bok-arkiv\/"},"modified":"2024-11-01T17:01:27","modified_gmt":"2024-11-01T16:01:27","slug":"bok-arkiv","status":"publish","type":"page","link":"https:\/\/alliancefr.se\/orebro\/sv\/bok-arkiv\/","title":{"rendered":"Arkiv Bok"},"content":{"rendered":"\t\t<div data-elementor-type=\"wp-post\" data-elementor-id=\"6093\" class=\"elementor elementor-6093\">\n\t\t\t\t\t\t<section class=\"elementor-section elementor-top-section elementor-element elementor-element-62cd9430 elementor-section-boxed elementor-section-height-default elementor-section-height-default\" data-id=\"62cd9430\" data-element_type=\"section\">\n\t\t\t\t\t\t<div class=\"elementor-container elementor-column-gap-default\">\n\t\t\t\t\t<div class=\"elementor-column elementor-col-100 elementor-top-column elementor-element elementor-element-56f60fcc\" data-id=\"56f60fcc\" data-element_type=\"column\">\n\t\t\t<div class=\"elementor-widget-wrap elementor-element-populated\">\n\t\t\t\t\t\t<div class=\"elementor-element elementor-element-67aff023 elementor-widget elementor-widget-text-editor\" data-id=\"67aff023\" data-element_type=\"widget\" data-widget_type=\"text-editor.default\">\n\t\t\t\t<div class=\"elementor-widget-container\">\n\t\t\t\t\t\t\t\t\t<h3 style=\"text-align: center;\"><strong>2023-2024<\/strong><\/h3><p><strong>Det \u00e4r b\u00f6rjan p\u00e5 L\u00e4scirkeln!<\/strong><\/p><p><strong>Den nya listan med b\u00f6cker \u00e4r uppr\u00e4ttad:<\/strong><\/p><ul><li>Chantal THOMAS:\u00a0<em>Souvenirs de la mar\u00e9e basse<\/em>\u00a0\/Points 2017 \/<\/li><li>Yasmina KHADRA:\u00a0<em>Le sel des tous les oublis<\/em>\u00a0\/ 2020<\/li><li>Michel HOUELLEBECQ:\u00a0<em>Lanzarote<\/em>\u00a0\/ Librio 2002\/2021 \/<\/li><li>Edouard LOUIS:\u00a0<em>Combats et m\u00e9tamorphoses d\u00b4une femme<\/em>\u00a0\/Points 2021\/<\/li><li>Sidonie Gabrielle COLETTE:\u00a0<em>Ch\u00e9rie<\/em>\u00a0\/ Gallimard 1920, livre de poche \/<\/li><li>Herv\u00e9 LE TELLIER: Anomalie , Prix Goncourt 2020 \/ Folio 2022\/<\/li><\/ul><p>Anm\u00e4lan \u00e4r \u00f6ppen till\u00a0<strong>15 september<\/strong>\u00a0\u26a0\ufe0f<\/p><p>Att registrera sig \u00e4r det enkelt:<\/p><p>-skicka ett mail till Inger Hullberg: inger.a.hullberg@gmail.com<br \/>-betala beloppet 175 kr p\u00e5 Plusgiro 161483-3 eller med Swish 0739458268<\/p><h3 style=\"text-align: center;\"><strong>2022-2023<\/strong><\/h3><p><strong>Det \u00e4r b\u00f6rjan p\u00e5 L\u00e4scirkeln!<\/strong><\/p><p><strong>Den nya listan med b\u00f6cker \u00e4r uppr\u00e4ttad:<\/strong><\/p><ul><li>Marie Ndiaye :\u00a0<i>La Vengeance m\u2019appartient<\/i>\u00a0(2021)<\/li><li>Le\u00efla Slimani :\u00a0<i>Le Pays des autres<\/i>\u00a0(2020)<\/li><li>Marie Sizun :\u00a0<i>La Gouvernante su\u00e9doise<\/i>\u00a0(2016)<\/li><li>Marie Darrieussecq :<i>\u00a0La Mer \u00e0 l\u2019envers\u00a0<\/i>(2019)<\/li><li>Marie-H\u00e9l\u00e8ne Lafon :\u00a0<i>Histoire du Fils<\/i>\u00a0(2020)<\/li><\/ul><p>\u00d6ppen till\u00a0<strong>24\u00a0september<\/strong>\u00a0\u26a0\ufe0f<\/p><p>Att registrera sig \u00e4r det enkelt:<\/p><p>-skicka ett mail till Inger Hullberg: inger.a.hullberg@gmail.com<br \/>-betala beloppet 175 kr p\u00e5 Plusgiro 161483-3 eller med Swish 0739458268<\/p><h3 style=\"text-align: center;\"><strong>2020-2021<\/strong><\/h3><p><strong>Torsdag 11 mars 2021:<\/strong><\/p><p>Fri diskussion mellan medlemmar kring boken <em>Krigsskolan<\/em> av Alexandre Najjar.<\/p><p>\u00ab\u00a0Efter sju \u00e5r i frivillig exil \u00e5terv\u00e4nder ber\u00e4ttaren till Beirut, d\u00e4r han \u00e5terf\u00f6renas med sin familj och sina v\u00e4nner. Snart kommer det f\u00f6rflutna ifatt honom. Han ser sig sj\u00e4lv som barn och sedan ton\u00e5ring under kriget som f\u00f6r\u00f6dat hans land.\u00a0\u00bb<\/p><p><strong>Niv\u00e5:<\/strong> God niv\u00e5 i franska<\/p><p><strong>N\u00e4r?<\/strong> Torsdag 11 mars kl. 19.00<\/p><p><strong>Hur mycket kostar det?<\/strong> Aktiviteten \u00e4r reserverad f\u00f6r medlemmar.<\/p><p><strong>M\u00e5ndag 22 mars 2021:<\/strong><\/p><p>Tr\u00e4ff med Alexandre Najjar f\u00f6r att prata om hans bok <em>Krigsskolan<\/em>.<\/p><p><strong>Fr\u00e5ga:<\/strong> <a rel=\"noopener\">all@du.se<\/a> (Andr\u00e9 Leblanc)<\/p><h3 style=\"text-align: center;\"><strong>2018-2019<\/strong><\/h3><p><strong>Niv\u00e5 :\u00a0<\/strong>Bra niv\u00e5 p\u00e5 franska<\/p><p><strong>N\u00e4r ?\u00a0<\/strong>Registrering 2018 senast den 21\/09\/2018<\/p><p><strong>Hur mycket kostar det ?<\/strong>\u00a0Aktivitet reserverad f\u00f6r medlemmar (+ 175 kr )<\/p><p><strong>Registrering, fr\u00e5gor\u00a0:<\/strong>\u00a0Inger Hullberg : <a href=\"mailto:inger.a.hullberg@gmail.com\">inger.a.hullberg@gmail.co<\/a><a href=\"mailto:inger.a.hullberg@gmail.com\">m<\/a><\/p><p>Urvalet av bok 2018\/2019 :<\/p><ul><li><strong> \u2022 <\/strong>Gael Faye: Petit pays \/ Ed Grasset 2016 livre de poche\/<\/li><li><strong> \u2022 <\/strong>Marie-H\u00e9l\u00e8ne Lafon: Nos Vies \/Sodis Poche Folio 2017 \/<\/li><li><strong> \u2022 <\/strong>Ponthus: A la ligne \/ Ed La table ronde 2019\/<\/li><li><strong> \u2022 <\/strong>J-C Rufin: Le suspendu de Conakry \/Flammarion livre de poche 2018<\/li><li><strong>\u2022 <\/strong>Lydie Salvayre: Marcher jusqu\u00b4au soir. Ma nuit au mus\u00e9e \/Stock 2019 \/<\/li><\/ul><p><b>\u2022 \u2022 Marie Darrieussecq : Etre ici est une splendeur. Vie de Paula M. Becker \/ folio 2016 \/<br \/><\/b>\u201d Paula Modersohn- Becker voulait peindre et c&rsquo;est tout. Elle \u00e9tait amie avec Rilke. Elle n&rsquo;aimait pas tellement \u00eatre mari\u00e9e. Elle aimait le riz au lait, la compote de pommes, marcher dans la lande, Gauguin, C\u00e9zanne, les bains de mer, \u00eatre nue au soleil, lire plut\u00f4t que gagner sa vie, et Paris. Elle voulait peut-\u00eatre un enfant \u2013 sur ce point ses journaux et ses lettres sont ambigus. Elle a exist\u00e9 en vrai, de 1976 \u00e0 1908.\u201d<\/p><p>Waldemarsudde, Stockholm pr\u00e9sente 15\/9 \u2013 27\/1 ses oeuvres dans l \u0301exposition<br \/>Paula Mondersohn-Becker och konstn\u00e4rskolonin i Worpswede.<\/p><p><b>\u2022 \u2022 Edouard Louis: Qui a tu\u00e9 mon p\u00e8re \/ Seuil 2018 \/<br \/><\/b>Apr\u00e8s les deux romans En finir avec Eddy Bellegueule et Histoire de la violence , Edouard Louis retourne \u00e0 son enfance mais cette fois c \u0301est pour donner un portrait de son p\u00e8re. Un pamphlet plut\u00f4t qu \u0301un roman mais aussi saisissant que ses romans.<\/p><p><b>\u2022 \u2022 Hannelore Cayre: La Daronne \/ Points 2017 \/<br \/><\/b>\u201dCette aventure de rebelle qui n \u0301a peur de rien est l \u0301une des r\u00e9ussites de l \u0301ann\u00e9e pour sa f\u00e9rocit\u00e9 pleine d \u0301humour, son mauvais esprit, son \u00e9criture acide et caracolante.\u201d<\/p><p>T\u00e9l\u00e9rama<br \/>Hannelore Cayre est avocate p\u00e9naliste \u00e0 Paris. Grand Prix de Litt\u00e9rature Polici\u00e8re 2017.<\/p><p><b>\u2022 \u2022 Romain Pu\u00e9rtolas: L \u0301extraordinaire voyage du fakir qui \u00e9tait rest\u00e9 dans une armoire IKEA \/ Le Dilettante 2013 \/<br \/><\/b>Voil\u00e0 une histoire folle qui est devenue un best-seller.<\/p><p><b>\u2022 \u2022 Patrick Modiano : Souvenirs dormants \/ Gallimard 2017 \/<br \/><\/b>Le premier livre de Modiano apr\u00e8s son prix nobel &#8211; dans lequel vous allez rencontrer des personnages et des quartiers d\u00e9j\u00e0 connus pour vous.!!!<\/p>\t\t\t\t\t\t\t\t<\/div>\n\t\t\t\t<\/div>\n\t\t\t\t\t<\/div>\n\t\t<\/div>\n\t\t\t\t\t<\/div>\n\t\t<\/section>\n\t\t\t\t<\/div>\n\t\t","protected":false},"excerpt":{"rendered":"<p>2023-2024 Det \u00e4r b\u00f6rjan p\u00e5 L\u00e4scirkeln! Den nya listan med b\u00f6cker \u00e4r uppr\u00e4ttad: Chantal THOMAS:\u00a0Souvenirs de la mar\u00e9e basse\u00a0\/Points 2017 \/ Yasmina KHADRA:\u00a0Le sel des tous les oublis\u00a0\/ 2020 Michel HOUELLEBECQ:\u00a0Lanzarote\u00a0\/ Librio 2002\/2021 \/ Edouard LOUIS:\u00a0Combats et m\u00e9tamorphoses d\u00b4une femme\u00a0\/Points 2021\/ Sidonie Gabrielle COLETTE:\u00a0Ch\u00e9rie\u00a0\/ Gallimard 1920, livre de poche \/ Herv\u00e9 LE TELLIER: Anomalie , Prix Goncourt 2020 \/ Folio 2022\/ Anm\u00e4lan \u00e4r \u00f6ppen till\u00a015 september\u00a0\u26a0\ufe0f Att registrera sig \u00e4r det enkelt: -skicka ett mail till Inger Hullberg: inger.a.hullberg@gmail.com-betala beloppet 175 kr p\u00e5 Plusgiro 161483-3 eller med Swish 0739458268 2022-2023 Det \u00e4r b\u00f6rjan p\u00e5 L\u00e4scirkeln! Den nya listan med b\u00f6cker \u00e4r uppr\u00e4ttad: Marie Ndiaye :\u00a0La Vengeance m\u2019appartient\u00a0(2021) Le\u00efla Slimani :\u00a0Le Pays des autres\u00a0(2020) Marie Sizun :\u00a0La Gouvernante su\u00e9doise\u00a0(2016) Marie Darrieussecq :\u00a0La Mer \u00e0 l\u2019envers\u00a0(2019) Marie-H\u00e9l\u00e8ne Lafon :\u00a0Histoire du Fils\u00a0(2020) \u00d6ppen till\u00a024\u00a0september\u00a0\u26a0\ufe0f Att registrera sig \u00e4r det enkelt: -skicka ett mail till Inger Hullberg: inger.a.hullberg@gmail.com-betala beloppet 175 kr p\u00e5 Plusgiro 161483-3 eller med Swish 0739458268 2020-2021 Torsdag 11 mars 2021: Fri diskussion mellan medlemmar kring boken Krigsskolan av Alexandre Najjar. \u00ab\u00a0Efter sju \u00e5r i frivillig exil \u00e5terv\u00e4nder ber\u00e4ttaren till Beirut, d\u00e4r han \u00e5terf\u00f6renas med sin familj och sina v\u00e4nner. Snart kommer det f\u00f6rflutna ifatt honom. Han ser sig sj\u00e4lv som barn och sedan ton\u00e5ring under kriget som f\u00f6r\u00f6dat hans land.\u00a0\u00bb Niv\u00e5: God niv\u00e5 i franska N\u00e4r? Torsdag 11 mars kl. 19.00 Hur mycket kostar det? Aktiviteten \u00e4r reserverad f\u00f6r medlemmar. M\u00e5ndag 22 mars 2021: Tr\u00e4ff med Alexandre Najjar f\u00f6r att prata om hans bok Krigsskolan. Fr\u00e5ga: all@du.se (Andr\u00e9 Leblanc) 2018-2019 Niv\u00e5 :\u00a0Bra niv\u00e5 p\u00e5 franska N\u00e4r ?\u00a0Registrering 2018 senast den 21\/09\/2018 Hur mycket kostar det ?\u00a0Aktivitet reserverad f\u00f6r medlemmar (+ 175 kr ) Registrering, fr\u00e5gor\u00a0:\u00a0Inger Hullberg : inger.a.hullberg@gmail.com Urvalet av bok 2018\/2019 : \u2022 Gael Faye: Petit pays \/ Ed Grasset 2016 livre de poche\/ \u2022 Marie-H\u00e9l\u00e8ne Lafon: Nos Vies \/Sodis Poche Folio 2017 \/ \u2022 Ponthus: A la ligne \/ Ed La table ronde 2019\/ \u2022 J-C Rufin: Le suspendu de Conakry \/Flammarion livre de poche 2018 \u2022 Lydie Salvayre: Marcher jusqu\u00b4au soir. Ma nuit au mus\u00e9e \/Stock 2019 \/ \u2022 \u2022 Marie Darrieussecq : Etre ici est une splendeur. Vie de Paula M. Becker \/ folio 2016 \/\u201d Paula Modersohn- Becker voulait peindre et c&rsquo;est tout. Elle \u00e9tait amie avec Rilke. Elle n&rsquo;aimait pas tellement \u00eatre mari\u00e9e. Elle aimait le riz au lait, la compote de pommes, marcher dans la lande, Gauguin, C\u00e9zanne, les bains de mer, \u00eatre nue au soleil, lire plut\u00f4t que gagner sa vie, et Paris. Elle voulait peut-\u00eatre un enfant \u2013 sur ce point ses journaux et ses lettres sont ambigus. Elle a exist\u00e9 en vrai, de 1976 \u00e0 1908.\u201d Waldemarsudde, Stockholm pr\u00e9sente 15\/9 \u2013 27\/1 ses oeuvres dans l \u0301expositionPaula Mondersohn-Becker och konstn\u00e4rskolonin i Worpswede. \u2022 \u2022 Edouard Louis: Qui a tu\u00e9 mon p\u00e8re \/ Seuil 2018 \/Apr\u00e8s les deux romans En finir avec Eddy Bellegueule et Histoire de la violence , Edouard Louis retourne \u00e0 son enfance mais cette fois c \u0301est pour donner un portrait de son p\u00e8re. Un pamphlet plut\u00f4t qu \u0301un roman mais aussi saisissant que ses romans. \u2022 \u2022 Hannelore Cayre: La Daronne \/ Points 2017 \/\u201dCette aventure de rebelle qui n \u0301a peur de rien est l \u0301une des r\u00e9ussites de l \u0301ann\u00e9e pour sa f\u00e9rocit\u00e9 pleine d \u0301humour, son mauvais esprit, son \u00e9criture acide et caracolante.\u201d T\u00e9l\u00e9ramaHannelore Cayre est avocate p\u00e9naliste \u00e0 Paris. Grand Prix de Litt\u00e9rature Polici\u00e8re 2017. \u2022 \u2022 Romain Pu\u00e9rtolas: L \u0301extraordinaire voyage du fakir qui \u00e9tait rest\u00e9 dans une armoire IKEA \/ Le Dilettante 2013 \/Voil\u00e0 une histoire folle qui est devenue un best-seller. \u2022 \u2022 Patrick Modiano : Souvenirs dormants \/ Gallimard 2017 \/Le premier livre de Modiano apr\u00e8s son prix nobel &#8211; dans lequel vous allez rencontrer des personnages et des quartiers d\u00e9j\u00e0 connus pour vous.!!!<\/p>\n","protected":false},"author":1,"featured_media":0,"parent":0,"menu_order":0,"comment_status":"closed","ping_status":"closed","template":"","meta":{"om_disable_all_campaigns":false,"_monsterinsights_skip_tracking":false,"_monsterinsights_sitenote_active":false,"_monsterinsights_sitenote_note":"","_monsterinsights_sitenote_category":0,"_uf_show_specific_survey":0,"_uf_disable_surveys":false,"footnotes":""},"class_list":["post-6093","page","type-page","status-publish","hentry"],"aioseo_notices":[],"rttpg_featured_image_url":null,"rttpg_author":{"display_name":"Super.admin","author_link":"https:\/\/alliancefr.se\/orebro\/author\/admin2174\/"},"rttpg_comment":0,"rttpg_category":" <a href=\"https:\/\/alliancefr.se\/orebro\/sv\/\" rel=\"tag\">Svenska<\/a>","rttpg_excerpt":"2023-2024 Det \u00e4r b\u00f6rjan p\u00e5 L\u00e4scirkeln! Den nya listan med b\u00f6cker \u00e4r uppr\u00e4ttad: Chantal THOMAS:\u00a0Souvenirs de la mar\u00e9e basse\u00a0\/Points 2017 \/ Yasmina KHADRA:\u00a0Le sel des tous les oublis\u00a0\/ 2020 Michel HOUELLEBECQ:\u00a0Lanzarote\u00a0\/ Librio 2002\/2021 \/ Edouard LOUIS:\u00a0Combats et m\u00e9tamorphoses d\u00b4une femme\u00a0\/Points 2021\/ Sidonie Gabrielle COLETTE:\u00a0Ch\u00e9rie\u00a0\/ Gallimard 1920, livre de poche \/ Herv\u00e9 LE TELLIER: Anomalie ,\u2026","_links":{"self":[{"href":"https:\/\/alliancefr.se\/orebro\/wp-json\/wp\/v2\/pages\/6093","targetHints":{"allow":["GET"]}}],"collection":[{"href":"https:\/\/alliancefr.se\/orebro\/wp-json\/wp\/v2\/pages"}],"about":[{"href":"https:\/\/alliancefr.se\/orebro\/wp-json\/wp\/v2\/types\/page"}],"author":[{"embeddable":true,"href":"https:\/\/alliancefr.se\/orebro\/wp-json\/wp\/v2\/users\/1"}],"replies":[{"embeddable":true,"href":"https:\/\/alliancefr.se\/orebro\/wp-json\/wp\/v2\/comments?post=6093"}],"version-history":[{"count":11,"href":"https:\/\/alliancefr.se\/orebro\/wp-json\/wp\/v2\/pages\/6093\/revisions"}],"predecessor-version":[{"id":13170,"href":"https:\/\/alliancefr.se\/orebro\/wp-json\/wp\/v2\/pages\/6093\/revisions\/13170"}],"wp:attachment":[{"href":"https:\/\/alliancefr.se\/orebro\/wp-json\/wp\/v2\/media?parent=6093"}],"curies":[{"name":"wp","href":"https:\/\/api.w.org\/{rel}","templated":true}]}}