{"id":6090,"date":"2019-07-05T14:07:04","date_gmt":"2019-07-05T12:07:04","guid":{"rendered":"http:\/\/alliancefr.se\/orebro4\/cercle-lecture-archives\/"},"modified":"2024-11-01T17:02:26","modified_gmt":"2024-11-01T16:02:26","slug":"cercle-lecture-archives","status":"publish","type":"page","link":"https:\/\/alliancefr.se\/orebro\/cercle-lecture-archives\/","title":{"rendered":"Archives cercle lecture"},"content":{"rendered":"\t\t<div data-elementor-type=\"wp-post\" data-elementor-id=\"6090\" class=\"elementor elementor-6090\">\n\t\t\t\t\t\t<section class=\"elementor-section elementor-top-section elementor-element elementor-element-5b0adfd0 elementor-section-boxed elementor-section-height-default elementor-section-height-default\" data-id=\"5b0adfd0\" data-element_type=\"section\">\n\t\t\t\t\t\t<div class=\"elementor-container elementor-column-gap-default\">\n\t\t\t\t\t<div class=\"elementor-column elementor-col-100 elementor-top-column elementor-element elementor-element-34e89e3\" data-id=\"34e89e3\" data-element_type=\"column\">\n\t\t\t<div class=\"elementor-widget-wrap elementor-element-populated\">\n\t\t\t\t\t\t<div class=\"elementor-element elementor-element-39405697 elementor-widget elementor-widget-text-editor\" data-id=\"39405697\" data-element_type=\"widget\" data-widget_type=\"text-editor.default\">\n\t\t\t\t<div class=\"elementor-widget-container\">\n\t\t\t\t\t\t\t\t\t<h3 style=\"text-align: center;\"><strong>2023-2024<\/strong><\/h3><p><strong>C\u2019est la rentr\u00e9e du Cercle de lecture !<\/strong><\/p><p><strong>La nouvelle liste des livres est \u00e9tablie:<\/strong><\/p><p>Chantal THOMAS:\u00a0<em>Souvenirs de la mar\u00e9e basse<\/em>\u00a0\/Points 2017 \/<\/p><p>Yasmina KHADRA:\u00a0<em>Le sel des tous les oublis<\/em>\u00a0\/ 2020<\/p><p>Michel HOUELLEBECQ:\u00a0<em>Lanzarote<\/em>\u00a0\/ Librio 2002\/2021 \/<\/p><p>Edouard LOUIS:\u00a0<em>Combats et m\u00e9tamorphoses d\u00b4une femme<\/em>\u00a0\/Points 2021\/<\/p><p>Sidonie Gabrielle COLETTE:\u00a0<em>Ch\u00e9rie<\/em>\u00a0\/ Gallimard 1920, livre de poche \/<\/p><p>Herv\u00e9 LE TELLIER: Anomalie , Prix Goncourt 2020 \/ Folio 2022\/<\/p><p>Les inscriptions sont ouvertes\u00a0<strong>jusqu\u2019au 15 septembre<\/strong><strong>\u00a0\u26a0\ufe0f<\/strong><\/p><p>Pour vous inscrire, c\u2019est simple :<\/p><p>-envoyer un email \u00e0 Inger Hullberg :\u00a0<a href=\"mailto:inger.a.hullberg@gmail.com\">inger.a.hullberg@gmail.com<\/a><br \/>-r\u00e9gler le montant de 175 SEK sur Plusgiro 161483-3 ou par Swish 0739458268<\/p><h3 style=\"text-align: center;\"><strong>2022-2023<\/strong><\/h3><div><p>C\u2019est la rentr\u00e9e du\u00a0<em>Cercle de lecture<\/em>\u00a0!<\/p><p>Au programme,\u00a0<strong>cinq nouveaux livres<\/strong>\u00a0:<\/p><p><strong>\u2013\u00a0<\/strong><strong>Marie Ndiaye :\u00a0<i>La Vengeance m\u2019appartient<\/i>\u00a0(2021)<\/strong><\/p><p><strong>\u2013\u00a0<\/strong><strong>Le\u00efla Slimani :\u00a0<i>Le Pays des autres<\/i>\u00a0(2020)<\/strong><\/p><p><strong>\u2013\u00a0<\/strong><strong>Marie Sizun :\u00a0<i>La Gouvernante su\u00e9doise<\/i>\u00a0(2016)<br \/><\/strong><\/p><p><strong>\u2013\u00a0<\/strong><strong>Marie Darrieussecq :<i>\u00a0La Mer \u00e0 l\u2019envers\u00a0<\/i>(2019)<i><br \/><\/i><\/strong><\/p><p><strong>\u2013\u00a0<\/strong><strong>Marie-H\u00e9l\u00e8ne Lafon :\u00a0<i>Histoire du Fils<\/i>\u00a0(2020)<\/strong><\/p><p>Les inscriptions sont ouvertes\u00a0<strong>jusqu\u2019au 24 septembre<\/strong><strong>\u00a0\u26a0\ufe0f<\/strong><\/p><p>Pour vous inscrire, c\u2019est simple :<\/p><ul><li>envoyer un email \u00e0 Inger Hullberg :\u00a0<a href=\"mailto:inger.a.hullberg@gmail.com\">inger.a.hullberg@gmail.com<\/a><\/li><li>r\u00e9gler le montant de 175 SEK sur Plusgiro 161483-3 ou par Swish 0739458268<\/li><\/ul><\/div><h3 style=\"text-align: center;\"><strong>2020-2021\u00a0<\/strong><\/h3><h4 style=\"text-align: center;\"><strong>Jeudi 11 mars 2021 :<\/strong><\/h4><p style=\"text-align: center;\">Discussion libre entre les membres autour du livre\u00a0<em>L&rsquo;\u00c9cole de la guerre<\/em>\u00a0d&rsquo;Alexandre Najjar.<\/p><p>\u00ab\u00a0Apr\u00e8s un exil volontaire de sept ans, le narrateur rentre \u00e0 Beyrouth o\u00f9 il retrouve sa famille et ses amis. Tr\u00e8s vite, le pass\u00e9 le rattrape. Il se revoit enfant, puis adolescent, pendant la guerre qui a ravag\u00e9 son pays\u00a0\u00bb.<\/p><p><strong>Niveau :<\/strong>\u00a0Bon niveau de fran\u00e7ais<\/p><p><strong>Quand ?\u00a0 <\/strong>jeudi 11 mars \u00e0 19h<\/p><p><strong>Combien \u00e7a co\u00fbte ?<\/strong> Activit\u00e9 r\u00e9serv\u00e9e aux membres.\u00a0<\/p><h4><strong>Lundi 22 mars 2021 : <\/strong><\/h4><p>Rencontre avec Alexandre Najjar afin de parler de son livre <em>L&rsquo;\u00e9cole de la guerre.<\/em><\/p><p style=\"text-align: left;\"><strong>Fr<\/strong><strong>\u00e5ga<\/strong> <strong style=\"letter-spacing: 0px;\">: <\/strong>all@du.se (Andr\u00e9 Leblanc)<\/p><h3 style=\"text-align: center;\"><strong>2018-2019\u00a0<\/strong><\/h3><p><strong>Niveau :<\/strong>\u00a0Bon niveau de fran\u00e7ais<\/p><p><strong>Quand ?\u00a0\u00a0<\/strong>Inscription 2019 au plus tard le 30\/09\/2019<\/p><p><strong>Combien \u00e7a co\u00fbte?<\/strong>\u00a0Activit\u00e9 r\u00e9serv\u00e9e aux membres. Une participation de 175 kr. vous sera demand\u00e9e.<\/p><p><strong>Inscription, questions :<\/strong>\u00a0<strong>Inger Hullberg :\u00a0<\/strong><a href=\"mailto:inger.a.hullberg@gmail.com\"><strong>inger.a.hullberg@gmail.com<\/strong><\/a><\/p><p>La s\u00e9lection de livre pour l\u2019ann\u00e9e 2019\/2020 par Inger Hullberg :<\/p><ul><li><strong>\u2022\u00a0<\/strong>Gael Faye: Petit pays \/ Ed Grasset 2016 livre de poche\/<\/li><li><strong>\u2022\u00a0<\/strong>Marie-H\u00e9l\u00e8ne Lafon: Nos Vies \/Sodis Poche Folio 2017 \/<\/li><li><strong>\u2022\u00a0<\/strong>Ponthus: A la ligne \/ Ed La table ronde 2019\/<\/li><li><strong>\u2022\u00a0<\/strong>J-C Rufin: Le suspendu de Conakry \/Flammarion livre de poche 2018\/<\/li><li><strong>\u2022\u00a0<\/strong>Lydie Salvayre: Marcher jusqu\u00b4au soir. Ma nuit au mus\u00e9e \/Stock 2019\u00a0<\/li><\/ul><p><b>\u2022 \u2022 Marie Darrieussecq : Etre ici est une splendeur. Vie de Paula M. Becker \/ folio 2016 \/<br \/><\/b><\/p><p>Paula Modersohn-Becker voulait peindre et c&rsquo;est tout. Elle \u00e9tait amie avec Rilke. Elle n&rsquo;aimait pas tellement \u00eatre mari\u00e9e. Elle aimait le riz au lait, la compote de pommes, marcher dans la lande, Gauguin, C\u00e9zanne, les bains de mer, \u00eatre nue au soleil, lire plut\u00f4t que gagner sa vie, et Paris. Elle voulait peut-\u00eatre un enfant &#8211; sur ce point ses journaux et ses lettres sont ambigus. Elle a exist\u00e9 en vrai, de 1876 \u00e0 1907.<\/p><p><b>\u2022 \u2022 Edouard Louis: Qui a tu\u00e9 mon p\u00e8re \/ Seuil 2018 \/<br \/><\/b>Apr\u00e8s les deux romans En finir avec Eddy Bellegueule et Histoire de la violence , Edouard Louis retourne \u00e0 son enfance mais cette fois c \u0301est pour donner un portrait de son p\u00e8re. Un pamphlet plut\u00f4t qu \u0301un roman mais aussi saisissant que ses romans.<\/p><p><b>\u2022 \u2022 Hannelore Cayre: La Daronne \/ Points 2017 \/<br \/><\/b>\u201dCette aventure de rebelle qui n \u0301a peur de rien est l \u0301une des r\u00e9ussites de l \u0301ann\u00e9e pour sa f\u00e9rocit\u00e9 pleine d \u0301humour, son mauvais esprit, son \u00e9criture acide et caracolante.\u201d<\/p><p><b>\u2022 \u2022 Romain Pu\u00e9rtolas: L \u0301extraordinaire voyage du fakir qui \u00e9tait rest\u00e9 dans une armoire IKEA \/ Le Dilettante 2013 \/<br \/><\/b>Voil\u00e0 une histoire folle qui est devenue un best-seller.<\/p><p><b>\u2022 \u2022 Patrick Modiano : Souvenirs dormants \/ Gallimard 2017 \/<br \/><\/b>Le premier livre de Modiano apr\u00e8s son prix nobel &#8211; dans lequel vous allez rencontrer des personnages et des quartiers d\u00e9j\u00e0 connus pour vous.!!!<\/p>\t\t\t\t\t\t\t\t<\/div>\n\t\t\t\t<\/div>\n\t\t\t\t\t<\/div>\n\t\t<\/div>\n\t\t\t\t\t<\/div>\n\t\t<\/section>\n\t\t\t\t<\/div>\n\t\t","protected":false},"excerpt":{"rendered":"<p>2023-2024 C\u2019est la rentr\u00e9e du Cercle de lecture ! La nouvelle liste des livres est \u00e9tablie: Chantal THOMAS:\u00a0Souvenirs de la mar\u00e9e basse\u00a0\/Points 2017 \/ Yasmina KHADRA:\u00a0Le sel des tous les oublis\u00a0\/ 2020 Michel HOUELLEBECQ:\u00a0Lanzarote\u00a0\/ Librio 2002\/2021 \/ Edouard LOUIS:\u00a0Combats et m\u00e9tamorphoses d\u00b4une femme\u00a0\/Points 2021\/ Sidonie Gabrielle COLETTE:\u00a0Ch\u00e9rie\u00a0\/ Gallimard 1920, livre de poche \/ Herv\u00e9 LE TELLIER: Anomalie , Prix Goncourt 2020 \/ Folio 2022\/ Les inscriptions sont ouvertes\u00a0jusqu\u2019au 15 septembre\u00a0\u26a0\ufe0f Pour vous inscrire, c\u2019est simple : -envoyer un email \u00e0 Inger Hullberg :\u00a0inger.a.hullberg@gmail.com-r\u00e9gler le montant de 175 SEK sur Plusgiro 161483-3 ou par Swish 0739458268 2022-2023 C\u2019est la rentr\u00e9e du\u00a0Cercle de lecture\u00a0! Au programme,\u00a0cinq nouveaux livres\u00a0: \u2013\u00a0Marie Ndiaye :\u00a0La Vengeance m\u2019appartient\u00a0(2021) \u2013\u00a0Le\u00efla Slimani :\u00a0Le Pays des autres\u00a0(2020) \u2013\u00a0Marie Sizun :\u00a0La Gouvernante su\u00e9doise\u00a0(2016) \u2013\u00a0Marie Darrieussecq :\u00a0La Mer \u00e0 l\u2019envers\u00a0(2019) \u2013\u00a0Marie-H\u00e9l\u00e8ne Lafon :\u00a0Histoire du Fils\u00a0(2020) Les inscriptions sont ouvertes\u00a0jusqu\u2019au 24 septembre\u00a0\u26a0\ufe0f Pour vous inscrire, c\u2019est simple : envoyer un email \u00e0 Inger Hullberg :\u00a0inger.a.hullberg@gmail.com r\u00e9gler le montant de 175 SEK sur Plusgiro 161483-3 ou par Swish 0739458268 2020-2021\u00a0 Jeudi 11 mars 2021 : Discussion libre entre les membres autour du livre\u00a0L&rsquo;\u00c9cole de la guerre\u00a0d&rsquo;Alexandre Najjar. \u00ab\u00a0Apr\u00e8s un exil volontaire de sept ans, le narrateur rentre \u00e0 Beyrouth o\u00f9 il retrouve sa famille et ses amis. Tr\u00e8s vite, le pass\u00e9 le rattrape. Il se revoit enfant, puis adolescent, pendant la guerre qui a ravag\u00e9 son pays\u00a0\u00bb. Niveau :\u00a0Bon niveau de fran\u00e7ais Quand ?\u00a0 jeudi 11 mars \u00e0 19h Combien \u00e7a co\u00fbte ? Activit\u00e9 r\u00e9serv\u00e9e aux membres.\u00a0 Lundi 22 mars 2021 : Rencontre avec Alexandre Najjar afin de parler de son livre L&rsquo;\u00e9cole de la guerre. Fr\u00e5ga : all@du.se (Andr\u00e9 Leblanc) 2018-2019\u00a0 Niveau :\u00a0Bon niveau de fran\u00e7ais Quand ?\u00a0\u00a0Inscription 2019 au plus tard le 30\/09\/2019 Combien \u00e7a co\u00fbte?\u00a0Activit\u00e9 r\u00e9serv\u00e9e aux membres. Une participation de 175 kr. vous sera demand\u00e9e. Inscription, questions :\u00a0Inger Hullberg :\u00a0inger.a.hullberg@gmail.com La s\u00e9lection de livre pour l\u2019ann\u00e9e 2019\/2020 par Inger Hullberg : \u2022\u00a0Gael Faye: Petit pays \/ Ed Grasset 2016 livre de poche\/ \u2022\u00a0Marie-H\u00e9l\u00e8ne Lafon: Nos Vies \/Sodis Poche Folio 2017 \/ \u2022\u00a0Ponthus: A la ligne \/ Ed La table ronde 2019\/ \u2022\u00a0J-C Rufin: Le suspendu de Conakry \/Flammarion livre de poche 2018\/ \u2022\u00a0Lydie Salvayre: Marcher jusqu\u00b4au soir. Ma nuit au mus\u00e9e \/Stock 2019\u00a0 \u2022 \u2022 Marie Darrieussecq : Etre ici est une splendeur. Vie de Paula M. Becker \/ folio 2016 \/ Paula Modersohn-Becker voulait peindre et c&rsquo;est tout. Elle \u00e9tait amie avec Rilke. Elle n&rsquo;aimait pas tellement \u00eatre mari\u00e9e. Elle aimait le riz au lait, la compote de pommes, marcher dans la lande, Gauguin, C\u00e9zanne, les bains de mer, \u00eatre nue au soleil, lire plut\u00f4t que gagner sa vie, et Paris. Elle voulait peut-\u00eatre un enfant &#8211; sur ce point ses journaux et ses lettres sont ambigus. Elle a exist\u00e9 en vrai, de 1876 \u00e0 1907. \u2022 \u2022 Edouard Louis: Qui a tu\u00e9 mon p\u00e8re \/ Seuil 2018 \/Apr\u00e8s les deux romans En finir avec Eddy Bellegueule et Histoire de la violence , Edouard Louis retourne \u00e0 son enfance mais cette fois c \u0301est pour donner un portrait de son p\u00e8re. Un pamphlet plut\u00f4t qu \u0301un roman mais aussi saisissant que ses romans. \u2022 \u2022 Hannelore Cayre: La Daronne \/ Points 2017 \/\u201dCette aventure de rebelle qui n \u0301a peur de rien est l \u0301une des r\u00e9ussites de l \u0301ann\u00e9e pour sa f\u00e9rocit\u00e9 pleine d \u0301humour, son mauvais esprit, son \u00e9criture acide et caracolante.\u201d \u2022 \u2022 Romain Pu\u00e9rtolas: L \u0301extraordinaire voyage du fakir qui \u00e9tait rest\u00e9 dans une armoire IKEA \/ Le Dilettante 2013 \/Voil\u00e0 une histoire folle qui est devenue un best-seller. \u2022 \u2022 Patrick Modiano : Souvenirs dormants \/ Gallimard 2017 \/Le premier livre de Modiano apr\u00e8s son prix nobel &#8211; dans lequel vous allez rencontrer des personnages et des quartiers d\u00e9j\u00e0 connus pour vous.!!!<\/p>\n","protected":false},"author":1,"featured_media":0,"parent":0,"menu_order":0,"comment_status":"closed","ping_status":"closed","template":"","meta":{"om_disable_all_campaigns":false,"_monsterinsights_skip_tracking":false,"_monsterinsights_sitenote_active":false,"_monsterinsights_sitenote_note":"","_monsterinsights_sitenote_category":0,"_uf_show_specific_survey":0,"_uf_disable_surveys":false,"footnotes":""},"class_list":["post-6090","page","type-page","status-publish","hentry"],"aioseo_notices":[],"rttpg_featured_image_url":null,"rttpg_author":{"display_name":"Super.admin","author_link":"https:\/\/alliancefr.se\/orebro\/author\/admin2174\/"},"rttpg_comment":0,"rttpg_category":" <a href=\"https:\/\/alliancefr.se\/orebro\/\" rel=\"tag\">Fran\u00e7ais<\/a>","rttpg_excerpt":"2023-2024 C\u2019est la rentr\u00e9e du Cercle de lecture ! La nouvelle liste des livres est \u00e9tablie: Chantal THOMAS:\u00a0Souvenirs de la mar\u00e9e basse\u00a0\/Points 2017 \/ Yasmina KHADRA:\u00a0Le sel des tous les oublis\u00a0\/ 2020 Michel HOUELLEBECQ:\u00a0Lanzarote\u00a0\/ Librio 2002\/2021 \/ Edouard LOUIS:\u00a0Combats et m\u00e9tamorphoses d\u00b4une femme\u00a0\/Points 2021\/ Sidonie Gabrielle COLETTE:\u00a0Ch\u00e9rie\u00a0\/ Gallimard 1920, livre de poche \/ Herv\u00e9 LE\u2026","_links":{"self":[{"href":"https:\/\/alliancefr.se\/orebro\/wp-json\/wp\/v2\/pages\/6090","targetHints":{"allow":["GET"]}}],"collection":[{"href":"https:\/\/alliancefr.se\/orebro\/wp-json\/wp\/v2\/pages"}],"about":[{"href":"https:\/\/alliancefr.se\/orebro\/wp-json\/wp\/v2\/types\/page"}],"author":[{"embeddable":true,"href":"https:\/\/alliancefr.se\/orebro\/wp-json\/wp\/v2\/users\/1"}],"replies":[{"embeddable":true,"href":"https:\/\/alliancefr.se\/orebro\/wp-json\/wp\/v2\/comments?post=6090"}],"version-history":[{"count":16,"href":"https:\/\/alliancefr.se\/orebro\/wp-json\/wp\/v2\/pages\/6090\/revisions"}],"predecessor-version":[{"id":13173,"href":"https:\/\/alliancefr.se\/orebro\/wp-json\/wp\/v2\/pages\/6090\/revisions\/13173"}],"wp:attachment":[{"href":"https:\/\/alliancefr.se\/orebro\/wp-json\/wp\/v2\/media?parent=6090"}],"curies":[{"name":"wp","href":"https:\/\/api.w.org\/{rel}","templated":true}]}}